{"id":3474,"date":"2026-03-18T06:08:31","date_gmt":"2026-03-18T06:08:31","guid":{"rendered":"https:\/\/soydeaqui.ddns.net\/pachuca\/index.php\/producto\/pantalla-sensor-de-temperatura-y-humedad-inteligente-e-inalambrico-integrable-a-la-app-de-shelly\/"},"modified":"2026-03-18T06:08:31","modified_gmt":"2026-03-18T06:08:31","slug":"pantalla-sensor-de-temperatura-y-humedad-inteligente-e-inalambrico-integrable-a-la-app-de-shelly","status":"publish","type":"product","link":"https:\/\/soydeaqui.ddns.net\/pachuca\/index.php\/producto\/pantalla-sensor-de-temperatura-y-humedad-inteligente-e-inalambrico-integrable-a-la-app-de-shelly\/","title":{"rendered":"Pantalla Sensor de temperatura y humedad, inteligente e inal\u00e1mbrico, integrable a la App de Shelly."},"content":{"rendered":"<div style='width: 100%; max-width: 1200px; margin: 0 auto; font-family: sans-serif; line-height: 1.6; color: inherit; background-color: transparent;'> <!-- Imagen 1 --> <\/p>\n<div style='width: 100%; margin: 20px 0;'> <img style='width: 100%; height: auto; border: 1px solid rgba(150&comma;150&comma;150&comma;0.3); border-radius: 8px;' src='https:\/\/i.ibb.co\/1f5xtcM\/Captura103.jpg' alt=''> <\/div>\n<p> <!-- Caracter\u00edsticas t\u00e9cnicas --> <\/p>\n<div style='display: flex; flex-wrap: wrap; gap: 20px; margin-bottom: 30px;'>\n<div style='flex: 1 1 300px; min-width: 280px; background: rgba(0&comma; 145&comma; 255&comma; 0.05); border: 1px solid rgba(150&comma;150&comma;150&comma;0.3); border-radius: 8px; padding: 15px;'>\n<h3 style='font-size: 18px; border-bottom: 2px solid currentColor; padding-bottom: 5px; margin-top: 0; color: inherit; opacity: 0.8;'>Dimensiones<\/h3>\n<ul style='padding-left: 20px; font-size: 14px; color: inherit; list-style-type: disc;'>\n<li style='margin-bottom: 5px;'>Sin soporte: 70x70x26mm<\/li>\n<li style='margin-bottom: 5px;'>Con soporte: 70x70x45 mm<\/li>\n<li style='margin-bottom: 5px;'>Temperatura ambiente: 0 \u00b0C a 40 \u00b0C<\/li>\n<li style='margin-bottom: 5px;'>Humedad: 30 % a 70 % HR<\/li>\n<\/ul><\/div>\n<div style='flex: 1 1 300px; min-width: 280px; background: rgba(0&comma; 145&comma; 255&comma; 0.05); border: 1px solid rgba(150&comma;150&comma;150&comma;0.3); border-radius: 8px; padding: 15px;'>\n<h3 style='font-size: 18px; border-bottom: 2px solid currentColor; padding-bottom: 5px; margin-top: 0; color: inherit; opacity: 0.8;'>Fuente de alimentaci\u00f3n<\/h3>\n<ul style='padding-left: 20px; font-size: 14px; color: inherit; list-style-type: disc;'>\n<li style='margin-bottom: 5px;'>Bater\u00edas: 4 AA (LR6) 1&comma;5 V (pilas no incluidas)<\/li>\n<li style='margin-bottom: 5px;'>USB: Tipo C (cable no incluido)<\/li>\n<li style='margin-bottom: 5px;'>Duraci\u00f3n estimada de la bater\u00eda: Hasta 12 meses<\/li>\n<\/ul><\/div>\n<div style='flex: 1 1 300px; min-width: 280px; background: rgba(0&comma; 145&comma; 255&comma; 0.05); border: 1px solid rgba(150&comma;150&comma;150&comma;0.3); border-radius: 8px; padding: 15px;'>\n<h3 style='font-size: 18px; border-bottom: 2px solid currentColor; padding-bottom: 5px; margin-top: 0; color: inherit; opacity: 0.8;'>Alcance Operativo<\/h3>\n<p style='font-size: 14px; color: inherit;'>Este dispositivo se utiliza para monitorear temperatura y humedad de alguna habitaci\u00f3n o \u00e1rea en espec\u00edfico&comma; la cual se ver\u00e1 reflejada en el aplicativo celular.<\/p>\n<h4 style='font-size: 16px; margin-top: 15px; margin-bottom: 10px; color: inherit;'>WiFi<\/h4>\n<ul style='padding-left: 20px; font-size: 14px; color: inherit; list-style-type: disc;'>\n<li style='margin-bottom: 5px;'>M\u00e1x. potencia de RF < 20dBm<\/li>\n<li style='margin-bottom: 5px;'>Protocolo WiFi 802.11 b\/g\/n<\/li>\n<li style='margin-bottom: 5px;'>Hasta 50 m \/ 160 pies al aire libre<\/li>\n<li style='margin-bottom: 5px;'>Hasta 30 m \/ 100 pies adentro<\/li>\n<li style='margin-bottom: 5px;'>Protocolo Bluetooth 4.2<\/li>\n<\/ul>\n<h4 style='font-size: 16px; margin-top: 15px; margin-bottom: 10px; color: inherit;'>Bluetooth<\/h4>\n<ul style='padding-left: 20px; font-size: 14px; color: inherit; list-style-type: disc;'>\n<li style='margin-bottom: 5px;'>Hasta: 30 m \/ 100 pies exterior<\/li>\n<li style='margin-bottom: 5px;'>Hasta: 10 m \/ 33 pies interior<\/li>\n<\/ul><\/div>\n<\/p><\/div>\n<p> <!-- Imagen 2 --> <\/p>\n<div style='width: 100%; margin: 20px 0;'> <img style='width: 100%; height: auto; border: 1px solid rgba(150&comma;150&comma;150&comma;0.3); border-radius: 8px;' src='https:\/\/i.ibb.co\/zHnRXW3\/Captura101.jpg' alt=''> <\/div>\n<\/p><\/div>\n","protected":false},"excerpt":{"rendered":"<p>Pantalla Sensor de temperatura y humedad, inteligente e inal\u00e1mbrico, integrable a la App de Shelly.<\/p>\n","protected":false},"featured_media":3473,"comment_status":"open","ping_status":"closed","template":"","meta":[],"product_brand":[],"product_cat":[43],"product_tag":[30,58,44],"class_list":{"0":"post-3474","1":"product","2":"type-product","3":"status-publish","4":"has-post-thumbnail","6":"product_cat-termostatos","7":"product_tag-automatizacion-casa-inteligente","8":"product_tag-shelly","9":"product_tag-termostatos","11":"first","12":"instock","13":"sale","14":"shipping-taxable","15":"purchasable","16":"product-type-simple"},"_links":{"self":[{"href":"https:\/\/soydeaqui.ddns.net\/pachuca\/index.php\/wp-json\/wp\/v2\/product\/3474","targetHints":{"allow":["GET"]}}],"collection":[{"href":"https:\/\/soydeaqui.ddns.net\/pachuca\/index.php\/wp-json\/wp\/v2\/product"}],"about":[{"href":"https:\/\/soydeaqui.ddns.net\/pachuca\/index.php\/wp-json\/wp\/v2\/types\/product"}],"replies":[{"embeddable":true,"href":"https:\/\/soydeaqui.ddns.net\/pachuca\/index.php\/wp-json\/wp\/v2\/comments?post=3474"}],"wp:featuredmedia":[{"embeddable":true,"href":"https:\/\/soydeaqui.ddns.net\/pachuca\/index.php\/wp-json\/wp\/v2\/media\/3473"}],"wp:attachment":[{"href":"https:\/\/soydeaqui.ddns.net\/pachuca\/index.php\/wp-json\/wp\/v2\/media?parent=3474"}],"wp:term":[{"taxonomy":"product_brand","embeddable":true,"href":"https:\/\/soydeaqui.ddns.net\/pachuca\/index.php\/wp-json\/wp\/v2\/product_brand?post=3474"},{"taxonomy":"product_cat","embeddable":true,"href":"https:\/\/soydeaqui.ddns.net\/pachuca\/index.php\/wp-json\/wp\/v2\/product_cat?post=3474"},{"taxonomy":"product_tag","embeddable":true,"href":"https:\/\/soydeaqui.ddns.net\/pachuca\/index.php\/wp-json\/wp\/v2\/product_tag?post=3474"}],"curies":[{"name":"wp","href":"https:\/\/api.w.org\/{rel}","templated":true}]}}