{"id":34735,"date":"2026-03-18T15:28:23","date_gmt":"2026-03-18T15:28:23","guid":{"rendered":"https:\/\/soydeaqui.ddns.net\/pachuca\/index.php\/producto\/detector-termovelosimetrico-y-de-temperatura-fija-a-57c-incluye-base\/"},"modified":"2026-03-18T15:28:24","modified_gmt":"2026-03-18T15:28:24","slug":"detector-termovelosimetrico-y-de-temperatura-fija-a-57c-incluye-base","status":"publish","type":"product","link":"https:\/\/soydeaqui.ddns.net\/pachuca\/index.php\/producto\/detector-termovelosimetrico-y-de-temperatura-fija-a-57c-incluye-base\/","title":{"rendered":"Detector Termovelosim\u00e9trico y de Temperatura Fija a 57\u00b0C, Incluye Base"},"content":{"rendered":"<div style='width: 100%; max-width: 1200px; margin: 0 auto; font-family: sans-serif; line-height: 1.6; color: inherit; background-color: transparent;'>\n<div style='display: flex; flex-wrap: wrap; gap: 30px; margin-bottom: 30px;'>\n<div style='flex: 1 1 300px; min-width: 280px;'>\n<h3 style='font-size: 22px; border-bottom: 2px solid currentColor; padding-bottom: 5px; margin-top: 0; color: inherit; opacity: 0.8;'>Caracter\u00edsticas Principales<\/h3>\n<ul style='padding-left: 20px; font-size: 15px; color: inherit;'>\n<li style='margin-bottom: 5px;'>Temperatura fija de 57\u00b0C para estabilidad t\u00e9rmica<\/li>\n<li style='margin-bottom: 5px;'>Umbral de termovelosim\u00e9trico: 8.3\u00b0C de aumento por minuto<\/li>\n<li style='margin-bottom: 5px;'>Rango de contacto de hasta 125 VAC \/ 3A<\/li>\n<li style='margin-bottom: 5px;'>Soporte de 6-28 VDC con corriente 1A<\/li>\n<li style='margin-bottom: 5px;'>Compatibilidad 250 VDC con corriente m\u00ednima 0.1A<\/li>\n<\/ul><\/div>\n<div style='flex: 1 1 300px; min-width: 280px;'>\n<h3 style='font-size: 22px; border-bottom: 2px solid currentColor; padding-bottom: 5px; margin-top: 0; color: inherit; opacity: 0.8;'>Caracter\u00edsticas de Instalaci\u00f3n<\/h3>\n<ul style='padding-left: 20px; font-size: 15px; color: inherit;'>\n<li style='margin-bottom: 5px;'>Soporte de montaje reversible<\/li>\n<li style='margin-bottom: 5px;'>Compatible con cajas octogonales de 8&comma;89 cm y 10&comma;16 cm<\/li>\n<li style='margin-bottom: 5px;'>Compatible con cajas cuadradas de 10&comma;16 cm con adaptador<\/li>\n<li style='margin-bottom: 5px;'>Tornillos terminales SEMS para cables de 1&comma;6 mm &#8211; 0&comma;6 mm<\/li>\n<li style='margin-bottom: 5px;'>Cubierta sin leyenda para instalaciones residenciales<\/li>\n<\/ul><\/div>\n<div style='flex: 1 1 300px; min-width: 280px;'>\n<h3 style='font-size: 22px; border-bottom: 2px solid currentColor; padding-bottom: 5px; margin-top: 0; color: inherit; opacity: 0.8;'>Identificaci\u00f3n y Seguridad<\/h3>\n<ul style='padding-left: 20px; font-size: 15px; color: inherit;'>\n<li style='margin-bottom: 5px;'>Marcas alfanum\u00e9ricas para identificaci\u00f3n<\/li>\n<li style='margin-bottom: 5px;'>C\u00f3digo FX\/ROR para combinaci\u00f3n temperatura fija\/termoveloc\u00edmetro<\/li>\n<li style='margin-bottom: 5px;'>Colector de indicaci\u00f3n post-activaci\u00f3n<\/li>\n<li style='margin-bottom: 5px;'>Listado por UL 521<\/li>\n<li style='margin-bottom: 5px;'>Circuito simple normalmente abierto<\/li>\n<\/ul><\/div>\n<\/p><\/div>\n<div style='display: flex; flex-wrap: wrap; gap: 20px; margin-bottom: 30px;'>\n<div style='flex: 1 1 250px; border: 1px solid rgba(150&comma; 150&comma; 150&comma; 0.4); border-radius: 8px; overflow: hidden; display: flex; flex-direction: column;'>\n<div style='padding: 15px; border-bottom: 1px solid rgba(150&comma; 150&comma; 150&comma; 0.2); font-weight: bold; font-size: 18px; color: inherit;'>Especificaciones El\u00e9ctricas<\/div>\n<div style='padding: 15px; color: inherit;'>\n<ul style='padding-left: 20px; margin: 0; font-size: 14px; list-style-type: disc;'>\n<li style='margin-bottom: 5px;'><strong>Voltaje operativo:<\/strong> 6\u2013125VCA \/ 3A<\/li>\n<li style='margin-bottom: 5px;'><strong>Voltaje operativo:<\/strong> 6\u201328VCD \/ 1A<\/li>\n<li style='margin-bottom: 5px;'><strong>Voltaje operativo:<\/strong> 125VCD \/ 0.3A<\/li>\n<li style='margin-bottom: 5px;'><strong>Voltaje operativo:<\/strong> 250VCD \/ 0.1A<\/li>\n<li style='margin-bottom: 5px;'><strong>Di\u00e1metro de cable:<\/strong> 1.6 mm &#8211; 0.6 mm<\/li>\n<\/ul><\/div>\n<\/p><\/div>\n<div style='flex: 1 1 250px; border: 1px solid rgba(150&comma; 150&comma; 150&comma; 0.4); border-radius: 8px; overflow: hidden; display: flex; flex-direction: column;'>\n<div style='padding: 15px; border-bottom: 1px solid rgba(150&comma; 150&comma; 150&comma; 0.2); font-weight: bold; font-size: 18px; color: inherit;'>Especificaciones F\u00edsicas<\/div>\n<div style='padding: 15px; color: inherit;'>\n<ul style='padding-left: 20px; margin: 0; font-size: 14px; list-style-type: disc;'>\n<li style='margin-bottom: 5px;'><strong>Temperatura de alarma:<\/strong> 57\u00b0C (135\u00b0F)<\/li>\n<li style='margin-bottom: 5px;'><strong>Temperatura m\u00e1xima:<\/strong> 38\u00b0C (100\u00b0F)<\/li>\n<li style='margin-bottom: 5px;'><strong>Humedad operativa:<\/strong> 5 a 95% HR sin condensaci\u00f3n<\/li>\n<li style='margin-bottom: 5px;'><strong>Dimensiones:<\/strong> 11.6 cm (4.57&#8242;) de di\u00e1metro<\/li>\n<li style='margin-bottom: 5px;'><strong>Peso:<\/strong> 170 gramos (6 onzas)<\/li>\n<\/ul><\/div>\n<\/p><\/div>\n<div style='flex: 1 1 250px; border: 1px solid rgba(150&comma; 150&comma; 150&comma; 0.4); border-radius: 8px; overflow: hidden; display: flex; flex-direction: column;'>\n<div style='padding: 15px; border-bottom: 1px solid rgba(150&comma; 150&comma; 150&comma; 0.2); font-weight: bold; font-size: 18px; color: inherit;'>Aplicaciones<\/div>\n<div style='padding: 15px; color: inherit;'>\n<ul style='padding-left: 20px; margin: 0; font-size: 14px; list-style-type: disc;'>\n<li style='margin-bottom: 5px;'>Protecci\u00f3n de propiedad contra incendios<\/li>\n<li style='margin-bottom: 5px;'>Instalaciones de seguridad sin protecci\u00f3n de vida<\/li>\n<li style='margin-bottom: 5px;'>Espacios no adecuados para detectores de humo<\/li>\n<li style='margin-bottom: 5px;'>\u00c1reas con alturas de techo hasta 3.04m<\/li>\n<li style='margin-bottom: 5px;'>Espaciado recomendado: 15.24m \u00d7 15.24m (50&#8242; \u00d7 50&#8242;)<\/li>\n<\/ul><\/div>\n<\/p><\/div>\n<\/p><\/div>\n<div style='display: flex; flex-wrap: wrap; gap: 20px; margin-bottom: 30px;'>\n<div style='flex: 1 1 250px; border: 1px solid rgba(150&comma; 150&comma; 150&comma; 0.4); border-radius: 8px; overflow: hidden; display: flex; flex-direction: column;'>\n<div style='padding: 15px; border-bottom: 1px solid rgba(150&comma; 150&comma; 150&comma; 0.2); font-weight: bold; font-size: 18px; color: inherit;'>Certificaciones<\/div>\n<div style='padding: 15px; color: inherit;'>\n<ul style='padding-left: 20px; margin: 0; font-size: 14px; list-style-type: disc;'>\n<li style='margin-bottom: 5px;'>Listado por Underwriters Laboratories UL 521<\/li>\n<li style='margin-bottom: 5px;'>Categor\u00eda de detectores de temperatura para sistemas de se\u00f1alizaci\u00f3n contra incendios<\/li>\n<\/ul><\/div>\n<\/p><\/div>\n<div style='flex: 1 1 250px; border: 1px solid rgba(150&comma; 150&comma; 150&comma; 0.4); border-radius: 8px; overflow: hidden; display: flex; flex-direction: column;'>\n<div style='padding: 15px; border-bottom: 1px solid rgba(150&comma; 150&comma; 150&comma; 0.2); font-weight: bold; font-size: 18px; color: inherit;'>Identificaci\u00f3n T\u00e9rmica<\/div>\n<div style='padding: 15px; color: inherit;'>\n<ul style='padding-left: 20px; margin: 0; font-size: 14px; list-style-type: disc;'>\n<li style='margin-bottom: 5px;'>C\u00f3digo FX\/ROR para combinaci\u00f3n temperatura fija\/termoveloc\u00edmetro<\/li>\n<li style='margin-bottom: 5px;'>Marcas en grados Fahrenheit y Celsius<\/li>\n<li style='margin-bottom: 5px;'>Colector de indicaci\u00f3n post-activaci\u00f3n<\/li>\n<\/ul><\/div>\n<\/p><\/div>\n<div style='flex: 1 1 250px; border: 1px solid rgba(150&comma; 150&comma; 150&comma; 0.4); border-radius: 8px; overflow: hidden; display: flex; flex-direction: column;'>\n<div style='padding: 15px; border-bottom: 1px solid rgba(150&comma; 150&comma; 150&comma; 0.2); font-weight: bold; font-size: 18px; color: inherit;'>Mantenimiento<\/div>\n<div style='padding: 15px; color: inherit;'>\n<ul style='padding-left: 20px; margin: 0; font-size: 14px; list-style-type: disc;'>\n<li style='margin-bottom: 5px;'>Termoveloc\u00edmetro restablecible para prueba de campo<\/li>\n<li style='margin-bottom: 5px;'>F\u00e1cil acceso a terminales<\/li>\n<li style='margin-bottom: 5px;'>Dise\u00f1o modular para mantenimiento<\/li>\n<\/ul><\/div>\n<\/p><\/div>\n<\/p><\/div>\n<hr style='border: 0; border-top: 1px solid rgba(150&comma; 150&comma; 150&comma; 0.3); margin: 30px 0;'>\n<div style='display: flex; flex-wrap: wrap; gap: 30px; margin-bottom: 30px;'>\n<div style='flex: 1 1 300px; min-width: 280px;'>\n<h3 style='font-size: 22px; border-bottom: 2px solid currentColor; padding-bottom: 5px; margin-top: 0; color: inherit; opacity: 0.8;'>Aplicaciones Espec\u00edficas<\/h3>\n<ul style='padding-left: 20px; font-size: 15px; color: inherit;'>\n<li style='margin-bottom: 5px;'>Protecci\u00f3n econ\u00f3mica en instalaciones residenciales<\/li>\n<li style='margin-bottom: 5px;'>Zonas industriales con polvo o vapor<\/li>\n<li style='margin-bottom: 5px;'>\u00c1reas con altas temperaturas ambientales<\/li>\n<li style='margin-bottom: 5px;'>Espacios donde la detecci\u00f3n de humo no es viable<\/li>\n<li style='margin-bottom: 5px;'>Sistemas de detecci\u00f3n secundaria en edificios comerciales<\/li>\n<\/ul><\/div>\n<div style='flex: 1 1 300px; min-width: 280px;'>\n<h3 style='font-size: 22px; border-bottom: 2px solid currentColor; padding-bottom: 5px; margin-top: 0; color: inherit; opacity: 0.8;'>Limitaciones<\/h3>\n<ul style='padding-left: 20px; font-size: 15px; color: inherit;'>\n<li style='margin-bottom: 5px;'>No recomendado para protecci\u00f3n de vida<\/li>\n<li style='margin-bottom: 5px;'>No apto para ambientes con condensaci\u00f3n<\/li>\n<li style='margin-bottom: 5px;'>Altura m\u00e1xima de instalaci\u00f3n: 3.04m (10 pies)<\/li>\n<li style='margin-bottom: 5px;'>Requiere espaciado reducido en techos altos<\/li>\n<li style='margin-bottom: 5px;'>No para ambientes con temperaturas superiores a 38\u00b0C<\/li>\n<\/ul><\/div>\n<div style='flex: 1 1 300px; min-width: 280px;'>\n<h3 style='font-size: 22px; border-bottom: 2px solid currentColor; padding-bottom: 5px; margin-top: 0; color: inherit; opacity: 0.8;'>Compatibilidad<\/h3>\n<ul style='padding-left: 20px; font-size: 15px; color: inherit;'>\n<li style='margin-bottom: 5px;'>Sistemas de se\u00f1alizaci\u00f3n de protecci\u00f3n contra incendios<\/li>\n<li style='margin-bottom: 5px;'>Circuitos de alarma convencionales<\/li>\n<li style='margin-bottom: 5px;'>Paneles de control de incendios certificados<\/li>\n<li style='margin-bottom: 5px;'>Sistemas de detecci\u00f3n mec\u00e1nica est\u00e1ndar<\/li>\n<li style='margin-bottom: 5px;'>Sistemas de seguridad integrados<\/li>\n<\/ul><\/div>\n<\/p><\/div>\n<\/p><\/div>\n","protected":false},"excerpt":{"rendered":"<p>Detector Termovelosim\u00e9trico y de Temperatura Fija a 57\u00b0C, Incluye Base<\/p>\n","protected":false},"featured_media":34734,"comment_status":"open","ping_status":"closed","template":"","meta":[],"product_brand":[],"product_cat":[1023],"product_tag":[1024,522,468],"class_list":{"0":"post-34735","1":"product","2":"type-product","3":"status-publish","4":"has-post-thumbnail","6":"product_cat-detectores-de-temperatura","7":"product_tag-detectores-de-temperatura","8":"product_tag-dispositivos-convencionales","9":"product_tag-system-sensor","11":"first","12":"instock","13":"sale","14":"shipping-taxable","15":"purchasable","16":"product-type-simple"},"_links":{"self":[{"href":"https:\/\/soydeaqui.ddns.net\/pachuca\/index.php\/wp-json\/wp\/v2\/product\/34735","targetHints":{"allow":["GET"]}}],"collection":[{"href":"https:\/\/soydeaqui.ddns.net\/pachuca\/index.php\/wp-json\/wp\/v2\/product"}],"about":[{"href":"https:\/\/soydeaqui.ddns.net\/pachuca\/index.php\/wp-json\/wp\/v2\/types\/product"}],"replies":[{"embeddable":true,"href":"https:\/\/soydeaqui.ddns.net\/pachuca\/index.php\/wp-json\/wp\/v2\/comments?post=34735"}],"wp:featuredmedia":[{"embeddable":true,"href":"https:\/\/soydeaqui.ddns.net\/pachuca\/index.php\/wp-json\/wp\/v2\/media\/34734"}],"wp:attachment":[{"href":"https:\/\/soydeaqui.ddns.net\/pachuca\/index.php\/wp-json\/wp\/v2\/media?parent=34735"}],"wp:term":[{"taxonomy":"product_brand","embeddable":true,"href":"https:\/\/soydeaqui.ddns.net\/pachuca\/index.php\/wp-json\/wp\/v2\/product_brand?post=34735"},{"taxonomy":"product_cat","embeddable":true,"href":"https:\/\/soydeaqui.ddns.net\/pachuca\/index.php\/wp-json\/wp\/v2\/product_cat?post=34735"},{"taxonomy":"product_tag","embeddable":true,"href":"https:\/\/soydeaqui.ddns.net\/pachuca\/index.php\/wp-json\/wp\/v2\/product_tag?post=34735"}],"curies":[{"name":"wp","href":"https:\/\/api.w.org\/{rel}","templated":true}]}}