{"id":34727,"date":"2026-03-18T15:28:10","date_gmt":"2026-03-18T15:28:10","guid":{"rendered":"https:\/\/soydeaqui.ddns.net\/pachuca\/index.php\/producto\/panel-direccionable-de-deteccion-y-ventilacion-de-gases-multiples\/"},"modified":"2026-03-18T15:28:11","modified_gmt":"2026-03-18T15:28:11","slug":"panel-direccionable-de-deteccion-y-ventilacion-de-gases-multiples","status":"publish","type":"product","link":"https:\/\/soydeaqui.ddns.net\/pachuca\/index.php\/producto\/panel-direccionable-de-deteccion-y-ventilacion-de-gases-multiples\/","title":{"rendered":"Panel Direccionable de Detecci\u00f3n y Ventilaci\u00f3n de Gases M\u00faltiples"},"content":{"rendered":"<div style='width: 100%; max-width: 1200px; margin: 0 auto; font-family: sans-serif; line-height: 1.6; color: inherit; background-color: transparent;'>\n<div style='display: flex; flex-wrap: wrap; gap: 30px; margin-bottom: 30px;'>\n<div style='flex: 1 1 300px; min-width: 280px;'>\n<h3 style='font-size: 22px; border-bottom: 2px solid currentColor; padding-bottom: 5px; margin-top: 0; color: inherit; opacity: 0.8;'>Caracter\u00edsticas principales<\/h3>\n<ul style='padding-left: 20px; font-size: 15px; color: inherit;'>\n<li style='margin-bottom: 5px;'>El panel DVP-120M est\u00e1 dise\u00f1ado y cumple con las especificaciones de seguridad en garajes de estacionamiento cerrado&comma; incluyendo el C\u00f3digo Uniforme de Edificaci\u00f3n y OSHA para detecci\u00f3n y control de acumulaci\u00f3n de CO (Mon\u00f3xido de Carbono)<\/li>\n<li style='margin-bottom: 5px;'>Con el adaptador MRS-485 y la Serie-6 de detectores Macurco&comma; el DVP-120M puede controlar hasta 87 detectores<\/li>\n<li style='margin-bottom: 5px;'>Teclado externo para configuraci\u00f3n<\/li>\n<li style='margin-bottom: 5px;'>Pantalla LCD visible desde el exterior que muestra el estado del sistema<\/li>\n<li style='margin-bottom: 5px;'>Tres canales de entrada digital RS-485 &#8211; 29 sensores direccionables por canal<\/li>\n<li style='margin-bottom: 5px;'>Compatible con todos los detectores Macurco Serie-6 y el adaptador MRS-485<\/li>\n<li style='margin-bottom: 5px;'>12 entradas anal\u00f3gicas compatibles con detectores Macurco Serie-6 y Serie-12<\/li>\n<li style='margin-bottom: 5px;'>Hasta 3 zonas de control de la ventilaci\u00f3n<\/li>\n<li style='margin-bottom: 5px;'>Cada zona puede ser controlada en base a se\u00f1al de alarma y\/o por horario<\/li>\n<\/ul><\/div>\n<\/p><\/div>\n<div style='display: flex; flex-wrap: wrap; gap: 20px; margin-bottom: 30px;'>\n<div style='flex: 1 1 250px; border: 1px solid rgba(150&comma; 150&comma; 150&comma; 0.4); border-radius: 8px; overflow: hidden; display: flex; flex-direction: column;'>\n<div style='padding: 15px; border-bottom: 1px solid rgba(150&comma; 150&comma; 150&comma; 0.2); font-weight: bold; font-size: 18px; color: inherit;'>Caracter\u00edsticas el\u00e9ctricas<\/div>\n<div style='padding: 15px; color: inherit;'>\n<ul style='padding-left: 20px; margin: 0; font-size: 14px; list-style-type: disc;'>\n<li style='margin-bottom: 5px;'><strong>Listado:<\/strong> ETL UL 508A&comma; CAN No. 14-13 CSA-C22.2<\/li>\n<li style='margin-bottom: 5px;'><strong>Entrada de energ\u00eda:<\/strong> 90-250 VAC&comma; 1 Amp&comma; 47-63 Hz&comma; monof\u00e1sico<\/li>\n<li style='margin-bottom: 5px;'><strong>Capacidad de rel\u00e9:<\/strong> 10 A resistivo hasta 240 VAC<\/li>\n<li style='margin-bottom: 5px;'><strong>Salida de Sirena:<\/strong> 24 Vcc a 250 mA<\/li>\n<li style='margin-bottom: 5px;'><strong>Salida de Estrobo:<\/strong> 24 Vcc a 250 mA<\/li>\n<\/ul><\/div>\n<\/p><\/div>\n<div style='flex: 1 1 250px; border: 1px solid rgba(150&comma; 150&comma; 150&comma; 0.4); border-radius: 8px; overflow: hidden; display: flex; flex-direction: column;'>\n<div style='padding: 15px; border-bottom: 1px solid rgba(150&comma; 150&comma; 150&comma; 0.2); font-weight: bold; font-size: 18px; color: inherit;'>Caracter\u00edsticas f\u00edsicas<\/div>\n<div style='padding: 15px; color: inherit;'>\n<ul style='padding-left: 20px; margin: 0; font-size: 14px; list-style-type: disc;'>\n<li style='margin-bottom: 5px;'><strong>Dimensiones:<\/strong> 267 mm x 318 mm x 51 mm<\/li>\n<li style='margin-bottom: 5px;'><strong>Peso:<\/strong> 2.9 kg<\/li>\n<li style='margin-bottom: 5px;'><strong>Envolvente:<\/strong> Tipo NEMA 1<\/li>\n<li style='margin-bottom: 5px;'><strong>Rango de operaci\u00f3n:<\/strong> 32\u00b0F a 104\u00b0F (0\u00b0C a 40\u00b0C)<\/li>\n<\/ul><\/div>\n<\/p><\/div>\n<div style='flex: 1 1 250px; border: 1px solid rgba(150&comma; 150&comma; 150&comma; 0.4); border-radius: 8px; overflow: hidden; display: flex; flex-direction: column;'>\n<div style='padding: 15px; border-bottom: 1px solid rgba(150&comma; 150&comma; 150&comma; 0.2); font-weight: bold; font-size: 18px; color: inherit;'>Control y configuraci\u00f3n<\/div>\n<div style='padding: 15px; color: inherit;'>\n<ul style='padding-left: 20px; margin: 0; font-size: 14px; list-style-type: disc;'>\n<li style='margin-bottom: 5px;'><strong>Retardo de activaci\u00f3n:<\/strong> 0-15 minutos en incrementos de 1 segundo<\/li>\n<li style='margin-bottom: 5px;'><strong>Retardo de desactivaci\u00f3n:<\/strong> 0-15 minutos en incrementos de 1 segundo<\/li>\n<li style='margin-bottom: 5px;'><strong>Indicadores LED:<\/strong> Alimentaci\u00f3n&comma; Alarma\/Advertencia&comma; Silenciar&comma; Relevador 1&comma; Relevador 2 y Relevador 3<\/li>\n<\/ul><\/div>\n<\/p><\/div>\n<div style='flex: 1 1 250px; border: 1px solid rgba(150&comma; 150&comma; 150&comma; 0.4); border-radius: 8px; overflow: hidden; display: flex; flex-direction: column;'>\n<div style='padding: 15px; border-bottom: 1px solid rgba(150&comma; 150&comma; 150&comma; 0.2); font-weight: bold; font-size: 18px; color: inherit;'>Rango de detecci\u00f3n<\/div>\n<div style='padding: 15px; color: inherit;'>\n<ul style='padding-left: 20px; margin: 0; font-size: 14px; list-style-type: disc;'>\n<li style='margin-bottom: 5px;'><strong>CO:<\/strong> 0-200 PPM<\/li>\n<li style='margin-bottom: 5px;'><strong>NO2:<\/strong> 0-20 PPM<\/li>\n<\/ul><\/div>\n<\/p><\/div>\n<div style='flex: 1 1 250px; border: 1px solid rgba(150&comma; 150&comma; 150&comma; 0.4); border-radius: 8px; overflow: hidden; display: flex; flex-direction: column;'>\n<div style='padding: 15px; border-bottom: 1px solid rgba(150&comma; 150&comma; 150&comma; 0.2); font-weight: bold; font-size: 18px; color: inherit;'>Relevadores<\/div>\n<div style='padding: 15px; color: inherit;'>\n<ul style='padding-left: 20px; margin: 0; font-size: 14px; list-style-type: disc;'>\n<li style='margin-bottom: 5px;'><strong>Cantidad:<\/strong> 3 relevadores SPDT<\/li>\n<li style='margin-bottom: 5px;'><strong>Capacidad:<\/strong> 10A @ 240 Vca<\/li>\n<li style='margin-bottom: 5px;'><strong>Funci\u00f3n:<\/strong> Alarma o Ventilador<\/li>\n<li style='margin-bottom: 5px;'><strong>Configuraci\u00f3n:<\/strong> Cada rel\u00e9 es configurable por el retraso antes de la activaci\u00f3n y el m\u00ednimo de tiempo<\/li>\n<\/ul><\/div>\n<\/p><\/div>\n<\/p><\/div>\n<div style='display: flex; flex-wrap: wrap; gap: 30px; margin-bottom: 30px;'>\n<div style='flex: 1 1 300px; min-width: 280px;'>\n<h3 style='font-size: 22px; border-bottom: 2px solid currentColor; padding-bottom: 5px; margin-top: 0; color: inherit; opacity: 0.8;'>Configuraci\u00f3n y operaci\u00f3n<\/h3>\n<p style='font-size: 15px; color: inherit;'>El panel DVP-120M permite configurar y operar el sistema de detecci\u00f3n de gases m\u00faltiples mediante un teclado externo. El display LCD de 2 filas por 16 caracteres con retroiluminaci\u00f3n permite visualizar el estado del sistema desde el exterior del gabinete. Cada relevador puede ser configurado con retardo de activaci\u00f3n y desactivaci\u00f3n ajustables entre 0 y 15 minutos en incrementos de 1 segundo.<\/p>\n<\/p><\/div>\n<\/p><\/div>\n<div style='display: flex; flex-wrap: wrap; gap: 30px; margin-bottom: 30px;'>\n<div style='flex: 1 1 300px; min-width: 280px;'>\n<h3 style='font-size: 22px; border-bottom: 2px solid currentColor; padding-bottom: 5px; margin-top: 0; color: inherit; opacity: 0.8;'>Videos de configuraci\u00f3n<\/h3>\n<div style='margin-bottom: 30px;'>\n<div style='position: relative; padding-bottom: 56.25%; height: 0; overflow: hidden;'>   <\/div>\n<p style='margin-top: 15px; font-size: 15px; color: inherit;'>Configuraci\u00f3n de relevador&comma; sirena y estrobo<\/p>\n<\/p><\/div>\n<div style='margin-bottom: 30px;'>\n<div style='position: relative; padding-bottom: 56.25%; height: 0; overflow: hidden;'>   <\/div>\n<p style='margin-top: 15px; font-size: 15px; color: inherit;'>Configuraci\u00f3n de alarmas<\/p>\n<\/p><\/div>\n<div style='margin-bottom: 30px;'>\n<div style='position: relative; padding-bottom: 56.25%; height: 0; overflow: hidden;'>   <\/div>\n<p style='margin-top: 15px; font-size: 15px; color: inherit;'>Configuraci\u00f3n de zonas<\/p>\n<\/p><\/div>\n<\/p><\/div>\n<\/p><\/div>\n<hr style='border: 0; border-top: 1px solid rgba(150&comma; 150&comma; 150&comma; 0.3); margin: 30px 0;'> <\/div>\n","protected":false},"excerpt":{"rendered":"<p>Panel Direccionable de Detecci\u00f3n y Ventilaci\u00f3n de Gases M\u00faltiples<\/p>\n","protected":false},"featured_media":34726,"comment_status":"open","ping_status":"closed","template":"","meta":[],"product_brand":[],"product_cat":[443],"product_tag":[989,444,225],"class_list":{"0":"post-34727","1":"product","2":"type-product","3":"status-publish","4":"has-post-thumbnail","6":"product_cat-todo-paneles-de-incendio","7":"product_tag-macurco-aerionics","8":"product_tag-paneles-de-incendio","9":"product_tag-todo","11":"first","12":"outofstock","13":"sale","14":"shipping-taxable","15":"purchasable","16":"product-type-simple"},"_links":{"self":[{"href":"https:\/\/soydeaqui.ddns.net\/pachuca\/index.php\/wp-json\/wp\/v2\/product\/34727","targetHints":{"allow":["GET"]}}],"collection":[{"href":"https:\/\/soydeaqui.ddns.net\/pachuca\/index.php\/wp-json\/wp\/v2\/product"}],"about":[{"href":"https:\/\/soydeaqui.ddns.net\/pachuca\/index.php\/wp-json\/wp\/v2\/types\/product"}],"replies":[{"embeddable":true,"href":"https:\/\/soydeaqui.ddns.net\/pachuca\/index.php\/wp-json\/wp\/v2\/comments?post=34727"}],"wp:featuredmedia":[{"embeddable":true,"href":"https:\/\/soydeaqui.ddns.net\/pachuca\/index.php\/wp-json\/wp\/v2\/media\/34726"}],"wp:attachment":[{"href":"https:\/\/soydeaqui.ddns.net\/pachuca\/index.php\/wp-json\/wp\/v2\/media?parent=34727"}],"wp:term":[{"taxonomy":"product_brand","embeddable":true,"href":"https:\/\/soydeaqui.ddns.net\/pachuca\/index.php\/wp-json\/wp\/v2\/product_brand?post=34727"},{"taxonomy":"product_cat","embeddable":true,"href":"https:\/\/soydeaqui.ddns.net\/pachuca\/index.php\/wp-json\/wp\/v2\/product_cat?post=34727"},{"taxonomy":"product_tag","embeddable":true,"href":"https:\/\/soydeaqui.ddns.net\/pachuca\/index.php\/wp-json\/wp\/v2\/product_tag?post=34727"}],"curies":[{"name":"wp","href":"https:\/\/api.w.org\/{rel}","templated":true}]}}