{"id":3472,"date":"2026-03-18T06:08:30","date_gmt":"2026-03-18T06:08:30","guid":{"rendered":"https:\/\/soydeaqui.ddns.net\/pachuca\/index.php\/producto\/adaptador-plugin-inalambrico-zwave-nube-p2p-medicion-de-consumo-soporta-google-y-alexa-15a\/"},"modified":"2026-03-18T06:08:31","modified_gmt":"2026-03-18T06:08:31","slug":"adaptador-plugin-inalambrico-zwave-nube-p2p-medicion-de-consumo-soporta-google-y-alexa-15a","status":"publish","type":"product","link":"https:\/\/soydeaqui.ddns.net\/pachuca\/index.php\/producto\/adaptador-plugin-inalambrico-zwave-nube-p2p-medicion-de-consumo-soporta-google-y-alexa-15a\/","title":{"rendered":"Adaptador PlugIn inal\u00e1mbrico ZWAVE\/ Nube P2P \/ Medici\u00f3n de consumo\/ Soporta Google y Alexa \/ 15A"},"content":{"rendered":"<div style='width: 100%; max-width: 1200px; margin: 0 auto; font-family: sans-serif; line-height: 1.6; color: inherit; background-color: transparent;'>\n<div style='display: flex; flex-wrap: wrap; gap: 30px; margin-bottom: 30px;'>\n<div style='flex: 1 1 300px; min-width: 280px;'>\n<h3 style='font-size: 22px; border-bottom: 2px solid currentColor; padding-bottom: 5px; margin-top: 0; color: inherit; opacity: 0.8;'>Caracter\u00edsticas principales<\/h3>\n<ul style='padding-left: 20px; font-size: 15px; color: inherit;'>\n<li style='margin-bottom: 5px;'>No requiere HUB<\/li>\n<li style='margin-bottom: 5px;'>Con Shelly Plug US puede controlar una amplia gama de dispositivos electrodom\u00e9sticos.<\/li>\n<li style='margin-bottom: 5px;'>Medidor de potencia preciso integrado.<\/li>\n<li style='margin-bottom: 5px;'>Se puede integrar para trabajar con todos los dem\u00e1s dispositivos Shelly.<\/li>\n<li style='margin-bottom: 5px;'>Conectividad Wifi 2.4GHz<\/li>\n<li style='margin-bottom: 5px;'>Compatibilidad con asistentes de voz: Alexa y GoogleHome.<\/li>\n<\/ul><\/div>\n<div style='flex: 1 1 300px; min-width: 280px;'>\n<h3 style='font-size: 22px; border-bottom: 2px solid currentColor; padding-bottom: 5px; margin-top: 0; color: inherit; opacity: 0.8;'>Caracter\u00edsticas F\u00edsicas y El\u00e9ctricas<\/h3>\n<ul style='padding-left: 20px; font-size: 15px; color: inherit;'>\n<li style='margin-bottom: 5px;'>Alimentaci\u00f3n AC: 110V \u00b110% 60Hz AC<\/li>\n<li style='margin-bottom: 5px;'>Carga m\u00e1xima: 15A \/ 110V&comma; 50\/60Hz<\/li>\n<li style='margin-bottom: 5px;'>Temperatura de operaci\u00f3n: -10\u00baC a +50\u00baC<\/li>\n<li style='margin-bottom: 5px;'>Corriente de consumo: < 1 W<\/li>\n<li style='margin-bottom: 5px;'>Dimensiones: 50 mm x 37 mm x 83 mm<\/li>\n<\/ul><\/div>\n<div style='flex: 1 1 300px; min-width: 280px;'>\n<h3 style='font-size: 22px; border-bottom: 2px solid currentColor; padding-bottom: 5px; margin-top: 0; color: inherit; opacity: 0.8;'>Caracter\u00edsticas Destacadas<\/h3>\n<p style='font-size: 15px; color: inherit; margin-bottom: 15px;'>ShellyPlugUS monitorea y controla autom\u00e1ticamente la iluminaci\u00f3n&comma; la calefacci\u00f3n o cualquier otro aparato el\u00e9ctrico conectado en el hogar&comma; sin importar d\u00f3nde se encuentre. Cuando un aparato el\u00e9ctrico&comma; como una l\u00e1mpara&comma; se enchufa en ShellyPlug US&comma; puede encenderlo y apagarlo a trav\u00e9s de la aplicaci\u00f3n m\u00f3vil Shelly Cloud en cualquier momento y desde cualquier lugar.<\/p>\n<ul style='padding-left: 20px; font-size: 15px; color: inherit;'>\n<li style='margin-bottom: 5px;'><a href='https:\/\/kb.shelly.cloud\/knowledge-base\/devices' style='color: inherit; text-decoration: underline;'>Base de datos material de apoyo.<\/a><\/li>\n<\/ul><\/div>\n<\/p><\/div>\n<div style='margin: 30px 0;'> <img style='width: 100%; height: auto; border: 1px solid rgba(150&comma;150&comma;150&comma;0.3); border-radius: 16px;' src='https:\/\/ftp3.syscom.mx\/usuarios\/ftp\/single_page\/shelly_img\/shelly_us_ppal_es.jpg' alt=''> <\/div>\n<\/p><\/div>\n","protected":false},"excerpt":{"rendered":"<p>Adaptador PlugIn inal\u00e1mbrico ZWAVE\/ Nube P2P \/ Medici\u00f3n de consumo\/ Soporta Google y Alexa \/ 15A<\/p>\n","protected":false},"featured_media":3471,"comment_status":"open","ping_status":"closed","template":"","meta":[],"product_brand":[],"product_cat":[407],"product_tag":[408,58,180],"class_list":{"0":"post-3472","1":"product","2":"type-product","3":"status-publish","4":"has-post-thumbnail","6":"product_cat-automatizacion-z-wave","7":"product_tag-automatizacion-z-wave","8":"product_tag-shelly","9":"product_tag-total-connect-honeywell","11":"first","12":"outofstock","13":"sale","14":"shipping-taxable","15":"purchasable","16":"product-type-simple"},"_links":{"self":[{"href":"https:\/\/soydeaqui.ddns.net\/pachuca\/index.php\/wp-json\/wp\/v2\/product\/3472","targetHints":{"allow":["GET"]}}],"collection":[{"href":"https:\/\/soydeaqui.ddns.net\/pachuca\/index.php\/wp-json\/wp\/v2\/product"}],"about":[{"href":"https:\/\/soydeaqui.ddns.net\/pachuca\/index.php\/wp-json\/wp\/v2\/types\/product"}],"replies":[{"embeddable":true,"href":"https:\/\/soydeaqui.ddns.net\/pachuca\/index.php\/wp-json\/wp\/v2\/comments?post=3472"}],"wp:featuredmedia":[{"embeddable":true,"href":"https:\/\/soydeaqui.ddns.net\/pachuca\/index.php\/wp-json\/wp\/v2\/media\/3471"}],"wp:attachment":[{"href":"https:\/\/soydeaqui.ddns.net\/pachuca\/index.php\/wp-json\/wp\/v2\/media?parent=3472"}],"wp:term":[{"taxonomy":"product_brand","embeddable":true,"href":"https:\/\/soydeaqui.ddns.net\/pachuca\/index.php\/wp-json\/wp\/v2\/product_brand?post=3472"},{"taxonomy":"product_cat","embeddable":true,"href":"https:\/\/soydeaqui.ddns.net\/pachuca\/index.php\/wp-json\/wp\/v2\/product_cat?post=3472"},{"taxonomy":"product_tag","embeddable":true,"href":"https:\/\/soydeaqui.ddns.net\/pachuca\/index.php\/wp-json\/wp\/v2\/product_tag?post=3472"}],"curies":[{"name":"wp","href":"https:\/\/api.w.org\/{rel}","templated":true}]}}