{"id":34716,"date":"2026-03-18T15:27:58","date_gmt":"2026-03-18T15:27:58","guid":{"rendered":"https:\/\/soydeaqui.ddns.net\/pachuca\/index.php\/producto\/jaula-de-acero-fireray-damage-stopper-para-proteccion-de-detectores-de-haz-optico-dimensiones-6-61-in-168-mm-altura-x-6-61-in-168-mm-ancho-x-5-78-in-147-mm-profundidad\/"},"modified":"2026-03-18T15:27:59","modified_gmt":"2026-03-18T15:27:59","slug":"jaula-de-acero-fireray-damage-stopper-para-proteccion-de-detectores-de-haz-optico-dimensiones-6-61-in-168-mm-altura-x-6-61-in-168-mm-ancho-x-5-78-in-147-mm-profundidad","status":"publish","type":"product","link":"https:\/\/soydeaqui.ddns.net\/pachuca\/index.php\/producto\/jaula-de-acero-fireray-damage-stopper-para-proteccion-de-detectores-de-haz-optico-dimensiones-6-61-in-168-mm-altura-x-6-61-in-168-mm-ancho-x-5-78-in-147-mm-profundidad\/","title":{"rendered":"Jaula de acero FIRERAY Damage Stopper\u00ae para protecci\u00f3n de detectores de haz \u00f3ptico. Dimensiones 6.61 in (168 mm) altura x 6.61 in (168 mm) ancho x 5.78 in (147 mm) profundidad"},"content":{"rendered":"<div style='width: 100%; max-width: 1200px; margin: 0 auto; font-family: sans-serif; line-height: 1.6; color: inherit; background-color: transparent;'> <!-- T\u00edtulo y descripci\u00f3n principal --> <\/p>\n<div style='margin-bottom: 30px;'>\n<h2 style='text-align: center; font-size: 20px; margin-top: 0; margin-bottom: 15px; color: inherit; font-weight: bold;'>Jaulas de Protecci\u00f3n FIRERAY Damage Stopper\u00ae<\/h2>\n<p style='text-align: center; margin-bottom: 25px; font-size: 14px; color: inherit; opacity: 0.8;'>Ayudan a prevenir el vandalismo y activaciones accidentales<\/p>\n<p style='text-align: justify; font-size: 14px; color: inherit;'>Las jaulas de protecci\u00f3n FIRERAY Damage Stopper\u00ae son una excelente opci\u00f3n para proteger detectores de humo de haz \u00f3ptico del vandalismo y de las activaciones accidentales. Construida con alambre de acero resistente recubierto con poli\u00e9ster resistente a la corrosi\u00f3n. Altamente recomendada para \u00e1reas donde el abuso es severo o es imperativo que los detectores de humo de haz \u00f3ptico contin\u00faen funcionando.<\/p>\n<\/p><\/div>\n<p> <!-- Secci\u00f3n de caracter\u00edsticas --> <\/p>\n<div style='display: flex; flex-wrap: wrap; gap: 30px; margin-bottom: 30px;'>\n<div style='flex: 1 1 300px; min-width: 280px;'>\n<h3 style='font-size: 22px; border-bottom: 2px solid currentColor; padding-bottom: 5px; margin-top: 0; color: inherit; opacity: 0.8;'>Caracter\u00edsticas Generales<\/h3>\n<ul style='padding-left: 20px; font-size: 15px; color: inherit;'>\n<li style='margin-bottom: 5px;'>Ofrece protecci\u00f3n anti vandalismo y activaciones accidentales en detectores de haz \u00f3ptico.<\/li>\n<li style='margin-bottom: 5px;'>Construido con alambre de acero resistente.<\/li>\n<li style='margin-bottom: 5px;'>Recubierta con poli\u00e9ster resistente a la corrosi\u00f3n.<\/li>\n<li style='margin-bottom: 5px;'>R\u00e1pida y f\u00e1cil de instalar.<\/li>\n<li style='margin-bottom: 5px;'>Tres a\u00f1os de garant\u00eda contra roturas en uso normal.<\/li>\n<li style='margin-bottom: 5px;'>Dimensiones 6.61 in (168 mm) altura x 6.61 in (168 mm) ancho x 5.78 in (147 mm) profundidad<\/li>\n<\/ul><\/div>\n<\/p><\/div>\n<p> <!-- Separador --> <\/p>\n<hr style='border: 0; border-top: 1px solid rgba(150&comma; 150&comma; 150&comma; 0.3); margin: 30px 0;'> <\/div>\n","protected":false},"excerpt":{"rendered":"<p>Jaula de acero FIRERAY Damage Stopper\u00ae para protecci\u00f3n de detectores de haz \u00f3ptico. Dimensiones 6.61 in (168 mm) altura x 6.61 in (168 mm) ancho x 5.78 in (147 mm) profundidad<\/p>\n","protected":false},"featured_media":34715,"comment_status":"open","ping_status":"closed","template":"","meta":[],"product_brand":[],"product_cat":[524],"product_tag":[93,522,169],"class_list":{"0":"post-34716","1":"product","2":"type-product","3":"status-publish","4":"has-post-thumbnail","6":"product_cat-accesorios-dispositivos-convencionales","7":"product_tag-accesorios","8":"product_tag-dispositivos-convencionales","9":"product_tag-sti","11":"first","12":"outofstock","13":"sale","14":"shipping-taxable","15":"purchasable","16":"product-type-simple"},"_links":{"self":[{"href":"https:\/\/soydeaqui.ddns.net\/pachuca\/index.php\/wp-json\/wp\/v2\/product\/34716","targetHints":{"allow":["GET"]}}],"collection":[{"href":"https:\/\/soydeaqui.ddns.net\/pachuca\/index.php\/wp-json\/wp\/v2\/product"}],"about":[{"href":"https:\/\/soydeaqui.ddns.net\/pachuca\/index.php\/wp-json\/wp\/v2\/types\/product"}],"replies":[{"embeddable":true,"href":"https:\/\/soydeaqui.ddns.net\/pachuca\/index.php\/wp-json\/wp\/v2\/comments?post=34716"}],"wp:featuredmedia":[{"embeddable":true,"href":"https:\/\/soydeaqui.ddns.net\/pachuca\/index.php\/wp-json\/wp\/v2\/media\/34715"}],"wp:attachment":[{"href":"https:\/\/soydeaqui.ddns.net\/pachuca\/index.php\/wp-json\/wp\/v2\/media?parent=34716"}],"wp:term":[{"taxonomy":"product_brand","embeddable":true,"href":"https:\/\/soydeaqui.ddns.net\/pachuca\/index.php\/wp-json\/wp\/v2\/product_brand?post=34716"},{"taxonomy":"product_cat","embeddable":true,"href":"https:\/\/soydeaqui.ddns.net\/pachuca\/index.php\/wp-json\/wp\/v2\/product_cat?post=34716"},{"taxonomy":"product_tag","embeddable":true,"href":"https:\/\/soydeaqui.ddns.net\/pachuca\/index.php\/wp-json\/wp\/v2\/product_tag?post=34716"}],"curies":[{"name":"wp","href":"https:\/\/api.w.org\/{rel}","templated":true}]}}