{"id":34682,"date":"2026-03-18T15:27:09","date_gmt":"2026-03-18T15:27:09","guid":{"rendered":"https:\/\/soydeaqui.ddns.net\/pachuca\/index.php\/producto\/protector-universal-para-estacion-manual-fabricado-en-policarbonato-super-fuerte-para-uso-en-exterior\/"},"modified":"2026-03-18T15:27:17","modified_gmt":"2026-03-18T15:27:17","slug":"protector-universal-para-estacion-manual-fabricado-en-policarbonato-super-fuerte-para-uso-en-exterior","status":"publish","type":"product","link":"https:\/\/soydeaqui.ddns.net\/pachuca\/index.php\/producto\/protector-universal-para-estacion-manual-fabricado-en-policarbonato-super-fuerte-para-uso-en-exterior\/","title":{"rendered":"Protector Universal para Estaci\u00f3n Manual, Fabricado en Policarbonato S\u00faper Fuerte Para Uso en Exterior"},"content":{"rendered":"<div style='width: 100%; max-width: 1200px; margin: 0 auto; font-family: sans-serif; line-height: 1.6; color: inherit; background-color: transparent;'> <!-- Secci\u00f3n de descripci\u00f3n principal --> <\/p>\n<div style='margin-bottom: 30px;'>\n<p style='text-align: justify; font-size: 15px; color: inherit; margin: 0 0 15px 0;'>Estas cubiertas de policarbonato para interiores y exteriores ayudan a proteger los dispositivos sin restringir el funcionamiento leg\u00edtimo. Las vers\u00e1tiles cubiertas de alarma contra incendios ayudan a prevenir da\u00f1os f\u00edsicos accidentales e intencionales&comma; polvo y suciedad&comma; as\u00ed como entornos severos por dentro y por fuera.<\/p>\n<p style='text-align: justify; font-size: 15px; color: inherit; margin: 15px 0;'>Los modelos de perfil bajo con bocina (serie STI-14000) parpadean y suenan cuando se levanta la cubierta. Opciones de cubierta universal: cubierta con o sin bocina&comma; montaje empotrado&comma; montaje en superficie o modelos de caja posterior impermeable. La protuberancia m\u00e1xima es de 4 pulgadas de profundidad.<\/p>\n<p style='text-align: justify; font-size: 15px; color: inherit; margin: 15px 0 30px 0;'>El Protector Universal para Estaci\u00f3n Manual STI-1200A-ES es un dispositivo patentado que ha estado ayudando a impedir falsas alarmas de incendio en el mundo por m\u00e1s de 30 a\u00f1os&comma; sin restringir las alarmas leg\u00edtimas. Esta versi\u00f3n tiene una caja empotrable de cuatro pulgadas de profundidad&comma; lo que permite instalarla en lugares de lavado o mojados (tales como cocinas&comma; cafeter\u00edas&comma; frigor\u00edficos&comma; duchas&comma; intemperie&comma; etc.) Tambi\u00e9n ayuda a proteger contra da\u00f1os f\u00edsicos (tanto accidentales como intencionales)&comma; tierra y suciedad.<\/p>\n<\/p><\/div>\n<p> <!-- Secci\u00f3n de caracter\u00edsticas --> <\/p>\n<div style='display: flex; flex-wrap: wrap; gap: 30px; margin-bottom: 30px;'>\n<div style='flex: 1 1 300px; min-width: 280px;'>\n<h3 style='font-size: 22px; border-bottom: 2px solid currentColor; padding-bottom: 5px; margin-top: 0; color: inherit; opacity: 0.8;'>Caracter\u00edsticas<\/h3>\n<ul style='padding-left: 20px; font-size: 15px; color: inherit; list-style-type: disc;'>\n<li style='margin-bottom: 5px;'>Para uso en \u00e1reas de lavado&comma; clasificada 3R seg\u00fan norma NEMA.<\/li>\n<li style='margin-bottom: 5px;'>La tapa incluye una caja posterior de 4 pulgadas de profundidad.<\/li>\n<li style='margin-bottom: 5px;'>Se ha demostrado efectivo por m\u00e1s de 25 a\u00f1os para impedir falsas alarmas de incendio sin restringir las alarmas leg\u00edtimas.<\/li>\n<li style='margin-bottom: 5px;'>Puede emplearse como protecci\u00f3n contra da\u00f1os f\u00edsicos a las estaciones de alarma manuales.<\/li>\n<li style='margin-bottom: 5px;'>La gruesa tapa transparente de policarbonato se encuentra estabilizada contra la radiaci\u00f3n UV<\/li>\n<li style='margin-bottom: 5px;'>Sin cerradura; f\u00e1cil de abrir.<\/li>\n<li style='margin-bottom: 5px;'>Las propiedades de trabajo t\u00edpicas del policarbonato son 40\u00b0 a 250\u00b0F (-40\u00b0 a 121\u00b0C).<\/li>\n<li style='margin-bottom: 5px;'>Listado en UL&comma; CUL&comma; y ADA.<\/li>\n<\/ul><\/div>\n<\/p><\/div>\n<p> <!-- Separador --> <\/p>\n<hr style='border: 0; border-top: 1px solid rgba(150&comma; 150&comma; 150&comma; 0.3); margin: 30px 0;'> <!-- Secci\u00f3n de videos --> <\/p>\n<div style='display: flex; flex-wrap: wrap; gap: 30px; justify-content: center;'>\n<div style='flex: 1 1 560px; min-width: 300px;'>\n<h3 style='font-size: 20px; text-align: center; margin-bottom: 15px; color: inherit; opacity: 0.8;'>\u00bfCubiertas de STI con bocina integrada de alarma?<\/h3>\n<div style='position: relative; padding-bottom: 56.25%; height: 0; overflow: hidden; margin-bottom: 30px;'>   <\/div>\n<\/p><\/div>\n<div style='flex: 1 1 560px; min-width: 300px;'>\n<h3 style='font-size: 20px; text-align: center; margin-bottom: 15px; color: inherit; opacity: 0.8;'>\u00bfQu\u00e9 tan resistentes son las cubiertas de policarbonato de STI?<\/h3>\n<div style='position: relative; padding-bottom: 56.25%; height: 0; overflow: hidden; margin-bottom: 30px;'>   <\/div>\n<\/p><\/div>\n<div style='flex: 1 1 560px; min-width: 300px;'>\n<h3 style='font-size: 20px; text-align: center; margin-bottom: 15px; color: inherit; opacity: 0.8;'>Universal Flat Stopper\u00ae con espaciador e instalaci\u00f3n de bocina<\/h3>\n<div style='position: relative; padding-bottom: 56.25%; height: 0; overflow: hidden; margin-bottom: 30px;'>   <\/div>\n<\/p><\/div>\n<div style='flex: 1 1 560px; min-width: 300px;'>\n<h3 style='font-size: 20px; text-align: center; margin-bottom: 15px; color: inherit; opacity: 0.8;'>Montaje empotrado de bajo perfil Universal Stopper\u00ae con instalaci\u00f3n de bocina<\/h3>\n<div style='position: relative; padding-bottom: 56.25%; height: 0; overflow: hidden; margin-bottom: 30px;'>   <\/div>\n<\/p><\/div>\n<\/p><\/div>\n<\/p><\/div>\n","protected":false},"excerpt":{"rendered":"<p>Protector Universal para Estaci\u00f3n Manual, Fabricado en Policarbonato S\u00faper Fuerte Para Uso en Exterior<\/p>\n","protected":false},"featured_media":34681,"comment_status":"open","ping_status":"closed","template":"","meta":[],"product_brand":[],"product_cat":[420],"product_tag":[93,421,169],"class_list":{"0":"post-34682","1":"product","2":"type-product","3":"status-publish","4":"has-post-thumbnail","6":"product_cat-estaciones-de-jalon","7":"product_tag-accesorios","8":"product_tag-estaciones-de-jalon","9":"product_tag-sti","11":"first","12":"instock","13":"sale","14":"shipping-taxable","15":"purchasable","16":"product-type-simple"},"_links":{"self":[{"href":"https:\/\/soydeaqui.ddns.net\/pachuca\/index.php\/wp-json\/wp\/v2\/product\/34682","targetHints":{"allow":["GET"]}}],"collection":[{"href":"https:\/\/soydeaqui.ddns.net\/pachuca\/index.php\/wp-json\/wp\/v2\/product"}],"about":[{"href":"https:\/\/soydeaqui.ddns.net\/pachuca\/index.php\/wp-json\/wp\/v2\/types\/product"}],"replies":[{"embeddable":true,"href":"https:\/\/soydeaqui.ddns.net\/pachuca\/index.php\/wp-json\/wp\/v2\/comments?post=34682"}],"wp:featuredmedia":[{"embeddable":true,"href":"https:\/\/soydeaqui.ddns.net\/pachuca\/index.php\/wp-json\/wp\/v2\/media\/34681"}],"wp:attachment":[{"href":"https:\/\/soydeaqui.ddns.net\/pachuca\/index.php\/wp-json\/wp\/v2\/media?parent=34682"}],"wp:term":[{"taxonomy":"product_brand","embeddable":true,"href":"https:\/\/soydeaqui.ddns.net\/pachuca\/index.php\/wp-json\/wp\/v2\/product_brand?post=34682"},{"taxonomy":"product_cat","embeddable":true,"href":"https:\/\/soydeaqui.ddns.net\/pachuca\/index.php\/wp-json\/wp\/v2\/product_cat?post=34682"},{"taxonomy":"product_tag","embeddable":true,"href":"https:\/\/soydeaqui.ddns.net\/pachuca\/index.php\/wp-json\/wp\/v2\/product_tag?post=34682"}],"curies":[{"name":"wp","href":"https:\/\/api.w.org\/{rel}","templated":true}]}}