{"id":34654,"date":"2026-03-18T15:26:25","date_gmt":"2026-03-18T15:26:25","guid":{"rendered":"https:\/\/soydeaqui.ddns.net\/pachuca\/index.php\/producto\/modulo-de-relevador-doble-2a-con-aislador-integrado-0400-02070\/"},"modified":"2026-03-18T15:26:25","modified_gmt":"2026-03-18T15:26:25","slug":"modulo-de-relevador-doble-2a-con-aislador-integrado-0400-02070","status":"publish","type":"product","link":"https:\/\/soydeaqui.ddns.net\/pachuca\/index.php\/producto\/modulo-de-relevador-doble-2a-con-aislador-integrado-0400-02070\/","title":{"rendered":"M\u00f3dulo De Relevador Doble, 2A, Con Aislador Integrado (0400-02070)"},"content":{"rendered":"<div style='width: 100%; max-width: 1200px; margin: 0 auto; font-family: sans-serif; line-height: 1.6; color: inherit; background-color: transparent;'> <!-- C\u00f3digo de producto --> <\/p>\n<div style='margin-bottom: 20px;'>\n<p style='margin: 0; font-size: 14px; color: inherit;'> C\u00f3digo de producto: <strong style='font-weight: bold; color: inherit;'>0400-02070<\/strong> <\/p>\n<\/p><\/div>\n<p> <!-- T\u00edtulo de producto --> <\/p>\n<div style='margin-bottom: 20px;'>\n<h2 style='font-size: 20px; margin: 0; color: inherit;'> DUAL RELAY MODULE&comma; 2 AMPS WITH ISOLATOR <\/h2>\n<\/p><\/div>\n<p> <!-- Descripci\u00f3n principal --> <\/p>\n<div style='margin-bottom: 30px;'>\n<p style='font-size: 15px; color: inherit; text-align: justify;'> Los m\u00f3dulos de rel\u00e9 duales (serie R2ML \/ H) se han dise\u00f1ado para proporcionar una respuesta flexible y r\u00e1pida a las condiciones de emergencia. La serie R2ML \/ H permite el control independiente de dos contactos de forma C para una variedad de aplicaciones de contactos normalmente abiertos y normalmente cerrados&comma; como la operaci\u00f3n del ventilador&comma; la recuperaci\u00f3n del ascensor&comma; el cierre de la puerta y la notificaci\u00f3n auxiliar. <\/p>\n<\/p><\/div>\n<p> <!-- Caracter\u00edsticas est\u00e1ndar --> <\/p>\n<div style='margin-bottom: 30px;'>\n<h3 style='font-size: 18px; border-bottom: 2px solid currentColor; padding-bottom: 5px; margin-top: 0; margin-bottom: 15px; color: inherit; opacity: 0.8;'>CARACTER\u00cdSTICAS EST\u00c1NDAR<\/h3>\n<ul style='padding-left: 20px; font-size: 14px; color: inherit; list-style-type: disc;'>\n<li style='margin-bottom: 8px; color: inherit;'>Proporciona dos contactos de Form C independientemente configurables por direcci\u00f3n<\/li>\n<li style='margin-bottom: 8px; color: inherit;'>Los contactos se clasifican de la siguiente manera:<\/li>\n<li style='margin-bottom: 8px; margin-left: 20px; color: inherit;'>R2ML: 2A @ 30 VDC \/ 0.5A a 120 VAC<\/li>\n<li style='margin-bottom: 8px; margin-left: 20px; color: inherit;'>R2MH: 8A @ 30VDC \/ 4.8A @ 250 VAC<\/li>\n<li style='margin-bottom: 8px; color: inherit;'>Se pueden usar hasta 128 dispositivos en cada bucle de SLC<\/li>\n<li style='margin-bottom: 8px; color: inherit;'>El LED bicolor visible es controlado por software y se puede programar para que parpadee en rojo o verde cuando se sondee. El LED se puede enganchar cuando est\u00e1 activado. (Para todos los modelos)<\/li>\n<li style='margin-bottom: 8px; color: inherit;'>El LED amarillo indica una condici\u00f3n de cortocircuito (solo R2ML-I y R2MH-I)<\/li>\n<li style='margin-bottom: 8px; color: inherit;'>La programaci\u00f3n es altamente flexible y proporciona 16 estados de prioridad m\u00e1s capacidad de zonificaci\u00f3n<\/li>\n<li style='margin-bottom: 8px; color: inherit;'>Opera en bucle SLC Clase A o Clase B<\/li>\n<li style='margin-bottom: 8px; color: inherit;'>UL 864 listado<\/li>\n<\/ul><\/div>\n<p> <!-- Separador final --> <\/p>\n<hr style='border: 0; border-top: 1px solid rgba(150&comma; 150&comma; 150&comma; 0.3); margin: 30px 0;'> <\/div>\n","protected":false},"excerpt":{"rendered":"<p>M\u00f3dulo De Relevador Doble, 2A, Con Aislador Integrado (0400-02070)<\/p>\n","protected":false},"featured_media":34653,"comment_status":"open","ping_status":"closed","template":"","meta":[],"product_brand":[],"product_cat":[1011],"product_tag":[449,406],"class_list":{"0":"post-34654","1":"product","2":"type-product","3":"status-publish","4":"has-post-thumbnail","6":"product_cat-hochiki-accesorios-y-dispositivos-direccionables","7":"product_tag-accesorios-y-dispositivos-direccionables","8":"product_tag-hochiki","10":"first","11":"instock","12":"sale","13":"shipping-taxable","14":"purchasable","15":"product-type-simple"},"_links":{"self":[{"href":"https:\/\/soydeaqui.ddns.net\/pachuca\/index.php\/wp-json\/wp\/v2\/product\/34654","targetHints":{"allow":["GET"]}}],"collection":[{"href":"https:\/\/soydeaqui.ddns.net\/pachuca\/index.php\/wp-json\/wp\/v2\/product"}],"about":[{"href":"https:\/\/soydeaqui.ddns.net\/pachuca\/index.php\/wp-json\/wp\/v2\/types\/product"}],"replies":[{"embeddable":true,"href":"https:\/\/soydeaqui.ddns.net\/pachuca\/index.php\/wp-json\/wp\/v2\/comments?post=34654"}],"wp:featuredmedia":[{"embeddable":true,"href":"https:\/\/soydeaqui.ddns.net\/pachuca\/index.php\/wp-json\/wp\/v2\/media\/34653"}],"wp:attachment":[{"href":"https:\/\/soydeaqui.ddns.net\/pachuca\/index.php\/wp-json\/wp\/v2\/media?parent=34654"}],"wp:term":[{"taxonomy":"product_brand","embeddable":true,"href":"https:\/\/soydeaqui.ddns.net\/pachuca\/index.php\/wp-json\/wp\/v2\/product_brand?post=34654"},{"taxonomy":"product_cat","embeddable":true,"href":"https:\/\/soydeaqui.ddns.net\/pachuca\/index.php\/wp-json\/wp\/v2\/product_cat?post=34654"},{"taxonomy":"product_tag","embeddable":true,"href":"https:\/\/soydeaqui.ddns.net\/pachuca\/index.php\/wp-json\/wp\/v2\/product_tag?post=34654"}],"curies":[{"name":"wp","href":"https:\/\/api.w.org\/{rel}","templated":true}]}}