{"id":34630,"date":"2026-03-18T15:25:51","date_gmt":"2026-03-18T15:25:51","guid":{"rendered":"https:\/\/soydeaqui.ddns.net\/pachuca\/index.php\/producto\/estacion-manual-de-emergencia-direccionable\/"},"modified":"2026-03-18T15:25:57","modified_gmt":"2026-03-18T15:25:57","slug":"estacion-manual-de-emergencia-direccionable","status":"publish","type":"product","link":"https:\/\/soydeaqui.ddns.net\/pachuca\/index.php\/producto\/estacion-manual-de-emergencia-direccionable\/","title":{"rendered":"Estaci\u00f3n Manual De Emergencia Direccionable"},"content":{"rendered":"<div style='width: 100%; max-width: 1200px; margin: 0 auto; font-family: sans-serif; line-height: 1.6; color: inherit; background-color: transparent;'> <!-- Imagen principal --> <\/p>\n<div style='width: 100%; margin-bottom: 20px;'> <img style='width: 100%; height: auto; border: 1px solid rgba(150&comma;150&comma;150&comma;0.3); border-radius: 8px; display: block; margin: 0 auto;' src='https:\/\/ftp3.syscom.mx\/usuarios\/fotos\/BG12L\/82169-firelite_copia.jpg' alt=''> <\/div>\n<p> <!-- Descripci\u00f3n principal --> <\/p>\n<div style='margin-bottom: 30px;'>\n<p style='text-align: justify; font-size: 15px; color: inherit;'> La estaci\u00f3n manual de emergencia BG-12LX de Fire-Lite&comma; permite que el panel de control muestre la ubicaci\u00f3n exacta de punto de activaci\u00f3n gracias a su direccionamiento interconstruido&comma; adem\u00e1s&comma; reduce considerablemente las falsas alarmas por activaci\u00f3n accidental ya que requiere dos movimientos para su activaci\u00f3n&comma; se utiliza exclusivamente con los paneles de detecci\u00f3n de incendio direccionables MS-9050UD&comma; MS-9200UDLS&comma; MS-9600UDLS y la nueva serie Endurance ES50X&comma; ES50XI&comma; ES200 y ES200XI. <\/p>\n<\/p><\/div>\n<p> <!-- Secci\u00f3n de caracter\u00edsticas --> <\/p>\n<div style='display: flex; flex-wrap: wrap; gap: 30px; margin-bottom: 30px;'>\n<div style='flex: 1 1 300px; min-width: 280px;'>\n<h3 style='font-size: 22px; border-bottom: 2px solid currentColor; padding-bottom: 5px; margin-top: 0; color: inherit; opacity: 0.8;'>Caracter\u00edsticas<\/h3>\n<ul style='padding-left: 20px; font-size: 15px; color: inherit;'>\n<li style='margin-bottom: 5px;'><strong>Listado UL&comma; ULC&comma; MEA&comma; FM y CSFM<\/strong><\/li>\n<li style='margin-bottom: 5px;'>Dise\u00f1o y color visible y elegante<\/li>\n<li style='margin-bottom: 5px;'><strong>Accionamiento dual&comma; dise\u00f1ado para prevenir falsas alarmas por activaci\u00f3n accidental<\/strong><\/li>\n<li style='margin-bottom: 5px;'>Al activarse&comma; la palanca se enclava para indicar que se ha operado la estaci\u00f3n<\/li>\n<li style='margin-bottom: 5px;'><strong>Cerradura con llave<\/strong><\/li>\n<li style='margin-bottom: 5px;'>La estaci\u00f3n se puede abrir para realizar inspecciones y mantenimiento sin iniciar una alarma<\/li>\n<li style='margin-bottom: 5px;'><strong>Se puede montar caja SB-10 o en caja el\u00e9ctrica convencional<\/strong><\/li>\n<li style='margin-bottom: 5px;'><strong>Alimentaci\u00f3n:<\/strong> 24 Vcc<\/li>\n<li style='margin-bottom: 5px;'><strong>Consumo:<\/strong> 5 mA<\/li>\n<li style='margin-bottom: 5px;'><strong>Dimensiones:<\/strong> 139 x 104 x 35 mm<\/li>\n<\/ul><\/div>\n<\/p><\/div>\n<p> <!-- Imagen comparativa --> <\/p>\n<div style='width: 100%; margin-bottom: 20px;'> <img style='width: 100%; height: auto; border: 1px solid rgba(150&comma;150&comma;150&comma;0.3); border-radius: 8px; display: block; margin: 0 auto;' src='https:\/\/ftp3.syscom.mx\/usuarios\/fotos\/BG12LX\/82158-comparativa_bg12l.jpg' alt=''> <\/div>\n<\/p><\/div>\n","protected":false},"excerpt":{"rendered":"<p>Estaci\u00f3n Manual De Emergencia Direccionable<\/p>\n","protected":false},"featured_media":34629,"comment_status":"open","ping_status":"closed","template":"","meta":[],"product_brand":[],"product_cat":[448],"product_tag":[449,541,225],"class_list":{"0":"post-34630","1":"product","2":"type-product","3":"status-publish","4":"has-post-thumbnail","6":"product_cat-todo-accesorios-y-dispositivos-direccionables","7":"product_tag-accesorios-y-dispositivos-direccionables","8":"product_tag-fire-lite","9":"product_tag-todo","11":"first","12":"instock","13":"sale","14":"shipping-taxable","15":"purchasable","16":"product-type-simple"},"_links":{"self":[{"href":"https:\/\/soydeaqui.ddns.net\/pachuca\/index.php\/wp-json\/wp\/v2\/product\/34630","targetHints":{"allow":["GET"]}}],"collection":[{"href":"https:\/\/soydeaqui.ddns.net\/pachuca\/index.php\/wp-json\/wp\/v2\/product"}],"about":[{"href":"https:\/\/soydeaqui.ddns.net\/pachuca\/index.php\/wp-json\/wp\/v2\/types\/product"}],"replies":[{"embeddable":true,"href":"https:\/\/soydeaqui.ddns.net\/pachuca\/index.php\/wp-json\/wp\/v2\/comments?post=34630"}],"wp:featuredmedia":[{"embeddable":true,"href":"https:\/\/soydeaqui.ddns.net\/pachuca\/index.php\/wp-json\/wp\/v2\/media\/34629"}],"wp:attachment":[{"href":"https:\/\/soydeaqui.ddns.net\/pachuca\/index.php\/wp-json\/wp\/v2\/media?parent=34630"}],"wp:term":[{"taxonomy":"product_brand","embeddable":true,"href":"https:\/\/soydeaqui.ddns.net\/pachuca\/index.php\/wp-json\/wp\/v2\/product_brand?post=34630"},{"taxonomy":"product_cat","embeddable":true,"href":"https:\/\/soydeaqui.ddns.net\/pachuca\/index.php\/wp-json\/wp\/v2\/product_cat?post=34630"},{"taxonomy":"product_tag","embeddable":true,"href":"https:\/\/soydeaqui.ddns.net\/pachuca\/index.php\/wp-json\/wp\/v2\/product_tag?post=34630"}],"curies":[{"name":"wp","href":"https:\/\/api.w.org\/{rel}","templated":true}]}}