{"id":34624,"date":"2026-03-18T15:25:41","date_gmt":"2026-03-18T15:25:41","guid":{"rendered":"https:\/\/soydeaqui.ddns.net\/pachuca\/index.php\/producto\/modulo-aislador-de-fallas-corto-circuito-para-lazo-slc\/"},"modified":"2026-03-18T15:25:47","modified_gmt":"2026-03-18T15:25:47","slug":"modulo-aislador-de-fallas-corto-circuito-para-lazo-slc","status":"publish","type":"product","link":"https:\/\/soydeaqui.ddns.net\/pachuca\/index.php\/producto\/modulo-aislador-de-fallas-corto-circuito-para-lazo-slc\/","title":{"rendered":"M\u00f3dulo Aislador De Fallas &#8211; Corto Circuito Para Lazo SLC"},"content":{"rendered":"<div style='width: 100%; max-width: 1200px; margin: 0 auto; font-family: sans-serif; line-height: 1.6; color: inherit; background-color: transparent;'> <!-- Secci\u00f3n de descripci\u00f3n general --> <\/p>\n<div style='margin-bottom: 30px;'>\n<h2 style='font-size: 24px; border-bottom: 2px solid currentColor; padding-bottom: 8px; margin-top: 0; color: inherit; opacity: 0.9;'>Descripci\u00f3n General<\/h2>\n<p style='font-size: 15px; color: inherit; margin-bottom: 15px;'>El m\u00f3dulo aislador I300 de Fire-Lite se utiliza con los paneles MS-9050UD&comma; MS-9200UDLS&comma; MS-9600UDLS y la serie Endurance de Fire-Lite ES50X&comma; ES50XI&comma; ES200X y ES200XI para proteger al sistema de los cortocircuitos de cable a cable en el lazo del SLC. Se debe ubicar entre cada dispositivo en el lazo del SLC para aislar un problema de cortocircuito entre los dispositivos.<\/p>\n<p style='font-size: 15px; color: inherit; margin-bottom: 15px;'>El m\u00f3dulo I300(A) se utiliza para aislar cortocircuitos entre grupos de dispositivos en un lazo&comma; permitiendo que las dem\u00e1s secciones contin\u00faen operando normalmente. Soporta un m\u00e1ximo de 25 dispositivos entre aisladores&comma; excepto cuando se utilizan bases de rel\u00e9.<\/p>\n<\/p><\/div>\n<p> <!-- Secci\u00f3n de caracter\u00edsticas principales --> <\/p>\n<div style='margin-bottom: 30px;'>\n<h2 style='font-size: 24px; border-bottom: 2px solid currentColor; padding-bottom: 8px; margin-top: 0; color: inherit; opacity: 0.9;'>Caracter\u00edsticas Principales<\/h2>\n<ul style='padding-left: 20px; font-size: 15px; color: inherit; list-style-type: disc;'>\n<li style='margin-bottom: 5px;'><strong>Listado UL&comma; ULC&comma; MEA&comma; FM y CSFM<\/strong><\/li>\n<li style='margin-bottom: 5px;'>Funci\u00f3n sin energ\u00eda externa&comma; alimentado directamente por el lazo SLC<\/li>\n<li style='margin-bottom: 5px;'><strong>A\u00edsla los dispositivos permitiendo su funcionamiento normal en caso de cortocircuito<\/strong><\/li>\n<li style='margin-bottom: 5px;'>Consumo bajo de energ\u00eda: 0.45 mA<\/li>\n<li style='margin-bottom: 5px;'><strong>Se monta en cajas el\u00e9ctricas est\u00e1ndar de 4.0&#8242; x 2.125&#8242;<\/strong><\/li>\n<li style='margin-bottom: 5px;'>Dimensiones compactas: 114 x 114 x 6 mm<\/li>\n<li style='margin-bottom: 5px;'><strong>LED indicador: parpadea en condici\u00f3n normal y se mantiene encendido en caso de detectar cortocircuito<\/strong><\/li>\n<li style='margin-bottom: 5px;'>Alta inmunidad al ruido (EMF\/RFI)<\/li>\n<\/ul><\/div>\n<p> <!-- Secci\u00f3n de especificaciones t\u00e9cnicas --> <\/p>\n<div style='margin-bottom: 30px;'>\n<h2 style='font-size: 24px; border-bottom: 2px solid currentColor; padding-bottom: 8px; margin-top: 0; color: inherit; opacity: 0.9;'>Especificaciones T\u00e9cnicas<\/h2>\n<div style='display: flex; flex-wrap: wrap; gap: 20px;'>\n<div style='flex: 1 1 250px; border: 1px solid rgba(150&comma; 150&comma; 150&comma; 0.4); border-radius: 8px; overflow: hidden; display: flex; flex-direction: column;'>\n<div style='padding: 15px; border-bottom: 1px solid rgba(150&comma; 150&comma; 150&comma; 0.2); font-weight: bold; font-size: 18px; color: inherit;'>Alimentaci\u00f3n<\/div>\n<div style='padding: 15px; color: inherit;'>\n<ul style='padding-left: 20px; margin: 0; font-size: 14px; list-style-type: disc;'>\n<li style='margin-bottom: 5px;'><strong>Voltaje operativo:<\/strong> 15 \u2013 32 VDC (pico)<\/li>\n<li style='margin-bottom: 5px;'><strong>Alimentaci\u00f3n:<\/strong> 24 Vcc<\/li>\n<li style='margin-bottom: 5px;'><strong>Corriente en espera:<\/strong> 450 \u03bcA m\u00e1ximo<\/li>\n<\/ul><\/div>\n<\/p><\/div>\n<div style='flex: 1 1 250px; border: 1px solid rgba(150&comma; 150&comma; 150&comma; 0.4); border-radius: 8px; overflow: hidden; display: flex; flex-direction: column;'>\n<div style='padding: 15px; border-bottom: 1px solid rgba(150&comma; 150&comma; 150&comma; 0.2); font-weight: bold; font-size: 18px; color: inherit;'>Caracter\u00edsticas F\u00edsicas<\/div>\n<div style='padding: 15px; color: inherit;'>\n<ul style='padding-left: 20px; margin: 0; font-size: 14px; list-style-type: disc;'>\n<li style='margin-bottom: 5px;'><strong>Dimensiones:<\/strong> 114 x 114 x 6 mm (4.5&#8217;H x 4.5&#8217;W x 0.25&#8217;D)<\/li>\n<li style='margin-bottom: 5px;'><strong>Peso:<\/strong> 5 oz. (150 gramos)<\/li>\n<li style='margin-bottom: 5px;'><strong>Temperatura de operaci\u00f3n:<\/strong> 32\u00b0F a 120\u00b0F (0\u00b0C a 49\u00b0C)<\/li>\n<li style='margin-bottom: 5px;'><strong>Humedad relativa:<\/strong> 10% a 93%<\/li>\n<\/ul><\/div>\n<\/p><\/div>\n<div style='flex: 1 1 250px; border: 1px solid rgba(150&comma; 150&comma; 150&comma; 0.4); border-radius: 8px; overflow: hidden; display: flex; flex-direction: column;'>\n<div style='padding: 15px; border-bottom: 1px solid rgba(150&comma; 150&comma; 150&comma; 0.2); font-weight: bold; font-size: 18px; color: inherit;'>Certificaciones<\/div>\n<div style='padding: 15px; color: inherit;'>\n<ul style='padding-left: 20px; margin: 0; font-size: 14px; list-style-type: disc;'>\n<li style='margin-bottom: 5px;'><strong>UL Listed:<\/strong> S2424 (I300 solamente)<\/li>\n<li style='margin-bottom: 5px;'><strong>ULC Listed:<\/strong> S2424 (I300A solamente)<\/li>\n<li style='margin-bottom: 5px;'><strong>CSFM:<\/strong> 7300-0075:0159<\/li>\n<li style='margin-bottom: 5px;'><strong>MEA:<\/strong> 3-94-E<\/li>\n<li style='margin-bottom: 5px;'><strong>FM Approved:<\/strong><\/li>\n<\/ul><\/div>\n<\/p><\/div>\n<\/p><\/div>\n<\/p><\/div>\n<p> <!-- Secci\u00f3n de aplicaciones --> <\/p>\n<div style='margin-bottom: 30px;'>\n<h2 style='font-size: 24px; border-bottom: 2px solid currentColor; padding-bottom: 8px; margin-top: 0; color: inherit; opacity: 0.9;'>Aplicaciones<\/h2>\n<p style='font-size: 15px; color: inherit; margin-bottom: 15px;'>El m\u00f3dulo aislador I300(A) debe colocarse entre grupos de dispositivos en un lazo para proteger el resto del sistema. Se utiliza para aislar problemas de cortocircuito dentro de una secci\u00f3n del lazo permitiendo que las dem\u00e1s secciones contin\u00faen operando normalmente.<\/p>\n<p style='font-size: 15px; color: inherit; margin-bottom: 15px;'>En lazos estilo 4&comma; el I300(A) generalmente se utiliza en cada derivaci\u00f3n en T&comma; limitando el efecto de cortocircuitos en una rama a los dispositivos en esa rama espec\u00edfica.<\/p>\n<p style='font-size: 15px; color: inherit; margin-bottom: 15px;'><strong>Capacidad:<\/strong> Soporta un m\u00e1ximo de 25 dispositivos entre aisladores&comma; excepto cuando se utilizan bases de rel\u00e9 B224RB que representan 2.5 dispositivos cada una.<\/p>\n<\/p><\/div>\n<p> <!-- Secci\u00f3n de operaci\u00f3n --> <\/p>\n<div style='margin-bottom: 30px;'>\n<h2 style='font-size: 24px; border-bottom: 2px solid currentColor; padding-bottom: 8px; margin-top: 0; color: inherit; opacity: 0.9;'>Operaci\u00f3n<\/h2>\n<p style='font-size: 15px; color: inherit; margin-bottom: 15px;'>El m\u00f3dulo aislador I300(A) abre autom\u00e1ticamente el circuito cuando el voltaje de l\u00ednea cae por debajo de 4 voltios. Cuando ocurre un cortocircuito entre dos aisladores&comma; ambos inmediatamente cambian a un estado de circuito abierto y a\u00edslan los grupos de sensores entre ellos.<\/p>\n<p style='font-size: 15px; color: inherit; margin-bottom: 15px;'>El indicador LED permanece encendido continuamente durante una condici\u00f3n de cortocircuito. El m\u00f3dulo aislador I300(A) restaura autom\u00e1ticamente la porci\u00f3n cortocircuitada del lazo de comunicaci\u00f3n a condiciones normales.<\/p>\n<\/p><\/div>\n<p> <!-- Secci\u00f3n de instalaci\u00f3n --> <\/p>\n<div style='margin-bottom: 30px;'>\n<h2 style='font-size: 24px; border-bottom: 2px solid currentColor; padding-bottom: 8px; margin-top: 0; color: inherit; opacity: 0.9;'>Instalaci\u00f3n<\/h2>\n<ul style='padding-left: 20px; font-size: 15px; color: inherit; list-style-type: disc;'>\n<li style='margin-bottom: 5px;'>Se monta en cajas el\u00e9ctricas est\u00e1ndar de 4.0&#8242; (10.16 cm) cuadradas y al menos 2.125&#8242; (5.398 cm) de profundidad<\/li>\n<li style='margin-bottom: 5px;'>Tambi\u00e9n puede montarse en cajas de superficie (SMB500&comma; opcional)<\/li>\n<li style='margin-bottom: 5px;'>Incluye tornillos terminales para conexiones de &#8216;entrada y salida&#8217;<\/li>\n<li style='margin-bottom: 5px;'>Las instrucciones de instalaci\u00f3n vienen con cada m\u00f3dulo<\/li>\n<\/ul><\/div>\n<p> <!-- Separador final --> <\/p>\n<hr style='border: 0; border-top: 1px solid rgba(150&comma; 150&comma; 150&comma; 0.3); margin: 30px 0;'> <\/div>\n","protected":false},"excerpt":{"rendered":"<p>M\u00f3dulo Aislador De Fallas &#8211; Corto Circuito Para Lazo SLC<\/p>\n","protected":false},"featured_media":34623,"comment_status":"open","ping_status":"closed","template":"","meta":[],"product_brand":[],"product_cat":[448],"product_tag":[449,541,225],"class_list":{"0":"post-34624","1":"product","2":"type-product","3":"status-publish","4":"has-post-thumbnail","6":"product_cat-todo-accesorios-y-dispositivos-direccionables","7":"product_tag-accesorios-y-dispositivos-direccionables","8":"product_tag-fire-lite","9":"product_tag-todo","11":"first","12":"instock","13":"sale","14":"shipping-taxable","15":"purchasable","16":"product-type-simple"},"_links":{"self":[{"href":"https:\/\/soydeaqui.ddns.net\/pachuca\/index.php\/wp-json\/wp\/v2\/product\/34624","targetHints":{"allow":["GET"]}}],"collection":[{"href":"https:\/\/soydeaqui.ddns.net\/pachuca\/index.php\/wp-json\/wp\/v2\/product"}],"about":[{"href":"https:\/\/soydeaqui.ddns.net\/pachuca\/index.php\/wp-json\/wp\/v2\/types\/product"}],"replies":[{"embeddable":true,"href":"https:\/\/soydeaqui.ddns.net\/pachuca\/index.php\/wp-json\/wp\/v2\/comments?post=34624"}],"wp:featuredmedia":[{"embeddable":true,"href":"https:\/\/soydeaqui.ddns.net\/pachuca\/index.php\/wp-json\/wp\/v2\/media\/34623"}],"wp:attachment":[{"href":"https:\/\/soydeaqui.ddns.net\/pachuca\/index.php\/wp-json\/wp\/v2\/media?parent=34624"}],"wp:term":[{"taxonomy":"product_brand","embeddable":true,"href":"https:\/\/soydeaqui.ddns.net\/pachuca\/index.php\/wp-json\/wp\/v2\/product_brand?post=34624"},{"taxonomy":"product_cat","embeddable":true,"href":"https:\/\/soydeaqui.ddns.net\/pachuca\/index.php\/wp-json\/wp\/v2\/product_cat?post=34624"},{"taxonomy":"product_tag","embeddable":true,"href":"https:\/\/soydeaqui.ddns.net\/pachuca\/index.php\/wp-json\/wp\/v2\/product_tag?post=34624"}],"curies":[{"name":"wp","href":"https:\/\/api.w.org\/{rel}","templated":true}]}}