{"id":34620,"date":"2026-03-18T15:25:38","date_gmt":"2026-03-18T15:25:38","guid":{"rendered":"https:\/\/soydeaqui.ddns.net\/pachuca\/index.php\/producto\/gabinete-para-montaje-de-estacion-de-jalon-compatible-con-serie-inteligente-silent-knight\/"},"modified":"2026-03-18T15:25:38","modified_gmt":"2026-03-18T15:25:38","slug":"gabinete-para-montaje-de-estacion-de-jalon-compatible-con-serie-inteligente-silent-knight","status":"publish","type":"product","link":"https:\/\/soydeaqui.ddns.net\/pachuca\/index.php\/producto\/gabinete-para-montaje-de-estacion-de-jalon-compatible-con-serie-inteligente-silent-knight\/","title":{"rendered":"Gabinete Para Montaje de Estaci\u00f3n de Jal\u00f3n, Compatible con Serie Inteligente Silent Knight"},"content":{"rendered":"<div style='width: 100%; max-width: 1200px; margin: 0 auto; font-family: sans-serif; line-height: 1.6; color: inherit; background-color: transparent;'> <!-- Secci\u00f3n de descripci\u00f3n general --> <\/p>\n<div style='margin-bottom: 30px;'>\n<h2 style='font-size: 24px; border-bottom: 2px solid currentColor; padding-bottom: 5px; margin-top: 0; color: inherit; opacity: 0.85;'>Descripci\u00f3n General<\/h2>\n<ul style='padding-left: 20px; font-size: 15px; color: inherit;'>\n<li>Gabinete para montaje de estaci\u00f3n de jal\u00f3n<\/li>\n<li>Construcci\u00f3n en metal fundido (die cast metal)<\/li>\n<li>Acabado en rojo brillante con letras blancas elevadas<\/li>\n<li>Dise\u00f1ado para cumplir con los requisitos de la Ley de Estadounidenses con Discapacidades (ADA)<\/li>\n<li>Compatible con Serie Inteligente Silent Knight<\/li>\n<\/ul><\/div>\n<p> <!-- Secci\u00f3n de especificaciones t\u00e9cnicas --> <\/p>\n<div style='display: flex; flex-wrap: wrap; gap: 20px; margin-bottom: 30px;'>\n<div style='flex: 1 1 250px; border: 1px solid rgba(150&comma; 150&comma; 150&comma; 0.4); border-radius: 8px; overflow: hidden; display: flex; flex-direction: column;'>\n<div style='padding: 15px; border-bottom: 1px solid rgba(150&comma; 150&comma; 150&comma; 0.2); font-weight: bold; font-size: 18px; color: inherit;'>Especificaciones T\u00e9cnicas<\/div>\n<div style='padding: 15px; color: inherit;'>\n<ul style='padding-left: 20px; margin: 0; font-size: 14px; list-style-type: disc;'>\n<li style='margin-bottom: 5px;'><strong>Dimensiones:<\/strong> 120 x 82 x 57 mm<\/li>\n<li style='margin-bottom: 5px;'><strong>Dimensiones (pulgadas):<\/strong> 4-3\/4&#8242; H x 3-1\/4&#8242; W x 1-1\/8&#8242; D<\/li>\n<li style='margin-bottom: 5px;'><strong>Material:<\/strong> Metal fundido (die cast metal)<\/li>\n<li style='margin-bottom: 5px;'><strong>Acabado:<\/strong> Rojo brillante con letras blancas elevadas<\/li>\n<li style='margin-bottom: 5px;'><strong>Clasificaciones:<\/strong> UL-Listed&comma; CSFM Aprobado&comma; MEA(BSA) Aprobado<\/li>\n<li style='margin-bottom: 5px;'><strong>Tipo:<\/strong> Gabinete para estaci\u00f3n de jal\u00f3n<\/li>\n<li style='margin-bottom: 5px;'><strong>Montaje:<\/strong> Montaje en superficie<\/li>\n<\/ul><\/div>\n<\/p><\/div>\n<p> <!-- Secci\u00f3n de caracter\u00edsticas --> <\/p>\n<div style='flex: 1 1 250px; border: 1px solid rgba(150&comma; 150&comma; 150&comma; 0.4); border-radius: 8px; overflow: hidden; display: flex; flex-direction: column;'>\n<div style='padding: 15px; border-bottom: 1px solid rgba(150&comma; 150&comma; 150&comma; 0.2); font-weight: bold; font-size: 18px; color: inherit;'>Caracter\u00edsticas<\/div>\n<div style='padding: 15px; color: inherit;'>\n<ul style='padding-left: 20px; margin: 0; font-size: 14px; list-style-type: disc;'>\n<li style='margin-bottom: 5px;'>Construcci\u00f3n duradera en metal fundido<\/li>\n<li style='margin-bottom: 5px;'>Dise\u00f1o de acci\u00f3n simple y doble acci\u00f3n<\/li>\n<li style='margin-bottom: 5px;'>Contactos dorados resistentes a la corrosi\u00f3n<\/li>\n<li style='margin-bottom: 5px;'>Contiene la palabra &#8216;FIRE&#8217; en dos ubicaciones visibles<\/li>\n<li style='margin-bottom: 5px;'>Incluye logotipo de Silent Knight en la parte frontal<\/li>\n<li style='margin-bottom: 5px;'>Instrucciones de operaci\u00f3n visibles en la parte frontal<\/li>\n<li style='margin-bottom: 5px;'>Compatibilidad con los mismos cables y conexiones de los gabinetes Silent Knight<\/li>\n<\/ul><\/div>\n<\/p><\/div>\n<p> <!-- Secci\u00f3n de operaci\u00f3n --> <\/p>\n<div style='flex: 1 1 250px; border: 1px solid rgba(150&comma; 150&comma; 150&comma; 0.4); border-radius: 8px; overflow: hidden; display: flex; flex-direction: column;'>\n<div style='padding: 15px; border-bottom: 1px solid rgba(150&comma; 150&comma; 150&comma; 0.2); font-weight: bold; font-size: 18px; color: inherit;'>Operaci\u00f3n<\/div>\n<div style='padding: 15px; color: inherit;'>\n<ul style='padding-left: 20px; margin: 0; font-size: 14px; list-style-type: disc;'>\n<li style='margin-bottom: 5px;'>Modelos de acci\u00f3n simple: se activan jalando la palanca hacia abajo<\/li>\n<li style='margin-bottom: 5px;'>Modelos de doble acci\u00f3n: se activan empujando la barra y jalando la palanca<\/li>\n<li style='margin-bottom: 5px;'>Palanca con indicador visible a 50 pies de distancia<\/li>\n<li style='margin-bottom: 5px;'>Incluye varilla de ruptura de pl\u00e1stico ranurado<\/li>\n<li style='margin-bottom: 5px;'>Reseteo mediante llave est\u00e1ndar de Silent Knight<\/li>\n<\/ul><\/div>\n<\/p><\/div>\n<\/p><\/div>\n<p> <!-- Secci\u00f3n de conexiones el\u00e9ctricas --> <\/p>\n<div style='display: flex; flex-wrap: wrap; gap: 20px; margin-bottom: 30px;'>\n<div style='flex: 1 1 250px; border: 1px solid rgba(150&comma; 150&comma; 150&comma; 0.4); border-radius: 8px; overflow: hidden; display: flex; flex-direction: column;'>\n<div style='padding: 15px; border-bottom: 1px solid rgba(150&comma; 150&comma; 150&comma; 0.2); font-weight: bold; font-size: 18px; color: inherit;'>Conexiones El\u00e9ctricas<\/div>\n<div style='padding: 15px; color: inherit;'>\n<ul style='padding-left: 20px; margin: 0; font-size: 14px; list-style-type: disc;'>\n<li style='margin-bottom: 5px;'><strong>Conexiones:<\/strong> Terminales para conexi\u00f3n a bucles convencionales de detecci\u00f3n de incendios<\/li>\n<li style='margin-bottom: 5px;'><strong>Calificaci\u00f3n del interruptor:<\/strong> 1 ampere a 125 VAC o 30 VDC<\/li>\n<li style='margin-bottom: 5px;'><strong>Contacto normalmente abierto:<\/strong> Se cierra al activar la estaci\u00f3n<\/li>\n<\/ul><\/div>\n<\/p><\/div>\n<p> <!-- Secci\u00f3n de opciones y accesorios --> <\/p>\n<div style='flex: 1 1 250px; border: 1px solid rgba(150&comma; 150&comma; 150&comma; 0.4); border-radius: 8px; overflow: hidden; display: flex; flex-direction: column;'>\n<div style='padding: 15px; border-bottom: 1px solid rgba(150&comma; 150&comma; 150&comma; 0.2); font-weight: bold; font-size: 18px; color: inherit;'>Opciones y Accesorios<\/div>\n<div style='padding: 15px; color: inherit;'>\n<ul style='padding-left: 20px; margin: 0; font-size: 14px; list-style-type: disc;'>\n<li style='margin-bottom: 5px;'>Modelo a prueba de clima (weatherproof) con gasket y backbox de metal fundido<\/li>\n<li style='margin-bottom: 5px;'>Backbox para montaje en superficie<\/li>\n<li style='margin-bottom: 5px;'>Caja de 12 varillas de ruptura de pl\u00e1stico ranurado (PS-GR-12)<\/li>\n<li style='margin-bottom: 5px;'>Llave de reinicio est\u00e1ndar (incluida)<\/li>\n<\/ul><\/div>\n<\/p><\/div>\n<\/p><\/div>\n<p> <!-- Separador --> <\/p>\n<hr style='border: 0; border-top: 1px solid rgba(150&comma; 150&comma; 150&comma; 0.3); margin: 30px 0;'> <!-- Secci\u00f3n de aplicaciones --> <\/p>\n<div style='margin-bottom: 30px;'>\n<h2 style='font-size: 24px; border-bottom: 2px solid currentColor; padding-bottom: 5px; margin-top: 0; color: inherit; opacity: 0.85;'>Aplicaciones<\/h2>\n<ul style='padding-left: 20px; font-size: 15px; color: inherit;'>\n<li>Para uso en interiores y exteriores (modelos a prueba de clima)<\/li>\n<li>Compatible con sistemas convencionales de detecci\u00f3n de incendios<\/li>\n<li>Ideal para edificios comerciales&comma; industriales y residenciales<\/li>\n<li>Dise\u00f1ado para instalaci\u00f3n en paredes o superficies planas<\/li>\n<\/ul><\/div>\n<p> <!-- Secci\u00f3n de informaci\u00f3n de pedido --> <\/p>\n<div style='margin-bottom: 30px;'>\n<h2 style='font-size: 24px; border-bottom: 2px solid currentColor; padding-bottom: 5px; margin-top: 0; color: inherit; opacity: 0.85;'>Informaci\u00f3n de Pedido<\/h2>\n<ul style='padding-left: 20px; font-size: 15px; color: inherit;'>\n<li style='margin-bottom: 5px;'><strong>PS-SATK:<\/strong> Estaci\u00f3n de Jal\u00f3n&comma; Acci\u00f3n Simple&comma; Conexi\u00f3n Terminal&comma; Reinicio con Llave<\/li>\n<li style='margin-bottom: 5px;'><strong>PS-DATK:<\/strong> Estaci\u00f3n de Jal\u00f3n&comma; Acci\u00f3n Doble&comma; Conexi\u00f3n Terminal&comma; Reinicio con Llave<\/li>\n<li style='margin-bottom: 5px;'><strong>PS-SATK-WP:<\/strong> Estaci\u00f3n de Jal\u00f3n&comma; Acci\u00f3n Simple&comma; Conexi\u00f3n Terminal&comma; Reinicio con Llave&comma; Caja a Prueba de Clima<\/li>\n<li style='margin-bottom: 5px;'><strong>PS-WPB:<\/strong> Caja a Prueba de Clima<\/li>\n<li style='margin-bottom: 5px;'><strong>PS-BB:<\/strong> Caja de Montaje<\/li>\n<li style='margin-bottom: 5px;'><strong>PS-GR-12:<\/strong> Caja de 12 Varillas de Ruptura de Pl\u00e1stico Ranurado<\/li>\n<\/ul><\/div>\n<p> <!-- Secci\u00f3n de informaci\u00f3n de contacto --> <\/p>\n<div style='margin-bottom: 30px;'>\n<h2 style='font-size: 24px; border-bottom: 2px solid currentColor; padding-bottom: 5px; margin-top: 0; color: inherit; opacity: 0.85;'>Informaci\u00f3n de Contacto<\/h2>\n<p style='font-size: 15px; color: inherit; margin-bottom: 10px;'>Para m\u00e1s informaci\u00f3n&comma; o para obtener informaci\u00f3n adicional sobre nuestra l\u00ednea completa de productos contra incendios&comma; llame a Silent Knight al 1-800-446-6444&comma; o en Minnesota llame al (763) 493-6435.<\/p>\n<p style='font-size: 15px; color: inherit; margin-bottom: 10px;'>Direcci\u00f3n: 7550 Meridian Circle Suite 100&comma; Maple Grove&comma; MN 55369-4927<\/p>\n<p style='font-size: 15px; color: inherit; margin-bottom: 10px;'>Sitio Web: www.silentknight.com<\/p>\n<\/p><\/div>\n<\/p><\/div>\n","protected":false},"excerpt":{"rendered":"<p>Gabinete Para Montaje de Estaci\u00f3n de Jal\u00f3n, Compatible con Serie Inteligente Silent Knight<\/p>\n","protected":false},"featured_media":34619,"comment_status":"open","ping_status":"closed","template":"","meta":[],"product_brand":[],"product_cat":[521],"product_tag":[522,519,523],"class_list":{"0":"post-34620","1":"product","2":"type-product","3":"status-publish","4":"has-post-thumbnail","6":"product_cat-estaciones-manuales-de-emergencia-dispositivos-convencionales","7":"product_tag-dispositivos-convencionales","8":"product_tag-estaciones-manuales-de-emergencia","9":"product_tag-silent-knight-by-honeywell","11":"first","12":"outofstock","13":"sale","14":"shipping-taxable","15":"purchasable","16":"product-type-simple"},"_links":{"self":[{"href":"https:\/\/soydeaqui.ddns.net\/pachuca\/index.php\/wp-json\/wp\/v2\/product\/34620","targetHints":{"allow":["GET"]}}],"collection":[{"href":"https:\/\/soydeaqui.ddns.net\/pachuca\/index.php\/wp-json\/wp\/v2\/product"}],"about":[{"href":"https:\/\/soydeaqui.ddns.net\/pachuca\/index.php\/wp-json\/wp\/v2\/types\/product"}],"replies":[{"embeddable":true,"href":"https:\/\/soydeaqui.ddns.net\/pachuca\/index.php\/wp-json\/wp\/v2\/comments?post=34620"}],"wp:featuredmedia":[{"embeddable":true,"href":"https:\/\/soydeaqui.ddns.net\/pachuca\/index.php\/wp-json\/wp\/v2\/media\/34619"}],"wp:attachment":[{"href":"https:\/\/soydeaqui.ddns.net\/pachuca\/index.php\/wp-json\/wp\/v2\/media?parent=34620"}],"wp:term":[{"taxonomy":"product_brand","embeddable":true,"href":"https:\/\/soydeaqui.ddns.net\/pachuca\/index.php\/wp-json\/wp\/v2\/product_brand?post=34620"},{"taxonomy":"product_cat","embeddable":true,"href":"https:\/\/soydeaqui.ddns.net\/pachuca\/index.php\/wp-json\/wp\/v2\/product_cat?post=34620"},{"taxonomy":"product_tag","embeddable":true,"href":"https:\/\/soydeaqui.ddns.net\/pachuca\/index.php\/wp-json\/wp\/v2\/product_tag?post=34620"}],"curies":[{"name":"wp","href":"https:\/\/api.w.org\/{rel}","templated":true}]}}