{"id":34615,"date":"2026-03-18T15:25:31","date_gmt":"2026-03-18T15:25:31","guid":{"rendered":"https:\/\/soydeaqui.ddns.net\/pachuca\/index.php\/producto\/detector-de-gas-combustible-metano-y-propano-uso-residencial\/"},"modified":"2026-03-18T15:25:36","modified_gmt":"2026-03-18T15:25:36","slug":"detector-de-gas-combustible-metano-y-propano-uso-residencial","status":"publish","type":"product","link":"https:\/\/soydeaqui.ddns.net\/pachuca\/index.php\/producto\/detector-de-gas-combustible-metano-y-propano-uso-residencial\/","title":{"rendered":"Detector de Gas Combustible \/ Metano y Propano \/ Uso Residencial"},"content":{"rendered":"<div style='width: 100%; max-width: 1200px; margin: 0 auto; font-family: sans-serif; line-height: 1.6; color: inherit; background-color: transparent;'>\n<div style='display: flex; flex-wrap: wrap; gap: 30px; margin-bottom: 30px;'>\n<div style='flex: 1 1 300px; min-width: 280px;'>\n<h3 style='font-size: 22px; border-bottom: 2px solid currentColor; padding-bottom: 5px; margin-top: 0; color: inherit; opacity: 0.8;'>Descripci\u00f3n<\/h3>\n<p style='font-size: 15px; color: inherit; margin: 15px 0;'>El GD-2A es un detector electr\u00f3nico de gases combustibles&comma; est\u00e1 dise\u00f1ado para instalarse en aplicaciones residenciales y comerciales. Este detector de gas combustible ha sido evaluado por los est\u00e1ndares UL para la detecci\u00f3n de Gas Natural y gas LP.<\/p>\n<h3 style='font-size: 22px; border-bottom: 2px solid currentColor; padding-bottom: 5px; margin-top: 30px; color: inherit; opacity: 0.8;'>Notas de Instalaci\u00f3n<\/h3>\n<ul style='padding-left: 20px; font-size: 15px; color: inherit; margin: 15px 0;'>\n<li style='margin-bottom: 5px;'><strong>Nota:<\/strong> No instalar en cocinas y\/o ba\u00f1os<\/li>\n<li style='margin-bottom: 5px;'><strong>El Alcohol&comma; Amonio&comma; solventes de limpieza&comma; pintura&comma; thinner&comma; vapores de gasolina<\/strong><\/li>\n<li style='margin-bottom: 5px;'><strong>aerosol&comma; y propelentes (Como los spray para fijaci\u00f3n de cabello&comma; usualmente contienen<\/strong><\/li>\n<li style='margin-bottom: 5px;'><strong>gas combustible) Los cuales pueden causar alarmas.<\/strong><\/li>\n<\/ul><\/div>\n<div style='flex: 1 1 300px; min-width: 280px;'>\n<h3 style='font-size: 22px; border-bottom: 2px solid currentColor; padding-bottom: 5px; margin-top: 0; color: inherit; opacity: 0.8;'>Caracter\u00edsticas T\u00e9cnicas<\/h3>\n<ul style='padding-left: 20px; font-size: 15px; color: inherit; margin: 15px 0;'>\n<li style='margin-bottom: 5px;'><strong>Sensor:<\/strong> Supervisado<\/li>\n<li style='margin-bottom: 5px;'><strong>Instalaci\u00f3n:<\/strong> Simple y operaci\u00f3n intuitiva<\/li>\n<li style='margin-bottom: 5px;'><strong>Tipo de sensor:<\/strong> Electr\u00f3nicos de estado s\u00f3lido (sin mantenimiento o calibraci\u00f3n)<\/li>\n<li style='margin-bottom: 5px;'><strong>Sensibilidad:<\/strong> Seg\u00fan est\u00e1ndares UL 1484 para detectores de Gas Residencial<\/li>\n<li style='margin-bottom: 5px;'><strong>Certificaci\u00f3n:<\/strong> UL 2075 (Seguridad para detectores de gas)<\/li>\n<li style='margin-bottom: 5px;'><strong>Relevador de alarma:<\/strong> 0.125 A&comma; 40 V&comma; 3 VA<\/li>\n<li style='margin-bottom: 5px;'><strong>Relevador de aver\u00eda:<\/strong> 0.250 A&comma; 40 V&comma; 10 VA<\/li>\n<li style='margin-bottom: 5px;'><strong>Rango de temperatura:<\/strong> 0\u00b0 a 50\u00b0 C<\/li>\n<li style='margin-bottom: 5px;'><strong>Punto de ajuste de alarma:<\/strong> 25% LEL (seg\u00fan UL 1484)<\/li>\n<li style='margin-bottom: 5px;'><strong>Alimentaci\u00f3n:<\/strong> 12 a 24 Vca o Vcc<\/li>\n<li style='margin-bottom: 5px;'><strong>Corriente (sin alarma):<\/strong> 45 mA @ 12 VDC&comma; 22 mA @ 24 VDC&comma; 65 mA @ 12 VAC&comma; 45 mA @ 24 VAC<\/li>\n<li style='margin-bottom: 5px;'><strong>Corriente (en alarma):<\/strong> 70 mA @ 12 VDC&comma; 35 mA @ 24 VDC&comma; 100 mA @ 12 VAC&comma; 65 mA @ 24 VAC<\/li>\n<li style='margin-bottom: 5px;'><strong>Dimensiones:<\/strong> 114 x 127 x 41 mm<\/li>\n<\/ul><\/div>\n<\/p><\/div>\n<div style='display: flex; justify-content: center; margin: 30px 0;'> <img style='width: 100%; max-width: 800px; height: auto; border: 1px solid rgba(150&comma;150&comma;150&comma;0.3); border-radius: 8px;' src='https:\/\/ftp3.syscom.mx\/usuarios\/fotos\/CME1\/200654-deteccion_de_gas_(1).jpg' alt=''> <\/div>\n<hr style='border: 0; border-top: 1px solid rgba(150&comma; 150&comma; 150&comma; 0.3); margin: 30px 0;'> <\/div>\n","protected":false},"excerpt":{"rendered":"<p>Detector de Gas Combustible \/ Metano y Propano \/ Uso Residencial<\/p>\n","protected":false},"featured_media":34614,"comment_status":"open","ping_status":"closed","template":"","meta":[],"product_brand":[],"product_cat":[987],"product_tag":[988,522,989],"class_list":{"0":"post-34615","1":"product","2":"type-product","3":"status-publish","4":"has-post-thumbnail","6":"product_cat-detectores-de-gases","7":"product_tag-detectores-de-gases","8":"product_tag-dispositivos-convencionales","9":"product_tag-macurco-aerionics","11":"first","12":"outofstock","13":"sale","14":"shipping-taxable","15":"purchasable","16":"product-type-simple"},"_links":{"self":[{"href":"https:\/\/soydeaqui.ddns.net\/pachuca\/index.php\/wp-json\/wp\/v2\/product\/34615","targetHints":{"allow":["GET"]}}],"collection":[{"href":"https:\/\/soydeaqui.ddns.net\/pachuca\/index.php\/wp-json\/wp\/v2\/product"}],"about":[{"href":"https:\/\/soydeaqui.ddns.net\/pachuca\/index.php\/wp-json\/wp\/v2\/types\/product"}],"replies":[{"embeddable":true,"href":"https:\/\/soydeaqui.ddns.net\/pachuca\/index.php\/wp-json\/wp\/v2\/comments?post=34615"}],"wp:featuredmedia":[{"embeddable":true,"href":"https:\/\/soydeaqui.ddns.net\/pachuca\/index.php\/wp-json\/wp\/v2\/media\/34614"}],"wp:attachment":[{"href":"https:\/\/soydeaqui.ddns.net\/pachuca\/index.php\/wp-json\/wp\/v2\/media?parent=34615"}],"wp:term":[{"taxonomy":"product_brand","embeddable":true,"href":"https:\/\/soydeaqui.ddns.net\/pachuca\/index.php\/wp-json\/wp\/v2\/product_brand?post=34615"},{"taxonomy":"product_cat","embeddable":true,"href":"https:\/\/soydeaqui.ddns.net\/pachuca\/index.php\/wp-json\/wp\/v2\/product_cat?post=34615"},{"taxonomy":"product_tag","embeddable":true,"href":"https:\/\/soydeaqui.ddns.net\/pachuca\/index.php\/wp-json\/wp\/v2\/product_tag?post=34615"}],"curies":[{"name":"wp","href":"https:\/\/api.w.org\/{rel}","templated":true}]}}