{"id":34603,"date":"2026-03-18T15:25:13","date_gmt":"2026-03-18T15:25:13","guid":{"rendered":"https:\/\/soydeaqui.ddns.net\/pachuca\/index.php\/producto\/base-de-6-color-hueso-para-sensores-analogos-direccionales-hochiki-0300-04010-it\/"},"modified":"2026-03-18T15:25:13","modified_gmt":"2026-03-18T15:25:13","slug":"base-de-6-color-hueso-para-sensores-analogos-direccionales-hochiki-0300-04010-it","status":"publish","type":"product","link":"https:\/\/soydeaqui.ddns.net\/pachuca\/index.php\/producto\/base-de-6-color-hueso-para-sensores-analogos-direccionales-hochiki-0300-04010-it\/","title":{"rendered":"Base De 6&#8243; Color Hueso Para Sensores An\u00e1logos Direccionales Hochiki (0300-04010 IT)"},"content":{"rendered":"<div style='width: 100%; max-width: 1200px; margin: 0 auto; font-family: sans-serif; line-height: 1.6; color: inherit; background-color: transparent;'>\n<div style='display: flex; flex-wrap: wrap; gap: 30px; margin-bottom: 30px;'>\n<div style='flex: 1 1 300px; min-width: 280px;'>\n<h3 style='font-size: 22px; border-bottom: 2px solid currentColor; padding-bottom: 5px; margin-top: 0; color: inherit; opacity: 0.8;'>Descripci\u00f3n General<\/h3>\n<p style='text-align: justify; font-size: 15px; color: inherit;'>Las bases de montaje Hochiki America <strong>YBN-NSA-4<\/strong> y <strong>HSB-NSA-6<\/strong> no contienen componentes electr\u00f3nicos y contienen un dise\u00f1o simple y resistente con terminales de tornillo para conexiones de cableado. Una base de montaje com\u00fan permite el intercambio de sensores y mantiene la continuidad del circuito cuando se retiran los sensores. Se proporciona un sencillo sistema de bloqueo del cabezal antimanipulaci\u00f3n que se activa quitando una peque\u00f1a pesta\u00f1a de pl\u00e1stico en la parte posterior del sensor. Una vez bloqueado&comma; el cabezal s\u00f3lo se puede retirar utilizando un destornillador de peque\u00f1o di\u00e1metro.<\/p>\n<p style='font-size: 15px; color: inherit;'>C\u00f3digo de producto: <strong>0300-04010<\/strong> IT<\/p>\n<\/p><\/div>\n<\/p><\/div>\n<div style='display: flex; flex-wrap: wrap; gap: 30px; margin-bottom: 30px;'>\n<div style='flex: 1 1 300px; min-width: 280px;'>\n<h3 style='font-size: 22px; border-bottom: 2px solid currentColor; padding-bottom: 5px; margin-top: 0; color: inherit; opacity: 0.8;'>Compatibilidad<\/h3>\n<p style='text-align: justify; font-size: 15px; color: inherit;'>Los <strong>YBN-NSA-4<\/strong> y <strong>HSB-NSA-6<\/strong> est\u00e1n dise\u00f1ados espec\u00edficamente para su uso con los modelos Hochiki NS Analog AIE-EA&comma; ALG-V&comma; ALK-V&comma; ALK-D&comma; ALN-V&comma; ATG-EA&comma; ATJ-EA y ACA-V.<\/p>\n<p style='text-align: justify; font-size: 15px; color: inherit;'>La base permitir\u00e1 el intercambio directo con el sensor de humo de tipo ionizaci\u00f3n AIE-EA de HOCHIKI America&comma; ALG-V&comma; el sensor fotoel\u00e9ctrico de humo ALK-V&comma; el sensor fotoel\u00e9ctrico de humo ALK-D para uso en conductos&comma; el sensor de calor ATG-EA y el ACA.-V Sensor multicriterio.<\/p>\n<\/p><\/div>\n<\/p><\/div>\n<div style='display: flex; flex-wrap: wrap; gap: 20px; margin-bottom: 30px;'>\n<div style='flex: 1 1 250px; border: 1px solid rgba(150&comma; 150&comma; 150&comma; 0.4); border-radius: 8px; overflow: hidden; display: flex; flex-direction: column;'>\n<div style='padding: 15px; border-bottom: 1px solid rgba(150&comma; 150&comma; 150&comma; 0.2); font-weight: bold; font-size: 18px; color: inherit;'>Caracter\u00edsticas Estandar<\/div>\n<div style='padding: 15px; color: inherit;'>\n<ul style='padding-left: 20px; margin: 0; font-size: 14px; list-style-type: disc;'>\n<li style='margin-bottom: 5px;'><strong>Listado UL y ULC<\/strong>.<\/li>\n<li style='margin-bottom: 5px;'><strong>Aprobadas FM<\/strong>.<\/li>\n<li style='margin-bottom: 5px;'>Dise\u00f1ado para usar con todos los sensores anal\u00f3gicos serie NS.<\/li>\n<li style='margin-bottom: 5px;'>Disponible en modelos de 4 y 6 pulgadas.<\/li>\n<li style='margin-bottom: 5px;'>Contiene una pesta\u00f1a de bloqueo de seguridad para protecci\u00f3n contra manipulaciones.<\/li>\n<li style='margin-bottom: 5px;'>Color hueso.<\/li>\n<\/ul><\/div>\n<\/p><\/div>\n<\/p><\/div>\n<hr style='border: 0; border-top: 1px solid rgba(150&comma; 150&comma; 150&comma; 0.3); margin: 30px 0;'> <\/div>\n","protected":false},"excerpt":{"rendered":"<p>Base De 6&#8243; Color Hueso Para Sensores An\u00e1logos Direccionales Hochiki (0300-04010 IT)<\/p>\n","protected":false},"featured_media":34602,"comment_status":"open","ping_status":"closed","template":"","meta":[],"product_brand":[],"product_cat":[448],"product_tag":[449,406,225],"class_list":{"0":"post-34603","1":"product","2":"type-product","3":"status-publish","4":"has-post-thumbnail","6":"product_cat-todo-accesorios-y-dispositivos-direccionables","7":"product_tag-accesorios-y-dispositivos-direccionables","8":"product_tag-hochiki","9":"product_tag-todo","11":"first","12":"outofstock","13":"sale","14":"shipping-taxable","15":"purchasable","16":"product-type-simple"},"_links":{"self":[{"href":"https:\/\/soydeaqui.ddns.net\/pachuca\/index.php\/wp-json\/wp\/v2\/product\/34603","targetHints":{"allow":["GET"]}}],"collection":[{"href":"https:\/\/soydeaqui.ddns.net\/pachuca\/index.php\/wp-json\/wp\/v2\/product"}],"about":[{"href":"https:\/\/soydeaqui.ddns.net\/pachuca\/index.php\/wp-json\/wp\/v2\/types\/product"}],"replies":[{"embeddable":true,"href":"https:\/\/soydeaqui.ddns.net\/pachuca\/index.php\/wp-json\/wp\/v2\/comments?post=34603"}],"wp:featuredmedia":[{"embeddable":true,"href":"https:\/\/soydeaqui.ddns.net\/pachuca\/index.php\/wp-json\/wp\/v2\/media\/34602"}],"wp:attachment":[{"href":"https:\/\/soydeaqui.ddns.net\/pachuca\/index.php\/wp-json\/wp\/v2\/media?parent=34603"}],"wp:term":[{"taxonomy":"product_brand","embeddable":true,"href":"https:\/\/soydeaqui.ddns.net\/pachuca\/index.php\/wp-json\/wp\/v2\/product_brand?post=34603"},{"taxonomy":"product_cat","embeddable":true,"href":"https:\/\/soydeaqui.ddns.net\/pachuca\/index.php\/wp-json\/wp\/v2\/product_cat?post=34603"},{"taxonomy":"product_tag","embeddable":true,"href":"https:\/\/soydeaqui.ddns.net\/pachuca\/index.php\/wp-json\/wp\/v2\/product_tag?post=34603"}],"curies":[{"name":"wp","href":"https:\/\/api.w.org\/{rel}","templated":true}]}}