{"id":34600,"date":"2026-03-18T15:25:09","date_gmt":"2026-03-18T15:25:09","guid":{"rendered":"https:\/\/soydeaqui.ddns.net\/pachuca\/index.php\/producto\/base-para-detector-convencional-con-relevador-6-4-hilos-24-vcd-0300-02030\/"},"modified":"2026-03-18T15:25:11","modified_gmt":"2026-03-18T15:25:11","slug":"base-para-detector-convencional-con-relevador-6-4-hilos-24-vcd-0300-02030","status":"publish","type":"product","link":"https:\/\/soydeaqui.ddns.net\/pachuca\/index.php\/producto\/base-para-detector-convencional-con-relevador-6-4-hilos-24-vcd-0300-02030\/","title":{"rendered":"Base Para Detector Convencional Con Relevador, 6 &#8220;, 4 Hilos, 24 Vcd (0300-02030)"},"content":{"rendered":"<div style='width: 100%; max-width: 1200px; margin: 0 auto; font-family: sans-serif; line-height: 1.6; color: inherit; background-color: transparent;'>\n<div style='margin-bottom: 30px;'>\n<p style='font-size: 15px; color: inherit;'> HSC-4R est\u00e1 dise\u00f1ado espec\u00edficamente para aplicaciones de alimentaci\u00f3n de corriente limitada de 24 voltios con 4 alambres en modelos convencionales Hochiki; SLR-24H&comma; SLR-24V&comma; SLV-24&comma; SLV-24N&comma; SLV-24V&comma; HF-24&comma; SOC-24V&comma; SLR-835&comma; SLR-835H o DCD-135\/190. El di\u00e1metro de la base es de 6&#8242;. El rel\u00e9 de contacto es directo a trav\u00e9s del circuito cuando se acciona el detector. <\/p>\n<\/p><\/div>\n<div style='margin-bottom: 30px;'>\n<p style='font-size: 15px; color: inherit;'> La base NS6 es una base de 6&#8242; libre de electr\u00f3nica con una leng\u00fceta de bloqueo de tamper de pl\u00e1stico. Cada base est\u00e1 equipada con una resistencia. Los modelos HSC-224R&comma; HSC-220R y HSC-221R est\u00e1n dise\u00f1ados espec\u00edficamente para usar con los modelos convencionales Hochiki SLR-24H&comma; SLR-24V&comma; SLV-24&comma; SLV-24N&comma; SLV-24V&comma; SLR-835&comma; SLR-835H&comma; DCD-135\/190. La serie HSC-(X)R es una base de 6&#8242; con dos juegos de contactos de rel\u00e9 de forma &#8216;C&#8217;. Los modelos HSC-224R&comma; HSC-220R y HSC-221R tambi\u00e9n est\u00e1n aprobados para su uso con el modelo convencional anterior de Hochiki DFE 135\/190. <\/p>\n<\/p><\/div>\n<div style='margin-bottom: 30px;'>\n<h3 style='font-size: 22px; border-bottom: 2px solid currentColor; padding-bottom: 5px; margin-top: 0; color: inherit; opacity: 0.8;'>Caracter\u00edsticas est\u00e1ndar<\/h3>\n<ul style='padding-left: 20px; font-size: 15px; color: inherit; list-style-type: disc;'>\n<li style='margin-bottom: 5px;'><strong style='color: inherit;'>Resistencia limitadora de corriente<\/strong><\/li>\n<li style='margin-bottom: 5px;'><strong style='color: inherit;'>Salida del anunciador de enclavamiento<\/strong><\/li>\n<li style='margin-bottom: 5px;'><strong style='color: inherit;'>Circuito de enclavamiento<\/strong><\/li>\n<li style='margin-bottom: 5px;'><strong style='color: inherit;'>LED de alarma<\/strong><\/li>\n<li style='margin-bottom: 5px;'><strong style='color: inherit;'>Robusto construido<\/strong><\/li>\n<li style='margin-bottom: 5px;'><strong style='color: inherit;'>F\u00e1cil de montar \/ instalar<\/strong><\/li>\n<\/ul><\/div>\n<hr style='border: 0; border-top: 1px solid rgba(150&comma; 150&comma; 150&comma; 0.3); margin: 30px 0;'> <\/div>\n","protected":false},"excerpt":{"rendered":"<p>Base Para Detector Convencional Con Relevador, 6 &#8220;, 4 Hilos, 24 Vcd (0300-02030)<\/p>\n","protected":false},"featured_media":34599,"comment_status":"open","ping_status":"closed","template":"","meta":[],"product_brand":[],"product_cat":[524],"product_tag":[93,522,406],"class_list":{"0":"post-34600","1":"product","2":"type-product","3":"status-publish","4":"has-post-thumbnail","6":"product_cat-accesorios-dispositivos-convencionales","7":"product_tag-accesorios","8":"product_tag-dispositivos-convencionales","9":"product_tag-hochiki","11":"first","12":"instock","13":"sale","14":"shipping-taxable","15":"purchasable","16":"product-type-simple"},"_links":{"self":[{"href":"https:\/\/soydeaqui.ddns.net\/pachuca\/index.php\/wp-json\/wp\/v2\/product\/34600","targetHints":{"allow":["GET"]}}],"collection":[{"href":"https:\/\/soydeaqui.ddns.net\/pachuca\/index.php\/wp-json\/wp\/v2\/product"}],"about":[{"href":"https:\/\/soydeaqui.ddns.net\/pachuca\/index.php\/wp-json\/wp\/v2\/types\/product"}],"replies":[{"embeddable":true,"href":"https:\/\/soydeaqui.ddns.net\/pachuca\/index.php\/wp-json\/wp\/v2\/comments?post=34600"}],"wp:featuredmedia":[{"embeddable":true,"href":"https:\/\/soydeaqui.ddns.net\/pachuca\/index.php\/wp-json\/wp\/v2\/media\/34599"}],"wp:attachment":[{"href":"https:\/\/soydeaqui.ddns.net\/pachuca\/index.php\/wp-json\/wp\/v2\/media?parent=34600"}],"wp:term":[{"taxonomy":"product_brand","embeddable":true,"href":"https:\/\/soydeaqui.ddns.net\/pachuca\/index.php\/wp-json\/wp\/v2\/product_brand?post=34600"},{"taxonomy":"product_cat","embeddable":true,"href":"https:\/\/soydeaqui.ddns.net\/pachuca\/index.php\/wp-json\/wp\/v2\/product_cat?post=34600"},{"taxonomy":"product_tag","embeddable":true,"href":"https:\/\/soydeaqui.ddns.net\/pachuca\/index.php\/wp-json\/wp\/v2\/product_tag?post=34600"}],"curies":[{"name":"wp","href":"https:\/\/api.w.org\/{rel}","templated":true}]}}