{"id":3460,"date":"2026-03-18T06:08:22","date_gmt":"2026-03-18T06:08:22","guid":{"rendered":"https:\/\/soydeaqui.ddns.net\/pachuca\/index.php\/producto\/ax-home-sirena-inalambrica-interior-alerta-ajustable-entre-80-a-95db\/"},"modified":"2026-03-18T06:08:23","modified_gmt":"2026-03-18T06:08:23","slug":"ax-home-sirena-inalambrica-interior-alerta-ajustable-entre-80-a-95db","status":"publish","type":"product","link":"https:\/\/soydeaqui.ddns.net\/pachuca\/index.php\/producto\/ax-home-sirena-inalambrica-interior-alerta-ajustable-entre-80-a-95db\/","title":{"rendered":"(AX HOME) Sirena Inal\u00e1mbrica Interior \/ Alerta Ajustable entre 80 a 95dB"},"content":{"rendered":"<div style='width: 100%; max-width: 1200px; margin: 0 auto; font-family: sans-serif; line-height: 1.6; color: inherit; background-color: transparent;'> <!-- Logo --> <\/p>\n<div style='text-align: center; margin: 20px 0;'> <img style='width: 45%; height: auto; border: 1px solid rgba(150&comma;150&comma;150&comma;0.3); border-radius: 8px;' src='https:\/\/ftp3.syscom.mx\/usuarios\/jsosa\/HIKVISION\/imagenes\/logo\/hikvision%20see%20far.png' alt='Logo Hikvision'> <\/div>\n<p> <!-- Video principal --> <\/p>\n<div style='margin: 30px 0;'>\n<h3 style='font-size: 22px; text-align: center; border-bottom: 2px solid currentColor; padding-bottom: 5px; margin-top: 0; color: inherit; opacity: 0.8;'> <strong>AX HOME: Tu guardi\u00e1n de confianza para el Hogar<\/strong> <\/h3>\n<div style='position: relative; padding-bottom: 56.25%; height: 0; overflow: hidden; margin: 20px 0;'>   <\/div>\n<\/p><\/div>\n<p> <!-- Consideraciones --> <\/p>\n<div style='margin: 30px 0;'>\n<div style='border: 1px solid rgba(150&comma; 150&comma; 150&comma; 0.4); border-radius: 8px; overflow: hidden; margin-bottom: 20px;'>\n<div style='padding: 15px; background: #df001e; color: white; font-weight: bold; font-size: 18px; border-bottom: 1px solid #a80000;'> Consideraciones: <\/div>\n<div style='padding: 15px; background-color: transparent;'>\n<ul style='padding-left: 20px; margin: 0; font-size: 14px; list-style-type: disc; color: inherit;'>\n<li style='margin-bottom: 5px;'>Volumen ajustable<\/li>\n<li style='margin-bottom: 5px;'>4 tipos de sonido de alarma: FUEGO&comma; PANICO&comma; MEDICO e INTRUSION<\/li>\n<\/ul><\/div>\n<\/p><\/div>\n<\/p><\/div>\n<p> <!-- Videos secundarios --> <\/p>\n<div style='display: flex; flex-wrap: wrap; gap: 30px; margin: 30px 0;'>\n<div style='flex: 1 1 400px; min-width: 300px;'>\n<h4 style='font-size: 18px; text-align: center; border-bottom: 2px solid currentColor; padding-bottom: 5px; margin-top: 0; color: inherit; opacity: 0.8;'> <strong>Pretecci\u00f3n sin Fronteras<\/strong> <\/h4>\n<div style='position: relative; padding-bottom: 56.25%; height: 0; overflow: hidden; margin: 15px 0;'>   <\/div>\n<\/p><\/div>\n<div style='flex: 1 1 400px; min-width: 300px;'>\n<h4 style='font-size: 18px; text-align: center; border-bottom: 2px solid currentColor; padding-bottom: 5px; margin-top: 0; color: inherit; opacity: 0.8;'> <strong>Unboxing AX HOME<\/strong> <\/h4>\n<div style='position: relative; padding-bottom: 56.25%; height: 0; overflow: hidden; margin: 15px 0;'>   <\/div>\n<\/p><\/div>\n<\/p><\/div>\n<p> <!-- Separador --> <\/p>\n<hr style='border: 0; border-top: 1px solid rgba(150&comma; 150&comma; 150&comma; 0.3); margin: 30px 0;'> <!-- Especificaciones --> <\/p>\n<div style='margin: 30px 0;'>\n<h1 style='text-align: center; font-size: 28px; color: #232a6f; margin: 20px 0;'> Especificaciones <\/h1>\n<div style='display: flex; flex-wrap: wrap; gap: 20px; margin-top: 30px;'> <!-- Caracter\u00edsticas Principales --> <\/p>\n<div style='flex: 1 1 300px; min-width: 280px;'>\n<div style='border: 1px solid rgba(150&comma; 150&comma; 150&comma; 0.4); border-radius: 8px; overflow: hidden; display: flex; flex-direction: column; height: 100%;'>\n<div style='padding: 15px; background: #df001e; color: white; font-weight: bold; font-size: 16px; border-bottom: 1px solid #a80000;'> Caracter\u00edsticas Principales: <\/div>\n<div style='padding: 15px; color: inherit;'>\n<ul style='padding-left: 20px; margin: 0; font-size: 14px; list-style-type: disc;'>\n<li style='margin-bottom: 5px;'>Buzzer 95 db a 1 metro de distancia (Ajustable entre 80-95 dB).<\/li>\n<li style='margin-bottom: 5px;'>4 tipos de sonidos de alarma: alarma de fuego&comma; alarma de p\u00e1nico&comma; alarma medica y alarma de intrusi\u00f3n.<\/li>\n<li style='margin-bottom: 5px;'>Duraci\u00f3n de la alarma: Ajustable entre 10 segundos a 15 minutos.<\/li>\n<\/ul><\/div>\n<\/p><\/div>\n<\/p><\/div>\n<p> <!-- Caracter\u00edsticas F\u00edsicas y El\u00e9ctricas --> <\/p>\n<div style='flex: 1 1 300px; min-width: 280px;'>\n<div style='border: 1px solid rgba(150&comma; 150&comma; 150&comma; 0.4); border-radius: 8px; overflow: hidden; display: flex; flex-direction: column; height: 100%;'>\n<div style='padding: 15px; background: #df001e; color: white; font-weight: bold; font-size: 16px; border-bottom: 1px solid #a80000;'> Caracter\u00edsticas F\u00edsicas y El\u00e9ctricas: <\/div>\n<div style='padding: 15px; color: inherit;'>\n<ul style='padding-left: 20px; margin: 0; font-size: 14px; list-style-type: disc;'>\n<li style='margin-bottom: 5px;'>Voltaje de Operaci\u00f3n: 1.5 Vcc \/ 4 bater\u00edas AA (Incluidas).<\/li>\n<li style='margin-bottom: 5px;'>Tiempo \u00fatil de la bater\u00eda: 2 a\u00f1os<\/li>\n<li style='margin-bottom: 5px;'>Temperatura de operaci\u00f3n: -10\u00b0 a 55\u00b0C.<\/li>\n<li style='margin-bottom: 5px;'>Peso: 117 gramos.<\/li>\n<li style='margin-bottom: 5px;'>Dimensiones: 93 x 93 x 33.7 mm.<\/li>\n<\/ul><\/div>\n<\/p><\/div>\n<\/p><\/div>\n<\/p><\/div>\n<\/p><\/div>\n<p> <!-- Banner final --> <\/p>\n<div style='margin: 30px 0;'> <a href='https:\/\/www.syscom.mx\/principal\/listadoproductosazul\/intrusion-hikvision-paneles-de-alarma-y-accesorios-ax-home-series-66704.html?ordenar=Precio_de_Menor_a_Mayor&#038;pag=1' target='_blank' rel='noopener' style='text-decoration: none;'> <img style='width: 100%; height: auto; border: 1px solid rgba(150&comma;150&comma;150&comma;0.3); border-radius: 8px;' src='https:\/\/ftp3.syscom.mx\/usuarios\/jsosa\/HIKVISION\/alarmas\/AXHOME\/imagenes\/LINKEDIN%201200%20x%20627%20-%20Campana%20Regional%20AX%20HOME.png' alt='Banner AX HOME'> <\/a> <\/div>\n<\/p><\/div>\n","protected":false},"excerpt":{"rendered":"<p>(AX HOME) Sirena Inal\u00e1mbrica Interior \/ Alerta Ajustable entre 80 a 95dB<\/p>\n","protected":false},"featured_media":3459,"comment_status":"open","ping_status":"closed","template":"","meta":[],"product_brand":[],"product_cat":[161],"product_tag":[162,54,69],"class_list":{"0":"post-3460","1":"product","2":"type-product","3":"status-publish","4":"has-post-thumbnail","6":"product_cat-ax-home-series","7":"product_tag-ax-home-series","8":"product_tag-hikvision","9":"product_tag-paneles-de-alarma-y-accesorios-hikvision","11":"first","12":"instock","13":"sale","14":"shipping-taxable","15":"purchasable","16":"product-type-simple"},"_links":{"self":[{"href":"https:\/\/soydeaqui.ddns.net\/pachuca\/index.php\/wp-json\/wp\/v2\/product\/3460","targetHints":{"allow":["GET"]}}],"collection":[{"href":"https:\/\/soydeaqui.ddns.net\/pachuca\/index.php\/wp-json\/wp\/v2\/product"}],"about":[{"href":"https:\/\/soydeaqui.ddns.net\/pachuca\/index.php\/wp-json\/wp\/v2\/types\/product"}],"replies":[{"embeddable":true,"href":"https:\/\/soydeaqui.ddns.net\/pachuca\/index.php\/wp-json\/wp\/v2\/comments?post=3460"}],"wp:featuredmedia":[{"embeddable":true,"href":"https:\/\/soydeaqui.ddns.net\/pachuca\/index.php\/wp-json\/wp\/v2\/media\/3459"}],"wp:attachment":[{"href":"https:\/\/soydeaqui.ddns.net\/pachuca\/index.php\/wp-json\/wp\/v2\/media?parent=3460"}],"wp:term":[{"taxonomy":"product_brand","embeddable":true,"href":"https:\/\/soydeaqui.ddns.net\/pachuca\/index.php\/wp-json\/wp\/v2\/product_brand?post=3460"},{"taxonomy":"product_cat","embeddable":true,"href":"https:\/\/soydeaqui.ddns.net\/pachuca\/index.php\/wp-json\/wp\/v2\/product_cat?post=3460"},{"taxonomy":"product_tag","embeddable":true,"href":"https:\/\/soydeaqui.ddns.net\/pachuca\/index.php\/wp-json\/wp\/v2\/product_tag?post=3460"}],"curies":[{"name":"wp","href":"https:\/\/api.w.org\/{rel}","templated":true}]}}