{"id":34581,"date":"2026-03-18T15:24:44","date_gmt":"2026-03-18T15:24:44","guid":{"rendered":"https:\/\/soydeaqui.ddns.net\/pachuca\/index.php\/producto\/modulo-aislador-de-cortocircuito-0400-01079\/"},"modified":"2026-03-18T15:24:47","modified_gmt":"2026-03-18T15:24:47","slug":"modulo-aislador-de-cortocircuito-0400-01079","status":"publish","type":"product","link":"https:\/\/soydeaqui.ddns.net\/pachuca\/index.php\/producto\/modulo-aislador-de-cortocircuito-0400-01079\/","title":{"rendered":"M\u00f3dulo Aislador de Cortocircuito (0400-01079)"},"content":{"rendered":"<div style='width: 100%; max-width: 1200px; margin: 0 auto; font-family: sans-serif; line-height: 1.6; color: inherit; background-color: transparent;'>\n<div style='display: flex; flex-wrap: wrap; gap: 30px; margin-bottom: 30px;'>\n<div style='flex: 1 1 300px; min-width: 280px;'>\n<h3 style='font-size: 22px; border-bottom: 2px solid currentColor; padding-bottom: 5px; margin-top: 0; color: inherit; opacity: 0.8;'>Descripci\u00f3n<\/h3>\n<ul style='padding-left: 20px; font-size: 15px; color: inherit;'>\n<li style='margin-bottom: 5px;'>Controlador los lazos SLC por cortocircuito<\/li>\n<li style='margin-bottom: 5px;'>Indicaci\u00f3n de estado de falla por LED<\/li>\n<li style='margin-bottom: 5px;'>No utiliza una direcci\u00f3n de lazo<\/li>\n<\/ul><\/div>\n<div style='flex: 1 1 300px; min-width: 280px;'>\n<h3 style='font-size: 22px; border-bottom: 2px solid currentColor; padding-bottom: 5px; margin-top: 0; color: inherit; opacity: 0.8;'>Detalles t\u00e9cnicos<\/h3>\n<ul style='padding-left: 20px; font-size: 15px; color: inherit;'>\n<li style='margin-bottom: 5px;'><strong>C\u00f3digo Producto:<\/strong> 0400-01079<\/li>\n<li style='margin-bottom: 5px;'><strong>Funci\u00f3n:<\/strong> Aislador de cortocircuito para lazos SLC<\/li>\n<li style='margin-bottom: 5px;'><strong>Tipo:<\/strong> DCP-SCI<\/li>\n<\/ul><\/div>\n<\/p><\/div>\n<div style='margin-bottom: 30px;'>\n<h3 style='font-size: 22px; border-bottom: 2px solid currentColor; padding-bottom: 5px; margin-top: 0; margin-bottom: 15px; color: inherit; opacity: 0.8;'>Configuraci\u00f3n de cableado clase A<\/h3>\n<p style='text-align: justify; font-size: 15px; margin-bottom: 15px; color: inherit;'>El aislador de cortocircuito DCP-SCI debe ubicarse entre cualquier dispositivo en el lazo SLC. En el caso de un cortocircuito en el lazo SLC&comma; los dos aisladores adyacentes (los aisladores m\u00e1s cercanos a la izquierda y derecha de la secci\u00f3n en cortocircuito) se activar\u00e1n y se encender\u00e1n sus respectivos indicadores LED. Todos los dispositivos entre los aisladores de cortocircuito activos perder\u00e1n la comunicaci\u00f3n. Esto evitar\u00e1 la falla completa del bucle. Tras la eliminaci\u00f3n de la condici\u00f3n breve&comma; los DCP-SCI restaurar\u00e1n autom\u00e1ticamente todo el ciclo al estado operativo normal.<\/p>\n<\/p><\/div>\n<div style='margin-bottom: 30px;'>\n<h3 style='font-size: 22px; border-bottom: 2px solid currentColor; padding-bottom: 5px; margin-top: 0; margin-bottom: 15px; color: inherit; opacity: 0.8;'>Caracter\u00edsticas est\u00e1ndar<\/h3>\n<ul style='padding-left: 20px; font-size: 15px; color: inherit;'>\n<li style='margin-bottom: 5px;'>Se puede colocar en cualquier ubicaci\u00f3n en el lazo SLC<\/li>\n<li style='margin-bottom: 5px;'>Verifica si la l\u00ednea est\u00e1 en cortocircuito al encenderse. Si la l\u00ednea es normal&comma; el rel\u00e9 volver\u00e1 a activarse. Si un linea corta se detecta&comma; el descanso permanece abierto<\/li>\n<li style='margin-bottom: 5px;'>Indicaci\u00f3n de un cortocircuito \u00fanico por un LED amarillo<\/li>\n<\/ul><\/div>\n<hr style='border: 0; border-top: 1px solid rgba(150&comma; 150&comma; 150&comma; 0.3); margin: 30px 0;'> <\/div>\n","protected":false},"excerpt":{"rendered":"<p>M\u00f3dulo Aislador de Cortocircuito (0400-01079)<\/p>\n","protected":false},"featured_media":34580,"comment_status":"open","ping_status":"closed","template":"","meta":[],"product_brand":[],"product_cat":[448],"product_tag":[449,406,225],"class_list":{"0":"post-34581","1":"product","2":"type-product","3":"status-publish","4":"has-post-thumbnail","6":"product_cat-todo-accesorios-y-dispositivos-direccionables","7":"product_tag-accesorios-y-dispositivos-direccionables","8":"product_tag-hochiki","9":"product_tag-todo","11":"first","12":"instock","13":"sale","14":"shipping-taxable","15":"purchasable","16":"product-type-simple"},"_links":{"self":[{"href":"https:\/\/soydeaqui.ddns.net\/pachuca\/index.php\/wp-json\/wp\/v2\/product\/34581","targetHints":{"allow":["GET"]}}],"collection":[{"href":"https:\/\/soydeaqui.ddns.net\/pachuca\/index.php\/wp-json\/wp\/v2\/product"}],"about":[{"href":"https:\/\/soydeaqui.ddns.net\/pachuca\/index.php\/wp-json\/wp\/v2\/types\/product"}],"replies":[{"embeddable":true,"href":"https:\/\/soydeaqui.ddns.net\/pachuca\/index.php\/wp-json\/wp\/v2\/comments?post=34581"}],"wp:featuredmedia":[{"embeddable":true,"href":"https:\/\/soydeaqui.ddns.net\/pachuca\/index.php\/wp-json\/wp\/v2\/media\/34580"}],"wp:attachment":[{"href":"https:\/\/soydeaqui.ddns.net\/pachuca\/index.php\/wp-json\/wp\/v2\/media?parent=34581"}],"wp:term":[{"taxonomy":"product_brand","embeddable":true,"href":"https:\/\/soydeaqui.ddns.net\/pachuca\/index.php\/wp-json\/wp\/v2\/product_brand?post=34581"},{"taxonomy":"product_cat","embeddable":true,"href":"https:\/\/soydeaqui.ddns.net\/pachuca\/index.php\/wp-json\/wp\/v2\/product_cat?post=34581"},{"taxonomy":"product_tag","embeddable":true,"href":"https:\/\/soydeaqui.ddns.net\/pachuca\/index.php\/wp-json\/wp\/v2\/product_tag?post=34581"}],"curies":[{"name":"wp","href":"https:\/\/api.w.org\/{rel}","templated":true}]}}