{"id":34577,"date":"2026-03-18T15:24:36","date_gmt":"2026-03-18T15:24:36","guid":{"rendered":"https:\/\/soydeaqui.ddns.net\/pachuca\/index.php\/producto\/modulo-de-notificacion-inteligente-direccionable-totalmente-supervisado\/"},"modified":"2026-03-18T15:24:42","modified_gmt":"2026-03-18T15:24:42","slug":"modulo-de-notificacion-inteligente-direccionable-totalmente-supervisado","status":"publish","type":"product","link":"https:\/\/soydeaqui.ddns.net\/pachuca\/index.php\/producto\/modulo-de-notificacion-inteligente-direccionable-totalmente-supervisado\/","title":{"rendered":"M\u00f3dulo de Notificaci\u00f3n Inteligente, Direccionable, Totalmente Supervisado"},"content":{"rendered":"<div style='width: 100%; max-width: 1200px; margin: 0 auto; font-family: sans-serif; line-height: 1.6; color: inherit; background-color: transparent;'> <!-- Secci\u00f3n de descripci\u00f3n --> <\/p>\n<div style='display: flex; flex-wrap: wrap; gap: 30px; margin-bottom: 30px;'>\n<div style='flex: 1 1 300px; min-width: 280px;'>\n<h3 style='font-size: 22px; border-bottom: 2px solid currentColor; padding-bottom: 5px; margin-top: 0; color: inherit; opacity: 0.8;'>Descripci\u00f3n<\/h3>\n<p style='font-size: 15px; color: inherit;'> M\u00f3dulo de notificaci\u00f3n inteligente direccionable que proporciona circuitos adicionales de notificaci\u00f3n en el lazo SLC de IntelliKnight. Permite a\u00f1adir circuitos de notificaci\u00f3n en cualquier ubicaci\u00f3n requerida&comma; con supervisi\u00f3n completa y alimentaci\u00f3n auxiliar independiente. <\/p>\n<\/p><\/div>\n<\/p><\/div>\n<p> <!-- Secci\u00f3n de caracter\u00edsticas principales --> <\/p>\n<div style='display: flex; flex-wrap: wrap; gap: 20px; margin-bottom: 30px;'>\n<div style='flex: 1 1 250px; border: 1px solid rgba(150&comma; 150&comma; 150&comma; 0.4); border-radius: 8px; overflow: hidden; display: flex; flex-direction: column;'>\n<div style='padding: 15px; border-bottom: 1px solid rgba(150&comma; 150&comma; 150&comma; 0.2); font-weight: bold; font-size: 18px; color: inherit;'>Caracter\u00edsticas Principales<\/div>\n<div style='padding: 15px; color: inherit;'>\n<ul style='padding-left: 20px; margin: 0; font-size: 14px; list-style-type: disc;'>\n<li style='margin-bottom: 5px;'>Circuito de notificaci\u00f3n clase A (Style Z) o clase B (Style Y)<\/li>\n<li style='margin-bottom: 5px;'>Compatible con lazo SLC de IntelliKnight<\/li>\n<li style='margin-bottom: 5px;'>Hasta 127 m\u00f3dulos por lazo SLC<\/li>\n<li style='margin-bottom: 5px;'>Alimentaci\u00f3n auxiliar independiente<\/li>\n<li style='margin-bottom: 5px;'>16 patrones de notificaci\u00f3n disponibles<\/li>\n<li style='margin-bottom: 5px;'>LED de estado visible a trav\u00e9s de la placa frontal<\/li>\n<\/ul><\/div>\n<\/p><\/div>\n<p> <!-- Secci\u00f3n de especificaciones --> <\/p>\n<div style='flex: 1 1 250px; border: 1px solid rgba(150&comma; 150&comma; 150&comma; 0.4); border-radius: 8px; overflow: hidden; display: flex; flex-direction: column;'>\n<div style='padding: 15px; border-bottom: 1px solid rgba(150&comma; 150&comma; 150&comma; 0.2); font-weight: bold; font-size: 18px; color: inherit;'>Especificaciones T\u00e9cnicas<\/div>\n<div style='padding: 15px; color: inherit;'>\n<ul style='padding-left: 20px; margin: 0; font-size: 14px; list-style-type: disc;'>\n<li style='margin-bottom: 5px;'><strong>Voltaje de operaci\u00f3n:<\/strong> 24 VDC<\/li>\n<li style='margin-bottom: 5px;'><strong>Corriente SLC:<\/strong> 0.55 mA<\/li>\n<li style='margin-bottom: 5px;'><strong>Corriente auxiliar:<\/strong> 56 mA (alarma)&comma; 6 mA (standby)<\/li>\n<li style='margin-bottom: 5px;'><strong>Corriente m\u00e1xima en aparatos:<\/strong> 2 A<\/li>\n<li style='margin-bottom: 5px;'><strong>Temperatura operativa:<\/strong> 32\u00baF a 120\u00baF (0\u00baC a 49\u00baC)<\/li>\n<li style='margin-bottom: 5px;'><strong>Montaje:<\/strong> Caja el\u00e9ctrica 4-cuadrados<\/li>\n<\/ul><\/div>\n<\/p><\/div>\n<p> <!-- Secci\u00f3n de compatibilidad --> <\/p>\n<div style='flex: 1 1 250px; border: 1px solid rgba(150&comma; 150&comma; 150&comma; 0.4); border-radius: 8px; overflow: hidden; display: flex; flex-direction: column;'>\n<div style='padding: 15px; border-bottom: 1px solid rgba(150&comma; 150&comma; 150&comma; 0.2); font-weight: bold; font-size: 18px; color: inherit;'>Compatibilidad<\/div>\n<div style='padding: 15px; color: inherit;'>\n<ul style='padding-left: 20px; margin: 0; font-size: 14px; list-style-type: disc;'>\n<li style='margin-bottom: 5px;'>Panel 5820XL<\/li>\n<li style='margin-bottom: 5px;'>Panel 5808<\/li>\n<li style='margin-bottom: 5px;'>Panel 5700<\/li>\n<\/ul><\/div>\n<\/p><\/div>\n<p> <!-- Secci\u00f3n de certificaciones --> <\/p>\n<div style='flex: 1 1 250px; border: 1px solid rgba(150&comma; 150&comma; 150&comma; 0.4); border-radius: 8px; overflow: hidden; display: flex; flex-direction: column;'>\n<div style='padding: 15px; border-bottom: 1px solid rgba(150&comma; 150&comma; 150&comma; 0.2); font-weight: bold; font-size: 18px; color: inherit;'>Certificaciones<\/div>\n<div style='padding: 15px; color: inherit;'>\n<ul style='padding-left: 20px; margin: 0; font-size: 14px; list-style-type: disc;'>\n<li style='margin-bottom: 5px;'>UL Listed<\/li>\n<li style='margin-bottom: 5px;'>Conforme a NFPA 72<\/li>\n<li style='margin-bottom: 5px;'>CSFM<\/li>\n<li style='margin-bottom: 5px;'>MEA 429-92-E&comma; Vol. 9<\/li>\n<\/ul><\/div>\n<\/p><\/div>\n<\/p><\/div>\n<p> <!-- Secci\u00f3n de operaci\u00f3n --> <\/p>\n<div style='display: flex; flex-wrap: wrap; gap: 30px; margin-bottom: 30px;'>\n<div style='flex: 1 1 300px; min-width: 280px;'>\n<h3 style='font-size: 22px; border-bottom: 2px solid currentColor; padding-bottom: 5px; margin-top: 0; color: inherit; opacity: 0.8;'>Operaci\u00f3n<\/h3>\n<p style='font-size: 15px; color: inherit;'> Cada m\u00f3dulo de notificaci\u00f3n se programa con una direcci\u00f3n \u00fanica del lazo SLC. Cuando ocurre un evento que controla el m\u00f3dulo de notificaci\u00f3n&comma; este activa su rel\u00e9 interno alimentando la potencia desde la entrada auxiliar al aparato de notificaci\u00f3n. La alimentaci\u00f3n puede ser suministrada cerca del dispositivo de se\u00f1alizaci\u00f3n para reducir los requisitos de calibre del cableado o puede provenir de una fuente de alimentaci\u00f3n principal y ser controlada por separado por los m\u00f3dulos individuales de notificaci\u00f3n. <\/p>\n<\/p><\/div>\n<\/p><\/div>\n<p> <!-- Separador --> <\/p>\n<hr style='border: 0; border-top: 1px solid rgba(150&comma; 150&comma; 150&comma; 0.3); margin: 30px 0;'> <!-- Secci\u00f3n de especificaciones de ingenier\u00eda --> <\/p>\n<div style='display: flex; flex-wrap: wrap; gap: 30px; margin-bottom: 30px;'>\n<div style='flex: 1 1 300px; min-width: 280px;'>\n<h3 style='font-size: 22px; border-bottom: 2px solid currentColor; padding-bottom: 5px; margin-top: 0; color: inherit; opacity: 0.8;'>Especificaciones de Ingenier\u00eda<\/h3>\n<p style='font-size: 15px; color: inherit;'> El contratista deber\u00e1 suministrar e instalar los m\u00f3dulos de notificaci\u00f3n direccionables Silent Knight SD500-ANM seg\u00fan se indique en los planos. Los m\u00f3dulos deben ser compatibles con el panel de alarma contra incendios IntelliKnight de Silent Knight y estar listados por UL. <\/p>\n<p style='font-size: 15px; color: inherit;'> El m\u00f3dulo de notificaci\u00f3n debe proporcionar una salida de notificaci\u00f3n clase A (Style Z) o clase B (Style Y) con una entrada de alimentaci\u00f3n auxiliar. Debe ser adecuado para montaje en caja el\u00e9ctrica est\u00e1ndar de 4-cuadrados e incluir una placa frontal de pl\u00e1stico. El m\u00f3dulo debe proporcionar un LED visible desde el exterior de la placa frontal. <\/p>\n<p style='font-size: 15px; color: inherit;'> La salida de notificaci\u00f3n debe ser completamente programable para adaptarse a las aplicaciones requeridas por la instalaci\u00f3n. <\/p>\n<\/p><\/div>\n<\/p><\/div>\n<\/p><\/div>\n","protected":false},"excerpt":{"rendered":"<p>M\u00f3dulo de Notificaci\u00f3n Inteligente, Direccionable, Totalmente Supervisado<\/p>\n","protected":false},"featured_media":34576,"comment_status":"open","ping_status":"closed","template":"","meta":[],"product_brand":[],"product_cat":[990],"product_tag":[449,991,523],"class_list":{"0":"post-34577","1":"product","2":"type-product","3":"status-publish","4":"has-post-thumbnail","6":"product_cat-silent-knight","7":"product_tag-accesorios-y-dispositivos-direccionables","8":"product_tag-silent-knight","9":"product_tag-silent-knight-by-honeywell","11":"first","12":"outofstock","13":"sale","14":"shipping-taxable","15":"purchasable","16":"product-type-simple"},"_links":{"self":[{"href":"https:\/\/soydeaqui.ddns.net\/pachuca\/index.php\/wp-json\/wp\/v2\/product\/34577","targetHints":{"allow":["GET"]}}],"collection":[{"href":"https:\/\/soydeaqui.ddns.net\/pachuca\/index.php\/wp-json\/wp\/v2\/product"}],"about":[{"href":"https:\/\/soydeaqui.ddns.net\/pachuca\/index.php\/wp-json\/wp\/v2\/types\/product"}],"replies":[{"embeddable":true,"href":"https:\/\/soydeaqui.ddns.net\/pachuca\/index.php\/wp-json\/wp\/v2\/comments?post=34577"}],"wp:featuredmedia":[{"embeddable":true,"href":"https:\/\/soydeaqui.ddns.net\/pachuca\/index.php\/wp-json\/wp\/v2\/media\/34576"}],"wp:attachment":[{"href":"https:\/\/soydeaqui.ddns.net\/pachuca\/index.php\/wp-json\/wp\/v2\/media?parent=34577"}],"wp:term":[{"taxonomy":"product_brand","embeddable":true,"href":"https:\/\/soydeaqui.ddns.net\/pachuca\/index.php\/wp-json\/wp\/v2\/product_brand?post=34577"},{"taxonomy":"product_cat","embeddable":true,"href":"https:\/\/soydeaqui.ddns.net\/pachuca\/index.php\/wp-json\/wp\/v2\/product_cat?post=34577"},{"taxonomy":"product_tag","embeddable":true,"href":"https:\/\/soydeaqui.ddns.net\/pachuca\/index.php\/wp-json\/wp\/v2\/product_tag?post=34577"}],"curies":[{"name":"wp","href":"https:\/\/api.w.org\/{rel}","templated":true}]}}