{"id":34573,"date":"2026-03-18T15:24:31","date_gmt":"2026-03-18T15:24:31","guid":{"rendered":"https:\/\/soydeaqui.ddns.net\/pachuca\/index.php\/producto\/protector-de-slc-idc-y-nac-para-sistemas-de-incendio-direccionable-requiere-tierra-fisica\/"},"modified":"2026-03-18T15:24:31","modified_gmt":"2026-03-18T15:24:31","slug":"protector-de-slc-idc-y-nac-para-sistemas-de-incendio-direccionable-requiere-tierra-fisica","status":"publish","type":"product","link":"https:\/\/soydeaqui.ddns.net\/pachuca\/index.php\/producto\/protector-de-slc-idc-y-nac-para-sistemas-de-incendio-direccionable-requiere-tierra-fisica\/","title":{"rendered":"Protector de SLC, IDC y NAC para sistemas de incendio direccionable, requiere tierra f\u00edsica"},"content":{"rendered":"<div style='width: 100%; max-width: 1200px; margin: 0 auto; font-family: sans-serif; line-height: 1.6; color: inherit; background-color: transparent;'> <!-- Imagen principal --> <\/p>\n<div style='display: flex; justify-content: center; margin-bottom: 30px;'> <img style='width: 100%; max-width: 400px; height: auto; border: 1px solid rgba(150&comma;150&comma;150&comma;0.3); border-radius: 8px;' src='blob:https:\/\/erp.syscom.mx\/22b64c12-2d0d-4c37-af81-fbb201116527' alt=''> <\/div>\n<p> <!-- Secci\u00f3n de caracter\u00edsticas con flex --> <\/p>\n<div style='display: flex; flex-wrap: wrap; gap: 30px; margin-bottom: 30px;'>\n<div style='flex: 1 1 300px; min-width: 280px;'>\n<h3 style='font-size: 22px; border-bottom: 2px solid currentColor; padding-bottom: 5px; margin-top: 0; color: inherit; opacity: 0.8;'>Caracter\u00edsticas principales:<\/h3>\n<ul style='padding-left: 20px; font-size: 15px; color: inherit;'>\n<li style='margin-bottom: 5px;'>Proteja hasta 2 pares por m\u00f3dulo para satisfacer sus necesidades de configuraci\u00f3n espec\u00edficas<\/li>\n<li style='margin-bottom: 5px;'>Conexi\u00f3n en serie&comma; la funci\u00f3n paralela no agrega resistencia a los circuitos de bucle<\/li>\n<li style='margin-bottom: 5px;'>Cinco niveles de voltaje disponibles para proteger varias aplicaciones de bajo voltaje<\/li>\n<li style='margin-bottom: 5px;'>Los modelos SCP proporcionan un fusible de restablecimiento autom\u00e1tico y protecci\u00f3n contra corrientes de fuga<\/li>\n<li style='margin-bottom: 5px;'><strong>Aplicaciones:<\/strong> Lazos de corriente de 4-20 mA&comma; Circuitos NAC&comma; SLC&comma; PIV&comma; para Paneles de Alarma Contra Incendio&comma; Panales de alarma de Intrusi\u00f3n<\/li>\n<\/ul><\/div>\n<div style='flex: 1 1 300px; min-width: 280px;'>\n<h3 style='font-size: 22px; border-bottom: 2px solid currentColor; padding-bottom: 5px; margin-top: 0; color: inherit; opacity: 0.8;'>Caracter\u00edsticas el\u00e9ctricas:<\/h3>\n<ul style='padding-left: 20px; font-size: 15px; color: inherit;'>\n<li style='margin-bottom: 5px;'><strong>M\u00e9todo de conexi\u00f3n:<\/strong> Terminal de tornillos&comma; 22-16 AWG<\/li>\n<li style='margin-bottom: 5px;'><strong>Material:<\/strong> Pl\u00e1stico ABS<\/li>\n<li style='margin-bottom: 5px;'><strong>Temperatura de operaci\u00f3n:<\/strong> -40\u00b0C a 70\u00b0C (-40\u00b0F a 158\u00b0F)<\/li>\n<li style='margin-bottom: 5px;'><strong>Dimensiones:<\/strong> 76 x 41 x 41 mm<\/li>\n<li style='margin-bottom: 5px;'><strong>Peso:<\/strong> 68 g<\/li>\n<li style='margin-bottom: 5px;'><strong>M\u00e1x. corriente continua:<\/strong> 5A (150 mA para modelos SCP)<\/li>\n<li style='margin-bottom: 5px;'><strong>Compatible con montaje en Riel DIN<\/strong> <a style='color: inherit; text-decoration: none;' href='https:\/\/www.syscom.mx\/producto\/DTK-DRK-DITEK-165179.html' target='_blank' rel='noopener'>DTK-DRK<\/a><\/li>\n<\/ul><\/div>\n<div style='flex: 1 1 300px; min-width: 280px;'>\n<h3 style='font-size: 22px; border-bottom: 2px solid currentColor; padding-bottom: 5px; margin-top: 0; color: inherit; opacity: 0.8;'>Caracter\u00edsticas F\u00edsicas y Est\u00e1ndares:<\/h3>\n<ul style='padding-left: 20px; font-size: 15px; color: inherit;'>\n<li style='margin-bottom: 5px;'><strong>Aprobaci\u00f3n de Agencia:<\/strong> UL497B<\/li>\n<li style='margin-bottom: 5px;'><strong>M\u00e1xima Corriente Continua:<\/strong> 200 milliamperios<\/li>\n<li style='margin-bottom: 5px;'><strong>M\u00e1xima Corriente de Sobretensi\u00f3n:<\/strong> 2&comma;000 Amperios por par<\/li>\n<li style='margin-bottom: 5px;'><strong>Voltaje del Servicio:<\/strong> 24V<\/li>\n<li style='margin-bottom: 5px;'><strong>MCOV*:<\/strong> 38V<\/li>\n<li style='margin-bottom: 5px;'><strong>Voltaje de Sujeci\u00f3n:<\/strong> 47V<\/li>\n<li style='margin-bottom: 5px;'><strong>Modos de Protecci\u00f3n:<\/strong> L\u00ednea-Tierra (Todos)<\/li>\n<\/ul><\/div>\n<\/p><\/div>\n<p> <!-- Imagen secundaria --> <\/p>\n<div style='display: flex; justify-content: center; margin: 30px 0;'> <img style='width: 100%; max-width: 417px; height: auto; border: 1px solid rgba(150&comma;150&comma;150&comma;0.3); border-radius: 8px;' src='https:\/\/ftp3.syscom.mx\/usuarios\/fotos\/DTKPOC\/75752-iso.jpg' alt=''> <\/div>\n<p> <!-- Separador final --> <\/p>\n<hr style='border: 0; border-top: 1px solid rgba(150&comma; 150&comma; 150&comma; 0.3); margin: 30px 0;'> <\/div>\n","protected":false},"excerpt":{"rendered":"<p>Protector de SLC, IDC y NAC para sistemas de incendio direccionable, requiere tierra f\u00edsica<\/p>\n","protected":false},"featured_media":34572,"comment_status":"open","ping_status":"closed","template":"","meta":[],"product_brand":[],"product_cat":[532],"product_tag":[534,533,62],"class_list":{"0":"post-34573","1":"product","2":"type-product","3":"status-publish","4":"has-post-thumbnail","6":"product_cat-todos-proteccion-contra-sobretensiones","7":"product_tag-ditek","8":"product_tag-proteccion-contra-sobretensiones","9":"product_tag-todos","11":"first","12":"instock","13":"sale","14":"shipping-taxable","15":"purchasable","16":"product-type-simple"},"_links":{"self":[{"href":"https:\/\/soydeaqui.ddns.net\/pachuca\/index.php\/wp-json\/wp\/v2\/product\/34573","targetHints":{"allow":["GET"]}}],"collection":[{"href":"https:\/\/soydeaqui.ddns.net\/pachuca\/index.php\/wp-json\/wp\/v2\/product"}],"about":[{"href":"https:\/\/soydeaqui.ddns.net\/pachuca\/index.php\/wp-json\/wp\/v2\/types\/product"}],"replies":[{"embeddable":true,"href":"https:\/\/soydeaqui.ddns.net\/pachuca\/index.php\/wp-json\/wp\/v2\/comments?post=34573"}],"wp:featuredmedia":[{"embeddable":true,"href":"https:\/\/soydeaqui.ddns.net\/pachuca\/index.php\/wp-json\/wp\/v2\/media\/34572"}],"wp:attachment":[{"href":"https:\/\/soydeaqui.ddns.net\/pachuca\/index.php\/wp-json\/wp\/v2\/media?parent=34573"}],"wp:term":[{"taxonomy":"product_brand","embeddable":true,"href":"https:\/\/soydeaqui.ddns.net\/pachuca\/index.php\/wp-json\/wp\/v2\/product_brand?post=34573"},{"taxonomy":"product_cat","embeddable":true,"href":"https:\/\/soydeaqui.ddns.net\/pachuca\/index.php\/wp-json\/wp\/v2\/product_cat?post=34573"},{"taxonomy":"product_tag","embeddable":true,"href":"https:\/\/soydeaqui.ddns.net\/pachuca\/index.php\/wp-json\/wp\/v2\/product_tag?post=34573"}],"curies":[{"name":"wp","href":"https:\/\/api.w.org\/{rel}","templated":true}]}}