{"id":34565,"date":"2026-03-18T15:24:22","date_gmt":"2026-03-18T15:24:22","guid":{"rendered":"https:\/\/soydeaqui.ddns.net\/pachuca\/index.php\/producto\/detector-convencional-de-temperatura-fija-57c-135f-0200-02570\/"},"modified":"2026-03-18T15:24:26","modified_gmt":"2026-03-18T15:24:26","slug":"detector-convencional-de-temperatura-fija-57c-135f-0200-02570","status":"publish","type":"product","link":"https:\/\/soydeaqui.ddns.net\/pachuca\/index.php\/producto\/detector-convencional-de-temperatura-fija-57c-135f-0200-02570\/","title":{"rendered":"Detector Convencional De Temperatura Fija 57\u00b0C (135\u00b0F) (0200-02570)"},"content":{"rendered":"<div style='width: 100%; max-width: 1200px; margin: 0 auto; font-family: sans-serif; line-height: 1.6; color: inherit; background-color: transparent;'> <!-- C\u00f3digo del producto --> <\/p>\n<div style='margin-bottom: 15px;'>\n<p style='margin: 0; font-size: 0.875rem; color: inherit;'><strong>C\u00f3digo Producto:<\/strong> 0200-02570<\/p>\n<\/p><\/div>\n<p> <!-- Descripci\u00f3n principal --> <\/p>\n<div style='margin-top: 30px; margin-bottom: 30px;'>\n<p style='margin: 0 0 10px 0; font-size: 0.875rem; text-align: justify; color: inherit;'> El detector de calor de temperatura fija <strong>DFE-135\/190<\/strong> es adecuado para la instalaci\u00f3n donde se esperan incendios de alta emisi\u00f3n de calor o en \u00e1reas donde las condiciones ambientales no permitir\u00edan el uso de otros m\u00e9todos de detecci\u00f3n. <\/p>\n<p style='margin: 0 0 10px 0; font-size: 0.875rem; text-align: justify; color: inherit;'> Los detectores de calor se utilizan para la protecci\u00f3n de la propiedad. No conf\u00ede en los detectores de calor para una protecci\u00f3n de seguridad de vida. Cuando se trata de seguridad de la vida&comma; tambi\u00e9n se deben usar detectores de humo. <\/p>\n<p style='margin: 0 0 10px 0; font-size: 0.875rem; text-align: justify; color: inherit;'> <span style='color: #e74c3c;'>Los detectores de calor deben supervisarse electr\u00f3nicamente desde un panel de alarma listado por UL<\/span>. <\/p>\n<\/p><\/div>\n<p> <!-- Secci\u00f3n de caracter\u00edsticas --> <\/p>\n<div style='margin-top: 30px; margin-bottom: 30px;'>\n<h3 style='font-size: 22px; border-bottom: 2px solid currentColor; padding-bottom: 5px; margin-top: 0; color: inherit; opacity: 0.8;'>CARACTER\u00cdSTICAS EST\u00c1NDAR<\/h3>\n<ul style='padding-left: 20px; margin-top: 15px; font-size: 14px; color: inherit;'>\n<li style='margin-bottom: 8px;'><strong>Elecci\u00f3n de la temperatura fija:<\/strong> 57\u00b0 o 88\u00b0 C<\/li>\n<li style='margin-bottom: 8px;'><strong>Espacio entre techos listado UL:<\/strong> 50&#215;50&#8242; (2&comma;500 pies cuadrados)<\/li>\n<li style='margin-bottom: 8px;'><strong>Auto restauraci\u00f3n<\/strong><\/li>\n<li style='margin-bottom: 8px;'><strong>Elemento de calor protegido por:<\/strong> un protector incorporado<\/li>\n<li style='margin-bottom: 8px;'><strong>Clasificaci\u00f3n de contacto:<\/strong> 100 mA<\/li>\n<li style='margin-bottom: 8px;'><strong>Altamente confiable<\/strong><\/li>\n<li style='margin-bottom: 8px;'><strong>Base de LED de enganche disponible<\/strong><\/li>\n<li style='margin-bottom: 8px;'><strong>La base se compra por separado<\/strong> seg\u00fan aplicaci\u00f3n<\/li>\n<li style='margin-bottom: 8px;'>Base <a href='https:\/\/syscom.pro\/principal\/searchcont?route=NS6-100-HOCHIKI-24981&#038;autodetect=NS6100' style='color: inherit; text-decoration: none; border-bottom: 1px dotted currentColor; padding-bottom: 2px;'>NS6-100<\/a> de 6&#8242; o <a href='https:\/\/syscom.pro\/principal\/searchcont?route=NS4-100-HOCHIKI-226874&#038;autodetect=NS6100' style='color: inherit; text-decoration: none; border-bottom: 1px dotted currentColor; padding-bottom: 2px;'>NS4-100<\/a> de 4&#8242; para conexi\u00f3n a 2 hilos<\/li>\n<li style='margin-bottom: 8px;'>Base <a href='https:\/\/syscom.pro\/principal\/searchcont?route=HSC-4R-HOCHIKI-18687&#038;autodetect=HSC-4R' style='color: inherit; text-decoration: none; border-bottom: 1px dotted currentColor; padding-bottom: 2px;'>HSC-4R<\/a> para conexi\u00f3n a 4 hilos<\/li>\n<\/ul><\/div>\n<\/p><\/div>\n","protected":false},"excerpt":{"rendered":"<p>Detector Convencional De Temperatura Fija 57\u00b0C (135\u00b0F) (0200-02570)<\/p>\n","protected":false},"featured_media":34564,"comment_status":"open","ping_status":"closed","template":"","meta":[],"product_brand":[],"product_cat":[1023],"product_tag":[1024,522,406],"class_list":{"0":"post-34565","1":"product","2":"type-product","3":"status-publish","4":"has-post-thumbnail","6":"product_cat-detectores-de-temperatura","7":"product_tag-detectores-de-temperatura","8":"product_tag-dispositivos-convencionales","9":"product_tag-hochiki","11":"first","12":"outofstock","13":"sale","14":"shipping-taxable","15":"purchasable","16":"product-type-simple"},"_links":{"self":[{"href":"https:\/\/soydeaqui.ddns.net\/pachuca\/index.php\/wp-json\/wp\/v2\/product\/34565","targetHints":{"allow":["GET"]}}],"collection":[{"href":"https:\/\/soydeaqui.ddns.net\/pachuca\/index.php\/wp-json\/wp\/v2\/product"}],"about":[{"href":"https:\/\/soydeaqui.ddns.net\/pachuca\/index.php\/wp-json\/wp\/v2\/types\/product"}],"replies":[{"embeddable":true,"href":"https:\/\/soydeaqui.ddns.net\/pachuca\/index.php\/wp-json\/wp\/v2\/comments?post=34565"}],"wp:featuredmedia":[{"embeddable":true,"href":"https:\/\/soydeaqui.ddns.net\/pachuca\/index.php\/wp-json\/wp\/v2\/media\/34564"}],"wp:attachment":[{"href":"https:\/\/soydeaqui.ddns.net\/pachuca\/index.php\/wp-json\/wp\/v2\/media?parent=34565"}],"wp:term":[{"taxonomy":"product_brand","embeddable":true,"href":"https:\/\/soydeaqui.ddns.net\/pachuca\/index.php\/wp-json\/wp\/v2\/product_brand?post=34565"},{"taxonomy":"product_cat","embeddable":true,"href":"https:\/\/soydeaqui.ddns.net\/pachuca\/index.php\/wp-json\/wp\/v2\/product_cat?post=34565"},{"taxonomy":"product_tag","embeddable":true,"href":"https:\/\/soydeaqui.ddns.net\/pachuca\/index.php\/wp-json\/wp\/v2\/product_tag?post=34565"}],"curies":[{"name":"wp","href":"https:\/\/api.w.org\/{rel}","templated":true}]}}