{"id":34560,"date":"2026-03-18T15:24:17","date_gmt":"2026-03-18T15:24:17","guid":{"rendered":"https:\/\/soydeaqui.ddns.net\/pachuca\/index.php\/producto\/detector-de-temperatura-fija-de-57-c-normalmente-abierto\/"},"modified":"2026-03-18T15:24:18","modified_gmt":"2026-03-18T15:24:18","slug":"detector-de-temperatura-fija-de-57-c-normalmente-abierto","status":"publish","type":"product","link":"https:\/\/soydeaqui.ddns.net\/pachuca\/index.php\/producto\/detector-de-temperatura-fija-de-57-c-normalmente-abierto\/","title":{"rendered":"Detector de temperatura fija de 57 \u00b0C Normalmente Abierto"},"content":{"rendered":"<div style='width: 100%; max-width: 1200px; margin: 0 auto; font-family: sans-serif; line-height: 1.6; color: inherit; background-color: transparent;'> <!-- Secci\u00f3n de caracter\u00edsticas con flex --> <\/p>\n<div style='display: flex; flex-wrap: wrap; gap: 30px; margin-bottom: 30px;'>\n<div style='flex: 1 1 300px; min-width: 280px;'>\n<h3 style='font-size: 22px; border-bottom: 2px solid currentColor; padding-bottom: 5px; margin-top: 0; color: inherit; opacity: 0.8;'>CARACTER\u00cdSTICAS PRINCIPALES<\/h3>\n<ul style='padding-left: 20px; font-size: 15px; color: inherit;'>\n<li style='margin-bottom: 5px;'>Circuito normalmente abierto con especificaci\u00f3n UL<\/li>\n<li style='margin-bottom: 5px;'>Temperatura asignada de actuaci\u00f3n: 135\u00b0F<\/li>\n<li style='margin-bottom: 5px;'>Cobertura de hasta 400 pies cuadrados<\/li>\n<li style='margin-bottom: 5px;'>Dise\u00f1o aerodin\u00e1mico para respuesta r\u00e1pida a flama<\/li>\n<li style='margin-bottom: 5px;'>Cuatro terminales para sencillo cableado en paralelo<\/li>\n<\/ul><\/div>\n<\/p><\/div>\n<p> <!-- Secci\u00f3n de descripci\u00f3n detallada --> <\/p>\n<div style='margin-bottom: 30px;'>\n<h3 style='font-size: 22px; border-bottom: 2px solid currentColor; padding-bottom: 5px; margin-top: 0; color: inherit; opacity: 0.8;'>DESCRIPCI\u00d3N DEL PRODUCTO<\/h3>\n<p style='font-size: 15px; color: inherit; margin-top: 15px;'> Los termostatos 502 son compactos y atractivos. El dise\u00f1o aerodin\u00e1mico es extremadamente eficiente&comma; lo que resulta en una respuesta r\u00e1pida a flama abierta. Las cuatro terminales provistas en cada termostato hacen sencillo el cableado en paralelo ya que no hay m\u00e1s de un cable sujeto a cualquier terminal del poste. <\/p>\n<p style='font-size: 15px; color: inherit; margin-top: 15px;'> <strong>*Pregunte por Disponibilidad.<\/strong> <\/p>\n<\/p><\/div>\n<p> <!-- Separador --> <\/p>\n<hr style='border: 0; border-top: 1px solid rgba(150&comma; 150&comma; 150&comma; 0.3); margin: 30px 0;'> <\/div>\n","protected":false},"excerpt":{"rendered":"<p>Detector de temperatura fija de 57 \u00b0C Normalmente Abierto<\/p>\n","protected":false},"featured_media":34559,"comment_status":"open","ping_status":"closed","template":"","meta":[],"product_brand":[],"product_cat":[32],"product_tag":[19,45,33],"class_list":{"0":"post-34560","1":"product","2":"type-product","3":"status-publish","4":"has-post-thumbnail","6":"product_cat-temperatura","7":"product_tag-detectores-sensores","8":"product_tag-honeywell-home-resideo","9":"product_tag-temperatura","11":"first","12":"instock","13":"sale","14":"shipping-taxable","15":"purchasable","16":"product-type-simple"},"_links":{"self":[{"href":"https:\/\/soydeaqui.ddns.net\/pachuca\/index.php\/wp-json\/wp\/v2\/product\/34560","targetHints":{"allow":["GET"]}}],"collection":[{"href":"https:\/\/soydeaqui.ddns.net\/pachuca\/index.php\/wp-json\/wp\/v2\/product"}],"about":[{"href":"https:\/\/soydeaqui.ddns.net\/pachuca\/index.php\/wp-json\/wp\/v2\/types\/product"}],"replies":[{"embeddable":true,"href":"https:\/\/soydeaqui.ddns.net\/pachuca\/index.php\/wp-json\/wp\/v2\/comments?post=34560"}],"wp:featuredmedia":[{"embeddable":true,"href":"https:\/\/soydeaqui.ddns.net\/pachuca\/index.php\/wp-json\/wp\/v2\/media\/34559"}],"wp:attachment":[{"href":"https:\/\/soydeaqui.ddns.net\/pachuca\/index.php\/wp-json\/wp\/v2\/media?parent=34560"}],"wp:term":[{"taxonomy":"product_brand","embeddable":true,"href":"https:\/\/soydeaqui.ddns.net\/pachuca\/index.php\/wp-json\/wp\/v2\/product_brand?post=34560"},{"taxonomy":"product_cat","embeddable":true,"href":"https:\/\/soydeaqui.ddns.net\/pachuca\/index.php\/wp-json\/wp\/v2\/product_cat?post=34560"},{"taxonomy":"product_tag","embeddable":true,"href":"https:\/\/soydeaqui.ddns.net\/pachuca\/index.php\/wp-json\/wp\/v2\/product_tag?post=34560"}],"curies":[{"name":"wp","href":"https:\/\/api.w.org\/{rel}","templated":true}]}}