{"id":3453,"date":"2026-03-18T06:08:19","date_gmt":"2026-03-18T06:08:19","guid":{"rendered":"https:\/\/soydeaqui.ddns.net\/pachuca\/index.php\/producto\/sensor-de-temperatura-inalambrico-para-eapro-gateway-eapro-gtwy\/"},"modified":"2026-03-18T06:08:19","modified_gmt":"2026-03-18T06:08:19","slug":"sensor-de-temperatura-inalambrico-para-eapro-gateway-eapro-gtwy","status":"publish","type":"product","link":"https:\/\/soydeaqui.ddns.net\/pachuca\/index.php\/producto\/sensor-de-temperatura-inalambrico-para-eapro-gateway-eapro-gtwy\/","title":{"rendered":"Sensor de temperatura inal\u00e1mbrico para EAPro\u00ae Gateway (EAPro-GTWY)"},"content":{"rendered":"<div style='width: 100%; max-width: 1200px; margin: 0 auto; font-family: sans-serif; line-height: 1.6; color: inherit; background-color: transparent;'>\n<div style='display: flex; flex-wrap: wrap; gap: 30px; margin-bottom: 30px;'>\n<div style='flex: 1 1 300px; min-width: 280px;'>\n<h3 style='font-size: 22px; border-bottom: 2px solid currentColor; padding-bottom: 5px; margin-top: 0; color: inherit; opacity: 0.8;'>Caracter\u00edsticas<\/h3>\n<ul style='padding-left: 20px; font-size: 15px; color: inherit;'>\n<li style='margin-bottom: 5px;'>Supervisi\u00f3n inal\u00e1mbrica de la temperatura ambiente de la habitaci\u00f3n<\/li>\n<li style='margin-bottom: 5px;'>Distancia de transmisi\u00f3n en interiores de 152&comma;4 m (500 ft) &#8211; (los resultados pueden variar)<\/li>\n<li style='margin-bottom: 5px;'>Establezca los puntos de ajuste alto\/bajo de la temperatura en el dispositivo EAPro\u00ae Gateway<\/li>\n<li style='margin-bottom: 5px;'>Actualizar a distancia con INSIGHT (INSIGHT se vende por separado)<\/li>\n<li style='margin-bottom: 5px;'>NO coloque los dispositivos EAPro-GTWY o EAPro-WTS en un refrigerador\/congelador. Utilice un sensor cableado con EAProGTWY o EAPro-WMFT.<\/li>\n<li style='margin-bottom: 5px;'>El EAPro-WTS NO es un dispositivo aut\u00f3nomo.<\/li>\n<\/ul><\/div>\n<\/p><\/div>\n<div style='display: flex; flex-wrap: wrap; gap: 20px; margin-bottom: 30px;'>\n<div style='flex: 1 1 250px; border: 1px solid rgba(150&comma; 150&comma; 150&comma; 0.4); border-radius: 8px; overflow: hidden; display: flex; flex-direction: column;'>\n<div style='padding: 15px; border-bottom: 1px solid rgba(150&comma; 150&comma; 150&comma; 0.2); font-weight: bold; font-size: 18px; color: inherit;'>Especificaciones<\/div>\n<div style='padding: 15px; color: inherit;'>\n<ul style='padding-left: 20px; margin: 0; font-size: 14px; list-style-type: disc;'>\n<li style='margin-bottom: 5px;'><strong>Rango de temperatura del sensor:<\/strong> De 0 a 50 \u00b0C (32 a 122 \u00b0F)<\/li>\n<li style='margin-bottom: 5px;'><strong>Rango de temperatura de funcionamiento del dispositivo:<\/strong> 0 a 50 \u00b0C (32 a 122 \u00b0F) en un entorno sin condensaci\u00f3n S\u00f3lo para uso en interiores<\/li>\n<li style='margin-bottom: 5px;'><strong>Requisitos de alimentaci\u00f3n:<\/strong> Dos pilas alcalinas AA y\/o transformador de 12~24 V DC<\/li>\n<li style='margin-bottom: 5px;'><strong>Duraci\u00f3n de las bater\u00edas:<\/strong> V\u00e9ase la declaraci\u00f3n de Winland sobre la duraci\u00f3n de las bater\u00edas<\/li>\n<li style='margin-bottom: 5px;'><strong>Frecuencia RF:<\/strong> 2&comma;405GHz a 2&comma;479GHz&comma; 7 canales<\/li>\n<li style='margin-bottom: 5px;'><strong>Distancia de transmisi\u00f3n RF:<\/strong> 500 pies (152&comma;4m) en interiores &#8211; (los resultados pueden variar)<\/li>\n<li style='margin-bottom: 5px;'><strong>Dimensiones:<\/strong> 3.9 pulgadas x 2.9 pulgadas x 1.7 pulgadas (9.9cm x 7.4cm x 4.3cm)<\/li>\n<li style='margin-bottom: 5px;'><strong>Peso:<\/strong> 3.3oz (93.5g) sin bater\u00edas \/ 4.9oz (138.9g) con bater\u00edas<\/li>\n<li style='margin-bottom: 5px;'><strong>Montaje:<\/strong> Montaje en superficie<\/li>\n<\/ul><\/div>\n<\/p><\/div>\n<\/p><\/div>\n<hr style='border: 0; border-top: 1px solid rgba(150&comma; 150&comma; 150&comma; 0.3); margin: 30px 0;'> <\/div>\n","protected":false},"excerpt":{"rendered":"<p>Sensor de temperatura inal\u00e1mbrico para EAPro\u00ae Gateway (EAPro-GTWY)<\/p>\n","protected":false},"featured_media":3452,"comment_status":"open","ping_status":"closed","template":"","meta":[],"product_brand":[],"product_cat":[32],"product_tag":[19,33,431],"class_list":{"0":"post-3453","1":"product","2":"type-product","3":"status-publish","4":"has-post-thumbnail","6":"product_cat-temperatura","7":"product_tag-detectores-sensores","8":"product_tag-temperatura","9":"product_tag-winland-electronics","11":"first","12":"instock","13":"sale","14":"shipping-taxable","15":"purchasable","16":"product-type-simple"},"_links":{"self":[{"href":"https:\/\/soydeaqui.ddns.net\/pachuca\/index.php\/wp-json\/wp\/v2\/product\/3453","targetHints":{"allow":["GET"]}}],"collection":[{"href":"https:\/\/soydeaqui.ddns.net\/pachuca\/index.php\/wp-json\/wp\/v2\/product"}],"about":[{"href":"https:\/\/soydeaqui.ddns.net\/pachuca\/index.php\/wp-json\/wp\/v2\/types\/product"}],"replies":[{"embeddable":true,"href":"https:\/\/soydeaqui.ddns.net\/pachuca\/index.php\/wp-json\/wp\/v2\/comments?post=3453"}],"wp:featuredmedia":[{"embeddable":true,"href":"https:\/\/soydeaqui.ddns.net\/pachuca\/index.php\/wp-json\/wp\/v2\/media\/3452"}],"wp:attachment":[{"href":"https:\/\/soydeaqui.ddns.net\/pachuca\/index.php\/wp-json\/wp\/v2\/media?parent=3453"}],"wp:term":[{"taxonomy":"product_brand","embeddable":true,"href":"https:\/\/soydeaqui.ddns.net\/pachuca\/index.php\/wp-json\/wp\/v2\/product_brand?post=3453"},{"taxonomy":"product_cat","embeddable":true,"href":"https:\/\/soydeaqui.ddns.net\/pachuca\/index.php\/wp-json\/wp\/v2\/product_cat?post=3453"},{"taxonomy":"product_tag","embeddable":true,"href":"https:\/\/soydeaqui.ddns.net\/pachuca\/index.php\/wp-json\/wp\/v2\/product_tag?post=3453"}],"curies":[{"name":"wp","href":"https:\/\/api.w.org\/{rel}","templated":true}]}}