{"id":34526,"date":"2026-03-18T15:23:29","date_gmt":"2026-03-18T15:23:29","guid":{"rendered":"https:\/\/soydeaqui.ddns.net\/pachuca\/index.php\/producto\/fuente-de-poder-de-24-v-cd-convencional-para-alimentacion-de-detectores-de-24-vcc-o-como-salida-de-sirena-de-24-v-cd\/"},"modified":"2026-03-18T15:23:30","modified_gmt":"2026-03-18T15:23:30","slug":"fuente-de-poder-de-24-v-cd-convencional-para-alimentacion-de-detectores-de-24-vcc-o-como-salida-de-sirena-de-24-v-cd","status":"publish","type":"product","link":"https:\/\/soydeaqui.ddns.net\/pachuca\/index.php\/producto\/fuente-de-poder-de-24-v-cd-convencional-para-alimentacion-de-detectores-de-24-vcc-o-como-salida-de-sirena-de-24-v-cd\/","title":{"rendered":"Fuente de poder de 24 v cd convencional para alimentaci\u00f3n de detectores de 24 Vcc o como salida de sirena de 24 V CD"},"content":{"rendered":"<div style='width: 100%; max-width: 1200px; margin: 0 auto; font-family: sans-serif; line-height: 1.6; color: inherit; background-color: transparent;'>\n<div style='display: flex; flex-wrap: wrap; gap: 30px; margin-bottom: 30px;'>\n<div style='flex: 1 1 300px; min-width: 280px;'>\n<h3 style='font-size: 22px; border-bottom: 2px solid currentColor; padding-bottom: 5px; margin-top: 0; color: inherit; opacity: 0.8;'>Aplicaciones<\/h3>\n<ul style='padding-left: 20px; font-size: 15px; color: inherit;'>\n<li style='margin-bottom: 5px;'>Alimentaci\u00f3n de detectores de 24 Vcc<\/li>\n<li style='margin-bottom: 5px;'>Salida de sirena de 24 V CD<\/li>\n<li style='margin-bottom: 5px;'>Paneles de Alarma e Incendio con salida de Alarma de 9-32 Vcc<\/li>\n<li style='margin-bottom: 5px;'>Cumple con requisitos de la Americans with Disabilities Act (ADA)<\/li>\n<\/ul><\/div>\n<div style='flex: 1 1 300px; min-width: 280px;'>\n<h3 style='font-size: 22px; border-bottom: 2px solid currentColor; padding-bottom: 5px; margin-top: 0; color: inherit; opacity: 0.8;'>Caracter\u00edsticas<\/h3>\n<ul style='padding-left: 20px; font-size: 15px; color: inherit;'>\n<li style='margin-bottom: 5px;'>M\u00f3dulo de expansi\u00f3n de energ\u00eda de 9 amperios<\/li>\n<li style='margin-bottom: 5px;'>Configuraci\u00f3n por DIP SWITCH<\/li>\n<li style='margin-bottom: 5px;'>Supervisi\u00f3n de Circuito por Relevador<\/li>\n<li style='margin-bottom: 5px;'>4 Circuitos de Notificaci\u00f3n<\/li>\n<li style='margin-bottom: 5px;'>Incluye patr\u00f3n ANSI de cadencia<\/li>\n<li style='margin-bottom: 5px;'>Dise\u00f1o liviano para f\u00e1cil instalaci\u00f3n<\/li>\n<li style='margin-bottom: 5px;'>Operaci\u00f3n independiente<\/li>\n<li style='margin-bottom: 5px;'>Opci\u00f3n de retardo en p\u00e9rdida de CA<\/li>\n<\/ul><\/div>\n<div style='flex: 1 1 300px; min-width: 280px;'>\n<h3 style='font-size: 22px; border-bottom: 2px solid currentColor; padding-bottom: 5px; margin-top: 0; color: inherit; opacity: 0.8;'>Especificaciones T\u00e9cnicas<\/h3>\n<ul style='padding-left: 20px; font-size: 15px; color: inherit;'>\n<li style='margin-bottom: 5px;'><strong>Entrada CA:<\/strong> 120 VCA a 3.0A<\/li>\n<li style='margin-bottom: 5px;'><strong>Salida:<\/strong> 24 VCC a 9A<\/li>\n<li style='margin-bottom: 5px;'><strong>Corriente de alarma:<\/strong> 205mA<\/li>\n<li style='margin-bottom: 5px;'><strong>Corriente en espera:<\/strong> 75mA<\/li>\n<li style='margin-bottom: 5px;'><strong>Capacidad de carga de bater\u00eda:<\/strong> 35.0 AH<\/li>\n<li style='margin-bottom: 5px;'><strong>Dimensiones:<\/strong> 12.25&#8242; W x 16&#8242; H x 3&#8242; D (30.88 cm W x 40.64 cm H x 7.62 cm D)<\/li>\n<li style='margin-bottom: 5px;'><strong>Temperatura de operaci\u00f3n:<\/strong> 32\u00b0F a 120\u00b0F (0\u00b0C a 49\u00b0C)<\/li>\n<li style='margin-bottom: 5px;'><strong>Humedad:<\/strong> 10% &#8211; 93% sin condensaci\u00f3n<\/li>\n<\/ul><\/div>\n<\/p><\/div>\n<div style='display: flex; flex-wrap: wrap; gap: 20px; margin-bottom: 30px;'>\n<div style='flex: 1 1 250px; border: 1px solid rgba(150&comma; 150&comma; 150&comma; 0.4); border-radius: 8px; overflow: hidden; display: flex; flex-direction: column;'>\n<div style='padding: 15px; border-bottom: 1px solid rgba(150&comma; 150&comma; 150&comma; 0.2); font-weight: bold; font-size: 18px; color: inherit;'>Conexiones<\/div>\n<div style='padding: 15px; color: inherit;'>\n<ul style='padding-left: 20px; margin: 0; font-size: 14px; list-style-type: disc;'>\n<li style='margin-bottom: 5px;'><strong>Entradas:<\/strong> 2 (2 Clase A o 2 Clase B)<\/li>\n<li style='margin-bottom: 5px;'><strong>Rango de voltaje de entrada:<\/strong> 9-32 VCC<\/li>\n<li style='margin-bottom: 5px;'><strong>Salidas:<\/strong> 4 circuitos de notificaci\u00f3n<\/li>\n<li style='margin-bottom: 5px;'><strong>Configuraci\u00f3n de salida:<\/strong> 2 Clase A&comma; 4 Clase B (1 Clase A &#038; 2 Clase B)<\/li>\n<\/ul><\/div>\n<\/p><\/div>\n<div style='flex: 1 1 250px; border: 1px solid rgba(150&comma; 150&comma; 150&comma; 0.4); border-radius: 8px; overflow: hidden; display: flex; flex-direction: column;'>\n<div style='padding: 15px; border-bottom: 1px solid rgba(150&comma; 150&comma; 150&comma; 0.2); font-weight: bold; font-size: 18px; color: inherit;'>Indicadores<\/div>\n<div style='padding: 15px; color: inherit;'>\n<ul style='padding-left: 20px; margin: 0; font-size: 14px; list-style-type: disc;'>\n<li style='margin-bottom: 5px;'>Alimentaci\u00f3n CA: Verde<\/li>\n<li style='margin-bottom: 5px;'>Bater\u00eda en falla: Amarillo<\/li>\n<li style='margin-bottom: 5px;'>Fallo de tierra: Amarillo<\/li>\n<li style='margin-bottom: 5px;'>Fallo auxiliar: Amarillo<\/li>\n<li style='margin-bottom: 5px;'>Fallos en salidas (1-4): Amarillo<\/li>\n<\/ul><\/div>\n<\/p><\/div>\n<div style='flex: 1 1 250px; border: 1px solid rgba(150&comma; 150&comma; 150&comma; 0.4); border-radius: 8px; overflow: hidden; display: flex; flex-direction: column;'>\n<div style='padding: 15px; border-bottom: 1px solid rgba(150&comma; 150&comma; 150&comma; 0.2); font-weight: bold; font-size: 18px; color: inherit;'>Supervisi\u00f3n<\/div>\n<div style='padding: 15px; color: inherit;'>\n<ul style='padding-left: 20px; margin: 0; font-size: 14px; list-style-type: disc;'>\n<li style='margin-bottom: 5px;'>Bajo voltaje CA<\/li>\n<li style='margin-bottom: 5px;'>Condici\u00f3n de bater\u00eda baja<\/li>\n<li style='margin-bottom: 5px;'>Fallo de tierra<\/li>\n<li style='margin-bottom: 5px;'>Condici\u00f3n de l\u00edmite de potencia de salida auxiliar<\/li>\n<li style='margin-bottom: 5px;'>Fallo en supervisi\u00f3n EOL o condici\u00f3n limitada de potencia en salida<\/li>\n<\/ul><\/div>\n<\/p><\/div>\n<div style='flex: 1 1 250px; border: 1px solid rgba(150&comma; 150&comma; 150&comma; 0.4); border-radius: 8px; overflow: hidden; display: flex; flex-direction: column;'>\n<div style='padding: 15px; border-bottom: 1px solid rgba(150&comma; 150&comma; 150&comma; 0.2); font-weight: bold; font-size: 18px; color: inherit;'>Compatibilidad<\/div>\n<div style='padding: 15px; color: inherit;'>\n<ul style='padding-left: 20px; margin: 0; font-size: 14px; list-style-type: disc;'>\n<li style='margin-bottom: 5px;'>System Sensor\u00ae<\/li>\n<li style='margin-bottom: 5px;'>AMSECO<\/li>\n<li style='margin-bottom: 5px;'>Gentex\u00ae<\/li>\n<li style='margin-bottom: 5px;'>Wheelock\u00ae<\/li>\n<\/ul><\/div>\n<\/p><\/div>\n<\/p><\/div>\n<div style='display: flex; flex-wrap: wrap; gap: 30px; margin-bottom: 30px;'>\n<div style='flex: 1 1 300px; min-width: 280px;'>\n<h3 style='font-size: 22px; border-bottom: 2px solid currentColor; padding-bottom: 5px; margin-top: 0; color: inherit; opacity: 0.8;'>Requisitos de Alimentaci\u00f3n<\/h3>\n<ul style='padding-left: 20px; font-size: 15px; color: inherit;'>\n<li style='margin-bottom: 5px;'>Requiere 2 Bater\u00edas BAT1270 de 12 Vcc&comma; 7Ah<\/li>\n<li style='margin-bottom: 5px;'>Alimentaci\u00f3n principal: 120 VCA<\/li>\n<li style='margin-bottom: 5px;'>Consumo en espera: 75mA<\/li>\n<li style='margin-bottom: 5px;'>Consumo en alarma: 205mA<\/li>\n<\/ul><\/div>\n<div style='flex: 1 1 300px; min-width: 280px;'>\n<h3 style='font-size: 22px; border-bottom: 2px solid currentColor; padding-bottom: 5px; margin-top: 0; color: inherit; opacity: 0.8;'>Certificaciones<\/h3>\n<ul style='padding-left: 20px; font-size: 15px; color: inherit;'>\n<li style='margin-bottom: 5px;'>UL Listed<\/li>\n<li style='margin-bottom: 5px;'>CSFM 7300-0559:123<\/li>\n<li style='margin-bottom: 5px;'>Cumple con NFPA 72<\/li>\n<li style='margin-bottom: 5px;'>MEA 429-92-E Vol XII<\/li>\n<li style='margin-bottom: 5px;'>OSHPD (CA) OSP-0065-10<\/li>\n<\/ul><\/div>\n<\/p><\/div>\n<div style='display: flex; flex-wrap: wrap; gap: 30px; margin-bottom: 30px;'>\n<div style='flex: 1 1 300px; min-width: 280px;'>\n<h3 style='font-size: 22px; border-bottom: 2px solid currentColor; padding-bottom: 5px; margin-top: 0; color: inherit; opacity: 0.8;'>Accesorios<\/h3>\n<ul style='padding-left: 20px; font-size: 15px; color: inherit;'>\n<li style='margin-bottom: 5px;'>SK-SCK: Kit de Cumplimiento S\u00edsmico<\/li>\n<\/ul><\/div>\n<div style='flex: 1 1 300px; min-width: 280px;'>\n<h3 style='font-size: 22px; border-bottom: 2px solid currentColor; padding-bottom: 5px; margin-top: 0; color: inherit; opacity: 0.8;'>Advertencias<\/h3>\n<ul style='padding-left: 20px; font-size: 15px; color: inherit;'>\n<li style='margin-bottom: 5px;'>*Todos los productos Silent Knight son sobre pedido<\/li>\n<li style='margin-bottom: 5px;'>Este documento no est\u00e1 destinado para uso en instalaciones<\/li>\n<li style='margin-bottom: 5px;'>Las especificaciones est\u00e1n sujetas a cambio sin previo aviso<\/li>\n<\/ul><\/div>\n<\/p><\/div>\n<div style='display: flex; flex-wrap: wrap; gap: 30px; margin-bottom: 30px;'>\n<div style='flex: 1 1 300px; min-width: 280px;'>\n<h3 style='font-size: 22px; border-bottom: 2px solid currentColor; padding-bottom: 5px; margin-top: 0; color: inherit; opacity: 0.8;'>Conexi\u00f3n de Dispositivos<\/h3>\n<ul style='padding-left: 20px; font-size: 15px; color: inherit;'>\n<li style='margin-bottom: 5px;'>Conexi\u00f3n de resistencia de fin de l\u00ednea (EOL) entre dos terminales<\/li>\n<li style='margin-bottom: 5px;'>Conexi\u00f3n de dispositivos de notificaci\u00f3n polarizados con resistencias de 4.7kW<\/li>\n<li style='margin-bottom: 5px;'>Posibilidad de conectar un 5499 por circuito de notificaci\u00f3n<\/li>\n<\/ul><\/div>\n<div style='flex: 1 1 300px; min-width: 280px;'>\n<h3 style='font-size: 22px; border-bottom: 2px solid currentColor; padding-bottom: 5px; margin-top: 0; color: inherit; opacity: 0.8;'>Caracter\u00edsticas de Salida<\/h3>\n<ul style='padding-left: 20px; font-size: 15px; color: inherit;'>\n<li style='margin-bottom: 5px;'>3 amperios por salida<\/li>\n<li style='margin-bottom: 5px;'>9 amperios totales<\/li>\n<li style='margin-bottom: 5px;'>Voltaje de salida filtrado de 24 VCC<\/li>\n<li style='margin-bottom: 5px;'>Circuito auxiliar de alimentaci\u00f3n<\/li>\n<\/ul><\/div>\n<\/p><\/div>\n<div style='display: flex; flex-wrap: wrap; gap: 30px; margin-bottom: 30px;'>\n<div style='flex: 1 1 300px; min-width: 280px;'>\n<h3 style='font-size: 22px; border-bottom: 2px solid currentColor; padding-bottom: 5px; margin-top: 0; color: inherit; opacity: 0.8;'>Conexi\u00f3n a Paneles de Control<\/h3>\n<ul style='padding-left: 20px; font-size: 15px; color: inherit;'>\n<li style='margin-bottom: 5px;'>Compatible con paneles que tengan salidas de 9-32 VCC<\/li>\n<li style='margin-bottom: 5px;'>Conexi\u00f3n mediante circuitos de notificaci\u00f3n tipo Clase A o B<\/li>\n<li style='margin-bottom: 5px;'>Mantiene supervisi\u00f3n completa hasta el panel de control<\/li>\n<\/ul><\/div>\n<\/p><\/div>\n<div style='display: flex; flex-wrap: wrap; gap: 30px; margin-bottom: 30px;'>\n<div style='flex: 1 1 300px; min-width: 280px;'>\n<h3 style='font-size: 22px; border-bottom: 2px solid currentColor; padding-bottom: 5px; margin-top: 0; color: inherit; opacity: 0.8;'>Im\u00e1genes<\/h3>\n<div style='display: flex; flex-wrap: wrap; gap: 15px;'>\n<div style='flex: 1 1 100%; min-width: 300px;'> <img style='width: 100%; height: auto; border: 1px solid rgba(150&comma;150&comma;150&comma;0.3); border-radius: 8px;' src='http:\/\/ftp3.syscom.mx\/usuarios\/fotos\/5499\/5499_1.png' alt=''> <\/div>\n<div style='flex: 1 1 100%; min-width: 300px;'> <img style='width: 100%; height: auto; border: 1px solid rgba(150&comma;150&comma;150&comma;0.3); border-radius: 8px;' src='http:\/\/ftp3.syscom.mx\/usuarios\/fotos\/5499\/5499_2.png' alt=''> <\/div>\n<\/p><\/div>\n<\/p><\/div>\n<\/p><\/div>\n<hr style='border: 0; border-top: 1px solid rgba(150&comma; 150&comma; 150&comma; 0.3); margin: 30px 0;'> <\/div>\n","protected":false},"excerpt":{"rendered":"<p>Fuente de poder de 24 v cd convencional para alimentaci\u00f3n de detectores de 24 Vcc o como salida de sirena de 24 V CD<\/p>\n","protected":false},"featured_media":34525,"comment_status":"open","ping_status":"closed","template":"","meta":[],"product_brand":[],"product_cat":[1022],"product_tag":[457,523,225],"class_list":{"0":"post-34526","1":"product","2":"type-product","3":"status-publish","4":"has-post-thumbnail","6":"product_cat-todo-fuentes-de-alimentacion-deteccion-de-fuego","7":"product_tag-fuentes-de-alimentacion","8":"product_tag-silent-knight-by-honeywell","9":"product_tag-todo","11":"first","12":"outofstock","13":"sale","14":"shipping-taxable","15":"purchasable","16":"product-type-simple"},"_links":{"self":[{"href":"https:\/\/soydeaqui.ddns.net\/pachuca\/index.php\/wp-json\/wp\/v2\/product\/34526","targetHints":{"allow":["GET"]}}],"collection":[{"href":"https:\/\/soydeaqui.ddns.net\/pachuca\/index.php\/wp-json\/wp\/v2\/product"}],"about":[{"href":"https:\/\/soydeaqui.ddns.net\/pachuca\/index.php\/wp-json\/wp\/v2\/types\/product"}],"replies":[{"embeddable":true,"href":"https:\/\/soydeaqui.ddns.net\/pachuca\/index.php\/wp-json\/wp\/v2\/comments?post=34526"}],"wp:featuredmedia":[{"embeddable":true,"href":"https:\/\/soydeaqui.ddns.net\/pachuca\/index.php\/wp-json\/wp\/v2\/media\/34525"}],"wp:attachment":[{"href":"https:\/\/soydeaqui.ddns.net\/pachuca\/index.php\/wp-json\/wp\/v2\/media?parent=34526"}],"wp:term":[{"taxonomy":"product_brand","embeddable":true,"href":"https:\/\/soydeaqui.ddns.net\/pachuca\/index.php\/wp-json\/wp\/v2\/product_brand?post=34526"},{"taxonomy":"product_cat","embeddable":true,"href":"https:\/\/soydeaqui.ddns.net\/pachuca\/index.php\/wp-json\/wp\/v2\/product_cat?post=34526"},{"taxonomy":"product_tag","embeddable":true,"href":"https:\/\/soydeaqui.ddns.net\/pachuca\/index.php\/wp-json\/wp\/v2\/product_tag?post=34526"}],"curies":[{"name":"wp","href":"https:\/\/api.w.org\/{rel}","templated":true}]}}