{"id":34516,"date":"2026-03-18T15:23:15","date_gmt":"2026-03-18T15:23:15","guid":{"rendered":"https:\/\/soydeaqui.ddns.net\/pachuca\/index.php\/producto\/estacion-de-jalon-convencional-de-accion-simple-0600-01200-incluye-varilla-de-vidrio\/"},"modified":"2026-03-18T15:23:20","modified_gmt":"2026-03-18T15:23:20","slug":"estacion-de-jalon-convencional-de-accion-simple-0600-01200-incluye-varilla-de-vidrio","status":"publish","type":"product","link":"https:\/\/soydeaqui.ddns.net\/pachuca\/index.php\/producto\/estacion-de-jalon-convencional-de-accion-simple-0600-01200-incluye-varilla-de-vidrio\/","title":{"rendered":"Estaci\u00f3n De Jal\u00f3n Convencional De Acci\u00f3n Simple (0600-01200) (incluye varilla de vidrio)"},"content":{"rendered":"<div style='width: 100%; max-width: 1200px; margin: 0 auto; font-family: sans-serif; line-height: 1.6; color: inherit; background-color: transparent;'>\n<div style='display: flex; flex-direction: column; gap: 20px;'>\n<div style='width: 100%;'>\n<p style='margin: 0; font-size: 14px; color: inherit; opacity: 0.8;'>C\u00f3digo Producto: <strong>0600-01200<\/strong><\/p>\n<\/p><\/div>\n<div style='width: 100%;'>\n<p style='font-size: 14px; color: inherit; text-align: justify;'>Las estaciones de extracci\u00f3n de la serie HPS Hochiki America&#8217;s Models est\u00e1n disponibles en seis modelos. Cada modelo est\u00e1 construido con una carcasa de fundici\u00f3n s\u00f3lida y viene en rojo brillante. La placa del interruptor posterior es de acero chapado. El interruptor el\u00e9ctrico est\u00e1 clasificado para una clasificaci\u00f3n de contacto normalmente abierto de 10 Amps a 120 VDC. Todos los modelos est\u00e1n conectados a trav\u00e9s de conexiones de bloque de terminales.<\/p>\n<\/p><\/div>\n<div style='width: 100%;'>\n<h3 style='font-size: 22px; border-bottom: 2px solid currentColor; padding-bottom: 5px; margin-top: 0; color: inherit; opacity: 0.8;'>CARACTER\u00cdSTICAS EST\u00c1NDAR<\/h3>\n<ul style='padding-left: 20px; font-size: 14px; color: inherit; list-style-type: disc;'>\n<li style='margin-bottom: 5px;'><span style='font-size: 14px; color: inherit;'>Construcci\u00f3n de metal<\/span><\/li>\n<li style='margin-bottom: 5px;'><span style='font-size: 14px; color: inherit;'>Interruptor cerrado con varilla de vidrio (incluido)<\/span><\/li>\n<li style='margin-bottom: 5px;'><span style='font-size: 14px; color: inherit;'>10 Amps a 120 VAC<\/span><\/li>\n<li style='margin-bottom: 5px;'><span style='font-size: 14px; color: inherit;'>Disponible en: Acci\u00f3n \u00fanica&comma; Acci\u00f3n dual y Acci\u00f3n dual en espa\u00f1ol (HPS-DAH \/ S)<\/span><\/li>\n<li style='margin-bottom: 5px;'><span style='font-size: 14px; color: inherit;'>UL&comma; CSFM Listado<\/span><\/li>\n<li style='margin-bottom: 5px;'><span style='font-size: 14px; color: inherit;'>Hecho en EE.UU<\/span><\/li>\n<li style='margin-bottom: 5px;'><span style='font-size: 14px; color: inherit;'>Una acci\u00f3n<\/span><\/li>\n<li style='margin-bottom: 5px;'><span style='font-size: 14px; color: inherit;'>Incluye varilla de vidrio.<\/span><\/li>\n<li style='margin-bottom: 5px;'><span style='font-size: 14px; color: inherit;'>Restablecimiento con llave allen.<\/span><\/li>\n<li style='margin-bottom: 5px;'><span style='font-size: 14px; color: inherit;'>Construcci\u00f3n de Metal.<\/span><\/li>\n<li style='margin-bottom: 5px;'><span style='font-size: 14px; color: inherit;'>Tipo de Salida: N\/O<\/span><\/li>\n<li style='margin-bottom: 5px;'><span style='font-size: 14px; color: inherit;'>Dimensiones: 101 x 139 x 36.5 mm.<\/span><\/li>\n<\/ul><\/div>\n<\/p><\/div>\n<\/p><\/div>\n","protected":false},"excerpt":{"rendered":"<p>Estaci\u00f3n De Jal\u00f3n Convencional De Acci\u00f3n Simple (0600-01200) (incluye varilla de vidrio)<\/p>\n","protected":false},"featured_media":34515,"comment_status":"open","ping_status":"closed","template":"","meta":[],"product_brand":[],"product_cat":[521],"product_tag":[522,519,406],"class_list":{"0":"post-34516","1":"product","2":"type-product","3":"status-publish","4":"has-post-thumbnail","6":"product_cat-estaciones-manuales-de-emergencia-dispositivos-convencionales","7":"product_tag-dispositivos-convencionales","8":"product_tag-estaciones-manuales-de-emergencia","9":"product_tag-hochiki","11":"first","12":"instock","13":"sale","14":"shipping-taxable","15":"purchasable","16":"product-type-simple"},"_links":{"self":[{"href":"https:\/\/soydeaqui.ddns.net\/pachuca\/index.php\/wp-json\/wp\/v2\/product\/34516","targetHints":{"allow":["GET"]}}],"collection":[{"href":"https:\/\/soydeaqui.ddns.net\/pachuca\/index.php\/wp-json\/wp\/v2\/product"}],"about":[{"href":"https:\/\/soydeaqui.ddns.net\/pachuca\/index.php\/wp-json\/wp\/v2\/types\/product"}],"replies":[{"embeddable":true,"href":"https:\/\/soydeaqui.ddns.net\/pachuca\/index.php\/wp-json\/wp\/v2\/comments?post=34516"}],"wp:featuredmedia":[{"embeddable":true,"href":"https:\/\/soydeaqui.ddns.net\/pachuca\/index.php\/wp-json\/wp\/v2\/media\/34515"}],"wp:attachment":[{"href":"https:\/\/soydeaqui.ddns.net\/pachuca\/index.php\/wp-json\/wp\/v2\/media?parent=34516"}],"wp:term":[{"taxonomy":"product_brand","embeddable":true,"href":"https:\/\/soydeaqui.ddns.net\/pachuca\/index.php\/wp-json\/wp\/v2\/product_brand?post=34516"},{"taxonomy":"product_cat","embeddable":true,"href":"https:\/\/soydeaqui.ddns.net\/pachuca\/index.php\/wp-json\/wp\/v2\/product_cat?post=34516"},{"taxonomy":"product_tag","embeddable":true,"href":"https:\/\/soydeaqui.ddns.net\/pachuca\/index.php\/wp-json\/wp\/v2\/product_tag?post=34516"}],"curies":[{"name":"wp","href":"https:\/\/api.w.org\/{rel}","templated":true}]}}