{"id":34510,"date":"2026-03-18T15:23:08","date_gmt":"2026-03-18T15:23:08","guid":{"rendered":"https:\/\/soydeaqui.ddns.net\/pachuca\/index.php\/producto\/protector-todo-en-uno-alimentacion-120-vca-base-para-5-modulos-dtk-2mhlp-para-lazos-slc-idc-nac\/"},"modified":"2026-03-18T15:23:08","modified_gmt":"2026-03-18T15:23:08","slug":"protector-todo-en-uno-alimentacion-120-vca-base-para-5-modulos-dtk-2mhlp-para-lazos-slc-idc-nac","status":"publish","type":"product","link":"https:\/\/soydeaqui.ddns.net\/pachuca\/index.php\/producto\/protector-todo-en-uno-alimentacion-120-vca-base-para-5-modulos-dtk-2mhlp-para-lazos-slc-idc-nac\/","title":{"rendered":"Protector  &#8220;todo en uno&#8221; alimentaci\u00f3n 120 Vca, base para 5 m\u00f3dulos DTK-2MHLP para lazos SLC\/IDC\/NAC."},"content":{"rendered":"<div style='width: 100%; max-width: 1200px; margin: 0 auto; font-family: sans-serif; line-height: 1.6; color: inherit; background-color: transparent;'> <!-- Secci\u00f3n intro --> <\/p>\n<div style='margin-bottom: 30px;'>\n<p style='font-size: 16px; margin-top: 0; margin-bottom: 20px;'><strong>El DTK-TSS1 est\u00e1 equipado con protecci\u00f3n contra sobretensiones para 120 Vca DTK-120SRD 120VAC&comma; protecci\u00f3n de lazos con el DTK-5MB. A\u00f1adiendo m\u00f3dulos DTK-2MHLP o m\u00f3dulos de telecomunicaciones DTK-2MHLP ofrece una soluci\u00f3n personalizada para su sistema. Protecci\u00f3n completa&comma; instalaci\u00f3n simple&comma; de alta calidad&comma; y los m\u00f3dulos reemplazables en campo hacen que el DTK-TSS1 sea el ajuste perfecto para sistemas de alarma direccionable o paneles de control. Para paneles en conexi\u00f3n de red utilice el DTK-TSS1IP.<\/strong><\/p>\n<\/p><\/div>\n<p> <!-- Secci\u00f3n de caracter\u00edsticas --> <\/p>\n<div style='display: flex; flex-wrap: wrap; gap: 30px; margin-bottom: 30px;'>\n<div style='flex: 1 1 300px; min-width: 280px;'>\n<h3 style='font-size: 22px; border-bottom: 2px solid currentColor; padding-bottom: 5px; margin-top: 0; color: inherit; opacity: 0.8;'>Caracter\u00edsticas<\/h3>\n<ul style='padding-left: 20px; font-size: 15px; color: inherit;'>\n<li style='margin-bottom: 5px;'><strong>Rango de corriente:<\/strong> 20 A.<\/li>\n<li style='margin-bottom: 5px;'><strong>Protecci\u00f3n transitoria:<\/strong> 54 kA.<\/li>\n<li style='margin-bottom: 5px;'><strong>Monitoreo de protecci\u00f3n y estado:<\/strong> Salidas de relevador<\/li>\n<li style='margin-bottom: 5px;'><strong>M\u00f3dulos reemplazables:<\/strong> para circuitos NAC&comma; IDC\/PIV&comma; SLC.<\/li>\n<\/ul><\/div>\n<\/p><\/div>\n<p> <!-- Secci\u00f3n de especificaciones por componentes --> <\/p>\n<div style='display: flex; flex-wrap: wrap; gap: 20px; margin-bottom: 30px;'>\n<div style='flex: 1 1 250px; border: 1px solid rgba(150&comma; 150&comma; 150&comma; 0.4); border-radius: 8px; overflow: hidden; display: flex; flex-direction: column;'>\n<div style='padding: 15px; border-bottom: 1px solid rgba(150&comma; 150&comma; 150&comma; 0.2); font-weight: bold; font-size: 18px; color: inherit;'>DTK-120SRD<\/div>\n<div style='padding: 15px; color: inherit;'>\n<ul style='padding-left: 20px; margin: 0; font-size: 14px; list-style-type: disc;'>\n<li style='margin-bottom: 5px;'><strong>Tipo de protector:<\/strong> tipo 4 SPD&comma; para aplicaci\u00f3n tipo 2.<\/li>\n<li style='margin-bottom: 5px;'><strong>Descarga nominal:<\/strong> 3kA.<\/li>\n<li style='margin-bottom: 5px;'><strong>SCCR:<\/strong> 10 kA.<\/li>\n<li style='margin-bottom: 5px;'><strong>M\u00e1ximo voltaje en operaci\u00f3n:<\/strong> 150 Vca.<\/li>\n<li style='margin-bottom: 5px;'><strong>Corriente pico:<\/strong> 54&comma;000 Amper.<\/li>\n<li style='margin-bottom: 5px;'><strong>Indicador:<\/strong> Tipo LED.<\/li>\n<li style='margin-bottom: 5px;'><strong>Salida de relevador:<\/strong> tipo C.<\/li>\n<\/ul><\/div>\n<\/p><\/div>\n<div style='flex: 1 1 250px; border: 1px solid rgba(150&comma; 150&comma; 150&comma; 0.4); border-radius: 8px; overflow: hidden; display: flex; flex-direction: column;'>\n<div style='padding: 15px; border-bottom: 1px solid rgba(150&comma; 150&comma; 150&comma; 0.2); font-weight: bold; font-size: 18px; color: inherit;'>M\u00f3dulos de protecci\u00f3n para bajo voltaje<\/div>\n<div style='padding: 15px; color: inherit;'>\n<ul style='padding-left: 20px; margin: 0; font-size: 14px; list-style-type: disc;'>\n<li style='margin-bottom: 5px;'>M\u00f3dulos reemplazables<\/li>\n<li style='margin-bottom: 5px;'><strong>DTK-2MHLP<\/strong> (Protector modular para 2 pares&comma; campo reemplazable&comma; con base&comma; circuito de 5&comma;12 y 24 Volts)<\/li>\n<li style='margin-bottom: 5px;'><strong>DTK-2MHLP<\/strong> (M\u00f3dulo de bajo voltaje protege pares de se\u00f1ales de datos)<\/li>\n<li style='margin-bottom: 5px;'><strong>DTK-2MHLPTM<\/strong> (M\u00f3dulo para base para modelo DTK-TSS1&comma; para lazo de telefon\u00eda de 130 V)<\/li>\n<li style='margin-bottom: 5px;'><strong>DTK-2MHLP<\/strong> (M\u00f3dulo incluido)<\/li>\n<\/ul><\/div>\n<\/p><\/div>\n<div style='flex: 1 1 250px; border: 1px solid rgba(150&comma; 150&comma; 150&comma; 0.4); border-radius: 8px; overflow: hidden; display: flex; flex-direction: column;'>\n<div style='padding: 15px; border-bottom: 1px solid rgba(150&comma; 150&comma; 150&comma; 0.2); font-weight: bold; font-size: 18px; color: inherit;'>Especificaciones<\/div>\n<div style='padding: 15px; color: inherit;'>\n<ul style='padding-left: 20px; margin: 0; font-size: 14px; list-style-type: disc;'>\n<li style='margin-bottom: 5px;'><strong>Voltajes disponibles:<\/strong> 5-130 Vcc<\/li>\n<li style='margin-bottom: 5px;'><strong>Corriente m\u00e1xima por circuito:<\/strong> 5A por m\u00f3dulo<\/li>\n<li style='margin-bottom: 5px;'><strong>Temperatura de operaci\u00f3n:<\/strong> -40 \u00b0C a 80 \u00b0C.<\/li>\n<li style='margin-bottom: 5px;'><strong>Dimensiones:<\/strong> 41 mm x 483 mm x 75 mm.<\/li>\n<li style='margin-bottom: 5px;'><strong>Peso:<\/strong> 5 Kg.<\/li>\n<\/ul><\/div>\n<\/p><\/div>\n<\/p><\/div>\n<p> <!-- Secci\u00f3n certificaciones --> <\/p>\n<div style='margin-bottom: 30px;'>\n<h3 style='font-size: 22px; border-bottom: 2px solid currentColor; padding-bottom: 5px; margin-top: 0; color: inherit; opacity: 0.8;'>Certificaciones<\/h3>\n<ul style='padding-left: 20px; font-size: 15px; color: inherit;'>\n<li style='margin-bottom: 5px;'>UL 1449 3ra. Edici\u00f3n.<\/li>\n<\/ul><\/div>\n<p> <!-- Separador --> <\/p>\n<hr style='border: 0; border-top: 1px solid rgba(150&comma; 150&comma; 150&comma; 0.3); margin: 30px 0;'> <\/div>\n","protected":false},"excerpt":{"rendered":"<p>Protector  &#8220;todo en uno&#8221; alimentaci\u00f3n 120 Vca, base para 5 m\u00f3dulos DTK-2MHLP para lazos SLC\/IDC\/NAC.<\/p>\n","protected":false},"featured_media":34509,"comment_status":"open","ping_status":"closed","template":"","meta":[],"product_brand":[],"product_cat":[532],"product_tag":[534,533,62],"class_list":{"0":"post-34510","1":"product","2":"type-product","3":"status-publish","4":"has-post-thumbnail","6":"product_cat-todos-proteccion-contra-sobretensiones","7":"product_tag-ditek","8":"product_tag-proteccion-contra-sobretensiones","9":"product_tag-todos","11":"first","12":"outofstock","13":"sale","14":"shipping-taxable","15":"purchasable","16":"product-type-simple"},"_links":{"self":[{"href":"https:\/\/soydeaqui.ddns.net\/pachuca\/index.php\/wp-json\/wp\/v2\/product\/34510","targetHints":{"allow":["GET"]}}],"collection":[{"href":"https:\/\/soydeaqui.ddns.net\/pachuca\/index.php\/wp-json\/wp\/v2\/product"}],"about":[{"href":"https:\/\/soydeaqui.ddns.net\/pachuca\/index.php\/wp-json\/wp\/v2\/types\/product"}],"replies":[{"embeddable":true,"href":"https:\/\/soydeaqui.ddns.net\/pachuca\/index.php\/wp-json\/wp\/v2\/comments?post=34510"}],"wp:featuredmedia":[{"embeddable":true,"href":"https:\/\/soydeaqui.ddns.net\/pachuca\/index.php\/wp-json\/wp\/v2\/media\/34509"}],"wp:attachment":[{"href":"https:\/\/soydeaqui.ddns.net\/pachuca\/index.php\/wp-json\/wp\/v2\/media?parent=34510"}],"wp:term":[{"taxonomy":"product_brand","embeddable":true,"href":"https:\/\/soydeaqui.ddns.net\/pachuca\/index.php\/wp-json\/wp\/v2\/product_brand?post=34510"},{"taxonomy":"product_cat","embeddable":true,"href":"https:\/\/soydeaqui.ddns.net\/pachuca\/index.php\/wp-json\/wp\/v2\/product_cat?post=34510"},{"taxonomy":"product_tag","embeddable":true,"href":"https:\/\/soydeaqui.ddns.net\/pachuca\/index.php\/wp-json\/wp\/v2\/product_tag?post=34510"}],"curies":[{"name":"wp","href":"https:\/\/api.w.org\/{rel}","templated":true}]}}