{"id":34505,"date":"2026-03-18T15:23:02","date_gmt":"2026-03-18T15:23:02","guid":{"rendered":"https:\/\/soydeaqui.ddns.net\/pachuca\/index.php\/producto\/detector-fotoelectrico-de-humo-de-4-hilos-con-relevador-y-sensor-de-temperatura-serie-i3\/"},"modified":"2026-03-18T15:23:06","modified_gmt":"2026-03-18T15:23:06","slug":"detector-fotoelectrico-de-humo-de-4-hilos-con-relevador-y-sensor-de-temperatura-serie-i3","status":"publish","type":"product","link":"https:\/\/soydeaqui.ddns.net\/pachuca\/index.php\/producto\/detector-fotoelectrico-de-humo-de-4-hilos-con-relevador-y-sensor-de-temperatura-serie-i3\/","title":{"rendered":"Detector Fotoelectrico de Humo de 4 Hilos con Relevador y Sensor de Temperatura, Serie i3"},"content":{"rendered":"<div style='width: 100%; max-width: 1200px; margin: 0 auto; font-family: sans-serif; line-height: 1.6; color: inherit; background-color: transparent;'>\n<div style='display: flex; flex-wrap: wrap; gap: 30px; margin-bottom: 30px;'>\n<div style='flex: 1 1 300px; min-width: 280px;'>\n<h3 style='font-size: 22px; border-bottom: 2px solid currentColor; padding-bottom: 5px; margin-top: 0; color: inherit; opacity: 0.8;'>Caracter\u00edsticas t\u00e9cnicas<\/h3>\n<ul style='padding-left: 20px; font-size: 15px; color: inherit;'>\n<li style='margin-bottom: 5px;'>Sensor fotoel\u00e9ctrico<\/li>\n<li style='margin-bottom: 5px;'><strong>Voltaje:<\/strong> 12\/24 Vcc<\/li>\n<li style='margin-bottom: 5px;'><strong>Relevador Forma C:<\/strong> 2A @ 30 Vca\/Vcc<\/li>\n<li style='margin-bottom: 5px;'><strong>Sensor de temperatura:<\/strong> Fijo a 57.2\u00b0C<\/li>\n<li style='margin-bottom: 5px;'><strong>Corriente en estado pasivo:<\/strong> 50 \u03bcA<\/li>\n<li style='margin-bottom: 5px;'><strong>Corriente en alarma:<\/strong> 130 mA<\/li>\n<li style='margin-bottom: 5px;'><strong>Sensibilidad:<\/strong> 2.5%\/pie<\/li>\n<li style='margin-bottom: 5px;'><strong>Temperatura de servicio:<\/strong> 0\u00ba a 37.8\u00ba C<\/li>\n<li style='margin-bottom: 5px;'><strong>Humedad:<\/strong> 0 a 95% sin condensaci\u00f3n<\/li>\n<li style='margin-bottom: 5px;'><strong>Dimensiones:<\/strong> 134 mm de di\u00e1metro&comma; 51 mm de altura<\/li>\n<\/ul><\/div>\n<div style='flex: 1 1 300px; min-width: 280px;'>\n<h3 style='font-size: 22px; border-bottom: 2px solid currentColor; padding-bottom: 5px; margin-top: 0; color: inherit; opacity: 0.8;'>Funcionalidades<\/h3>\n<ul style='padding-left: 20px; font-size: 15px; color: inherit;'>\n<li style='margin-bottom: 5px;'>Algoritmos de compensaci\u00f3n autom\u00e1tica de sensibilidad por ensuciamiento<\/li>\n<li style='margin-bottom: 5px;'>Ajuste matem\u00e1tico de curvas para minimizar falsas alarmas<\/li>\n<li style='margin-bottom: 5px;'>Detecci\u00f3n de efectos de corta duraci\u00f3n (interferencia electromagn\u00e9tica y de radio frecuencia)<\/li>\n<li style='margin-bottom: 5px;'>Detecci\u00f3n de efectos de larga duraci\u00f3n (acumulaci\u00f3n de polvo)<\/li>\n<li style='margin-bottom: 5px;'>Se\u00f1al remota de mantenimiento cuando el detector entra en condici\u00f3n de limpieza<\/li>\n<li style='margin-bottom: 5px;'>Detecci\u00f3n de falla por congelamiento cuando la temperatura ambiente est\u00e1 por debajo de 5\u00b0C<\/li>\n<li style='margin-bottom: 5px;'>Compatibilidad con m\u00f3dulo de inspecci\u00f3n SENSRDR para medir sensibilidad en porcentaje de obscurecimiento por pie<\/li>\n<\/ul><\/div>\n<\/p><\/div>\n<div style='margin-bottom: 30px;'>\n<h3 style='font-size: 22px; border-bottom: 2px solid currentColor; padding-bottom: 5px; margin-top: 0; color: inherit; opacity: 0.8;'>Descripci\u00f3n<\/h3>\n<p style='font-size: 15px; color: inherit; margin-top: 10px;'>Los detectores de humo Serie i3\u2122 con sirena y\/o relevador representan un avance tecnol\u00f3gico significativo en la detecci\u00f3n convencional&comma; cuentan con caracter\u00edsticas enriquecidas para una instalaci\u00f3n simple&comma; inspecci\u00f3n instant\u00e1nea e inteligencia para rechazar falsas alarmas.<\/p>\n<p style='font-size: 15px; color: inherit; margin-top: 10px;'>Cuando se conectan detectores i3 de 2 hilos al m\u00f3dulo de mantenimiento y prueba de lazo 2WMOD2 \u00f3 a un panel compatible con protocolo i3 (i3 Ready\u2122) estos generar\u00e1n una se\u00f1al remota de mantenimiento&comma; cuando alg\u00fan detector entre en condici\u00f3n de limpieza y\/o de falla por congelamiento cuando la temperatura ambiente que rodea al detector se encuentre por debajo de 5 \u00b0C.<\/p>\n<\/p><\/div>\n<hr style='border: 0; border-top: 1px solid rgba(150&comma; 150&comma; 150&comma; 0.3); margin: 30px 0;'> <\/div>\n","protected":false},"excerpt":{"rendered":"<p>Detector Fotoelectrico de Humo de 4 Hilos con Relevador y Sensor de Temperatura, Serie i3<\/p>\n","protected":false},"featured_media":34504,"comment_status":"open","ping_status":"closed","template":"","meta":[],"product_brand":[],"product_cat":[992],"product_tag":[993,522,468],"class_list":{"0":"post-34505","1":"product","2":"type-product","3":"status-publish","4":"has-post-thumbnail","6":"product_cat-detectores-de-humo","7":"product_tag-detectores-de-humo","8":"product_tag-dispositivos-convencionales","9":"product_tag-system-sensor","11":"first","12":"instock","13":"sale","14":"shipping-taxable","15":"purchasable","16":"product-type-simple"},"_links":{"self":[{"href":"https:\/\/soydeaqui.ddns.net\/pachuca\/index.php\/wp-json\/wp\/v2\/product\/34505","targetHints":{"allow":["GET"]}}],"collection":[{"href":"https:\/\/soydeaqui.ddns.net\/pachuca\/index.php\/wp-json\/wp\/v2\/product"}],"about":[{"href":"https:\/\/soydeaqui.ddns.net\/pachuca\/index.php\/wp-json\/wp\/v2\/types\/product"}],"replies":[{"embeddable":true,"href":"https:\/\/soydeaqui.ddns.net\/pachuca\/index.php\/wp-json\/wp\/v2\/comments?post=34505"}],"wp:featuredmedia":[{"embeddable":true,"href":"https:\/\/soydeaqui.ddns.net\/pachuca\/index.php\/wp-json\/wp\/v2\/media\/34504"}],"wp:attachment":[{"href":"https:\/\/soydeaqui.ddns.net\/pachuca\/index.php\/wp-json\/wp\/v2\/media?parent=34505"}],"wp:term":[{"taxonomy":"product_brand","embeddable":true,"href":"https:\/\/soydeaqui.ddns.net\/pachuca\/index.php\/wp-json\/wp\/v2\/product_brand?post=34505"},{"taxonomy":"product_cat","embeddable":true,"href":"https:\/\/soydeaqui.ddns.net\/pachuca\/index.php\/wp-json\/wp\/v2\/product_cat?post=34505"},{"taxonomy":"product_tag","embeddable":true,"href":"https:\/\/soydeaqui.ddns.net\/pachuca\/index.php\/wp-json\/wp\/v2\/product_tag?post=34505"}],"curies":[{"name":"wp","href":"https:\/\/api.w.org\/{rel}","templated":true}]}}