{"id":34503,"date":"2026-03-18T15:23:00","date_gmt":"2026-03-18T15:23:00","guid":{"rendered":"https:\/\/soydeaqui.ddns.net\/pachuca\/index.php\/producto\/cable-adaptador-usb-a-serial-para-software-loop-explorer-hochiki-0100-04570\/"},"modified":"2026-03-18T15:23:00","modified_gmt":"2026-03-18T15:23:00","slug":"cable-adaptador-usb-a-serial-para-software-loop-explorer-hochiki-0100-04570","status":"publish","type":"product","link":"https:\/\/soydeaqui.ddns.net\/pachuca\/index.php\/producto\/cable-adaptador-usb-a-serial-para-software-loop-explorer-hochiki-0100-04570\/","title":{"rendered":"Cable Adaptador USB a Serial Para Software Loop Explorer Hochiki (0100-04570)"},"content":{"rendered":"<div style='width: 100%; max-width: 1200px; margin: 0 auto; font-family: sans-serif; line-height: 1.6; color: inherit; background-color: transparent;'> <!-- Secci\u00f3n de caracter\u00edsticas principales --> <\/p>\n<div style='display: flex; flex-wrap: wrap; gap: 30px; margin-bottom: 30px;'>\n<div style='flex: 1 1 300px; min-width: 280px;'>\n<h3 style='font-size: 22px; border-bottom: 2px solid currentColor; padding-bottom: 5px; margin-top: 0; color: inherit; opacity: 0.8;'>Caracter\u00edsticas Generales<\/h3>\n<ul style='padding-left: 20px; font-size: 15px; color: inherit;'>\n<li style='margin-bottom: 5px;'>Comunicaci\u00f3n mediante protocolo digital avanzado de Hochiki<\/li>\n<li style='margin-bottom: 5px;'>Soporta hasta 127 sensores y m\u00f3dulos + 127 bases de sonido anal\u00f3gicas por bucle<\/li>\n<li style='margin-bottom: 5px;'>Comunicaci\u00f3n a trav\u00e9s de cable est\u00e1ndar (sin necesidad de blindado o trenzado)<\/li>\n<li style='margin-bottom: 5px;'>Interfaz RS-232 integrada para programaci\u00f3n mediante PC<\/li>\n<li style='margin-bottom: 5px;'>Utilidad de configuraci\u00f3n Loop Explorer Windows\u00ae<\/li>\n<li style='margin-bottom: 5px;'>500 zonas de software en red<\/li>\n<\/ul><\/div>\n<div style='flex: 1 1 300px; min-width: 280px;'>\n<h3 style='font-size: 22px; border-bottom: 2px solid currentColor; padding-bottom: 5px; margin-top: 0; color: inherit; opacity: 0.8;'>Caracter\u00edsticas T\u00e9cnicas<\/h3>\n<ul style='padding-left: 20px; font-size: 15px; color: inherit;'>\n<li style='margin-bottom: 5px;'><strong>Alimentaci\u00f3n:<\/strong> 120VAC @ 2.1A 50\/60Hz o 220VAC @ 1.1A 50\/60Hz<\/li>\n<li style='margin-bottom: 5px;'><strong>Salida DC:<\/strong> 24VDC @ 5.25A<\/li>\n<li style='margin-bottom: 5px;'><strong>Alimentaci\u00f3n auxiliar:<\/strong> 2 salidas de 360mA @ 24VDC cada una<\/li>\n<li style='margin-bottom: 5px;'><strong>Dimensiones:<\/strong> 14.5&#8242; W x 19&#8242; H x 3.5&#8242; D<\/li>\n<li style='margin-bottom: 5px;'><strong>Peso:<\/strong> 20 lbs (sin bater\u00edas)<\/li>\n<li style='margin-bottom: 5px;'><strong>Display:<\/strong> LCD de 8 l\u00edneas x 40 caracteres (320 caracteres totales)<\/li>\n<\/ul><\/div>\n<\/p><\/div>\n<p> <!-- Secci\u00f3n de especificaciones detalladas --> <\/p>\n<div style='display: flex; flex-wrap: wrap; gap: 30px; margin-bottom: 30px;'>\n<div style='flex: 1 1 300px; min-width: 280px;'>\n<h3 style='font-size: 22px; border-bottom: 2px solid currentColor; padding-bottom: 5px; margin-top: 0; color: inherit; opacity: 0.8;'>Especificaciones de Salidas<\/h3>\n<ul style='padding-left: 20px; font-size: 15px; color: inherit;'>\n<li style='margin-bottom: 5px;'><strong>Salidas NAC:<\/strong> 2 salidas clase B&comma; 2.3A (aplicaci\u00f3n especial) y 1.6A regulado (continuo)<\/li>\n<li style='margin-bottom: 5px;'><strong>Rel\u00e9s:<\/strong> 3 rel\u00e9s Forma C de 1A @ 30VDC<\/li>\n<li style='margin-bottom: 5px;'><strong>Puerto de impresora:<\/strong> RS232<\/li>\n<li style='margin-bottom: 5px;'><strong>DACT:<\/strong> Formatos Contact ID y SIA<\/li>\n<\/ul><\/div>\n<div style='flex: 1 1 300px; min-width: 280px;'>\n<h3 style='font-size: 22px; border-bottom: 2px solid currentColor; padding-bottom: 5px; margin-top: 0; color: inherit; opacity: 0.8;'>Caracter\u00edsticas de Comunicaci\u00f3n<\/h3>\n<ul style='padding-left: 20px; font-size: 15px; color: inherit;'>\n<li style='margin-bottom: 5px;'><strong>SLC:<\/strong> 1 o 2 bucles (clase A&comma; &#8216;style 6 o 7&#8217; o clase B&comma; &#8216;style 4&#8217;)<\/li>\n<li style='margin-bottom: 5px;'><strong>Direcciones:<\/strong> 800 direcciones + subdirecciones m\u00e1x. por panel<\/li>\n<li style='margin-bottom: 5px;'><strong>Red:<\/strong> Puerto RS485 dual (m\u00e1x. 64 paneles) excepto modelo no expandible<\/li>\n<\/ul><\/div>\n<\/p><\/div>\n<p> <!-- Secci\u00f3n de listas de certificaciones --> <\/p>\n<div style='margin-bottom: 30px;'>\n<h3 style='font-size: 22px; border-bottom: 2px solid currentColor; padding-bottom: 5px; margin-top: 0; color: inherit; opacity: 0.8;'>Certificaciones y Normas<\/h3>\n<ul style='padding-left: 20px; font-size: 15px; color: inherit;'>\n<li style='margin-bottom: 5px;'>UL 864&comma; Unidad de Se\u00f1alizaci\u00f3n Local<\/li>\n<li style='margin-bottom: 5px;'>Cumple con NFPA 70&comma; 72 y 13<\/li>\n<li style='margin-bottom: 5px;'>Certificaci\u00f3n s\u00edsmica<\/li>\n<\/ul><\/div>\n<p> <!-- Secci\u00f3n de componentes compatibles --> <\/p>\n<div style='margin-bottom: 30px;'>\n<h3 style='font-size: 22px; border-bottom: 2px solid currentColor; padding-bottom: 5px; margin-top: 0; color: inherit; opacity: 0.8;'>Dispositivos Compatibles con SLC<\/h3>\n<p style='font-size: 15px; color: inherit; margin-bottom: 15px;'>El panel es compatible con m\u00faltiples dispositivos Hochiki incluyendo:<\/p>\n<ul style='padding-left: 20px; font-size: 15px; color: inherit;'>\n<li style='margin-bottom: 5px;'>Sensores fotoel\u00e9ctricos anal\u00f3gicos (ALG-V&comma; ALK-V&comma; ALN-V)<\/li>\n<li style='margin-bottom: 5px;'>Sensores ionizantes anal\u00f3gicos (AIE-EA)<\/li>\n<li style='margin-bottom: 5px;'>Sensores t\u00e9rmicos anal\u00f3gicos (ATG-EA&comma; ATJ-EA)<\/li>\n<li style='margin-bottom: 5px;'>Sensores multicensor (ACA-V&comma; ACC-V&comma; ACD-V)<\/li>\n<li style='margin-bottom: 5px;'>Bases de sensor NSA-4 y NSA-6<\/li>\n<li style='margin-bottom: 5px;'>Bases aisladoras SCI-B4 y SCI-B6<\/li>\n<li style='margin-bottom: 5px;'>Bases de sonido anal\u00f3gicas (ASB&comma; ASBL)<\/li>\n<li style='margin-bottom: 5px;'>Detectores de conducto anal\u00f3gicos (DH-98A&comma; DH-98AR&comma; DH-99A&comma; DH-99AR&comma; DH-100-A)<\/li>\n<li style='margin-bottom: 5px;'>M\u00f3dulos de monitoreo de contacto<\/li>\n<li style='margin-bottom: 5px;'>M\u00f3dulos de salida supervisada<\/li>\n<li style='margin-bottom: 5px;'>Estaciones de prueba remota para detectores de conducto<\/li>\n<\/ul><\/div>\n<p> <!-- Separador final --> <\/p>\n<hr style='border: 0; border-top: 1px solid rgba(150&comma; 150&comma; 150&comma; 0.3); margin: 30px 0;'> <\/div>\n","protected":false},"excerpt":{"rendered":"<p>Cable Adaptador USB a Serial Para Software Loop Explorer Hochiki (0100-04570)<\/p>\n","protected":false},"featured_media":32,"comment_status":"open","ping_status":"closed","template":"","meta":[],"product_brand":[],"product_cat":[1011],"product_tag":[449,406],"class_list":{"0":"post-34503","1":"product","2":"type-product","3":"status-publish","4":"has-post-thumbnail","6":"product_cat-hochiki-accesorios-y-dispositivos-direccionables","7":"product_tag-accesorios-y-dispositivos-direccionables","8":"product_tag-hochiki","10":"first","11":"outofstock","12":"sale","13":"shipping-taxable","14":"purchasable","15":"product-type-simple"},"_links":{"self":[{"href":"https:\/\/soydeaqui.ddns.net\/pachuca\/index.php\/wp-json\/wp\/v2\/product\/34503","targetHints":{"allow":["GET"]}}],"collection":[{"href":"https:\/\/soydeaqui.ddns.net\/pachuca\/index.php\/wp-json\/wp\/v2\/product"}],"about":[{"href":"https:\/\/soydeaqui.ddns.net\/pachuca\/index.php\/wp-json\/wp\/v2\/types\/product"}],"replies":[{"embeddable":true,"href":"https:\/\/soydeaqui.ddns.net\/pachuca\/index.php\/wp-json\/wp\/v2\/comments?post=34503"}],"wp:featuredmedia":[{"embeddable":true,"href":"https:\/\/soydeaqui.ddns.net\/pachuca\/index.php\/wp-json\/wp\/v2\/media\/32"}],"wp:attachment":[{"href":"https:\/\/soydeaqui.ddns.net\/pachuca\/index.php\/wp-json\/wp\/v2\/media?parent=34503"}],"wp:term":[{"taxonomy":"product_brand","embeddable":true,"href":"https:\/\/soydeaqui.ddns.net\/pachuca\/index.php\/wp-json\/wp\/v2\/product_brand?post=34503"},{"taxonomy":"product_cat","embeddable":true,"href":"https:\/\/soydeaqui.ddns.net\/pachuca\/index.php\/wp-json\/wp\/v2\/product_cat?post=34503"},{"taxonomy":"product_tag","embeddable":true,"href":"https:\/\/soydeaqui.ddns.net\/pachuca\/index.php\/wp-json\/wp\/v2\/product_tag?post=34503"}],"curies":[{"name":"wp","href":"https:\/\/api.w.org\/{rel}","templated":true}]}}