{"id":34487,"date":"2026-03-18T15:22:35","date_gmt":"2026-03-18T15:22:35","guid":{"rendered":"https:\/\/soydeaqui.ddns.net\/pachuca\/index.php\/producto\/relevador-de-fin-de-linea-spdt-encapsulado-en-epoxi-0400-02340\/"},"modified":"2026-03-18T15:22:40","modified_gmt":"2026-03-18T15:22:40","slug":"relevador-de-fin-de-linea-spdt-encapsulado-en-epoxi-0400-02340","status":"publish","type":"product","link":"https:\/\/soydeaqui.ddns.net\/pachuca\/index.php\/producto\/relevador-de-fin-de-linea-spdt-encapsulado-en-epoxi-0400-02340\/","title":{"rendered":"Relevador de Fin de L\u00ednea SPDT Encapsulado en Epoxi (0400-02340)"},"content":{"rendered":"<div style='width: 100%; max-width: 1200px; margin: 0 auto; font-family: sans-serif; line-height: 1.6; color: inherit; background-color: transparent;'>\n<div style='display: flex; flex-wrap: wrap; gap: 30px; margin-bottom: 30px;'>\n<div style='flex: 1 1 300px; min-width: 280px;'>\n<h3 style='font-size: 22px; border-bottom: 2px solid currentColor; padding-bottom: 5px; margin-top: 0; color: inherit; opacity: 0.8;'>Descripci\u00f3n<\/h3>\n<p style='font-size: 15px; color: inherit; margin-top: 0;'> Los rel\u00e9s de la serie PAM son dispositivos encapsulados multi-voltaje cableados que ofrecen versatilidad&comma; rendimiento fiable en un paquete conveniente. Varias de las versiones contienen un LED rojo que indica cuando la bobina del rel\u00e9 es energizado. Los rel\u00e9s de la serie PAM se empaquetan con un tornillo autorroscante y un trozo de cinta adhesiva de doble cara&comma; para facilitar instalaci\u00f3n en casi cualquier lugar. Los rel\u00e9s tambi\u00e9n est\u00e1n empaquetados con wire-nuts para facilitar la instalaci\u00f3n. <\/p>\n<p style='font-size: 15px; color: inherit;'> PAM rel\u00e9s son ideales para aplicaciones donde se requieren rel\u00e9s remotos para el control o informaci\u00f3n de estado. Son adecuados para su uso con climatizaci\u00f3n&comma; control de temperatura&comma; alarma de incendio&comma; seguridad&comma; administrar la energ\u00eda en sistemas de control de iluminaci\u00f3n y sistemas de construcci\u00f3n de automatizaci\u00f3n. <\/p>\n<\/p><\/div>\n<\/p><\/div>\n<div style='display: flex; flex-wrap: wrap; gap: 20px; margin-bottom: 30px;'>\n<div style='flex: 1 1 250px; border: 1px solid rgba(150&comma; 150&comma; 150&comma; 0.4); border-radius: 8px; overflow: hidden; display: flex; flex-direction: column;'>\n<div style='padding: 15px; border-bottom: 1px solid rgba(150&comma; 150&comma; 150&comma; 0.2); font-weight: bold; font-size: 18px; color: inherit;'>Caracter\u00edsticas<\/div>\n<div style='padding: 15px; color: inherit;'>\n<ul style='padding-left: 20px; margin: 0; font-size: 14px; list-style-type: disc;'>\n<li style='margin-bottom: 5px;'><strong>Dise\u00f1ado para operar con detectores de humo de 4 cables<\/strong><\/li>\n<li style='margin-bottom: 5px;'><strong>Disponible en modelos de 12 o 24 volts<\/strong><\/li>\n<li style='margin-bottom: 5px;'><strong>Contactos de Forma &#8216;A&#8217; para supervisi\u00f3n de alimentaci\u00f3n<\/strong><\/li>\n<li style='margin-bottom: 5px;'><strong>Encapsulado dise\u00f1ado para asegurar una larga durabilidad<\/strong><\/li>\n<\/ul><\/div>\n<\/p><\/div>\n<\/p><\/div>\n<\/p><\/div>\n","protected":false},"excerpt":{"rendered":"<p>Relevador de Fin de L\u00ednea SPDT Encapsulado en Epoxi (0400-02340)<\/p>\n","protected":false},"featured_media":34486,"comment_status":"open","ping_status":"closed","template":"","meta":[],"product_brand":[],"product_cat":[524],"product_tag":[93,522,406],"class_list":{"0":"post-34487","1":"product","2":"type-product","3":"status-publish","4":"has-post-thumbnail","6":"product_cat-accesorios-dispositivos-convencionales","7":"product_tag-accesorios","8":"product_tag-dispositivos-convencionales","9":"product_tag-hochiki","11":"first","12":"outofstock","13":"sale","14":"shipping-taxable","15":"purchasable","16":"product-type-simple"},"_links":{"self":[{"href":"https:\/\/soydeaqui.ddns.net\/pachuca\/index.php\/wp-json\/wp\/v2\/product\/34487","targetHints":{"allow":["GET"]}}],"collection":[{"href":"https:\/\/soydeaqui.ddns.net\/pachuca\/index.php\/wp-json\/wp\/v2\/product"}],"about":[{"href":"https:\/\/soydeaqui.ddns.net\/pachuca\/index.php\/wp-json\/wp\/v2\/types\/product"}],"replies":[{"embeddable":true,"href":"https:\/\/soydeaqui.ddns.net\/pachuca\/index.php\/wp-json\/wp\/v2\/comments?post=34487"}],"wp:featuredmedia":[{"embeddable":true,"href":"https:\/\/soydeaqui.ddns.net\/pachuca\/index.php\/wp-json\/wp\/v2\/media\/34486"}],"wp:attachment":[{"href":"https:\/\/soydeaqui.ddns.net\/pachuca\/index.php\/wp-json\/wp\/v2\/media?parent=34487"}],"wp:term":[{"taxonomy":"product_brand","embeddable":true,"href":"https:\/\/soydeaqui.ddns.net\/pachuca\/index.php\/wp-json\/wp\/v2\/product_brand?post=34487"},{"taxonomy":"product_cat","embeddable":true,"href":"https:\/\/soydeaqui.ddns.net\/pachuca\/index.php\/wp-json\/wp\/v2\/product_cat?post=34487"},{"taxonomy":"product_tag","embeddable":true,"href":"https:\/\/soydeaqui.ddns.net\/pachuca\/index.php\/wp-json\/wp\/v2\/product_tag?post=34487"}],"curies":[{"name":"wp","href":"https:\/\/api.w.org\/{rel}","templated":true}]}}