{"id":34481,"date":"2026-03-18T15:22:28","date_gmt":"2026-03-18T15:22:28","guid":{"rendered":"https:\/\/soydeaqui.ddns.net\/pachuca\/index.php\/producto\/sirena-estrobo-24-vcd-instalacion-en-techo-multi-candela-color-blanco-0500-06110\/"},"modified":"2026-03-18T15:22:33","modified_gmt":"2026-03-18T15:22:33","slug":"sirena-estrobo-24-vcd-instalacion-en-techo-multi-candela-color-blanco-0500-06110","status":"publish","type":"product","link":"https:\/\/soydeaqui.ddns.net\/pachuca\/index.php\/producto\/sirena-estrobo-24-vcd-instalacion-en-techo-multi-candela-color-blanco-0500-06110\/","title":{"rendered":"Sirena Estrobo 24 Vcd, Instalaci\u00f3n en Techo, Multi Candela, Color Blanco (0500-06110)"},"content":{"rendered":"<div style='width: 100%; max-width: 1200px; margin: 0 auto; font-family: sans-serif; line-height: 1.6; color: inherit; background-color: transparent;'>\n<div style='display: flex; flex-direction: column; align-items: center; margin-bottom: 30px;'>\n<h2 style='text-align: center; margin: 0; font-size: 24px; color: inherit;'>Sirenas &#038; Sirenas Estrobo<\/h2>\n<h2 style='text-align: center; margin: 0; font-size: 22px; color: inherit; opacity: 0.8;'>Serie HC<\/h2>\n<\/p><\/div>\n<div style='margin-bottom: 30px;'>\n<p style='text-align: justify; color: inherit; font-size: 15px; margin: 0 0 15px 0;'>La serie HC es una combinaci\u00f3n de luz estrobosc\u00f3pica o sirena\/estrobosc\u00f3pica de montaje en techo que ofrece alarmas visuales y audibles confiables y la corriente m\u00e1s baja disponible. Ofrece opciones de candelas seleccionables en campo a prueba de manipulaciones de 15&comma; 30&comma; 75&comma; 95&comma; 115 y 150 candelas. Un patr\u00f3n o temporal sincronizable 3 en 2400Hz o tono mec\u00e1nico. Estos tonos son f\u00e1ciles de cambiar para el t\u00e9cnico en el campo mediante el uso de interruptores. La serie HC est\u00e1n homologados por UL 464 y UL 1971 para su uso con sistemas de protecci\u00f3n contra incendios.<\/p>\n<p style='text-align: justify; color: inherit; font-size: 15px; margin: 15px 0;'>Codigo de producto: 0500-06110<\/p>\n<\/p><\/div>\n<div style='display: flex; flex-wrap: wrap; gap: 30px; margin-bottom: 30px;'>\n<div style='flex: 1 1 300px; min-width: 280px;'>\n<h3 style='font-size: 22px; border-bottom: 2px solid currentColor; padding-bottom: 5px; margin-top: 0; margin-bottom: 15px; color: inherit; opacity: 0.8;'>Caracteristicas Generales<\/h3>\n<ul style='padding-left: 20px; font-size: 15px; color: inherit; list-style-type: square;'>\n<li style='margin-bottom: 5px;'><span style='color: inherit;'>Homologados por UL 464 y UL 1971<\/span><\/li>\n<li style='margin-bottom: 5px;'><span style='color: inherit;'>Cumplimiento con NFPA72 y ADA.<\/span><\/li>\n<li style='margin-bottom: 5px;'>Voltaje nominal: 24 Vcd.<\/li>\n<li style='margin-bottom: 5px;'>Opciones de candela seleccionables en campo a prueba de manipulaciones de 15&comma; 30&comma; 75&comma; 95&comma; 115 y 150.<\/li>\n<li style='margin-bottom: 5px;'>dBA reverberante a 10ft seg\u00fan UL 464: 81-86 dBA. (segun version)<\/li>\n<li style='margin-bottom: 5px;'>Dimensiones: 6&#8242; (153 mm) d\u00edametro y 2.6&#8242; (66 mm) altura.<\/li>\n<li style='margin-bottom: 5px;'>Sincronizar la serie HC mediante Hochiki America.<\/li>\n<li style='margin-bottom: 5px;'>Soporta terminales de entrada calibre 12 al 18 AWG.<\/li>\n<li style='margin-bottom: 5px;'>Selecci\u00f3n de interruptor para dBA alto o bajo. (segun version)<\/li>\n<li style='margin-bottom: 5px;'>Selecci\u00f3n de interruptor para 2400Hz o tono mec\u00e1nico.<\/li>\n<li style='margin-bottom: 5px;'>Selecci\u00f3n de interruptor para continuo o temporal 3<\/li>\n<li style='margin-bottom: 5px;'>Parrilla reentrante a prueba de manipulaciones.<\/li>\n<li style='margin-bottom: 5px;'>Montaje en superficie con HCSB (Hochiki Techo Caja de montaje en superficie).<\/li>\n<li style='margin-bottom: 5px;'>Silenciar la sirena mientras las luces estrobosc\u00f3picas permanecen parpadeando.<\/li>\n<li style='margin-bottom: 5px;'>Amplio rango de voltaje 16-33 Vcc o FWR.<\/li>\n<li style='margin-bottom: 5px;'>Placa frontal disponible en rojo o blanco.<\/li>\n<li style='margin-bottom: 5px;'>La Serie HC no est\u00e1 listada para uso en exteriores.<\/li>\n<li style='margin-bottom: 5px;'>Temperatura de funcionamiento: 32\u00b0 a 120\u00b0F (0\u00b0 a 49\u00b0 C).<\/li>\n<\/ul><\/div>\n<\/p><\/div>\n<\/p><\/div>\n","protected":false},"excerpt":{"rendered":"<p>Sirena Estrobo 24 Vcd, Instalaci\u00f3n en Techo, Multi Candela, Color Blanco (0500-06110)<\/p>\n","protected":false},"featured_media":34480,"comment_status":"open","ping_status":"closed","template":"","meta":[],"product_brand":[],"product_cat":[995],"product_tag":[997,406,996],"class_list":{"0":"post-34481","1":"product","2":"type-product","3":"status-publish","4":"has-post-thumbnail","6":"product_cat-estrobos-sirenas-bocinas-campanas","7":"product_tag-estrobos-sirenas-bocinas-campanas","8":"product_tag-hochiki","9":"product_tag-notificacion-y-voceo","11":"first","12":"instock","13":"sale","14":"shipping-taxable","15":"purchasable","16":"product-type-simple"},"_links":{"self":[{"href":"https:\/\/soydeaqui.ddns.net\/pachuca\/index.php\/wp-json\/wp\/v2\/product\/34481","targetHints":{"allow":["GET"]}}],"collection":[{"href":"https:\/\/soydeaqui.ddns.net\/pachuca\/index.php\/wp-json\/wp\/v2\/product"}],"about":[{"href":"https:\/\/soydeaqui.ddns.net\/pachuca\/index.php\/wp-json\/wp\/v2\/types\/product"}],"replies":[{"embeddable":true,"href":"https:\/\/soydeaqui.ddns.net\/pachuca\/index.php\/wp-json\/wp\/v2\/comments?post=34481"}],"wp:featuredmedia":[{"embeddable":true,"href":"https:\/\/soydeaqui.ddns.net\/pachuca\/index.php\/wp-json\/wp\/v2\/media\/34480"}],"wp:attachment":[{"href":"https:\/\/soydeaqui.ddns.net\/pachuca\/index.php\/wp-json\/wp\/v2\/media?parent=34481"}],"wp:term":[{"taxonomy":"product_brand","embeddable":true,"href":"https:\/\/soydeaqui.ddns.net\/pachuca\/index.php\/wp-json\/wp\/v2\/product_brand?post=34481"},{"taxonomy":"product_cat","embeddable":true,"href":"https:\/\/soydeaqui.ddns.net\/pachuca\/index.php\/wp-json\/wp\/v2\/product_cat?post=34481"},{"taxonomy":"product_tag","embeddable":true,"href":"https:\/\/soydeaqui.ddns.net\/pachuca\/index.php\/wp-json\/wp\/v2\/product_tag?post=34481"}],"curies":[{"name":"wp","href":"https:\/\/api.w.org\/{rel}","templated":true}]}}