{"id":34462,"date":"2026-03-18T15:22:04","date_gmt":"2026-03-18T15:22:04","guid":{"rendered":"https:\/\/soydeaqui.ddns.net\/pachuca\/index.php\/producto\/modulo-de-control-direccionable-de-salida-supervisada-clase-a-b-con-aislador-de-corto-circuito-integrado-0400-02000\/"},"modified":"2026-03-18T15:22:10","modified_gmt":"2026-03-18T15:22:10","slug":"modulo-de-control-direccionable-de-salida-supervisada-clase-a-b-con-aislador-de-corto-circuito-integrado-0400-02000","status":"publish","type":"product","link":"https:\/\/soydeaqui.ddns.net\/pachuca\/index.php\/producto\/modulo-de-control-direccionable-de-salida-supervisada-clase-a-b-con-aislador-de-corto-circuito-integrado-0400-02000\/","title":{"rendered":"Modulo De Control Direccionable De Salida Supervisada CLASE A &#038; B, Con Aislador De Corto Circuito Integrado (0400-02000)"},"content":{"rendered":"<div style='width: 100%; max-width: 1200px; margin: 0 auto; font-family: sans-serif; line-height: 1.6; color: inherit; background-color: transparent;'>\n<div style='display: flex; flex-wrap: wrap; gap: 30px; margin-bottom: 30px;'>\n<div style='flex: 1 1 300px; min-width: 280px;'>\n<h3 style='font-size: 22px; border-bottom: 2px solid currentColor; padding-bottom: 5px; margin-top: 0; color: inherit; opacity: 0.8;'>Caracter\u00edsticas Principales<\/h3>\n<ul style='padding-left: 20px; font-size: 15px; color: inherit;'>\n<li style='margin-bottom: 5px;'><strong>R\u00e1pida respuesta:<\/strong> Para condiciones de emergencia<\/li>\n<li style='margin-bottom: 5px;'><strong>Contactos:<\/strong> 2 Amps a 30 Vdc<\/li>\n<li style='margin-bottom: 5px;'><strong>Aislador de corto circuito:<\/strong> Interconstruido<\/li>\n<li style='margin-bottom: 5px;'><strong>Operaci\u00f3n:<\/strong> Sobre lazos SLC Clase A o Clase B<\/li>\n<li style='margin-bottom: 5px;'><strong>Programabilidad:<\/strong> Salida silenciable o no-silenciable<\/li>\n<li style='margin-bottom: 5px;'><strong>Supervisi\u00f3n:<\/strong> Para condiciones de cortocircuito o circuito abierto<\/li>\n<li style='margin-bottom: 5px;'><strong>Clasificaci\u00f3n contactos:<\/strong> 2.0 Amps @ 24VDC<\/li>\n<\/ul><\/div>\n<div style='flex: 1 1 300px; min-width: 280px;'>\n<h3 style='font-size: 22px; border-bottom: 2px solid currentColor; padding-bottom: 5px; margin-top: 0; color: inherit; opacity: 0.8;'>Caracter\u00edsticas T\u00e9cnicas<\/h3>\n<ul style='padding-left: 20px; font-size: 15px; color: inherit;'>\n<li style='margin-bottom: 5px;'>C\u00f3digo producto: <strong>0400-02000<\/strong><\/li>\n<li style='margin-bottom: 5px;'>Circuito de SCI incorporado (SOM-AI solamente)<\/li>\n<li style='margin-bottom: 5px;'>Aplicaciones flexibles<\/li>\n<li style='margin-bottom: 5px;'>Respuesta r\u00e1pida a condiciones de emergencia<\/li>\n<li style='margin-bottom: 5px;'>Mantiene par\u00e1metros de operaci\u00f3n sin comunicaci\u00f3n con sistema de control<\/li>\n<li style='margin-bottom: 5px;'>Programaci\u00f3n flexible con 16 estados de prioridad<\/li>\n<li style='margin-bottom: 5px;'>Salida programable para desactivar&comma; silenciar o generar patr\u00f3n seleccionado<\/li>\n<li style='margin-bottom: 5px;'>Listado UL 864<\/li>\n<\/ul><\/div>\n<\/p><\/div>\n<div style='margin-bottom: 30px;'>\n<p style='text-align: justify; font-size: 15px; color: inherit;'>Los m\u00f3dulos de salida supervisados de clase A (DCP-SOM-A y SOM-AI) se han dise\u00f1ado para proporcionar flexibilidad de aplicaci\u00f3n y respuesta r\u00e1pida a las condiciones de emergencia. La flexibilidad se proporciona por una amplia gama de modos de funcionamiento&comma; que incluyen operaciones multizona&comma; y\/o funciones&comma; hasta 16 patrones de modulaci\u00f3n diferentes y programaci\u00f3n multiestado. Los par\u00e1metros de funcionamiento para DCP-SOM-A y -AI son mantenidos por el m\u00f3dulo y no requieren la comunicaci\u00f3n individual con el sistema de control durante las condiciones de emergencia para operar.<\/p>\n<\/p><\/div>\n<div style='display: flex; flex-wrap: wrap; gap: 20px; margin-bottom: 30px;'>\n<div style='flex: 1 1 250px; border: 1px solid rgba(150&comma; 150&comma; 150&comma; 0.4); border-radius: 8px; overflow: hidden; display: flex; flex-direction: column;'>\n<div style='padding: 15px; border-bottom: 1px solid rgba(150&comma; 150&comma; 150&comma; 0.2); font-weight: bold; font-size: 18px; color: inherit;'>Aplicaciones<\/div>\n<div style='padding: 15px; color: inherit;'>\n<ul style='padding-left: 20px; margin: 0; font-size: 14px; list-style-type: disc; color: inherit;'>\n<li style='margin-bottom: 5px;'>Operaciones multizona<\/li>\n<li style='margin-bottom: 5px;'>Hasta 16 patrones de modulaci\u00f3n<\/li>\n<li style='margin-bottom: 5px;'>Programaci\u00f3n multiestado<\/li>\n<\/ul><\/div>\n<\/p><\/div>\n<div style='flex: 1 1 250px; border: 1px solid rgba(150&comma; 150&comma; 150&comma; 0.4); border-radius: 8px; overflow: hidden; display: flex; flex-direction: column;'>\n<div style='padding: 15px; border-bottom: 1px solid rgba(150&comma; 150&comma; 150&comma; 0.2); font-weight: bold; font-size: 18px; color: inherit;'>Certificaciones<\/div>\n<div style='padding: 15px; color: inherit;'>\n<ul style='padding-left: 20px; margin: 0; font-size: 14px; list-style-type: disc; color: inherit;'>\n<li style='margin-bottom: 5px;'>Listado UL 864<\/li>\n<\/ul><\/div>\n<\/p><\/div>\n<\/p><\/div>\n<hr style='border: 0; border-top: 1px solid rgba(150&comma; 150&comma; 150&comma; 0.3); margin: 30px 0;'> <\/div>\n","protected":false},"excerpt":{"rendered":"<p>Modulo De Control Direccionable De Salida Supervisada CLASE A &#038; B, Con Aislador De Corto Circuito Integrado (0400-02000)<\/p>\n","protected":false},"featured_media":34461,"comment_status":"open","ping_status":"closed","template":"","meta":[],"product_brand":[],"product_cat":[448],"product_tag":[449,406,225],"class_list":{"0":"post-34462","1":"product","2":"type-product","3":"status-publish","4":"has-post-thumbnail","6":"product_cat-todo-accesorios-y-dispositivos-direccionables","7":"product_tag-accesorios-y-dispositivos-direccionables","8":"product_tag-hochiki","9":"product_tag-todo","11":"first","12":"instock","13":"sale","14":"shipping-taxable","15":"purchasable","16":"product-type-simple"},"_links":{"self":[{"href":"https:\/\/soydeaqui.ddns.net\/pachuca\/index.php\/wp-json\/wp\/v2\/product\/34462","targetHints":{"allow":["GET"]}}],"collection":[{"href":"https:\/\/soydeaqui.ddns.net\/pachuca\/index.php\/wp-json\/wp\/v2\/product"}],"about":[{"href":"https:\/\/soydeaqui.ddns.net\/pachuca\/index.php\/wp-json\/wp\/v2\/types\/product"}],"replies":[{"embeddable":true,"href":"https:\/\/soydeaqui.ddns.net\/pachuca\/index.php\/wp-json\/wp\/v2\/comments?post=34462"}],"wp:featuredmedia":[{"embeddable":true,"href":"https:\/\/soydeaqui.ddns.net\/pachuca\/index.php\/wp-json\/wp\/v2\/media\/34461"}],"wp:attachment":[{"href":"https:\/\/soydeaqui.ddns.net\/pachuca\/index.php\/wp-json\/wp\/v2\/media?parent=34462"}],"wp:term":[{"taxonomy":"product_brand","embeddable":true,"href":"https:\/\/soydeaqui.ddns.net\/pachuca\/index.php\/wp-json\/wp\/v2\/product_brand?post=34462"},{"taxonomy":"product_cat","embeddable":true,"href":"https:\/\/soydeaqui.ddns.net\/pachuca\/index.php\/wp-json\/wp\/v2\/product_cat?post=34462"},{"taxonomy":"product_tag","embeddable":true,"href":"https:\/\/soydeaqui.ddns.net\/pachuca\/index.php\/wp-json\/wp\/v2\/product_tag?post=34462"}],"curies":[{"name":"wp","href":"https:\/\/api.w.org\/{rel}","templated":true}]}}