{"id":34453,"date":"2026-03-18T15:21:49","date_gmt":"2026-03-18T15:21:49","guid":{"rendered":"https:\/\/soydeaqui.ddns.net\/pachuca\/index.php\/producto\/detector-combo-de-combinacion-de-gases-explosivos-metano-gn-propano-lp-y-monoxido-de-carbono-co-con-pantalla-digital-retroiluminada-120-vca-y-bateria-de-respaldo\/"},"modified":"2026-03-18T15:22:00","modified_gmt":"2026-03-18T15:22:00","slug":"detector-combo-de-combinacion-de-gases-explosivos-metano-gn-propano-lp-y-monoxido-de-carbono-co-con-pantalla-digital-retroiluminada-120-vca-y-bateria-de-respaldo","status":"publish","type":"product","link":"https:\/\/soydeaqui.ddns.net\/pachuca\/index.php\/producto\/detector-combo-de-combinacion-de-gases-explosivos-metano-gn-propano-lp-y-monoxido-de-carbono-co-con-pantalla-digital-retroiluminada-120-vca-y-bateria-de-respaldo\/","title":{"rendered":"Detector Combo de Combinaci\u00f3n de Gases Explosivos: Metano (GN), Propano (LP) y Mon\u00f3xido de Carbono (CO), Con Pantalla Digital Retroiluminada, 120 Vca y Bater\u00eda de Respaldo"},"content":{"rendered":"<div style='width: 100%; max-width: 1200px; margin: 0 auto; font-family: sans-serif; line-height: 1.6; color: inherit; background-color: transparent;'>\n<div style='display: flex; flex-wrap: wrap; gap: 30px; margin-bottom: 30px;'>\n<div style='flex: 1 1 300px; min-width: 280px;'>\n<h3 style='font-size: 22px; border-bottom: 2px solid currentColor; padding-bottom: 5px; margin-top: 0; color: inherit; opacity: 0.8;'>Descripci\u00f3n general<\/h3>\n<p style='font-size: 15px; color: inherit; text-align: justify;'>La alarma combinada de gases explosivos y mon\u00f3xido de carbono de First Alert GCO1CN con respaldo de bater\u00eda cuenta con una pantalla digital retroiluminada y detecta gas metano (natural)&comma; gas propano (LP) y mon\u00f3xido de carbono (CO). Este detector de gas explosivo y CO se conecta a cualquier tomacorriente del sistema el\u00e9ctrico sin necesidad de hardware de montaje adicional.<\/p>\n<ul style='padding-left: 20px; font-size: 15px; color: inherit;'>\n<li style='margin-bottom: 5px;'>Se conecta a cualquier tomacorriente del sistema el\u00e9ctrico para una f\u00e1cil instalaci\u00f3n&comma; con bater\u00eda de respaldo en caso de corte de energ\u00eda.<\/li>\n<li style='margin-bottom: 5px;'>La alarma fuerte de 85 dB se puede escuchar f\u00e1cilmente.<\/li>\n<li style='margin-bottom: 5px;'>La alarma vers\u00e1til detecta niveles altos de propano&comma; gas natural\/metano y mon\u00f3xido de carbono.<\/li>\n<li style='margin-bottom: 5px;'>La pantalla digital retroiluminada f\u00e1cil de leer le permite ver los niveles actuales y m\u00e1ximos.<\/li>\n<\/ul><\/div>\n<\/p><\/div>\n<div style='display: flex; flex-wrap: wrap; gap: 30px; margin-bottom: 30px;'>\n<div style='flex: 1 1 300px; min-width: 280px;'>\n<h3 style='font-size: 22px; border-bottom: 2px solid currentColor; padding-bottom: 5px; margin-top: 0; color: inherit; opacity: 0.8;'>Caracter\u00edsticas del detector<\/h3>\n<p style='font-size: 15px; color: inherit; text-align: justify;'>Dise\u00f1ada para proveer tranquilidad y seguridad del hogar&comma; la alarma combinada de gas explosivo y mon\u00f3xido de carbono GCO1CN con respaldo de bater\u00eda detecta la presencia de metano y propano. Tambi\u00e9n cuenta con un sensor de CO electroqu\u00edmico que detecta mon\u00f3xido de carbono. Cuando la alarma detecta una amenaza&comma; te avisa con una fuerte alarma de 85 decibelios.<\/p>\n<h4 style='font-size: 18px; margin-top: 20px; margin-bottom: 10px; color: inherit;'>Pantalla retroiluminada para revisar lecturas<\/h4>\n<p style='font-size: 15px; color: inherit; text-align: justify;'>Equipada con una pantalla digital retroiluminada&comma; la alarma combinada de gas explosivo y mon\u00f3xido de carbono GCO1CN elimina la molestia de monitorear los niveles de CO y gas explosivo en su hogar. La pantalla digital le brinda una lectura f\u00e1cil y clara de los niveles actuales y m\u00e1ximos&comma; lo que le permite discernir patrones que indican posibles fugas de CO&comma; metano y propano de un electrodom\u00e9stico&comma; un generador u otra fuente.<\/p>\n<h4 style='font-size: 18px; margin-top: 20px; margin-bottom: 10px; color: inherit;'>Conexi\u00f3n el\u00e9ctrica y bater\u00eda de respaldo<\/h4>\n<p style='font-size: 15px; color: inherit; text-align: justify;'>Esta alarma de gas y CO es f\u00e1cil de configurar y no requiere cableado. Compacta y de bajo perfil&comma; se conecta a un tomacorriente de pared sin obstruir otros enchufes y viene con un cable de l\u00ednea para opciones de ubicaci\u00f3n vers\u00e1tiles. Tambi\u00e9n cuenta con una bater\u00eda de respaldo de 9V para ayudar a garantizar un funcionamiento continuo en caso de un corte de energ\u00eda. Un caj\u00f3n de bater\u00eda pivotante y de f\u00e1cil acceso le permite reemplazar la bater\u00eda sin desmontar la alarma.<\/p>\n<h4 style='font-size: 18px; margin-top: 20px; margin-bottom: 10px; color: inherit;'>Operaci\u00f3n y prueba<\/h4>\n<p style='font-size: 15px; color: inherit; text-align: justify;'>Para mayor comodidad&comma; la alarma se puede configurar para que funcione con casi cualquier control remoto dom\u00e9stico est\u00e1ndar (no incluido)&comma; para silenciar de forma remota las falsas alarmas. Un bot\u00f3n de silencio\/prueba de un solo toque facilita probar el detector o silenciarlo durante una falsa alarma. Gracias a la advertencia de fin de vida&comma; sabr\u00e1 cu\u00e1ndo es el momento de reemplazar su alarma.<\/p>\n<\/p><\/div>\n<\/p><\/div>\n<div style='display: flex; flex-wrap: wrap; gap: 20px; margin-bottom: 30px;'>\n<div style='flex: 1 1 250px; border: 1px solid rgba(150&comma; 150&comma; 150&comma; 0.4); border-radius: 8px; overflow: hidden; display: flex; flex-direction: column;'>\n<div style='padding: 15px; border-bottom: 1px solid rgba(150&comma; 150&comma; 150&comma; 0.2); font-weight: bold; font-size: 18px; color: inherit;'>Especificaciones<\/div>\n<div style='padding: 15px; color: inherit;'>\n<ul style='padding-left: 20px; margin: 0; font-size: 14px; list-style-type: disc;'>\n<li style='margin-bottom: 5px;'><strong>Modelo:<\/strong> GCO1CN (1039760)<\/li>\n<li style='margin-bottom: 5px;'><strong>Garant\u00eda:<\/strong> Limitada de 5 a\u00f1os con fabricante<\/li>\n<li style='margin-bottom: 5px;'><strong>Sirena:<\/strong> 85 dB<\/li>\n<li style='margin-bottom: 5px;'><strong>Control:<\/strong> Bot\u00f3n para prueba y silenciamiento<\/li>\n<li style='margin-bottom: 5px;'><strong>Bater\u00eda:<\/strong> Compartimiento de bater\u00eda&comma; no es necesario quitar la alarma para cambiar la bater\u00eda<\/li>\n<li style='margin-bottom: 5px;'><strong>Tipo de producto:<\/strong> Detector de gases explosivos gas natural (metano)&comma; propano (LP) y Mon\u00f3xido de Carbono CO<\/li>\n<li style='margin-bottom: 5px;'><strong>Tipo de sensor:<\/strong> Electroqu\u00edmico<\/li>\n<li style='margin-bottom: 5px;'><strong>Fuente de alimentaci\u00f3n:<\/strong> 120 Vca y bater\u00eda de respaldo 9 Vcd (incluida)<\/li>\n<li style='margin-bottom: 5px;'><strong>Bater\u00eda reemplazable:<\/strong> S\u00ed<\/li>\n<li style='margin-bottom: 5px;'><strong>Interconectividad inal\u00e1mbrica:<\/strong> No<\/li>\n<li style='margin-bottom: 5px;'><strong>Est\u00e1ndares:<\/strong> UL2034&comma; UL1484<\/li>\n<li style='margin-bottom: 5px;'><strong>Dimensiones:<\/strong> 3.1&#8242; H x 5&#8242; L x 1.8&#8242; W (79mm x 127mm x 46mm)<\/li>\n<li style='margin-bottom: 5px;'><strong>Peso:<\/strong> 0.9 lb (0.40 g)<\/li>\n<\/ul><\/div>\n<\/p><\/div>\n<div style='flex: 1 1 250px; border: 1px solid rgba(150&comma; 150&comma; 150&comma; 0.4); border-radius: 8px; overflow: hidden; display: flex; flex-direction: column;'>\n<div style='padding: 15px; border-bottom: 1px solid rgba(150&comma; 150&comma; 150&comma; 0.2); font-weight: bold; font-size: 18px; color: inherit;'>\u00bfQu\u00e9 es el mon\u00f3xido de carbono CO?<\/div>\n<div style='padding: 15px; color: inherit;'>\n<p style='font-size: 14px; color: inherit; text-align: justify;'>El mon\u00f3xido de carbono (CO) es un gas venenoso invisible&comma; inodoro e ins\u00edpido. Las fuentes de mon\u00f3xido de carbono son cualquier dispositivo que queme combustible&comma; como su estufa&comma; horno o calentador de agua. Las alarmas de mon\u00f3xido de carbono son la \u00fanica forma de detectar este gas venenoso para ayudar a proporcionar una alerta temprana.<\/p>\n<p style='font-size: 14px; color: inherit; text-align: justify; margin-top: 15px;'>El mon\u00f3xido de carbono (CO) s\u00f3lo puede ser detectado por una alarma de CO. La Asociaci\u00f3n Nacional de Protecci\u00f3n contra Incendios NFPA recomienda instalar un detector de mon\u00f3xido de carbono en cada nivel de su hogar y dentro de cada dormitorio. Los detectores deben probarse mensualmente y las bater\u00edas deben reemplazarse al menos cada seis meses para garantizar que el detector funcione correctamente. First Alert ofrece una variedad de detectores de CO para satisfacer las necesidades de su familia.<\/p>\n<\/p><\/div>\n<\/p><\/div>\n<\/p><\/div>\n<div style='display: flex; flex-wrap: wrap; gap: 30px; margin-bottom: 30px;'>\n<div style='flex: 1 1 300px; min-width: 280px;'>\n<h3 style='font-size: 22px; border-bottom: 2px solid currentColor; padding-bottom: 5px; margin-top: 0; color: inherit; opacity: 0.8;'>V\u00eddeos<\/h3>\n<div style='display: flex; flex-direction: column; gap: 30px;'>\n<div style='position: relative; padding-bottom: 56.25%; height: 0; overflow: hidden; margin-bottom: 30px;'>   <\/div>\n<div style='position: relative; padding-bottom: 56.25%; height: 0; overflow: hidden; margin-bottom: 30px;'>   <\/div>\n<div style='position: relative; padding-bottom: 56.25%; height: 0; overflow: hidden; margin-bottom: 30px;'>   <\/div>\n<div style='position: relative; padding-bottom: 56.25%; height: 0; overflow: hidden;'>   <\/div>\n<\/p><\/div>\n<\/p><\/div>\n<\/p><\/div>\n<hr style='border: 0; border-top: 1px solid rgba(150&comma; 150&comma; 150&comma; 0.3); margin: 30px 0;'> <\/div>\n","protected":false},"excerpt":{"rendered":"<p>Detector Combo de Combinaci\u00f3n de Gases Explosivos: Metano (GN), Propano (LP) y Mon\u00f3xido de Carbono (CO), Con Pantalla Digital Retroiluminada, 120 Vca y Bater\u00eda de Respaldo<\/p>\n","protected":false},"featured_media":34452,"comment_status":"open","ping_status":"closed","template":"","meta":[],"product_brand":[],"product_cat":[230],"product_tag":[231,19,66],"class_list":{"0":"post-34453","1":"product","2":"type-product","3":"status-publish","4":"has-post-thumbnail","6":"product_cat-autonomos","7":"product_tag-autonomos","8":"product_tag-detectores-sensores","9":"product_tag-first-alert","11":"first","12":"outofstock","13":"sale","14":"shipping-taxable","15":"purchasable","16":"product-type-simple"},"_links":{"self":[{"href":"https:\/\/soydeaqui.ddns.net\/pachuca\/index.php\/wp-json\/wp\/v2\/product\/34453","targetHints":{"allow":["GET"]}}],"collection":[{"href":"https:\/\/soydeaqui.ddns.net\/pachuca\/index.php\/wp-json\/wp\/v2\/product"}],"about":[{"href":"https:\/\/soydeaqui.ddns.net\/pachuca\/index.php\/wp-json\/wp\/v2\/types\/product"}],"replies":[{"embeddable":true,"href":"https:\/\/soydeaqui.ddns.net\/pachuca\/index.php\/wp-json\/wp\/v2\/comments?post=34453"}],"wp:featuredmedia":[{"embeddable":true,"href":"https:\/\/soydeaqui.ddns.net\/pachuca\/index.php\/wp-json\/wp\/v2\/media\/34452"}],"wp:attachment":[{"href":"https:\/\/soydeaqui.ddns.net\/pachuca\/index.php\/wp-json\/wp\/v2\/media?parent=34453"}],"wp:term":[{"taxonomy":"product_brand","embeddable":true,"href":"https:\/\/soydeaqui.ddns.net\/pachuca\/index.php\/wp-json\/wp\/v2\/product_brand?post=34453"},{"taxonomy":"product_cat","embeddable":true,"href":"https:\/\/soydeaqui.ddns.net\/pachuca\/index.php\/wp-json\/wp\/v2\/product_cat?post=34453"},{"taxonomy":"product_tag","embeddable":true,"href":"https:\/\/soydeaqui.ddns.net\/pachuca\/index.php\/wp-json\/wp\/v2\/product_tag?post=34453"}],"curies":[{"name":"wp","href":"https:\/\/api.w.org\/{rel}","templated":true}]}}