{"id":34427,"date":"2026-03-18T15:21:19","date_gmt":"2026-03-18T15:21:19","guid":{"rendered":"https:\/\/soydeaqui.ddns.net\/pachuca\/index.php\/producto\/amplificador-inteligente-de-50-watts-para-sistema-de-evacuacion-por-voz-con-fuente-de-alimentacion-y-respaldo-de-bateria\/"},"modified":"2026-03-18T15:21:19","modified_gmt":"2026-03-18T15:21:19","slug":"amplificador-inteligente-de-50-watts-para-sistema-de-evacuacion-por-voz-con-fuente-de-alimentacion-y-respaldo-de-bateria","status":"publish","type":"product","link":"https:\/\/soydeaqui.ddns.net\/pachuca\/index.php\/producto\/amplificador-inteligente-de-50-watts-para-sistema-de-evacuacion-por-voz-con-fuente-de-alimentacion-y-respaldo-de-bateria\/","title":{"rendered":"Amplificador Inteligente de 50 Watts para Sistema de Evacuaci\u00f3n por Voz, con Fuente de Alimentaci\u00f3n y Respaldo de Bater\u00eda"},"content":{"rendered":"<div style='width: 100%; max-width: 1200px; margin: 0 auto; font-family: sans-serif; line-height: 1.6; color: inherit; background-color: transparent;'> <!-- Secci\u00f3n de im\u00e1genes --> <\/p>\n<div style='display: flex; flex-wrap: wrap; gap: 20px; margin-bottom: 30px;'>\n<div style='flex: 1 1 300px; min-width: 280px;'> <img style='width: 100%; height: auto; border: 1px solid rgba(150&comma;150&comma;150&comma;0.3); border-radius: 8px;' src='http:\/\/ftp3.syscom.mx\/usuarios\/fotos\/VIP50\/34613-untitled_10.jpg' alt='Amplificador Inteligente VIP50'> <\/div>\n<\/p><\/div>\n<p> <!-- Secci\u00f3n de caracter\u00edsticas principales --> <\/p>\n<div style='display: flex; flex-wrap: wrap; gap: 30px; margin-bottom: 30px;'>\n<div style='flex: 1 1 300px; min-width: 280px;'>\n<h3 style='font-size: 22px; border-bottom: 2px solid currentColor; padding-bottom: 5px; margin-top: 0; color: inherit; opacity: 0.8;'>Caracter\u00edsticas Principales<\/h3>\n<ul style='padding-left: 20px; font-size: 15px; color: inherit;'>\n<li style='margin-bottom: 5px;'>Amplificador inteligente de 50W para sistemas de evacuaci\u00f3n por voz<\/li>\n<li style='margin-bottom: 5px;'>Fuente de alimentaci\u00f3n con respaldo de bater\u00eda<\/li>\n<li style='margin-bottom: 5px;'>Hasta 8 VIP-50 por sistema para un total de 400W<\/li>\n<li style='margin-bottom: 5px;'>4 circuitos de altavoces expandibles a 8 con VIP-CE4<\/li>\n<li style='margin-bottom: 5px;'>Dise\u00f1ado como amplificador distribuido autocontenido<\/li>\n<li style='margin-bottom: 5px;'>Supervisi\u00f3n completa desde el panel principal<\/li>\n<\/ul><\/div>\n<\/p><\/div>\n<p> <!-- Secci\u00f3n de especificaciones t\u00e9cnicas --> <\/p>\n<div style='display: flex; flex-wrap: wrap; gap: 20px; margin-bottom: 30px;'>\n<div style='flex: 1 1 250px; border: 1px solid rgba(150&comma; 150&comma; 150&comma; 0.4); border-radius: 8px; overflow: hidden; display: flex; flex-direction: column;'>\n<div style='padding: 15px; border-bottom: 1px solid rgba(150&comma; 150&comma; 150&comma; 0.2); font-weight: bold; font-size: 18px; color: inherit;'>Especificaciones El\u00e9ctricas<\/div>\n<div style='padding: 15px; color: inherit;'>\n<ul style='padding-left: 20px; margin: 0; font-size: 14px; list-style-type: disc;'>\n<li style='margin-bottom: 5px;'><strong>Entrada AC:<\/strong> 120VAC @ 60Hz&comma; 1.75A o 230VAC @ 50Hz&comma; 0.875A m\u00e1x.<\/li>\n<li style='margin-bottom: 5px;'><strong>Corriente en espera:<\/strong> 75mA<\/li>\n<li style='margin-bottom: 5px;'><strong>Corriente en alarma:<\/strong> 700mA<\/li>\n<li style='margin-bottom: 5px;'><strong>Capacidad de carga de bater\u00eda:<\/strong> 7-35AH<\/li>\n<li style='margin-bottom: 5px;'><strong>Circuito de altavoz:<\/strong> 50W @ 25Vrms o 70.7Vrms m\u00e1x.<\/li>\n<\/ul><\/div>\n<\/p><\/div>\n<div style='flex: 1 1 250px; border: 1px solid rgba(150&comma; 150&comma; 150&comma; 0.4); border-radius: 8px; overflow: hidden; display: flex; flex-direction: column;'>\n<div style='padding: 15px; border-bottom: 1px solid rgba(150&comma; 150&comma; 150&comma; 0.2); font-weight: bold; font-size: 18px; color: inherit;'>Caracter\u00edsticas F\u00edsicas<\/div>\n<div style='padding: 15px; color: inherit;'>\n<ul style='padding-left: 20px; margin: 0; font-size: 14px; list-style-type: disc;'>\n<li style='margin-bottom: 5px;'><strong>Dimensiones:<\/strong> 16&#8217;W x 26.25&#8217;H x 4.1&#8217;D (40.6W x 66.7H x 10.5D cm)<\/li>\n<li style='margin-bottom: 5px;'><strong>Dimensiones montaje empotrado:<\/strong> 14.5&#8217;W x 24.75&#8217;H x 3.4&#8217;D (36.8W x 62.9H x 8.7D cm)<\/li>\n<li style='margin-bottom: 5px;'><strong>Peso:<\/strong> 27 lbs (12.2 kg)<\/li>\n<li style='margin-bottom: 5px;'><strong>Color:<\/strong> Rojo<\/li>\n<\/ul><\/div>\n<\/p><\/div>\n<div style='flex: 1 1 250px; border: 1px solid rgba(150&comma; 150&comma; 150&comma; 0.4); border-radius: 8px; overflow: hidden; display: flex; flex-direction: column;'>\n<div style='padding: 15px; border-bottom: 1px solid rgba(150&comma; 150&comma; 150&comma; 0.2); font-weight: bold; font-size: 18px; color: inherit;'>Ambientales<\/div>\n<div style='padding: 15px; color: inherit;'>\n<ul style='padding-left: 20px; margin: 0; font-size: 14px; list-style-type: disc;'>\n<li style='margin-bottom: 5px;'><strong>Temperatura de operaci\u00f3n:<\/strong> 32\u00b0F \u2013 120\u00b0F (0\u00b0C \u2013 49\u00b0C)<\/li>\n<li style='margin-bottom: 5px;'><strong>Humedad:<\/strong> 10% \u2013 93% sin condensaci\u00f3n<\/li>\n<\/ul><\/div>\n<\/p><\/div>\n<div style='flex: 1 1 250px; border: 1px solid rgba(150&comma; 150&comma; 150&comma; 0.4); border-radius: 8px; overflow: hidden; display: flex; flex-direction: column;'>\n<div style='padding: 15px; border-bottom: 1px solid rgba(150&comma; 150&comma; 150&comma; 0.2); font-weight: bold; font-size: 18px; color: inherit;'>Conexiones<\/div>\n<div style='padding: 15px; color: inherit;'>\n<ul style='padding-left: 20px; margin: 0; font-size: 14px; list-style-type: disc;'>\n<li style='margin-bottom: 5px;'><strong>Conexi\u00f3n al sistema:<\/strong> 6 conductores (2 para bus de voz&comma; 4 para SBUS)<\/li>\n<li style='margin-bottom: 5px;'><strong>Conexi\u00f3n VIP-CE4:<\/strong> Arn\u00e9s de conexi\u00f3n f\u00e1cil instalaci\u00f3n<\/li>\n<\/ul><\/div>\n<\/p><\/div>\n<div style='flex: 1 1 250px; border: 1px solid rgba(150&comma; 150&comma; 150&comma; 0.4); border-radius: 8px; overflow: hidden; display: flex; flex-direction: column;'>\n<div style='padding: 15px; border-bottom: 1px solid rgba(150&comma; 150&comma; 150&comma; 0.2); font-weight: bold; font-size: 18px; color: inherit;'>Compatibilidad<\/div>\n<div style='padding: 15px; color: inherit;'>\n<ul style='padding-left: 20px; margin: 0; font-size: 14px; list-style-type: disc;'>\n<li style='margin-bottom: 5px;'><strong>Panel de integraci\u00f3n de voz:<\/strong> IFP-2000VIP&comma; IFP-1000VIP&comma; IFP-100VIP<\/li>\n<li style='margin-bottom: 5px;'><strong>Operaci\u00f3n:<\/strong> Seleccionable 25V o 70.7V<\/li>\n<\/ul><\/div>\n<\/p><\/div>\n<div style='flex: 1 1 250px; border: 1px solid rgba(150&comma; 150&comma; 150&comma; 0.4); border-radius: 8px; overflow: hidden; display: flex; flex-direction: column;'>\n<div style='padding: 15px; border-bottom: 1px solid rgba(150&comma; 150&comma; 150&comma; 0.2); font-weight: bold; font-size: 18px; color: inherit;'>Accesorios<\/div>\n<div style='padding: 15px; color: inherit;'>\n<ul style='padding-left: 20px; margin: 0; font-size: 14px; list-style-type: disc;'>\n<li style='margin-bottom: 5px;'>VIP-CE4: Expansor de circuitos de audio<\/li>\n<li style='margin-bottom: 5px;'>RBB: Gabinete de bater\u00eda remota (hasta 35AH)<\/li>\n<li style='margin-bottom: 5px;'>AB-55: Gabinete de bater\u00eda remota (hasta 55AH)<\/li>\n<\/ul><\/div>\n<\/p><\/div>\n<div style='flex: 1 1 250px; border: 1px solid rgba(150&comma; 150&comma; 150&comma; 0.4); border-radius: 8px; overflow: hidden; display: flex; flex-direction: column;'>\n<div style='padding: 15px; border-bottom: 1px solid rgba(150&comma; 150&comma; 150&comma; 0.2); font-weight: bold; font-size: 18px; color: inherit;'>Certificaciones<\/div>\n<div style='padding: 15px; color: inherit;'>\n<ul style='padding-left: 20px; margin: 0; font-size: 14px; list-style-type: disc;'>\n<li style='margin-bottom: 5px;'>NFPA13&comma; NFPA15&comma; NFPA16&comma; NFPA70 y NFPA72<\/li>\n<li style='margin-bottom: 5px;'>UL Listed<\/li>\n<li style='margin-bottom: 5px;'>CSFM 7170-0559:143; 7165-0559:160<\/li>\n<li style='margin-bottom: 5px;'>MEA 429-92-E Vol. XV<\/li>\n<\/ul><\/div>\n<\/p><\/div>\n<\/p><\/div>\n<p> <!-- Secci\u00f3n de aplicaciones --> <\/p>\n<div style='display: flex; flex-wrap: wrap; gap: 30px; margin-bottom: 30px;'>\n<div style='flex: 1 1 300px; min-width: 280px;'>\n<h3 style='font-size: 22px; border-bottom: 2px solid currentColor; padding-bottom: 5px; margin-top: 0; color: inherit; opacity: 0.8;'>Aplicaciones<\/h3>\n<ul style='padding-left: 20px; font-size: 15px; color: inherit;'>\n<li style='margin-bottom: 5px;'>Sistemas de evacuaci\u00f3n por voz<\/li>\n<li style='margin-bottom: 5px;'>Sistemas de alarma de incendio con integraci\u00f3n de voz<\/li>\n<li style='margin-bottom: 5px;'>Instalaciones comerciales e industriales<\/li>\n<li style='margin-bottom: 5px;'>Sistemas distribuidos con m\u00faltiples zonas de audio<\/li>\n<\/ul><\/div>\n<\/p><\/div>\n<p> <!-- Secci\u00f3n de informaci\u00f3n de instalaci\u00f3n --> <\/p>\n<div style='display: flex; flex-wrap: wrap; gap: 30px; margin-bottom: 30px;'>\n<div style='flex: 1 1 300px; min-width: 280px;'>\n<h3 style='font-size: 22px; border-bottom: 2px solid currentColor; padding-bottom: 5px; margin-top: 0; color: inherit; opacity: 0.8;'>Instalaci\u00f3n<\/h3>\n<ul style='padding-left: 20px; font-size: 15px; color: inherit;'>\n<li style='margin-bottom: 5px;'>Puede montarse hasta a 6000 pies del panel de control<\/li>\n<li style='margin-bottom: 5px;'>Montaje superficial o empotrado<\/li>\n<li style='margin-bottom: 5px;'>Conexi\u00f3n mediante arn\u00e9s de cableado<\/li>\n<\/ul><\/div>\n<\/p><\/div>\n<p> <!-- Separador --> <\/p>\n<hr style='border: 0; border-top: 1px solid rgba(150&comma; 150&comma; 150&comma; 0.3); margin: 30px 0;'> <\/div>\n","protected":false},"excerpt":{"rendered":"<p>Amplificador Inteligente de 50 Watts para Sistema de Evacuaci\u00f3n por Voz, con Fuente de Alimentaci\u00f3n y Respaldo de Bater\u00eda<\/p>\n","protected":false},"featured_media":34426,"comment_status":"open","ping_status":"closed","template":"","meta":[],"product_brand":[],"product_cat":[1027],"product_tag":[996,1028,523],"class_list":{"0":"post-34427","1":"product","2":"type-product","3":"status-publish","4":"has-post-thumbnail","6":"product_cat-paneles-de-voceo","7":"product_tag-notificacion-y-voceo","8":"product_tag-paneles-de-voceo","9":"product_tag-silent-knight-by-honeywell","11":"first","12":"outofstock","13":"sale","14":"shipping-taxable","15":"purchasable","16":"product-type-simple"},"_links":{"self":[{"href":"https:\/\/soydeaqui.ddns.net\/pachuca\/index.php\/wp-json\/wp\/v2\/product\/34427","targetHints":{"allow":["GET"]}}],"collection":[{"href":"https:\/\/soydeaqui.ddns.net\/pachuca\/index.php\/wp-json\/wp\/v2\/product"}],"about":[{"href":"https:\/\/soydeaqui.ddns.net\/pachuca\/index.php\/wp-json\/wp\/v2\/types\/product"}],"replies":[{"embeddable":true,"href":"https:\/\/soydeaqui.ddns.net\/pachuca\/index.php\/wp-json\/wp\/v2\/comments?post=34427"}],"wp:featuredmedia":[{"embeddable":true,"href":"https:\/\/soydeaqui.ddns.net\/pachuca\/index.php\/wp-json\/wp\/v2\/media\/34426"}],"wp:attachment":[{"href":"https:\/\/soydeaqui.ddns.net\/pachuca\/index.php\/wp-json\/wp\/v2\/media?parent=34427"}],"wp:term":[{"taxonomy":"product_brand","embeddable":true,"href":"https:\/\/soydeaqui.ddns.net\/pachuca\/index.php\/wp-json\/wp\/v2\/product_brand?post=34427"},{"taxonomy":"product_cat","embeddable":true,"href":"https:\/\/soydeaqui.ddns.net\/pachuca\/index.php\/wp-json\/wp\/v2\/product_cat?post=34427"},{"taxonomy":"product_tag","embeddable":true,"href":"https:\/\/soydeaqui.ddns.net\/pachuca\/index.php\/wp-json\/wp\/v2\/product_tag?post=34427"}],"curies":[{"name":"wp","href":"https:\/\/api.w.org\/{rel}","templated":true}]}}