{"id":34418,"date":"2026-03-18T15:21:08","date_gmt":"2026-03-18T15:21:08","guid":{"rendered":"https:\/\/soydeaqui.ddns.net\/pachuca\/index.php\/producto\/bocina-con-estrobo-para-pared-color-blanco-0501-06210\/"},"modified":"2026-03-18T15:21:13","modified_gmt":"2026-03-18T15:21:13","slug":"bocina-con-estrobo-para-pared-color-blanco-0501-06210","status":"publish","type":"product","link":"https:\/\/soydeaqui.ddns.net\/pachuca\/index.php\/producto\/bocina-con-estrobo-para-pared-color-blanco-0501-06210\/","title":{"rendered":"Bocina con estrobo para pared color BLANCO (0501-06210)"},"content":{"rendered":"<div style='width: 100%; max-width: 1200px; margin: 0 auto; font-family: sans-serif; line-height: 1.6; color: inherit; background-color: transparent;'> <!-- Secci\u00f3n de caracter\u00edsticas principales --> <\/p>\n<div style='display: flex; flex-wrap: wrap; gap: 30px; margin-bottom: 30px;'>\n<div style='flex: 1 1 300px; min-width: 280px;'>\n<h3 style='font-size: 22px; border-bottom: 2px solid currentColor; padding-bottom: 5px; margin-top: 0; color: inherit; opacity: 0.8;'>Caracter\u00edsticas Generales<\/h3>\n<ul style='padding-left: 20px; font-size: 15px; color: inherit;'>\n<li style='margin-bottom: 5px;'><strong>Tipo:<\/strong> Bocina con estrobo para pared<\/li>\n<li style='margin-bottom: 5px;'><strong>Color:<\/strong> Blanco<\/li>\n<li style='margin-bottom: 5px;'><strong>Dimensiones:<\/strong> 155 x 155 x 48 mm (6.1&#8242; x 1.88&#8242;)<\/li>\n<li style='margin-bottom: 5px;'><strong>Voltaje nominal:<\/strong> 24 Vcc<\/li>\n<li style='margin-bottom: 5px;'><strong>Temperatura operaci\u00f3n:<\/strong> 32\u00b0 a 120\u00b0 F (0\u00b0 a 49\u00b0 C)<\/li>\n<li style='margin-bottom: 5px;'><strong>Uso:<\/strong> Interior<\/li>\n<li style='margin-bottom: 5px;'><strong>Normas:<\/strong> UL 1480&comma; UL 1638&comma; UL 1971&comma; NFPA 72&comma; ADA<\/li>\n<\/ul><\/div>\n<div style='flex: 1 1 300px; min-width: 280px;'>\n<h3 style='font-size: 22px; border-bottom: 2px solid currentColor; padding-bottom: 5px; margin-top: 0; color: inherit; opacity: 0.8;'>Caracter\u00edsticas de Audio<\/h3>\n<ul style='padding-left: 20px; font-size: 15px; color: inherit;'>\n<li style='margin-bottom: 5px;'><strong>Selecci\u00f3n de potencia:<\/strong> 1\/8W&comma; 1\/4W&comma; 1\/2W&comma; 1W&comma; 2W y 4W<\/li>\n<li style='margin-bottom: 5px;'><strong>Voltaje bocina:<\/strong> 25 VRMS \u00f3 70.7 VRMS<\/li>\n<li style='margin-bottom: 5px;'><strong>Rango de frecuencia:<\/strong> 400-4000Hz<\/li>\n<li style='margin-bottom: 5px;'><strong>Nivel de salida:<\/strong> 87.9 dB a 4W<\/li>\n<li style='margin-bottom: 5px;'><strong>Conexiones:<\/strong> Terminales para cable 12 a 18 AWG<\/li>\n<\/ul><\/div>\n<div style='flex: 1 1 300px; min-width: 280px;'>\n<h3 style='font-size: 22px; border-bottom: 2px solid currentColor; padding-bottom: 5px; margin-top: 0; color: inherit; opacity: 0.8;'>Caracter\u00edsticas de Estrobo<\/h3>\n<ul style='padding-left: 20px; font-size: 15px; color: inherit;'>\n<li style='margin-bottom: 5px;'><strong>Voltaje:<\/strong> 24 Vcc<\/li>\n<li style='margin-bottom: 5px;'><strong>Frecuencia de destello:<\/strong> 1Hz (constante)<\/li>\n<li style='margin-bottom: 5px;'><strong>Selecci\u00f3n de candela:<\/strong> 15&comma; 30&comma; 60&comma; 75&comma; 110 y 15\/75 fijo<\/li>\n<li style='margin-bottom: 5px;'><strong>Corriente m\u00e1xima:<\/strong> 96mA (a 16VDC para 24VDC unidades)<\/li>\n<li style='margin-bottom: 5px;'><strong>Caracter\u00edstica:<\/strong> Tapa antivandalismo<\/li>\n<\/ul><\/div>\n<\/p><\/div>\n<p> <!-- Secci\u00f3n de aplicaciones --> <\/p>\n<div style='margin-bottom: 30px;'>\n<h3 style='font-size: 22px; border-bottom: 2px solid currentColor; padding-bottom: 5px; margin-top: 0; color: inherit; opacity: 0.8;'>Aplicaciones<\/h3>\n<p style='font-size: 15px; color: inherit;'>La HSSPKWLP Series son bocinas\/estrobo de montaje en pared dise\u00f1adas para cumplir con los requisitos de c\u00f3digo para se\u00f1ales de audio&comma; visuales y comunicaciones de voz. Ofrecen se\u00f1ales de evacuaci\u00f3n confiables&comma; alarmas visuales o combinaci\u00f3n de ambas. Los modelos con selecci\u00f3n de candela alta est\u00e1n disponibles en 15&comma; 30&comma; 60&comma; 75 y 110&comma; con opci\u00f3n de 15\/75 fijo.<\/p>\n<\/p><\/div>\n<p> <!-- Secci\u00f3n de especificaciones el\u00e9ctricas --> <\/p>\n<div style='display: flex; flex-wrap: wrap; gap: 20px; margin-bottom: 30px;'>\n<div style='flex: 1 1 250px; border: 1px solid rgba(150&comma; 150&comma; 150&comma; 0.4); border-radius: 8px; overflow: hidden; display: flex; flex-direction: column;'>\n<div style='padding: 15px; border-bottom: 1px solid rgba(150&comma; 150&comma; 150&comma; 0.2); font-weight: bold; font-size: 18px; color: inherit;'>Niveles de Audio<\/div>\n<div style='padding: 15px; color: inherit;'>\n<ul style='padding-left: 20px; margin: 0; font-size: 14px; list-style-type: disc;'>\n<li style='margin-bottom: 5px;'><strong>1\/8W:<\/strong> 74.6 dBA<\/li>\n<li style='margin-bottom: 5px;'><strong>1\/4W:<\/strong> 77.7 dBA<\/li>\n<li style='margin-bottom: 5px;'><strong>1\/2W:<\/strong> 80.5 dBA<\/li>\n<li style='margin-bottom: 5px;'><strong>1W:<\/strong> 83.1 dBA<\/li>\n<li style='margin-bottom: 5px;'><strong>2W:<\/strong> 85.6 dBA<\/li>\n<li style='margin-bottom: 5px;'><strong>4W:<\/strong> 87.9 dBA<\/li>\n<\/ul><\/div>\n<\/p><\/div>\n<div style='flex: 1 1 250px; border: 1px solid rgba(150&comma; 150&comma; 150&comma; 0.4); border-radius: 8px; overflow: hidden; display: flex; flex-direction: column;'>\n<div style='padding: 15px; border-bottom: 1px solid rgba(150&comma; 150&comma; 150&comma; 0.2); font-weight: bold; font-size: 18px; color: inherit;'>Corriente Estrobo (24VDC)<\/div>\n<div style='padding: 15px; color: inherit;'>\n<ul style='padding-left: 20px; margin: 0; font-size: 14px; list-style-type: disc;'>\n<li style='margin-bottom: 5px;'><strong>15cd:<\/strong> 33mA<\/li>\n<li style='margin-bottom: 5px;'><strong>30cd:<\/strong> 63mA<\/li>\n<li style='margin-bottom: 5px;'><strong>60cd:<\/strong> 88mA<\/li>\n<li style='margin-bottom: 5px;'><strong>75cd:<\/strong> 112mA<\/li>\n<li style='margin-bottom: 5px;'><strong>110cd:<\/strong> 136mA<\/li>\n<li style='margin-bottom: 5px;'><strong>15\/75cd:<\/strong> 63mA<\/li>\n<\/ul><\/div>\n<\/p><\/div>\n<div style='flex: 1 1 250px; border: 1px solid rgba(150&comma; 150&comma; 150&comma; 0.4); border-radius: 8px; overflow: hidden; display: flex; flex-direction: column;'>\n<div style='padding: 15px; border-bottom: 1px solid rgba(150&comma; 150&comma; 150&comma; 0.2); font-weight: bold; font-size: 18px; color: inherit;'>Corriente M\u00e1xima UL<\/div>\n<div style='padding: 15px; color: inherit;'>\n<ul style='padding-left: 20px; margin: 0; font-size: 14px; list-style-type: disc;'>\n<li style='margin-bottom: 5px;'><strong>15cd:<\/strong> 78mA<\/li>\n<li style='margin-bottom: 5px;'><strong>30cd:<\/strong> 96mA<\/li>\n<li style='margin-bottom: 5px;'><strong>60cd:<\/strong> 137mA<\/li>\n<li style='margin-bottom: 5px;'><strong>75cd:<\/strong> 180mA<\/li>\n<li style='margin-bottom: 5px;'><strong>110cd:<\/strong> 224mA<\/li>\n<li style='margin-bottom: 5px;'><strong>15\/75cd:<\/strong> 96mA<\/li>\n<\/ul><\/div>\n<\/p><\/div>\n<\/p><\/div>\n<p> <!-- Secci\u00f3n de montaje --> <\/p>\n<div style='margin-bottom: 30px;'>\n<h3 style='font-size: 22px; border-bottom: 2px solid currentColor; padding-bottom: 5px; margin-top: 0; color: inherit; opacity: 0.8;'>Requisitos de Instalaci\u00f3n<\/h3>\n<ul style='padding-left: 20px; font-size: 15px; color: inherit;'>\n<li style='margin-bottom: 5px;'><strong>Caja de montaje:<\/strong> 4&#8242; cuadrada x 2-1\/8&#8242; de profundidad<\/li>\n<li style='margin-bottom: 5px;'><strong>Accesorio:<\/strong> No requiere anillo de extensi\u00f3n<\/li>\n<li style='margin-bottom: 5px;'><strong>Sincronizaci\u00f3n:<\/strong> Requiere m\u00f3dulo HAVSM para sincronizar estrobo<\/li>\n<\/ul><\/div>\n<p> <!-- Separador --> <\/p>\n<hr style='border: 0; border-top: 1px solid rgba(150&comma; 150&comma; 150&comma; 0.3); margin: 30px 0;'> <\/div>\n","protected":false},"excerpt":{"rendered":"<p>Bocina con estrobo para pared color BLANCO (0501-06210)<\/p>\n","protected":false},"featured_media":34417,"comment_status":"open","ping_status":"closed","template":"","meta":[],"product_brand":[],"product_cat":[995],"product_tag":[997,406,996],"class_list":{"0":"post-34418","1":"product","2":"type-product","3":"status-publish","4":"has-post-thumbnail","6":"product_cat-estrobos-sirenas-bocinas-campanas","7":"product_tag-estrobos-sirenas-bocinas-campanas","8":"product_tag-hochiki","9":"product_tag-notificacion-y-voceo","11":"first","12":"outofstock","13":"sale","14":"shipping-taxable","15":"purchasable","16":"product-type-simple"},"_links":{"self":[{"href":"https:\/\/soydeaqui.ddns.net\/pachuca\/index.php\/wp-json\/wp\/v2\/product\/34418","targetHints":{"allow":["GET"]}}],"collection":[{"href":"https:\/\/soydeaqui.ddns.net\/pachuca\/index.php\/wp-json\/wp\/v2\/product"}],"about":[{"href":"https:\/\/soydeaqui.ddns.net\/pachuca\/index.php\/wp-json\/wp\/v2\/types\/product"}],"replies":[{"embeddable":true,"href":"https:\/\/soydeaqui.ddns.net\/pachuca\/index.php\/wp-json\/wp\/v2\/comments?post=34418"}],"wp:featuredmedia":[{"embeddable":true,"href":"https:\/\/soydeaqui.ddns.net\/pachuca\/index.php\/wp-json\/wp\/v2\/media\/34417"}],"wp:attachment":[{"href":"https:\/\/soydeaqui.ddns.net\/pachuca\/index.php\/wp-json\/wp\/v2\/media?parent=34418"}],"wp:term":[{"taxonomy":"product_brand","embeddable":true,"href":"https:\/\/soydeaqui.ddns.net\/pachuca\/index.php\/wp-json\/wp\/v2\/product_brand?post=34418"},{"taxonomy":"product_cat","embeddable":true,"href":"https:\/\/soydeaqui.ddns.net\/pachuca\/index.php\/wp-json\/wp\/v2\/product_cat?post=34418"},{"taxonomy":"product_tag","embeddable":true,"href":"https:\/\/soydeaqui.ddns.net\/pachuca\/index.php\/wp-json\/wp\/v2\/product_tag?post=34418"}],"curies":[{"name":"wp","href":"https:\/\/api.w.org\/{rel}","templated":true}]}}