{"id":34412,"date":"2026-03-18T15:20:57","date_gmt":"2026-03-18T15:20:57","guid":{"rendered":"https:\/\/soydeaqui.ddns.net\/pachuca\/index.php\/producto\/bocina-con-estrobo-para-pared-color-roja\/"},"modified":"2026-03-18T15:21:03","modified_gmt":"2026-03-18T15:21:03","slug":"bocina-con-estrobo-para-pared-color-roja","status":"publish","type":"product","link":"https:\/\/soydeaqui.ddns.net\/pachuca\/index.php\/producto\/bocina-con-estrobo-para-pared-color-roja\/","title":{"rendered":"Bocina con estrobo para pared color roja"},"content":{"rendered":"<div style='width: 100%; max-width: 1200px; margin: 0 auto; font-family: sans-serif; line-height: 1.6; color: inherit; background-color: transparent;'> <!-- Secci\u00f3n de caracter\u00edsticas principales --> <\/p>\n<div style='display: flex; flex-wrap: wrap; gap: 30px; margin-bottom: 30px;'>\n<div style='flex: 1 1 300px; min-width: 280px;'>\n<h3 style='font-size: 22px; border-bottom: 2px solid currentColor; padding-bottom: 5px; margin-top: 0; color: inherit; opacity: 0.8;'>Caracter\u00edsticas Principales<\/h3>\n<ul style='padding-left: 20px; font-size: 15px; color: inherit;'>\n<li style='margin-bottom: 5px;'><strong>Tipo:<\/strong> Bocina con estrobo para pared<\/li>\n<li style='margin-bottom: 5px;'><strong>Nivel de sonido:<\/strong> 87.9 dB<\/li>\n<li style='margin-bottom: 5px;'><strong>Voltaje estrobo:<\/strong> 24 VCC<\/li>\n<li style='margin-bottom: 5px;'><strong>Voltaje bocina:<\/strong> 25 \u00f3 70 VRMS<\/li>\n<li style='margin-bottom: 5px;'><strong>Selecci\u00f3n de potencia:<\/strong> 1\/8 W&comma; 1\/4 W&comma; 1\/2 W&comma; 1 W&comma; 2 W y 4 W<\/li>\n<li style='margin-bottom: 5px;'><strong>Selecci\u00f3n de canales:<\/strong> 15\/75<\/li>\n<li style='margin-bottom: 5px;'><strong>Dimensiones:<\/strong> 155 x 155 x 48 mm<\/li>\n<li style='margin-bottom: 5px;'><strong>Color:<\/strong> Rojo<\/li>\n<\/ul><\/div>\n<\/p><\/div>\n<p> <!-- Secci\u00f3n de especificaciones t\u00e9cnicas --> <\/p>\n<div style='display: flex; flex-wrap: wrap; gap: 20px; margin-bottom: 30px;'>\n<div style='flex: 1 1 250px; border: 1px solid rgba(150&comma; 150&comma; 150&comma; 0.4); border-radius: 8px; overflow: hidden; display: flex; flex-direction: column;'>\n<div style='padding: 15px; border-bottom: 1px solid rgba(150&comma; 150&comma; 150&comma; 0.2); font-weight: bold; font-size: 18px; color: inherit;'>Especificaciones El\u00e9ctricas<\/div>\n<div style='padding: 15px; color: inherit;'>\n<ul style='padding-left: 20px; margin: 0; font-size: 14px; list-style-type: disc;'>\n<li style='margin-bottom: 5px;'><strong>Corriente estrobo 24VDC:<\/strong> 63mA (15\/75cd)<\/li>\n<li style='margin-bottom: 5px;'><strong>Corriente m\u00e1x. UL:<\/strong> 96mA (15\/75cd)<\/li>\n<li style='margin-bottom: 5px;'><strong>Terminales:<\/strong> 12 a 18 AWG<\/li>\n<\/ul><\/div>\n<\/p><\/div>\n<div style='flex: 1 1 250px; border: 1px solid rgba(150&comma; 150&comma; 150&comma; 0.4); border-radius: 8px; overflow: hidden; display: flex; flex-direction: column;'>\n<div style='padding: 15px; border-bottom: 1px solid rgba(150&comma; 150&comma; 150&comma; 0.2); font-weight: bold; font-size: 18px; color: inherit;'>Caracter\u00edsticas T\u00e9cnicas<\/div>\n<div style='padding: 15px; color: inherit;'>\n<ul style='padding-left: 20px; margin: 0; font-size: 14px; list-style-type: disc;'>\n<li style='margin-bottom: 5px;'><strong>Rango de frecuencia:<\/strong> 400-4000Hz<\/li>\n<li style='margin-bottom: 5px;'><strong>Temperatura operaci\u00f3n:<\/strong> 0\u00b0 a 49\u00b0 C<\/li>\n<li style='margin-bottom: 5px;'><strong>Grilla:<\/strong> Antivand\u00e1lica<\/li>\n<li style='margin-bottom: 5px; '> <strong>Material:<\/strong> Pl\u00e1stico resistente<\/li>\n<\/ul><\/div>\n<\/p><\/div>\n<div style='flex: 1 1 250px; border: 1px solid rgba(150&comma; 150&comma; 150&comma; 0.4); border-radius: 8px; overflow: hidden; display: flex; flex-direction: column;'>\n<div style='padding: 15px; border-bottom: 1px solid rgba(150&comma; 150&comma; 150&comma; 0.2); font-weight: bold; font-size: 18px; color: inherit;'>Compatibilidad<\/div>\n<div style='padding: 15px; color: inherit;'>\n<ul style='padding-left: 20px; margin: 0; font-size: 14px; list-style-type: disc;'>\n<li style='margin-bottom: 5px;'><strong>Normas:<\/strong> UL 1480&comma; UL 1638&comma; UL 1971<\/li>\n<li style='margin-bottom: 5px;'><strong>Aplicaciones:<\/strong> NFPA 72&comma; ADA<\/li>\n<\/ul><\/div>\n<\/p><\/div>\n<\/p><\/div>\n<p> <!-- Secci\u00f3n de aplicaciones --> <\/p>\n<div style='margin-bottom: 30px;'>\n<h3 style='font-size: 22px; border-bottom: 2px solid currentColor; padding-bottom: 5px; margin-top: 0; margin-bottom: 15px; color: inherit; opacity: 0.8;'>Aplicaciones<\/h3>\n<p style='font-size: 15px; color: inherit; margin: 0 0 15px 0;'>Dise\u00f1ada para cumplir con los requisitos de c\u00f3digo para comunicaci\u00f3n de audio&comma; visual y voz. Ideal para sistemas de evacuaci\u00f3n con se\u00f1ales de alarma visual y ac\u00fastica.<\/p>\n<p style='font-size: 15px; color: inherit; margin: 0;'>Compatible con m\u00f3dulo de sincronizaci\u00f3n HAVSM para sincronizaci\u00f3n de estrobo.<\/p>\n<\/p><\/div>\n<p> <!-- Secci\u00f3n de montaje --> <\/p>\n<div style='display: flex; flex-wrap: wrap; gap: 20px; margin-bottom: 30px;'>\n<div style='flex: 1 1 250px; border: 1px solid rgba(150&comma; 150&comma; 150&comma; 0.4); border-radius: 8px; overflow: hidden; display: flex; flex-direction: column;'>\n<div style='padding: 15px; border-bottom: 1px solid rgba(150&comma; 150&comma; 150&comma; 0.2); font-weight: bold; font-size: 18px; color: inherit;'>Montaje<\/div>\n<div style='padding: 15px; color: inherit;'>\n<ul style='padding-left: 20px; margin: 0; font-size: 14px; list-style-type: disc;'>\n<li style='margin-bottom: 5px;'><strong>Tipo:<\/strong> Montaje en pared<\/li>\n<li style='margin-bottom: 5px;'><strong>Caja requerida:<\/strong> 4&#8242; cuadrada x 2-1\/8&#8242; de profundidad<\/li>\n<li style='margin-bottom: 5px;'><strong>Accesorios:<\/strong> No requiere anillo de extensi\u00f3n<\/li>\n<\/ul><\/div>\n<\/p><\/div>\n<div style='flex: 1 1 250px; border: 1px solid rgba(150&comma; 150&comma; 150&comma; 0.4); border-radius: 8px; overflow: hidden; display: flex; flex-direction: column;'>\n<div style='padding: 15px; border-bottom: 1px solid rgba(150&comma; 150&comma; 150&comma; 0.2); font-weight: bold; font-size: 18px; color: inherit;'>Niveles de Sonido<\/div>\n<div style='padding: 15px; color: inherit;'>\n<ul style='padding-left: 20px; margin: 0; font-size: 14px; list-style-type: disc;'>\n<li style='margin-bottom: 5px;'><strong>1\/8 W:<\/strong> 74.6 dBA<\/li>\n<li style='margin-bottom: 5px;'><strong>1\/4 W:<\/strong> 77.7 dBA<\/li>\n<li style='margin-bottom: 5px;'><strong>1\/2 W:<\/strong> 80.5 dBA<\/li>\n<li style='margin-bottom: 5px;'><strong>1 W:<\/strong> 83.1 dBA<\/li>\n<li style='margin-bottom: 5px;'><strong>2 W:<\/strong> 85.6 dBA<\/li>\n<li style='margin-bottom: 5px;'><strong>4 W:<\/strong> 87.9 dBA<\/li>\n<\/ul><\/div>\n<\/p><\/div>\n<\/p><\/div>\n<p> <!-- Separador --> <\/p>\n<hr style='border: 0; border-top: 1px solid rgba(150&comma; 150&comma; 150&comma; 0.3); margin: 30px 0;'> <\/div>\n","protected":false},"excerpt":{"rendered":"<p>Bocina con estrobo para pared color roja<\/p>\n","protected":false},"featured_media":34411,"comment_status":"open","ping_status":"closed","template":"","meta":[],"product_brand":[],"product_cat":[995],"product_tag":[997,406,996],"class_list":{"0":"post-34412","1":"product","2":"type-product","3":"status-publish","4":"has-post-thumbnail","6":"product_cat-estrobos-sirenas-bocinas-campanas","7":"product_tag-estrobos-sirenas-bocinas-campanas","8":"product_tag-hochiki","9":"product_tag-notificacion-y-voceo","11":"first","12":"outofstock","13":"sale","14":"shipping-taxable","15":"purchasable","16":"product-type-simple"},"_links":{"self":[{"href":"https:\/\/soydeaqui.ddns.net\/pachuca\/index.php\/wp-json\/wp\/v2\/product\/34412","targetHints":{"allow":["GET"]}}],"collection":[{"href":"https:\/\/soydeaqui.ddns.net\/pachuca\/index.php\/wp-json\/wp\/v2\/product"}],"about":[{"href":"https:\/\/soydeaqui.ddns.net\/pachuca\/index.php\/wp-json\/wp\/v2\/types\/product"}],"replies":[{"embeddable":true,"href":"https:\/\/soydeaqui.ddns.net\/pachuca\/index.php\/wp-json\/wp\/v2\/comments?post=34412"}],"wp:featuredmedia":[{"embeddable":true,"href":"https:\/\/soydeaqui.ddns.net\/pachuca\/index.php\/wp-json\/wp\/v2\/media\/34411"}],"wp:attachment":[{"href":"https:\/\/soydeaqui.ddns.net\/pachuca\/index.php\/wp-json\/wp\/v2\/media?parent=34412"}],"wp:term":[{"taxonomy":"product_brand","embeddable":true,"href":"https:\/\/soydeaqui.ddns.net\/pachuca\/index.php\/wp-json\/wp\/v2\/product_brand?post=34412"},{"taxonomy":"product_cat","embeddable":true,"href":"https:\/\/soydeaqui.ddns.net\/pachuca\/index.php\/wp-json\/wp\/v2\/product_cat?post=34412"},{"taxonomy":"product_tag","embeddable":true,"href":"https:\/\/soydeaqui.ddns.net\/pachuca\/index.php\/wp-json\/wp\/v2\/product_tag?post=34412"}],"curies":[{"name":"wp","href":"https:\/\/api.w.org\/{rel}","templated":true}]}}