{"id":34406,"date":"2026-03-18T15:20:49","date_gmt":"2026-03-18T15:20:49","guid":{"rendered":"https:\/\/soydeaqui.ddns.net\/pachuca\/index.php\/producto\/sirena-estrobo-24-vcd-multi-candela-15-hasta-110-cd-montaje-en-pared-color-rojo-serie-hec3-0500-06020-hochiki\/"},"modified":"2026-03-18T15:20:55","modified_gmt":"2026-03-18T15:20:55","slug":"sirena-estrobo-24-vcd-multi-candela-15-hasta-110-cd-montaje-en-pared-color-rojo-serie-hec3-0500-06020-hochiki","status":"publish","type":"product","link":"https:\/\/soydeaqui.ddns.net\/pachuca\/index.php\/producto\/sirena-estrobo-24-vcd-multi-candela-15-hasta-110-cd-montaje-en-pared-color-rojo-serie-hec3-0500-06020-hochiki\/","title":{"rendered":"Sirena Estrobo, 24 Vcd, Multi-Candela 15 hasta 110 cd, Montaje En Pared, Color Rojo, Serie HEC3 (0500-06020), Hochiki"},"content":{"rendered":"<div style='width: 100%; max-width: 1200px; margin: 0 auto; font-family: sans-serif; line-height: 1.6; color: inherit; background-color: transparent;'>\n<div style='display: flex; flex-wrap: wrap; gap: 30px; margin-bottom: 30px;'>\n<div style='flex: 1 1 300px; min-width: 280px;'>\n<h3 style='font-size: 22px; border-bottom: 2px solid currentColor; padding-bottom: 5px; margin-top: 0; color: inherit; opacity: 0.8;'>Descripci\u00f3n<\/h3>\n<p style='font-size: 15px; color: inherit; margin-top: 0;'>La Serie HE es una combinaci\u00f3n discreta de estroboscopio y bocina\/estroboscopio que ofrece alarmas sonoras y visuales confiables y la corriente m\u00e1s baja disponible.<\/p>\n<p style='font-size: 15px; color: inherit; margin-top: 0;'>La Serie HE de 24 VCC ofrece opciones de candelas seleccionables en campo con protecci\u00f3n contra manipulaciones de 15&comma; 30&comma; 60&comma; 75 y 110 candelas. Los modelos de 12 VCC ofrecen opciones de candelas seleccionables en campo con protecci\u00f3n contra manipulaciones de 15&comma; 30&comma; 60 y 75 candelas.<\/p>\n<p style='font-size: 15px; color: inherit; margin-top: 0;'>La bocina de la Serie HE ofrece tres tonos temporales continuos o sincronizables de 2400 Hz&comma; un tono mec\u00e1nico&comma; un timbre y un tono de silbido. Todos los tonos son f\u00e1ciles de cambiar en campo mediante interruptores.<\/p>\n<p style='font-size: 15px; color: inherit; margin-top: 0;'>La Serie HE tiene una corriente de funcionamiento m\u00ednima y una frecuencia de destello m\u00ednima de 1 Hz&comma; independientemente del voltaje de entrada. Se entrega con la placa de montaje met\u00e1lica est\u00e1ndar de 4&#8217;&comma; que incorpora la popular funci\u00f3n deslizante&comma; que permite al instalador realizar f\u00e1cilmente pruebas bajo supervisi\u00f3n.<\/p>\n<p style='font-size: 15px; color: inherit; margin-top: 0;'>El producto tambi\u00e9n cuenta con un mecanismo de bloqueo que lo fija al soporte sin que se vean los tornillos.<\/p>\n<p style='font-size: 15px; color: inherit; margin-top: 0;'>Los electrodom\u00e9sticos de la Serie HE cuentan con certificaci\u00f3n UL 464 y UL 1971 para su uso con sistemas de protecci\u00f3n contra incendios.<\/p>\n<\/p><\/div>\n<\/p><\/div>\n<div style='display: flex; flex-wrap: wrap; gap: 20px; margin-bottom: 30px;'>\n<div style='flex: 1 1 250px; border: 1px solid rgba(150&comma; 150&comma; 150&comma; 0.4); border-radius: 8px; overflow: hidden; display: flex; flex-direction: column;'>\n<div style='padding: 15px; border-bottom: 1px solid rgba(150&comma; 150&comma; 150&comma; 0.2); font-weight: bold; font-size: 18px; color: inherit;'>Caracter\u00edsticas Est\u00e1ndar<\/div>\n<div style='padding: 15px; color: inherit;'>\n<ul style='padding-left: 20px; margin: 0; font-size: 14px; list-style-type: disc; color: inherit;'>\n<li style='margin-bottom: 5px; color: inherit;'><span style='color: inherit;'>Cumplimiento del producto NFPA2&comma; Americans with Disabilities Act (ADA)&comma; Listado UL #S1529&comma;#S8369<\/span><\/li>\n<li style='margin-bottom: 5px; color: inherit;'><span style='color: inherit;'>Las unidades de 24 VCC tienen opciones de candelas seleccionables en campo de 15&comma; 30&comma; 60&comma; 75 y 110 candelas.<\/span><\/li>\n<li style='margin-bottom: 5px; color: inherit;'><span style='color: inherit;'>Voltaje nominal: 24 VCC o 12 VCC (seg\u00fan versi\u00f3n)<\/span><\/li>\n<li style='margin-bottom: 5px; color: inherit;'><span style='color: inherit;'>Dimensiones: 5&#8242; (127 mm) altura x 4.5&#8242; (114 mm) ancho x 2.5&#8242; (635 mm) profundidad<\/span><\/li>\n<li style='margin-bottom: 5px; color: inherit;'><span style='color: inherit;'>Sincronice el estroboscopio y\/o la bocina con el m\u00f3dulo de control de la serie Hochiki<\/span><\/li>\n<li style='margin-bottom: 5px; color: inherit;'><span style='color: inherit;'>Precablee todo el sistema y luego instale las se\u00f1ales<\/span><\/li>\n<li style='margin-bottom: 5px; color: inherit;'><span style='color: inherit;'>Menores costos de instalaci\u00f3n y operaci\u00f3n<\/span><\/li>\n<li style='margin-bottom: 5px; color: inherit;'><span style='color: inherit;'>Los terminales de entrada admiten cables de calibre 12 a 18<\/span><\/li>\n<li style='margin-bottom: 5px; color: inherit;'><span style='color: inherit;'>Selecci\u00f3n de interruptor para dBA alto o bajo<\/span><\/li>\n<li style='margin-bottom: 5px; color: inherit;'><span style='color: inherit;'>Interruptor para timbre&comma; silbido&comma; tono mec\u00e1nico y tono de 2400 Hz<\/span><\/li>\n<li style='margin-bottom: 5px; color: inherit;'><span style='color: inherit;'>Cambiar entre continuo o temporal 3 (no disponible en tono de voz)<\/span><\/li>\n<li style='margin-bottom: 5px; color: inherit;'><span style='color: inherit;'>Montaje en superficie con la HSB (caja de montaje en superficie Hochiki)<\/span><\/li>\n<li style='margin-bottom: 5px; color: inherit;'><span style='color: inherit;'>Silenciar la bocina mientras las luces estrobosc\u00f3picas permanecen parpadeando<\/span><\/li>\n<li style='margin-bottom: 5px; color: inherit;'><span style='color: inherit;'>Amplio rango de voltaje: 8-17&comma;5 VCC (unidades de 12 VCC) 16-33 VCC o FWR (unidades de 24 VCC)<\/span><\/li>\n<li style='margin-bottom: 5px; color: inherit;'><span style='color: inherit;'>Placa frontal disponible en rojo o blanquecino<\/span><\/li>\n<li style='margin-bottom: 5px; color: inherit;'><span style='color: inherit;'>Temperatura de funcionamiento: 32 \u00b0F a 120 \u00b0F (0 \u00b0C a 49 \u00b0C)<\/span><\/li>\n<li style='margin-bottom: 5px; color: inherit;'><span style='color: inherit;'>La serie HE no est\u00e1 homologada para uso en exteriores<\/span><\/li>\n<\/ul><\/div>\n<\/p><\/div>\n<\/p><\/div>\n<\/p><\/div>\n","protected":false},"excerpt":{"rendered":"<p>Sirena Estrobo, 24 Vcd, Multi-Candela 15 hasta 110 cd, Montaje En Pared, Color Rojo, Serie HEC3 (0500-06020), Hochiki<\/p>\n","protected":false},"featured_media":34405,"comment_status":"open","ping_status":"closed","template":"","meta":[],"product_brand":[],"product_cat":[146],"product_tag":[93,406,147],"class_list":{"0":"post-34406","1":"product","2":"type-product","3":"status-publish","4":"has-post-thumbnail","6":"product_cat-sirenas-y-estrobos","7":"product_tag-accesorios","8":"product_tag-hochiki","9":"product_tag-sirenas-y-estrobos","11":"first","12":"instock","13":"sale","14":"shipping-taxable","15":"purchasable","16":"product-type-simple"},"_links":{"self":[{"href":"https:\/\/soydeaqui.ddns.net\/pachuca\/index.php\/wp-json\/wp\/v2\/product\/34406","targetHints":{"allow":["GET"]}}],"collection":[{"href":"https:\/\/soydeaqui.ddns.net\/pachuca\/index.php\/wp-json\/wp\/v2\/product"}],"about":[{"href":"https:\/\/soydeaqui.ddns.net\/pachuca\/index.php\/wp-json\/wp\/v2\/types\/product"}],"replies":[{"embeddable":true,"href":"https:\/\/soydeaqui.ddns.net\/pachuca\/index.php\/wp-json\/wp\/v2\/comments?post=34406"}],"wp:featuredmedia":[{"embeddable":true,"href":"https:\/\/soydeaqui.ddns.net\/pachuca\/index.php\/wp-json\/wp\/v2\/media\/34405"}],"wp:attachment":[{"href":"https:\/\/soydeaqui.ddns.net\/pachuca\/index.php\/wp-json\/wp\/v2\/media?parent=34406"}],"wp:term":[{"taxonomy":"product_brand","embeddable":true,"href":"https:\/\/soydeaqui.ddns.net\/pachuca\/index.php\/wp-json\/wp\/v2\/product_brand?post=34406"},{"taxonomy":"product_cat","embeddable":true,"href":"https:\/\/soydeaqui.ddns.net\/pachuca\/index.php\/wp-json\/wp\/v2\/product_cat?post=34406"},{"taxonomy":"product_tag","embeddable":true,"href":"https:\/\/soydeaqui.ddns.net\/pachuca\/index.php\/wp-json\/wp\/v2\/product_tag?post=34406"}],"curies":[{"name":"wp","href":"https:\/\/api.w.org\/{rel}","templated":true}]}}