{"id":34397,"date":"2026-03-18T15:20:40","date_gmt":"2026-03-18T15:20:40","guid":{"rendered":"https:\/\/soydeaqui.ddns.net\/pachuca\/index.php\/producto\/mini-modulo-de-contacto-de-respuesta-rapida-0400-02580\/"},"modified":"2026-03-18T15:20:45","modified_gmt":"2026-03-18T15:20:45","slug":"mini-modulo-de-contacto-de-respuesta-rapida-0400-02580","status":"publish","type":"product","link":"https:\/\/soydeaqui.ddns.net\/pachuca\/index.php\/producto\/mini-modulo-de-contacto-de-respuesta-rapida-0400-02580\/","title":{"rendered":"Mini-M\u00f3dulo de Contacto de Respuesta R\u00e1pida (0400-02580)"},"content":{"rendered":"<div style='width: 100%; max-width: 1200px; margin: 0 auto; font-family: sans-serif; line-height: 1.6; color: inherit; background-color: transparent;'> <!-- Secci\u00f3n de caracter\u00edsticas principales --> <\/p>\n<div style='display: flex; flex-wrap: wrap; gap: 30px; margin-bottom: 30px;'>\n<div style='flex: 1 1 300px; min-width: 280px;'>\n<h3 style='font-size: 22px; border-bottom: 2px solid currentColor; padding-bottom: 5px; margin-top: 0; color: inherit; opacity: 0.8;'>Caracter\u00edsticas Principales<\/h3>\n<ul style='padding-left: 20px; font-size: 15px; color: inherit;'>\n<li style='margin-bottom: 5px;'>Programable para monitorear contactos abiertos o cerrados<\/li>\n<li style='margin-bottom: 5px;'>Compatible con lazos SLC clase A o B<\/li>\n<li style='margin-bottom: 5px;'>Soporta cableado de hasta calibre 14 AWG<\/li>\n<li style='margin-bottom: 5px;'>Operaci\u00f3n eficiente en sistemas de seguridad<\/li>\n<li style='margin-bottom: 5px;'>Facilidad de integraci\u00f3n con sistemas existentes<\/li>\n<\/ul><\/div>\n<\/p><\/div>\n<p> <!-- Secci\u00f3n de especificaciones t\u00e9cnicas --> <\/p>\n<div style='display: flex; flex-wrap: wrap; gap: 20px; margin-bottom: 30px;'>\n<div style='flex: 1 1 250px; border: 1px solid rgba(150&comma; 150&comma; 150&comma; 0.4); border-radius: 8px; overflow: hidden; display: flex; flex-direction: column;'>\n<div style='padding: 15px; border-bottom: 1px solid rgba(150&comma; 150&comma; 150&comma; 0.2); font-weight: bold; font-size: 18px; color: inherit;'>Especificaciones T\u00e9cnicas<\/div>\n<div style='padding: 15px; color: inherit;'>\n<ul style='padding-left: 20px; margin: 0; font-size: 14px; list-style-type: disc;'>\n<li style='margin-bottom: 5px;'><strong>Voltaje de alimentaci\u00f3n:<\/strong> 25.3 ~ 39 VDC<\/li>\n<li style='margin-bottom: 5px;'><strong>Corriente promedio:<\/strong> 339\u03bcA (t\u00edpico)<\/li>\n<li style='margin-bottom: 5px;'><strong>Consumo en alarma:<\/strong> 358\u03bcA<\/li>\n<li style='margin-bottom: 5px;'><strong>Entrada programable:<\/strong> 1 entrada de monitoreo<\/li>\n<li style='margin-bottom: 5px;'><strong>Dispositivo EOL:<\/strong> Resistor de 10K Ohms<\/li>\n<li style='margin-bottom: 5px;'><strong>M\u00e1x. cantidad por lazo:<\/strong> 127<\/li>\n<li style='margin-bottom: 5px;'><strong>Dimensiones:<\/strong> 1.75&#8217;W x 2.37&#8217;H x 0.5&#8217;D<\/li>\n<li style='margin-bottom: 5px;'><strong>Temperatura de operaci\u00f3n:<\/strong> 32\u00b0F (0\u00b0C) a 120\u00b0F (49\u00b0C)<\/li>\n<li style='margin-bottom: 5px;'><strong>Humedad relativa:<\/strong> 90% RH sin condensaci\u00f3n<\/li>\n<li style='margin-bottom: 5px;'><strong>Montaje:<\/strong> Caja el\u00e9ctrica de 2&#8242;<\/li>\n<\/ul><\/div>\n<\/p><\/div>\n<p> <!-- Secci\u00f3n de caracter\u00edsticas t\u00e9cnicas --> <\/p>\n<div style='flex: 1 1 250px; border: 1px solid rgba(150&comma; 150&comma; 150&comma; 0.4); border-radius: 8px; overflow: hidden; display: flex; flex-direction: column;'>\n<div style='padding: 15px; border-bottom: 1px solid rgba(150&comma; 150&comma; 150&comma; 0.2); font-weight: bold; font-size: 18px; color: inherit;'>Caracter\u00edsticas T\u00e9cnicas<\/div>\n<div style='padding: 15px; color: inherit;'>\n<ul style='padding-left: 20px; margin: 0; font-size: 14px; list-style-type: disc;'>\n<li style='margin-bottom: 5px;'>M\u00f3dulo de contacto de una entrada<\/li>\n<li style='margin-bottom: 5px;'>Puede programarse para monitorear contactos abiertos o cerrados<\/li>\n<li style='margin-bottom: 5px;'>Opera sobre lazos SLC Clase A o Clase B<\/li>\n<li style='margin-bottom: 5px;'>No requiere fuente de alimentaci\u00f3n adicional de 24 VDC<\/li>\n<li style='margin-bottom: 5px;'>Dise\u00f1o compacto para montaje en caja de gang \u00fanico<\/li>\n<li style='margin-bottom: 5px;'>Direcci\u00f3n programable el\u00e9ctricamente y almacenada en EEPROM<\/li>\n<li style='margin-bottom: 5px;'>Supervisa el cableado al contacto con resistor EOL<\/li>\n<li style='margin-bottom: 5px;'>En estado de falla env\u00eda se\u00f1al de condici\u00f3n de falla al panel<\/li>\n<li style='margin-bottom: 5px;'>Env\u00eda una interrupci\u00f3n al panel cuando detecta cambio de estado<\/li>\n<\/ul><\/div>\n<\/p><\/div>\n<\/p><\/div>\n<p> <!-- Secci\u00f3n de aplicaciones --> <\/p>\n<div style='display: flex; flex-wrap: wrap; gap: 30px; margin-bottom: 30px;'>\n<div style='flex: 1 1 300px; min-width: 280px;'>\n<h3 style='font-size: 22px; border-bottom: 2px solid currentColor; padding-bottom: 5px; margin-top: 0; color: inherit; opacity: 0.8;'>Aplicaciones<\/h3>\n<ul style='padding-left: 20px; font-size: 15px; color: inherit;'>\n<li style='margin-bottom: 5px;'>Monitoreo de estaciones de alarma manual<\/li>\n<li style='margin-bottom: 5px;'>Detecci\u00f3n de flujo de agua en sistemas de rociadores<\/li>\n<li style='margin-bottom: 5px;'>Integraci\u00f3n con otros dispositivos de contacto seco<\/li>\n<li style='margin-bottom: 5px;'>Sistemas de seguridad donde se requiere detecci\u00f3n r\u00e1pida<\/li>\n<\/ul><\/div>\n<\/p><\/div>\n<p> <!-- Secci\u00f3n de est\u00e1ndares y certificaciones --> <\/p>\n<div style='display: flex; flex-wrap: wrap; gap: 20px; margin-bottom: 30px;'>\n<div style='flex: 1 1 250px; border: 1px solid rgba(150&comma; 150&comma; 150&comma; 0.4); border-radius: 8px; overflow: hidden; display: flex; flex-direction: column;'>\n<div style='padding: 15px; border-bottom: 1px solid rgba(150&comma; 150&comma; 150&comma; 0.2); font-weight: bold; font-size: 18px; color: inherit;'>Est\u00e1ndares y Certificaciones<\/div>\n<div style='padding: 15px; color: inherit;'>\n<ul style='padding-left: 20px; margin: 0; font-size: 14px; list-style-type: disc;'>\n<li style='margin-bottom: 5px;'>UL 864 9\u00aa Edici\u00f3n Listed<\/li>\n<li style='margin-bottom: 5px;'>California State Fire Marshal 3042214<\/li>\n<\/ul><\/div>\n<\/p><\/div>\n<\/p><\/div>\n<p> <!-- Separador --> <\/p>\n<hr style='border: 0; border-top: 1px solid rgba(150&comma; 150&comma; 150&comma; 0.3); margin: 30px 0;'> <\/div>\n","protected":false},"excerpt":{"rendered":"<p>Mini-M\u00f3dulo de Contacto de Respuesta R\u00e1pida (0400-02580)<\/p>\n","protected":false},"featured_media":34396,"comment_status":"open","ping_status":"closed","template":"","meta":[],"product_brand":[],"product_cat":[448],"product_tag":[449,406,225],"class_list":{"0":"post-34397","1":"product","2":"type-product","3":"status-publish","4":"has-post-thumbnail","6":"product_cat-todo-accesorios-y-dispositivos-direccionables","7":"product_tag-accesorios-y-dispositivos-direccionables","8":"product_tag-hochiki","9":"product_tag-todo","11":"first","12":"instock","13":"sale","14":"shipping-taxable","15":"purchasable","16":"product-type-simple"},"_links":{"self":[{"href":"https:\/\/soydeaqui.ddns.net\/pachuca\/index.php\/wp-json\/wp\/v2\/product\/34397","targetHints":{"allow":["GET"]}}],"collection":[{"href":"https:\/\/soydeaqui.ddns.net\/pachuca\/index.php\/wp-json\/wp\/v2\/product"}],"about":[{"href":"https:\/\/soydeaqui.ddns.net\/pachuca\/index.php\/wp-json\/wp\/v2\/types\/product"}],"replies":[{"embeddable":true,"href":"https:\/\/soydeaqui.ddns.net\/pachuca\/index.php\/wp-json\/wp\/v2\/comments?post=34397"}],"wp:featuredmedia":[{"embeddable":true,"href":"https:\/\/soydeaqui.ddns.net\/pachuca\/index.php\/wp-json\/wp\/v2\/media\/34396"}],"wp:attachment":[{"href":"https:\/\/soydeaqui.ddns.net\/pachuca\/index.php\/wp-json\/wp\/v2\/media?parent=34397"}],"wp:term":[{"taxonomy":"product_brand","embeddable":true,"href":"https:\/\/soydeaqui.ddns.net\/pachuca\/index.php\/wp-json\/wp\/v2\/product_brand?post=34397"},{"taxonomy":"product_cat","embeddable":true,"href":"https:\/\/soydeaqui.ddns.net\/pachuca\/index.php\/wp-json\/wp\/v2\/product_cat?post=34397"},{"taxonomy":"product_tag","embeddable":true,"href":"https:\/\/soydeaqui.ddns.net\/pachuca\/index.php\/wp-json\/wp\/v2\/product_tag?post=34397"}],"curies":[{"name":"wp","href":"https:\/\/api.w.org\/{rel}","templated":true}]}}