{"id":34352,"date":"2026-03-18T15:19:36","date_gmt":"2026-03-18T15:19:36","guid":{"rendered":"https:\/\/soydeaqui.ddns.net\/pachuca\/index.php\/producto\/caja-trasera-resistente-a-la-intemperie-roja-para-usar-con-la-serie-de-estrobos-he-0500-06360-de-hochiki\/"},"modified":"2026-03-18T15:19:43","modified_gmt":"2026-03-18T15:19:43","slug":"caja-trasera-resistente-a-la-intemperie-roja-para-usar-con-la-serie-de-estrobos-he-0500-06360-de-hochiki","status":"publish","type":"product","link":"https:\/\/soydeaqui.ddns.net\/pachuca\/index.php\/producto\/caja-trasera-resistente-a-la-intemperie-roja-para-usar-con-la-serie-de-estrobos-he-0500-06360-de-hochiki\/","title":{"rendered":"Caja Trasera Resistente a la Intemperie, Roja (para usar con la serie de estrobos HE) (0500-06360) De Hochiki"},"content":{"rendered":"<div style='width: 100%; max-width: 1200px; margin: 0 auto; font-family: sans-serif; line-height: 1.6; color: inherit; background-color: transparent;'> <!-- Secci\u00f3n de caracter\u00edsticas principales --> <\/p>\n<div style='display: flex; flex-wrap: wrap; gap: 30px; margin-bottom: 30px;'>\n<div style='flex: 1 1 300px; min-width: 280px;'>\n<h3 style='font-size: 22px; border-bottom: 2px solid currentColor; padding-bottom: 5px; margin-top: 0; color: inherit; opacity: 0.8;'>Caracter\u00edsticas Principales<\/h3>\n<ul style='padding-left: 20px; font-size: 15px; color: inherit;'>\n<li style='margin-bottom: 5px;'>Caja de montaje con pesta\u00f1as para atornillar<\/li>\n<li style='margin-bottom: 5px;'>Acabado de pl\u00e1stico texturizado elegante<\/li>\n<li style='margin-bottom: 5px;'>Disponible en colores rojo y blanco<\/li>\n<li style='margin-bottom: 5px;'>Dise\u00f1o vers\u00e1til para m\u00faltiples aplicaciones<\/li>\n<li style='margin-bottom: 5px;'>Material pl\u00e1stico duradero y resistente<\/li>\n<\/ul><\/div>\n<\/p><\/div>\n<p> <!-- Secci\u00f3n de especificaciones t\u00e9cnicas --> <\/p>\n<div style='display: flex; flex-wrap: wrap; gap: 20px; margin-bottom: 30px;'>\n<div style='flex: 1 1 250px; border: 1px solid rgba(150&comma; 150&comma; 150&comma; 0.4); border-radius: 8px; overflow: hidden; display: flex; flex-direction: column;'>\n<div style='padding: 15px; border-bottom: 1px solid rgba(150&comma; 150&comma; 150&comma; 0.2); font-weight: bold; font-size: 18px; color: inherit;'>Especificaciones T\u00e9cnicas<\/div>\n<div style='padding: 15px; color: inherit;'>\n<ul style='padding-left: 20px; margin: 0; font-size: 14px; list-style-type: disc;'>\n<li style='margin-bottom: 5px;'><strong>Modelo:<\/strong> HSBR<\/li>\n<li style='margin-bottom: 5px;'><strong>Dimensiones:<\/strong> 5.57&#8242; H x 4.55&#8242; W x 1.47&#8242; D<\/li>\n<li style='margin-bottom: 5px;'><strong>Colores disponibles:<\/strong> Rojo y Blanco<\/li>\n<li style='margin-bottom: 5px;'><strong>Tipo de montaje:<\/strong> Superficie con pesta\u00f1as para atornillar<\/li>\n<li style='margin-bottom: 5px;'><strong>Material:<\/strong> Pl\u00e1stico duradero<\/li>\n<li style='margin-bottom: 5px;'><strong>Normas:<\/strong> UL 464&comma; UL 1971&comma; NFPA 72&comma; ADA<\/li>\n<\/ul><\/div>\n<\/p><\/div>\n<p> <!-- Secci\u00f3n de aplicaciones --> <\/p>\n<div style='flex: 1 1 250px; border: 1px solid rgba(150&comma; 150&comma; 150&comma; 0.4); border-radius: 8px; overflow: hidden; display: flex; flex-direction: column;'>\n<div style='padding: 15px; border-bottom: 1px solid rgba(150&comma; 150&comma; 150&comma; 0.2); font-weight: bold; font-size: 18px; color: inherit;'>Aplicaciones<\/div>\n<div style='padding: 15px; color: inherit;'>\n<ul style='padding-left: 20px; margin: 0; font-size: 14px; list-style-type: disc;'>\n<li style='margin-bottom: 5px;'>Compatible con la serie HE de estrobos&comma; bocinas y combinaci\u00f3n de bocina\/estrobos<\/li>\n<li style='margin-bottom: 5px;'>Ideal para instalaciones en superficie<\/li>\n<li style='margin-bottom: 5px;'>Cumple con los requisitos de California State Fire Marshal<\/li>\n<\/ul><\/div>\n<\/p><\/div>\n<\/p><\/div>\n<p> <!-- Secci\u00f3n de est\u00e1ndares y cumplimiento --> <\/p>\n<div style='display: flex; flex-wrap: wrap; gap: 20px; margin-bottom: 30px;'>\n<div style='flex: 1 1 250px; border: 1px solid rgba(150&comma; 150&comma; 150&comma; 0.4); border-radius: 8px; overflow: hidden; display: flex; flex-direction: column;'>\n<div style='padding: 15px; border-bottom: 1px solid rgba(150&comma; 150&comma; 150&comma; 0.2); font-weight: bold; font-size: 18px; color: inherit;'>Est\u00e1ndares y Cumplimiento<\/div>\n<div style='padding: 15px; color: inherit;'>\n<ul style='padding-left: 20px; margin: 0; font-size: 14px; list-style-type: disc;'>\n<li style='margin-bottom: 5px;'>UL 464 &#038; UL 1971 Listado &#8211; S3597 &#038; S8370<\/li>\n<li style='margin-bottom: 5px;'>NFPA 72<\/li>\n<li style='margin-bottom: 5px;'>Americans with Disabilities Act (ADA)<\/li>\n<\/ul><\/div>\n<\/p><\/div>\n<\/p><\/div>\n<p> <!-- Separador --> <\/p>\n<hr style='border: 0; border-top: 1px solid rgba(150&comma; 150&comma; 150&comma; 0.3); margin: 30px 0;'> <\/div>\n","protected":false},"excerpt":{"rendered":"<p>Caja Trasera Resistente a la Intemperie, Roja (para usar con la serie de estrobos HE) (0500-06360) De Hochiki<\/p>\n","protected":false},"featured_media":34351,"comment_status":"open","ping_status":"closed","template":"","meta":[],"product_brand":[],"product_cat":[1017],"product_tag":[93,406,996],"class_list":{"0":"post-34352","1":"product","2":"type-product","3":"status-publish","4":"has-post-thumbnail","6":"product_cat-accesorios-notificacion-y-voceo","7":"product_tag-accesorios","8":"product_tag-hochiki","9":"product_tag-notificacion-y-voceo","11":"first","12":"instock","13":"sale","14":"shipping-taxable","15":"purchasable","16":"product-type-simple"},"_links":{"self":[{"href":"https:\/\/soydeaqui.ddns.net\/pachuca\/index.php\/wp-json\/wp\/v2\/product\/34352","targetHints":{"allow":["GET"]}}],"collection":[{"href":"https:\/\/soydeaqui.ddns.net\/pachuca\/index.php\/wp-json\/wp\/v2\/product"}],"about":[{"href":"https:\/\/soydeaqui.ddns.net\/pachuca\/index.php\/wp-json\/wp\/v2\/types\/product"}],"replies":[{"embeddable":true,"href":"https:\/\/soydeaqui.ddns.net\/pachuca\/index.php\/wp-json\/wp\/v2\/comments?post=34352"}],"wp:featuredmedia":[{"embeddable":true,"href":"https:\/\/soydeaqui.ddns.net\/pachuca\/index.php\/wp-json\/wp\/v2\/media\/34351"}],"wp:attachment":[{"href":"https:\/\/soydeaqui.ddns.net\/pachuca\/index.php\/wp-json\/wp\/v2\/media?parent=34352"}],"wp:term":[{"taxonomy":"product_brand","embeddable":true,"href":"https:\/\/soydeaqui.ddns.net\/pachuca\/index.php\/wp-json\/wp\/v2\/product_brand?post=34352"},{"taxonomy":"product_cat","embeddable":true,"href":"https:\/\/soydeaqui.ddns.net\/pachuca\/index.php\/wp-json\/wp\/v2\/product_cat?post=34352"},{"taxonomy":"product_tag","embeddable":true,"href":"https:\/\/soydeaqui.ddns.net\/pachuca\/index.php\/wp-json\/wp\/v2\/product_tag?post=34352"}],"curies":[{"name":"wp","href":"https:\/\/api.w.org\/{rel}","templated":true}]}}