{"id":34334,"date":"2026-03-18T15:19:13","date_gmt":"2026-03-18T15:19:13","guid":{"rendered":"https:\/\/soydeaqui.ddns.net\/pachuca\/index.php\/producto\/analizador-emisor-optico-de-alta-potencia-cableado-requiere-analizador-receptor-osi-10-osi-90-y-kit-de-instalacion-osid-inst-no-incluidos\/"},"modified":"2026-03-18T15:19:17","modified_gmt":"2026-03-18T15:19:17","slug":"analizador-emisor-optico-de-alta-potencia-cableado-requiere-analizador-receptor-osi-10-osi-90-y-kit-de-instalacion-osid-inst-no-incluidos","status":"publish","type":"product","link":"https:\/\/soydeaqui.ddns.net\/pachuca\/index.php\/producto\/analizador-emisor-optico-de-alta-potencia-cableado-requiere-analizador-receptor-osi-10-osi-90-y-kit-de-instalacion-osid-inst-no-incluidos\/","title":{"rendered":"Analizador Emisor \u00d3ptico de Alta Potencia Cableado, Requiere Analizador Receptor OSI-10, OSI-90 y Kit de Instalaci\u00f3n OSID-INST (NO INCLUIDOS)"},"content":{"rendered":"<div style='width: 100%; max-width: 1200px; margin: 0 auto; font-family: sans-serif; line-height: 1.6; color: inherit; background-color: transparent;'>\n<div style='display: flex; flex-wrap: wrap; gap: 30px; margin-bottom: 30px;'>\n<div style='flex: 1 1 300px; min-width: 280px;'>\n<h3 style='font-size: 22px; border-bottom: 2px solid currentColor; padding-bottom: 5px; margin-top: 0; color: inherit; opacity: 0.8;'>Caracter\u00edsticas<\/h3>\n<ul style='padding-left: 20px; font-size: 15px; color: inherit;'>\n<li style='margin-bottom: 5px;'><strong>Alcance:<\/strong> M\u00e1ximo rango de detecci\u00f3n de 200 m (se recomienda no rebasar 150m)<\/li>\n<li style='margin-bottom: 5px;'><strong>Indicadores:<\/strong> LED de estado para fuego&comma; aver\u00edas y alimentaci\u00f3n<\/li>\n<li style='margin-bottom: 5px;'><strong>Inmunidad:<\/strong> Elevada inmunidad a falsas alarmas<\/li>\n<li style='margin-bottom: 5px;'><strong>Sensibilidad:<\/strong> 3 niveles (Baja&comma; media y alta)<\/li>\n<li style='margin-bottom: 5px;'><strong>Robustez:<\/strong> Elevada inmunidad a objetos s\u00f3lidos y polvo<\/li>\n<li style='margin-bottom: 5px;'><strong>Alineaci\u00f3n:<\/strong> F\u00e1cil alineaci\u00f3n con amplios \u00e1ngulos de ajuste y visualizaci\u00f3n<\/li>\n<li style='margin-bottom: 5px;'><strong>Precisi\u00f3n:<\/strong> No necesita una alineaci\u00f3n precisa<\/li>\n<li style='margin-bottom: 5px;'><strong>Estabilidad:<\/strong> Tolerante a los desv\u00edos de alineaci\u00f3n<\/li>\n<li style='margin-bottom: 5px;'><strong>Configuraci\u00f3n:<\/strong> Configuraci\u00f3n autom\u00e1tica en menos de 10 minutos<\/li>\n<li style='margin-bottom: 5px;'><strong>Interfaz:<\/strong> Configuraci\u00f3n sencilla mediante conmutadores Dipswitch<\/li>\n<li style='margin-bottom: 5px;'><strong>Detecci\u00f3n:<\/strong> Detecci\u00f3n de humo basado en LED de longitud de onda dual<\/li>\n<li style='margin-bottom: 5px;'><strong>Mantenimiento:<\/strong> Requisitos m\u00ednimos de mantenimiento<\/li>\n<li style='margin-bottom: 5px;'><strong>Integraci\u00f3n:<\/strong> Integraci\u00f3n sencilla con el sistema contra incendios<\/li>\n<li style='margin-bottom: 5px;'><strong>Alimentaci\u00f3n:<\/strong> 24 Vcc&comma; 31 mA m\u00e1ximo<\/li>\n<li style='margin-bottom: 5px;'><strong>Temperatura:<\/strong> -10 a 55 \u00b0C<\/li>\n<li style='margin-bottom: 5px;'><strong>Dimensiones:<\/strong> 198 x 130 x 96 mm<\/li>\n<\/ul><\/div>\n<\/p><\/div>\n<div style='display: flex; flex-wrap: wrap; gap: 20px; margin-bottom: 30px;'>\n<div style='flex: 1 1 250px; border: 1px solid rgba(150&comma; 150&comma; 150&comma; 0.4); border-radius: 8px; overflow: hidden; display: flex; flex-direction: column;'>\n<div style='padding: 15px; border-bottom: 1px solid rgba(150&comma; 150&comma; 150&comma; 0.2); font-weight: bold; font-size: 18px; color: inherit;'>Caracter\u00edsticas Generales<\/div>\n<div style='padding: 15px; color: inherit;'>\n<ul style='padding-left: 20px; margin: 0; font-size: 14px; list-style-type: disc;'>\n<li style='margin-bottom: 5px;'><strong>Tecnolog\u00eda:<\/strong> Detecci\u00f3n \u00f3ptica de humo en \u00e1reas sin obstrucci\u00f3n<\/li>\n<li style='margin-bottom: 5px;'><strong>Detector:<\/strong> Basado en luz en dos longitudes de onda diferentes<\/li>\n<li style='margin-bottom: 5px;'><strong>Beneficios:<\/strong> Calidad de detecci\u00f3n sin precedentes<\/li>\n<li style='margin-bottom: 5px;'><strong>Costo:<\/strong> Soluci\u00f3n de bajo costo<\/li>\n<li style='margin-bottom: 5px;'><strong>Fiabilidad:<\/strong> Soluci\u00f3n fiable<\/li>\n<li style='margin-bottom: 5px;'><strong>Instalaci\u00f3n:<\/strong> F\u00e1cil de instalar<\/li>\n<\/ul><\/div>\n<\/p><\/div>\n<div style='flex: 1 1 250px; border: 1px solid rgba(150&comma; 150&comma; 150&comma; 0.4); border-radius: 8px; overflow: hidden; display: flex; flex-direction: column;'>\n<div style='padding: 15px; border-bottom: 1px solid rgba(150&comma; 150&comma; 150&comma; 0.2); font-weight: bold; font-size: 18px; color: inherit;'>Caracter\u00edsticas T\u00e9cnicas<\/div>\n<div style='padding: 15px; color: inherit;'>\n<ul style='padding-left: 20px; margin: 0; font-size: 14px; list-style-type: disc;'>\n<li style='margin-bottom: 5px;'><strong>Alimentaci\u00f3n:<\/strong> 24 Vcc&comma; 31 mA m\u00e1ximo<\/li>\n<li style='margin-bottom: 5px;'><strong>Temperatura:<\/strong> -10 a 55 \u00b0C<\/li>\n<li style='margin-bottom: 5px;'><strong>Dimensiones:<\/strong> 198 x 130 x 96 mm<\/li>\n<li style='margin-bottom: 5px;'><strong>Alcance:<\/strong> M\u00e1ximo rango de detecci\u00f3n de 200 m (se recomienda no rebasar 150m)<\/li>\n<li style='margin-bottom: 5px;'><strong>Sensibilidad:<\/strong> 3 niveles (Baja&comma; media y alta)<\/li>\n<\/ul><\/div>\n<\/p><\/div>\n<div style='flex: 1 1 250px; border: 1px solid rgba(150&comma; 150&comma; 150&comma; 0.4); border-radius: 8px; overflow: hidden; display: flex; flex-direction: column;'>\n<div style='padding: 15px; border-bottom: 1px solid rgba(150&comma; 150&comma; 150&comma; 0.2); font-weight: bold; font-size: 18px; color: inherit;'>Beneficios<\/div>\n<div style='padding: 15px; color: inherit;'>\n<ul style='padding-left: 20px; margin: 0; font-size: 14px; list-style-type: disc;'>\n<li style='margin-bottom: 5px;'>Soluci\u00f3n a t\u00edpicos problemas de los detectores fotoel\u00e9ctricos de humo por barrera<\/li>\n<li style='margin-bottom: 5px;'>Reducci\u00f3n de falsas alarmas<\/li>\n<li style='margin-bottom: 5px;'>Facilidad de alineaci\u00f3n<\/li>\n<li style='margin-bottom: 5px;'>No requiere alineaci\u00f3n precisa<\/li>\n<li style='margin-bottom: 5px;'>Configuraci\u00f3n autom\u00e1tica en menos de 10 minutos<\/li>\n<li style='margin-bottom: 5px;'>Requisitos m\u00ednimos de mantenimiento<\/li>\n<\/ul><\/div>\n<\/p><\/div>\n<\/p><\/div>\n<hr style='border: 0; border-top: 1px solid rgba(150&comma; 150&comma; 150&comma; 0.3); margin: 30px 0;'>\n<div style='display: flex; flex-wrap: wrap; gap: 30px; margin-bottom: 30px;'>\n<div style='flex: 1 1 300px; min-width: 280px;'>\n<h3 style='font-size: 22px; border-bottom: 2px solid currentColor; padding-bottom: 5px; margin-top: 0; color: inherit; opacity: 0.8;'>Aplicaciones<\/h3>\n<ul style='padding-left: 20px; font-size: 15px; color: inherit;'>\n<li style='margin-bottom: 5px;'>\u00c1reas sin obstrucci\u00f3n<\/li>\n<li style='margin-bottom: 5px;'>Instalaciones industriales<\/li>\n<li style='margin-bottom: 5px;'>Edificios comerciales<\/li>\n<li style='margin-bottom: 5px;'>Sistemas de detecci\u00f3n lineal<\/li>\n<\/ul><\/div>\n<div style='flex: 1 1 300px; min-width: 280px;'>\n<h3 style='font-size: 22px; border-bottom: 2px solid currentColor; padding-bottom: 5px; margin-top: 0; color: inherit; opacity: 0.8;'>Especificaciones<\/h3>\n<ul style='padding-left: 20px; font-size: 15px; color: inherit;'>\n<li style='margin-bottom: 5px;'><strong>Modelo:<\/strong> OSEHPW<\/li>\n<li style='margin-bottom: 5px;'><strong>Marca:<\/strong> XTRALIS<\/li>\n<li style='margin-bottom: 5px;'><strong>Compatibilidad:<\/strong> Requiere Analizador Receptor OSI-10&comma; OSI-90 y Kit de Instalaci\u00f3n OSID-INST (NO INCLUIDOS)<\/li>\n<\/ul><\/div>\n<\/p><\/div>\n<\/p><\/div>\n","protected":false},"excerpt":{"rendered":"<p>Analizador Emisor \u00d3ptico de Alta Potencia Cableado, Requiere Analizador Receptor OSI-10, OSI-90 y Kit de Instalaci\u00f3n OSID-INST (NO INCLUIDOS)<\/p>\n","protected":false},"featured_media":34333,"comment_status":"open","ping_status":"closed","template":"","meta":[],"product_brand":[],"product_cat":[1015],"product_tag":[1016,522,1012],"class_list":{"0":"post-34334","1":"product","2":"type-product","3":"status-publish","4":"has-post-thumbnail","6":"product_cat-detectores-de-tipo-beam","7":"product_tag-detectores-de-tipo-beam","8":"product_tag-dispositivos-convencionales","9":"product_tag-xtralis","11":"first","12":"outofstock","13":"sale","14":"shipping-taxable","15":"purchasable","16":"product-type-simple"},"_links":{"self":[{"href":"https:\/\/soydeaqui.ddns.net\/pachuca\/index.php\/wp-json\/wp\/v2\/product\/34334","targetHints":{"allow":["GET"]}}],"collection":[{"href":"https:\/\/soydeaqui.ddns.net\/pachuca\/index.php\/wp-json\/wp\/v2\/product"}],"about":[{"href":"https:\/\/soydeaqui.ddns.net\/pachuca\/index.php\/wp-json\/wp\/v2\/types\/product"}],"replies":[{"embeddable":true,"href":"https:\/\/soydeaqui.ddns.net\/pachuca\/index.php\/wp-json\/wp\/v2\/comments?post=34334"}],"wp:featuredmedia":[{"embeddable":true,"href":"https:\/\/soydeaqui.ddns.net\/pachuca\/index.php\/wp-json\/wp\/v2\/media\/34333"}],"wp:attachment":[{"href":"https:\/\/soydeaqui.ddns.net\/pachuca\/index.php\/wp-json\/wp\/v2\/media?parent=34334"}],"wp:term":[{"taxonomy":"product_brand","embeddable":true,"href":"https:\/\/soydeaqui.ddns.net\/pachuca\/index.php\/wp-json\/wp\/v2\/product_brand?post=34334"},{"taxonomy":"product_cat","embeddable":true,"href":"https:\/\/soydeaqui.ddns.net\/pachuca\/index.php\/wp-json\/wp\/v2\/product_cat?post=34334"},{"taxonomy":"product_tag","embeddable":true,"href":"https:\/\/soydeaqui.ddns.net\/pachuca\/index.php\/wp-json\/wp\/v2\/product_tag?post=34334"}],"curies":[{"name":"wp","href":"https:\/\/api.w.org\/{rel}","templated":true}]}}