{"id":3430,"date":"2026-03-18T06:08:01","date_gmt":"2026-03-18T06:08:01","guid":{"rendered":"https:\/\/soydeaqui.ddns.net\/pachuca\/index.php\/producto\/akribos-vc-1020-contador-de-personas\/"},"modified":"2026-03-18T06:08:01","modified_gmt":"2026-03-18T06:08:01","slug":"akribos-vc-1020-contador-de-personas","status":"publish","type":"product","link":"https:\/\/soydeaqui.ddns.net\/pachuca\/index.php\/producto\/akribos-vc-1020-contador-de-personas\/","title":{"rendered":"Akribos VC-1020 contador de personas"},"content":{"rendered":"<div style='width: 100%; max-width: 1200px; margin: 0 auto; font-family: sans-serif; line-height: 1.6; color: inherit; background-color: transparent;'>\n<div style='display: flex; flex-wrap: wrap; gap: 30px; margin-bottom: 30px;'>\n<div style='flex: 1 1 300px; min-width: 280px;'>\n<h3 style='font-size: 22px; border-bottom: 2px solid currentColor; padding-bottom: 5px; margin-top: 0; color: inherit; opacity: 0.8;'>Detalles del producto<\/h3>\n<p style='font-size: 15px; color: inherit; margin-bottom: 15px;'>Contador compacto&comma; multidireccional&comma; de interiores&comma; de modelado 3D&comma; basado en v\u00eddeo&comma; que analiza en tiempo real y con un 97% de precisi\u00f3n el flujo de tr\u00e1fico peatonal en tiendas minoristas&comma; centros comerciales&comma; instalaciones p\u00fablicas&comma; centros de convenciones&comma; museos&comma; aeropuertos&comma; etc. El sensor procesa&comma; almacena y transfiere autom\u00e1ticamente los datos de tr\u00e1fico recopilados a una PC o software de an\u00e1lisis de terceros para crear informes clave de rendimiento y cuadros de mando.<\/p>\n<h3 style='font-size: 18px; border-bottom: 2px solid currentColor; padding-bottom: 5px; margin-top: 25px; margin-bottom: 15px; color: inherit; opacity: 0.8;'>Caracter\u00edsticas<\/h3>\n<ul style='padding-left: 20px; font-size: 14px; color: inherit; margin-bottom: 30px;'>\n<li style='margin-bottom: 8px;'>Transferencia autom\u00e1tica de datos a trav\u00e9s de TCP\/IP en formato XML o TXT<\/li>\n<li style='margin-bottom: 8px;'>Funciona con software de otros fabricantes para an\u00e1lisis\/ocupaci\u00f3n de edificios<\/li>\n<li style='margin-bottom: 8px;'>Recuento de tr\u00e1fico peatonal multidireccional (entrada\/salida; izquierda\/derecha\/recto) en tiempo real<\/li>\n<li style='margin-bottom: 8px;'>Realiza un seguimiento de movimientos complicados (personas de pie&comma; paradas&comma; d\u00e1ndose la vuelta o multitudes)<\/li>\n<li style='margin-bottom: 8px;'>Configuraci\u00f3n sencilla con ajustes de \u00e1rea de montaje m\u00faltiple preconfigurados<\/li>\n<li style='margin-bottom: 8px;'>Reconocimiento de formas de objetos&comma; reconocimiento de direcci\u00f3n y deformaci\u00f3n 3D<\/li>\n<li style='margin-bottom: 8px;'>Sensor no afectado f\u00e1cilmente por sombras o luz solar<\/li>\n<li style='margin-bottom: 8px;'>Transmisi\u00f3n de v\u00eddeo en directo mediante acceso remoto a la web<\/li>\n<li style='margin-bottom: 8px;'>Almacenamiento de datos hasta 30 d\u00edas<\/li>\n<li style='margin-bottom: 8px;'>Amplia \u00e1rea de conteo de hasta 4&comma;5 metros<\/li>\n<li style='margin-bottom: 8px;'>Altura de la instalaci\u00f3n de hasta 6 metros<\/li>\n<li style='margin-bottom: 8px;'>Para aplicaci\u00f3n en m\u00faltiples tiendas o en una sola tienda<\/li>\n<li style='margin-bottom: 8px;'>F\u00e1cil de instalar&comma; configurar&comma; gestionar y mantener<\/li>\n<li style='margin-bottom: 8px;'>Con una interfaz sencilla basada en la web<\/li>\n<\/ul>\n<\/div>\n<\/div>\n<\/div>\n<div style='display: flex; flex-wrap: wrap; gap: 30px; margin-bottom: 30px;'>\n<div style='flex: 1 1 300px; min-width: 280px;'>\n<h3 style='font-size: 18px; border-bottom: 2px solid currentColor; padding-bottom: 5px; margin-top: 0; margin-bottom: 15px; color: inherit; opacity: 0.8;'>Libere el poder de la anal\u00edtica<\/h3>\n<p style='font-size: 14px; color: inherit; margin-bottom: 15px;'>Si necesita una soluci\u00f3n completa de recuento de personas que incluya an\u00e1lisis&comma; informes y un cuadro de mando para la gesti\u00f3n del control de la ocupaci\u00f3n en tiempo real&comma; puede visitar a nuestro socio tecnol\u00f3gico aqu\u00ed. Su software analiza e informa sobre los datos de recuento de personas generados por el sensor Akribos de OPTEX&comma; para m\u00faltiples aplicaciones&comma; desde la gesti\u00f3n de edificios inteligentes con distanciamiento social hasta la eficiencia comercial en centros comerciales&comma; tiendas&comma; gimnasios&comma; estadios de f\u00fatbol y todo tipo de recintos<\/p>\n<\/div>\n<\/div>\n<\/div>\n<div style='display: flex; flex-wrap: wrap; gap: 30px; margin-bottom: 30px;'>\n<div style='flex: 1 1 300px; min-width: 280px;'>\n<h3 style='font-size: 18px; border-bottom: 2px solid currentColor; padding-bottom: 5px; margin-top: 0; margin-bottom: 15px; color: inherit; opacity: 0.8;'>Utilizar el recuento de personas de Akribos para ayudar a reforzar el distanciamiento social<\/h3>\n<p style='font-size: 14px; color: inherit; margin-bottom: 15px;'>La pandemia de Covid-19 ha cambiado la forma en que gestionamos y controlamos el n\u00famero y el acceso de personas que entran y salen de nuestras tiendas y oficinas&comma; o de cualquier edificio abierto al p\u00fablico. Nuestra soluci\u00f3n de recuento de personas en tiempo real Akribos es una forma eficaz y precisa de controlar la situaci\u00f3n. El sensor de conteo tiene ahora la capacidad de tener el protocolo MQTT incrustado. El Message Queuing Telemetry Transport (MQTT) es un protocolo abierto de mensajer\u00eda ligera&comma; que gestiona la informaci\u00f3n de telemetr\u00eda&comma; y se utiliza en dispositivos M2M e IoT de hombre a m\u00e1quina para el an\u00e1lisis en tiempo real&comma; la supervisi\u00f3n del mantenimiento preventivo&comma; etc. (fuente <a style='color: inherit; text-decoration: underline;' href='https:\/\/internetofthingsagenda.techtarget.com\/definition\/MQTT-MQ-Telemetry-Transport'>https:\/\/internetofthingsagenda.techtarget.com\/definition\/MQTT-MQ-Telemetry-Transport<\/a>)<\/p>\n<p style='font-size: 14px; color: inherit; margin-bottom: 15px;'>El protocolo MQTT permite transmitir inmediatamente el recuento de personas a la plataforma de software de ocupaci\u00f3n integrada y ofrece una imagen exacta de cu\u00e1ntas personas hay en la tienda&comma; la sala o una zona espec\u00edfica. Nuestros socios tecnol\u00f3gicos -la empresa espa\u00f1ola Vaelsys y las brit\u00e1nicas IA Connect y Xenometric- integran nuestro contador de personas Akribos y el protocolo MQTT junto con sus propias plataformas de software para ofrecer una soluci\u00f3n viable.<\/p>\n<\/div>\n<\/div>\n<\/div>\n<div style='display: flex; flex-wrap: wrap; gap: 30px; margin-bottom: 30px;'>\n<div style='flex: 1 1 100%; min-width: 280px;'><img style='width: 100%; height: auto; border: 1px solid rgba(150&comma;150&comma;150&comma;0.3); border-radius: 8px;' src='https:\/\/s3-eu-west-1.amazonaws.com\/optex-europe\/uploads\/_1200xAUTO_fit_center-center_none\/optex-akribos-retail-store-social-distancing-es.jpg' alt='Optex akribos retail store social distancing es'><\/div>\n<\/div>\n<\/div>\n<\/div>\n","protected":false},"excerpt":{"rendered":"<p>Akribos VC-1020 contador de personas<\/p>\n","protected":false},"featured_media":3429,"comment_status":"open","ping_status":"closed","template":"","meta":[],"product_brand":[],"product_cat":[202],"product_tag":[19,203,106],"class_list":{"0":"post-3430","1":"product","2":"type-product","3":"status-publish","4":"has-post-thumbnail","6":"product_cat-movimiento-para-exterior","7":"product_tag-detectores-sensores","8":"product_tag-movimiento-para-exterior","9":"product_tag-optex","11":"first","12":"outofstock","13":"sale","14":"shipping-taxable","15":"purchasable","16":"product-type-simple"},"_links":{"self":[{"href":"https:\/\/soydeaqui.ddns.net\/pachuca\/index.php\/wp-json\/wp\/v2\/product\/3430","targetHints":{"allow":["GET"]}}],"collection":[{"href":"https:\/\/soydeaqui.ddns.net\/pachuca\/index.php\/wp-json\/wp\/v2\/product"}],"about":[{"href":"https:\/\/soydeaqui.ddns.net\/pachuca\/index.php\/wp-json\/wp\/v2\/types\/product"}],"replies":[{"embeddable":true,"href":"https:\/\/soydeaqui.ddns.net\/pachuca\/index.php\/wp-json\/wp\/v2\/comments?post=3430"}],"wp:featuredmedia":[{"embeddable":true,"href":"https:\/\/soydeaqui.ddns.net\/pachuca\/index.php\/wp-json\/wp\/v2\/media\/3429"}],"wp:attachment":[{"href":"https:\/\/soydeaqui.ddns.net\/pachuca\/index.php\/wp-json\/wp\/v2\/media?parent=3430"}],"wp:term":[{"taxonomy":"product_brand","embeddable":true,"href":"https:\/\/soydeaqui.ddns.net\/pachuca\/index.php\/wp-json\/wp\/v2\/product_brand?post=3430"},{"taxonomy":"product_cat","embeddable":true,"href":"https:\/\/soydeaqui.ddns.net\/pachuca\/index.php\/wp-json\/wp\/v2\/product_cat?post=3430"},{"taxonomy":"product_tag","embeddable":true,"href":"https:\/\/soydeaqui.ddns.net\/pachuca\/index.php\/wp-json\/wp\/v2\/product_tag?post=3430"}],"curies":[{"name":"wp","href":"https:\/\/api.w.org\/{rel}","templated":true}]}}