{"id":34289,"date":"2026-03-18T15:18:11","date_gmt":"2026-03-18T15:18:11","guid":{"rendered":"https:\/\/soydeaqui.ddns.net\/pachuca\/index.php\/producto\/detector-controlador-y-transductor-de-sulfuro-de-hidrogeno-para-panel-de-deteccion-de-incendio\/"},"modified":"2026-03-18T15:18:16","modified_gmt":"2026-03-18T15:18:16","slug":"detector-controlador-y-transductor-de-sulfuro-de-hidrogeno-para-panel-de-deteccion-de-incendio","status":"publish","type":"product","link":"https:\/\/soydeaqui.ddns.net\/pachuca\/index.php\/producto\/detector-controlador-y-transductor-de-sulfuro-de-hidrogeno-para-panel-de-deteccion-de-incendio\/","title":{"rendered":"Detector, Controlador y Transductor de Sulfuro de Hidr\u00f3geno &#8211; para Panel de Detecci\u00f3n de Incendio"},"content":{"rendered":"<div style='width: 100%; max-width: 1200px; margin: 0 auto; font-family: sans-serif; line-height: 1.6; color: inherit; background-color: transparent;'>\n<div style='display: flex; flex-wrap: wrap; gap: 30px; margin-bottom: 30px;'>\n<div style='flex: 1 1 300px; min-width: 280px;'>\n<h3 style='font-size: 22px; border-bottom: 2px solid currentColor; padding-bottom: 5px; margin-top: 0; color: inherit; opacity: 0.8;'>Descripci\u00f3n General<\/h3>\n<p style='font-size: 15px; color: inherit; margin-top: 10px; margin-bottom: 10px;'>El TX-6-HS de MACURCO es un detector&comma; controlador y transductor de bajo voltaje&comma; que integra doble relevador&comma; salida seleccionable de 4-20 mA&comma; buzzer y pantalla digital&comma; es un sistema de detecci\u00f3n electr\u00f3nica utilizado para medir la concentraci\u00f3n de Sulfuro de Hidr\u00f3geno (H2S) y proporcionar retroalimentaci\u00f3n y control del ventilador\/extractor autom\u00e1tico para reducir la concentraci\u00f3n de H2S en refiner\u00edas&comma; f\u00e1bricas papel y otras aplicaciones comerciales. El TX-6-HS es un medidor de bajo nivel capaz de registrar de 0-50 ppm de Sulfuro de Hidr\u00f3geno.<\/p>\n<\/p><\/div>\n<\/p><\/div>\n<div style='display: flex; flex-wrap: wrap; gap: 20px; margin-bottom: 30px;'>\n<div style='flex: 1 1 250px; border: 1px solid rgba(150&comma; 150&comma; 150&comma; 0.4); border-radius: 8px; overflow: hidden; display: flex; flex-direction: column;'>\n<div style='padding: 15px; border-bottom: 1px solid rgba(150&comma; 150&comma; 150&comma; 0.2); font-weight: bold; font-size: 18px; color: inherit;'>Caracter\u00edsticas Principales<\/div>\n<div style='padding: 15px; color: inherit;'>\n<ul style='padding-left: 20px; margin: 0; font-size: 14px; list-style-type: disc;'>\n<li style='margin-bottom: 5px;'><strong>Activaci\u00f3n del relevador del ventilador:<\/strong> seleccionable<\/li>\n<li style='margin-bottom: 5px;'><strong>Salidas:<\/strong> Relevador de ventilador&comma; Relevador de Alarma y lazo de corriente de 4-20mA<\/li>\n<li style='margin-bottom: 5px;'><strong>Controles:<\/strong> Indicador Digital (0-50 ppm)&comma; buzzer&comma; retardo del ventilador&comma; tiempo m\u00ednimo de funcionamiento del ventilador.<\/li>\n<li style='margin-bottom: 5px;'><strong>Calibrado de f\u00e1brica<\/strong><\/li>\n<li style='margin-bottom: 5px;'><strong>Se monta en una caja el\u00e9ctrica est\u00e1ndar de 4&#8242; x 4&#8242;<\/strong><\/li>\n<li style='margin-bottom: 5px;'><strong>0.5 A N.O. o relevador de la alarma NC<\/strong> se conecta a los dispositivos de advertencia o a los paneles de control<\/li>\n<\/ul><\/div>\n<\/p><\/div>\n<div style='flex: 1 1 250px; border: 1px solid rgba(150&comma; 150&comma; 150&comma; 0.4); border-radius: 8px; overflow: hidden; display: flex; flex-direction: column;'>\n<div style='padding: 15px; border-bottom: 1px solid rgba(150&comma; 150&comma; 150&comma; 0.2); font-weight: bold; font-size: 18px; color: inherit;'>Especificaciones T\u00e9cnicas<\/div>\n<div style='padding: 15px; color: inherit;'>\n<ul style='padding-left: 20px; margin: 0; font-size: 14px; list-style-type: disc;'>\n<li style='margin-bottom: 5px;'><strong>Relevador 5 A SPDT del ventilador:<\/strong> controla las v\u00e1lvulas&comma; rejillas o extractores<\/li>\n<li style='margin-bottom: 5px;'><strong>Lazo de corriente de 4-20mA:<\/strong> compatible con el Panel de Control del Macurco DVP-120<\/li>\n<li style='margin-bottom: 5px;'><strong>Dise\u00f1o supervisado del sistema:<\/strong> el detector de problemas har\u00e1 que se activen el relevador del ventilador y el de la alarma<\/li>\n<li style='margin-bottom: 5px;'><strong>Certificaciones:<\/strong> ETL enlistado a UL 61010-1&comma; CAN CSA C22.2 No 61010-1<\/li>\n<li style='margin-bottom: 5px;'><strong>Relevador del ventilador:<\/strong> 5 A&comma; 240 VAC<\/li>\n<li style='margin-bottom: 5px;'><strong>Activaci\u00f3n del relevador del ventilador:<\/strong> seleccionable en estado &#8216;OFF&#8217;&comma; 1&comma; 2&comma; 3&comma; 4&comma; 5&comma; 6&comma; 7&comma; 8 (por defecto)&comma; 9&comma; 10 &comma; 11&comma; 12&comma; 13&comma; 14&comma; 15&comma; 16&comma; 17&comma; 18&comma; 19&comma; 20 ppm<\/li>\n<\/ul><\/div>\n<\/p><\/div>\n<div style='flex: 1 1 250px; border: 1px solid rgba(150&comma; 150&comma; 150&comma; 0.4); border-radius: 8px; overflow: hidden; display: flex; flex-direction: column;'>\n<div style='padding: 15px; border-bottom: 1px solid rgba(150&comma; 150&comma; 150&comma; 0.2); font-weight: bold; font-size: 18px; color: inherit;'>Especificaciones Adicionales<\/div>\n<div style='padding: 15px; color: inherit;'>\n<ul style='padding-left: 20px; margin: 0; font-size: 14px; list-style-type: disc;'>\n<li style='margin-bottom: 5px;'><strong>Configuraci\u00f3n de tiempo de ejecuci\u00f3n m\u00ednimo de ventilador:<\/strong> OFF (por defecto)&comma; 3&comma; 5&comma; 10 \u00f3 15 minutos<\/li>\n<li style='margin-bottom: 5px;'><strong>Ajustes del relevador de la alarma:<\/strong> en estado &#8216;OFF&#8217;&comma; 5&comma; 10&comma; 15&comma; 20 (por defecto)&comma; 25&comma; 30&comma; 35&comma; 40&comma; 45&comma; 50 ppm H2S<\/li>\n<li style='margin-bottom: 5px;'><strong>Relevador de la alarma:<\/strong> 0.5A 120 V&comma; 60 VA<\/li>\n<li style='margin-bottom: 5px;'><strong>Temperatura de funcionamiento:<\/strong> -18 a 52 \u00b0C&comma; 10 a 90% de humedad relativa sin condensaci\u00f3n<\/li>\n<li style='margin-bottom: 5px;'><strong>Alimentaci\u00f3n:<\/strong> 12 a 24 Vca o 12 a 32 Vcc<\/li>\n<li style='margin-bottom: 5px;'><strong>Corriente:<\/strong> @ 24 Vcc 75 mA en alarma&comma; 50 mA en relevador del ventilador y 23 mA en estado de reposo.<\/li>\n<li style='margin-bottom: 5px;'><strong>Dimensiones:<\/strong> 114 x 102 x 54 mm<\/li>\n<\/ul><\/div>\n<\/p><\/div>\n<\/p><\/div>\n<hr style='border: 0; border-top: 1px solid rgba(150&comma; 150&comma; 150&comma; 0.3); margin: 30px 0;'> <\/div>\n","protected":false},"excerpt":{"rendered":"<p>Detector, Controlador y Transductor de Sulfuro de Hidr\u00f3geno &#8211; para Panel de Detecci\u00f3n de Incendio<\/p>\n","protected":false},"featured_media":34288,"comment_status":"open","ping_status":"closed","template":"","meta":[],"product_brand":[],"product_cat":[987],"product_tag":[988,522,989],"class_list":{"0":"post-34289","1":"product","2":"type-product","3":"status-publish","4":"has-post-thumbnail","6":"product_cat-detectores-de-gases","7":"product_tag-detectores-de-gases","8":"product_tag-dispositivos-convencionales","9":"product_tag-macurco-aerionics","11":"first","12":"instock","13":"sale","14":"shipping-taxable","15":"purchasable","16":"product-type-simple"},"_links":{"self":[{"href":"https:\/\/soydeaqui.ddns.net\/pachuca\/index.php\/wp-json\/wp\/v2\/product\/34289","targetHints":{"allow":["GET"]}}],"collection":[{"href":"https:\/\/soydeaqui.ddns.net\/pachuca\/index.php\/wp-json\/wp\/v2\/product"}],"about":[{"href":"https:\/\/soydeaqui.ddns.net\/pachuca\/index.php\/wp-json\/wp\/v2\/types\/product"}],"replies":[{"embeddable":true,"href":"https:\/\/soydeaqui.ddns.net\/pachuca\/index.php\/wp-json\/wp\/v2\/comments?post=34289"}],"wp:featuredmedia":[{"embeddable":true,"href":"https:\/\/soydeaqui.ddns.net\/pachuca\/index.php\/wp-json\/wp\/v2\/media\/34288"}],"wp:attachment":[{"href":"https:\/\/soydeaqui.ddns.net\/pachuca\/index.php\/wp-json\/wp\/v2\/media?parent=34289"}],"wp:term":[{"taxonomy":"product_brand","embeddable":true,"href":"https:\/\/soydeaqui.ddns.net\/pachuca\/index.php\/wp-json\/wp\/v2\/product_brand?post=34289"},{"taxonomy":"product_cat","embeddable":true,"href":"https:\/\/soydeaqui.ddns.net\/pachuca\/index.php\/wp-json\/wp\/v2\/product_cat?post=34289"},{"taxonomy":"product_tag","embeddable":true,"href":"https:\/\/soydeaqui.ddns.net\/pachuca\/index.php\/wp-json\/wp\/v2\/product_tag?post=34289"}],"curies":[{"name":"wp","href":"https:\/\/api.w.org\/{rel}","templated":true}]}}