{"id":34276,"date":"2026-03-18T15:17:45","date_gmt":"2026-03-18T15:17:45","guid":{"rendered":"https:\/\/soydeaqui.ddns.net\/pachuca\/index.php\/producto\/dispensador-de-aerosol-para-prueba-de-detectores-de-humo-o-monoxido-de-carbono-hasta-4-se-usa-con-aerosoles-solo-a10-m8-solo-c6-monoxido-de-carbono\/"},"modified":"2026-03-18T15:17:53","modified_gmt":"2026-03-18T15:17:53","slug":"dispensador-de-aerosol-para-prueba-de-detectores-de-humo-o-monoxido-de-carbono-hasta-4-se-usa-con-aerosoles-solo-a10-m8-solo-c6-monoxido-de-carbono","status":"publish","type":"product","link":"https:\/\/soydeaqui.ddns.net\/pachuca\/index.php\/producto\/dispensador-de-aerosol-para-prueba-de-detectores-de-humo-o-monoxido-de-carbono-hasta-4-se-usa-con-aerosoles-solo-a10-m8-solo-c6-monoxido-de-carbono\/","title":{"rendered":"Dispensador de aerosol para prueba de detectores de humo o mon\u00f3xido de carbono hasta 4\u2019, se usa con aerosoles SOLO-A10, M8, SOLO-C6 (mon\u00f3xido de carbono)"},"content":{"rendered":"<div style='width: 100%; max-width: 1200px; margin: 0 auto; font-family: sans-serif; line-height: 1.6; color: inherit; background-color: transparent;'> <!-- Secci\u00f3n de descripci\u00f3n --> <\/p>\n<div style='margin-bottom: 30px;'>\n<div style='text-align: justify; font-size: 15px; color: inherit; margin-bottom: 15px;'> Las normas y est\u00e1ndares del C\u00f3digo Nacional de Alarmas de Incendio (NFPA72) imponen comprobaciones funcionales para introducir humo sint\u00e9tico hacia el interior de la c\u00e1mara de detecci\u00f3n del detector. La comprobaci\u00f3n magn\u00e9tica no es aceptable. El uso del dispensador para generar humo de comprobaci\u00f3n en aerosol para la activaci\u00f3n eficaz de los detectores es altamente recomendable. <\/div>\n<\/p><\/div>\n<p> <!-- Secci\u00f3n de caracter\u00edsticas --> <\/p>\n<div style='display: flex; flex-wrap: wrap; gap: 30px; margin-bottom: 30px;'>\n<div style='flex: 1 1 300px; min-width: 280px;'>\n<h3 style='font-size: 22px; border-bottom: 2px solid currentColor; padding-bottom: 5px; margin-top: 0; color: inherit; opacity: 0.8;'>Caracter\u00edsticas<\/h3>\n<ul style='padding-left: 20px; font-size: 15px; color: inherit;'>\n<li style='margin-bottom: 5px;'>Robusto para soportar el uso cotidiano y continuo.<\/li>\n<li style='margin-bottom: 5px;'>Dosificador conserva aerosol y provee una dispersion precisa de las particulas de aerosol.<\/li>\n<li style='margin-bottom: 5px;'>Mecanismo accionado por 5 muelles antagonistas para una entrega de aerosol eficaz y economica.<\/li>\n<li style='margin-bottom: 5px;'>Sensible al tacto&comma; ideal para cielos rasos colgantes.<\/li>\n<li style='margin-bottom: 5px;'>Recipiente transparente permite ver el LED del detector.<\/li>\n<li style='margin-bottom: 5px;'>Fortaleza y durabilidad en su moderna tecnologia de plastico para una larga vida util y peso ligero.<\/li>\n<li style='margin-bottom: 5px;'>Ligero y f\u00e1cil de usar<\/li>\n<li style='margin-bottom: 5px;'>Dise\u00f1o universal conveniente para un rango amplio de detectores (hasta 4\u201d \/ 100mm en di\u00e1metro)<\/li>\n<li style='margin-bottom: 5px;'>Mecanismo de resortes para techos suspendidos<\/li>\n<li style='margin-bottom: 5px;'>Copa transparente para tener el LED del detector visible<\/li>\n<li style='margin-bottom: 5px;'>Marco tipo columpio para uso en \/ desde \u00e1ngulos<\/li>\n<li style='margin-bottom: 5px;'>Excelente calidad&comma; respaldada por garant\u00eda de por vida<\/li>\n<li style='margin-bottom: 5px;'>Aprobado por fabricantes de detectores<\/li>\n<li style='margin-bottom: 5px;'>Utiliza aerosol de humo sintetico (no incluido) como: M8\/SOLOA4\/SOLOA6<\/li>\n<li style='margin-bottom: 5px;'>El dispensador de humo SOLO332 disponible para detectores mas grandes.<\/li>\n<\/ul><\/div>\n<\/p><\/div>\n<p> <!-- Secci\u00f3n de video --> <\/p>\n<div style='margin-bottom: 30px;'>\n<div style='position: relative; padding-bottom: 56.25%; height: 0; overflow: hidden; margin-bottom: 30px;'>   <\/div>\n<\/p><\/div>\n<p> <!-- Separador --> <\/p>\n<hr style='border: 0; border-top: 1px solid rgba(150&comma; 150&comma; 150&comma; 0.3); margin: 30px 0;'> <\/div>\n","protected":false},"excerpt":{"rendered":"<p>Dispensador de aerosol para prueba de detectores de humo o mon\u00f3xido de carbono hasta 4\u2019, se usa con aerosoles SOLO-A10, M8, SOLO-C6 (mon\u00f3xido de carbono)<\/p>\n","protected":false},"featured_media":34275,"comment_status":"open","ping_status":"closed","template":"","meta":[],"product_brand":[],"product_cat":[731],"product_tag":[26,25,403],"class_list":{"0":"post-34276","1":"product","2":"type-product","3":"status-publish","4":"has-post-thumbnail","6":"product_cat-accesorios-de-instalacion-herramientas-deteccion-de-fuego","7":"product_tag-accesorios-de-instalacion","8":"product_tag-herramientas","9":"product_tag-sdi","11":"first","12":"instock","13":"sale","14":"shipping-taxable","15":"purchasable","16":"product-type-simple"},"_links":{"self":[{"href":"https:\/\/soydeaqui.ddns.net\/pachuca\/index.php\/wp-json\/wp\/v2\/product\/34276","targetHints":{"allow":["GET"]}}],"collection":[{"href":"https:\/\/soydeaqui.ddns.net\/pachuca\/index.php\/wp-json\/wp\/v2\/product"}],"about":[{"href":"https:\/\/soydeaqui.ddns.net\/pachuca\/index.php\/wp-json\/wp\/v2\/types\/product"}],"replies":[{"embeddable":true,"href":"https:\/\/soydeaqui.ddns.net\/pachuca\/index.php\/wp-json\/wp\/v2\/comments?post=34276"}],"wp:featuredmedia":[{"embeddable":true,"href":"https:\/\/soydeaqui.ddns.net\/pachuca\/index.php\/wp-json\/wp\/v2\/media\/34275"}],"wp:attachment":[{"href":"https:\/\/soydeaqui.ddns.net\/pachuca\/index.php\/wp-json\/wp\/v2\/media?parent=34276"}],"wp:term":[{"taxonomy":"product_brand","embeddable":true,"href":"https:\/\/soydeaqui.ddns.net\/pachuca\/index.php\/wp-json\/wp\/v2\/product_brand?post=34276"},{"taxonomy":"product_cat","embeddable":true,"href":"https:\/\/soydeaqui.ddns.net\/pachuca\/index.php\/wp-json\/wp\/v2\/product_cat?post=34276"},{"taxonomy":"product_tag","embeddable":true,"href":"https:\/\/soydeaqui.ddns.net\/pachuca\/index.php\/wp-json\/wp\/v2\/product_tag?post=34276"}],"curies":[{"name":"wp","href":"https:\/\/api.w.org\/{rel}","templated":true}]}}