{"id":34272,"date":"2026-03-18T15:17:40","date_gmt":"2026-03-18T15:17:40","guid":{"rendered":"https:\/\/soydeaqui.ddns.net\/pachuca\/index.php\/producto\/herramienta-universal-para-remover-e-instalar-una-amplia-gama-de-detectores-puntuales-de-humo-calor\/"},"modified":"2026-03-18T15:17:44","modified_gmt":"2026-03-18T15:17:44","slug":"herramienta-universal-para-remover-e-instalar-una-amplia-gama-de-detectores-puntuales-de-humo-calor","status":"publish","type":"product","link":"https:\/\/soydeaqui.ddns.net\/pachuca\/index.php\/producto\/herramienta-universal-para-remover-e-instalar-una-amplia-gama-de-detectores-puntuales-de-humo-calor\/","title":{"rendered":"Herramienta Universal Para Remover e Instalar Una Amplia Gama De Detectores Puntuales De Humo &#038; Calor"},"content":{"rendered":"<div style='width: 100%; max-width: 1200px; margin: 0 auto; font-family: sans-serif; line-height: 1.6; color: inherit; background-color: transparent;'>\n<div style='display: flex; flex-wrap: wrap; gap: 30px; margin-bottom: 30px;'>\n<div style='flex: 1 1 300px; min-width: 280px;'>\n<h3 style='font-size: 22px; border-bottom: 2px solid currentColor; padding-bottom: 5px; margin-top: 0; color: inherit; opacity: 0.8;'>Descripci\u00f3n<\/h3>\n<p style='text-align: justify; font-size: 15px; color: inherit; margin-bottom: 15px;'>El dise\u00f1o universal de la herramienta SOLO-200 puede adaptarse a la instalaci\u00f3n y extracci\u00f3n de la m\u00e1s amplia variedad de detectores. Los cabezales con c\u00f3digo de colores giran para ofrecer una combinaci\u00f3n de tama\u00f1os y configuraciones para adaptarse a detectores de una diversa gama de dimensiones y formas. Para usar con tubos de acceso SOLO. Garant\u00eda limitada de por vida.<\/p>\n<p style='text-align: justify; font-size: 15px; color: inherit; margin-bottom: 15px;'>Frente a una gran variedad de formas&comma; tama\u00f1os y diferentes modelos de detectores del mercado&comma; el profesional necesita una herramienta universal. Compatible con una gama asombrosamente amplia de detectores&comma; los cabezales codificados por colores del Solo 200 rotan para proveer una combinaci\u00f3n de tama\u00f1os y configuraciones para casi todos los detectores.<\/p>\n<\/p><\/div>\n<\/p><\/div>\n<div style='display: flex; flex-wrap: wrap; gap: 20px; margin-bottom: 30px;'>\n<div style='flex: 1 1 250px; border: 1px solid rgba(150&comma; 150&comma; 150&comma; 0.4); border-radius: 8px; overflow: hidden; display: flex; flex-direction: column;'>\n<div style='padding: 15px; border-bottom: 1px solid rgba(150&comma; 150&comma; 150&comma; 0.2); font-weight: bold; font-size: 18px; color: inherit;'>Caracter\u00edsticas<\/div>\n<div style='padding: 15px; color: inherit;'>\n<ul style='padding-left: 20px; margin: 0; font-size: 14px; list-style-type: disc; color: inherit;'>\n<li style='margin-bottom: 5px; color: inherit;'>Ligero y f\u00e1cil de usar<\/li>\n<li style='margin-bottom: 5px; color: inherit;'>Dise\u00f1o universal para una amplia gama de tama\u00f1os de detectores<\/li>\n<li style='margin-bottom: 5px; color: inherit;'>Los cabezales de sujeci\u00f3n de distintos colores pueden girarse para formar combinaciones de diferentes tama\u00f1os<\/li>\n<li style='margin-bottom: 5px; color: inherit;'>Permite remover o instalar detectores en \u00e1ngulos<\/li>\n<li style='margin-bottom: 5px; color: inherit;'>Compatible con las p\u00e9rtigas telesc\u00f3picas de la Serie SOLO-100\/108 (No incluidas)<\/li>\n<\/ul><\/div>\n<\/p><\/div>\n<\/p><\/div>\n<hr style='border: 0; border-top: 1px solid rgba(150&comma; 150&comma; 150&comma; 0.3); margin: 30px 0;'>\n<div style='display: flex; flex-wrap: wrap; gap: 30px; margin-bottom: 30px;'>\n<div style='flex: 1 1 300px; min-width: 280px;'>\n<h3 style='font-size: 22px; border-bottom: 2px solid currentColor; padding-bottom: 5px; margin-top: 0; color: inherit; opacity: 0.8;'>V\u00eddeos<\/h3>\n<div style='margin-bottom: 30px;'>\n<div style='position: relative; padding-bottom: 56.25%; height: 0; overflow: hidden; margin-bottom: 30px;'>   <\/div>\n<div style='position: relative; padding-bottom: 56.25%; height: 0; overflow: hidden; margin-bottom: 30px;'>   <\/div>\n<\/p><\/div>\n<\/p><\/div>\n<\/p><\/div>\n<\/p><\/div>\n","protected":false},"excerpt":{"rendered":"<p>Herramienta Universal Para Remover e Instalar Una Amplia Gama De Detectores Puntuales De Humo &#038; Calor<\/p>\n","protected":false},"featured_media":34271,"comment_status":"open","ping_status":"closed","template":"","meta":[],"product_brand":[],"product_cat":[731],"product_tag":[26,25,403],"class_list":{"0":"post-34272","1":"product","2":"type-product","3":"status-publish","4":"has-post-thumbnail","6":"product_cat-accesorios-de-instalacion-herramientas-deteccion-de-fuego","7":"product_tag-accesorios-de-instalacion","8":"product_tag-herramientas","9":"product_tag-sdi","11":"first","12":"outofstock","13":"sale","14":"shipping-taxable","15":"purchasable","16":"product-type-simple"},"_links":{"self":[{"href":"https:\/\/soydeaqui.ddns.net\/pachuca\/index.php\/wp-json\/wp\/v2\/product\/34272","targetHints":{"allow":["GET"]}}],"collection":[{"href":"https:\/\/soydeaqui.ddns.net\/pachuca\/index.php\/wp-json\/wp\/v2\/product"}],"about":[{"href":"https:\/\/soydeaqui.ddns.net\/pachuca\/index.php\/wp-json\/wp\/v2\/types\/product"}],"replies":[{"embeddable":true,"href":"https:\/\/soydeaqui.ddns.net\/pachuca\/index.php\/wp-json\/wp\/v2\/comments?post=34272"}],"wp:featuredmedia":[{"embeddable":true,"href":"https:\/\/soydeaqui.ddns.net\/pachuca\/index.php\/wp-json\/wp\/v2\/media\/34271"}],"wp:attachment":[{"href":"https:\/\/soydeaqui.ddns.net\/pachuca\/index.php\/wp-json\/wp\/v2\/media?parent=34272"}],"wp:term":[{"taxonomy":"product_brand","embeddable":true,"href":"https:\/\/soydeaqui.ddns.net\/pachuca\/index.php\/wp-json\/wp\/v2\/product_brand?post=34272"},{"taxonomy":"product_cat","embeddable":true,"href":"https:\/\/soydeaqui.ddns.net\/pachuca\/index.php\/wp-json\/wp\/v2\/product_cat?post=34272"},{"taxonomy":"product_tag","embeddable":true,"href":"https:\/\/soydeaqui.ddns.net\/pachuca\/index.php\/wp-json\/wp\/v2\/product_tag?post=34272"}],"curies":[{"name":"wp","href":"https:\/\/api.w.org\/{rel}","templated":true}]}}