{"id":3426,"date":"2026-03-18T06:08:00","date_gmt":"2026-03-18T06:08:00","guid":{"rendered":"https:\/\/soydeaqui.ddns.net\/pachuca\/index.php\/producto\/ax-pro-kit-de-alarma-ax-pro-incluye-1-hub-con-bateria-de-respaldo-1-teclado-wi-fi-compatible-con-hik-connect-p2p\/"},"modified":"2026-03-18T06:08:00","modified_gmt":"2026-03-18T06:08:00","slug":"ax-pro-kit-de-alarma-ax-pro-incluye-1-hub-con-bateria-de-respaldo-1-teclado-wi-fi-compatible-con-hik-connect-p2p","status":"publish","type":"product","link":"https:\/\/soydeaqui.ddns.net\/pachuca\/index.php\/producto\/ax-pro-kit-de-alarma-ax-pro-incluye-1-hub-con-bateria-de-respaldo-1-teclado-wi-fi-compatible-con-hik-connect-p2p\/","title":{"rendered":"(AX PRO) KIT de Alarma AX PRO \/ Incluye: 1 Hub con bater\u00eda de respaldo \/ 1 Teclado \/ Wi-Fi \/ Compatible con Hik-Connect P2P"},"content":{"rendered":"<div style='width: 100%; max-width: 1200px; margin: 0 auto; font-family: sans-serif; line-height: 1.6; color: inherit; background-color: transparent;'> <!-- Logo --> <\/p>\n<div style='text-align: center; margin: 30px 0;'> <img style='width: 45%; height: auto; border: 1px solid rgba(150&comma;150&comma;150&comma;0.3); border-radius: 8px;' src='https:\/\/ftp3.syscom.mx\/usuarios\/jsosa\/HIKVISION\/imagenes\/logo\/hikvision%20see%20far.png' alt='Logo Hikvision'> <\/div>\n<p> <!-- Video principal --> <\/p>\n<div style='margin: 30px 0;'>\n<h3 style='text-align: center; font-size: 20px; color: inherit; margin-bottom: 20px;'>Conoce la serie AX PRO de alarmas Hikvision<\/h3>\n<div style='position: relative; padding-bottom: 56.25%; height: 0; overflow: hidden;'>   <\/div>\n<\/p><\/div>\n<p> <!-- Consideraciones --> <\/p>\n<div style='margin: 30px 0;'>\n<div style='border-left: 5px solid #ff0000; border-radius: 8px; padding: 15px; background-color: rgba(200&comma;200&comma;200&comma;0.1);'> <strong style='color: inherit; font-size: 16px;'>Consideraciones:<\/strong> <\/p>\n<ul style='padding-left: 20px; margin-top: 10px; color: inherit;'>\n<li style='margin-bottom: 8px;'>Las distancias de comunicaci\u00f3n entre los sensores y el panel pueden variar en cada instalaci\u00f3n por cuestiones como: ruido ambiental&comma; materiales y grosor de los muros&comma; ruido digital&comma; etc.<\/li>\n<\/ul><\/div>\n<\/p><\/div>\n<p> <!-- Videos adicionales --> <\/p>\n<div style='margin: 30px 0;'>\n<div style='display: flex; flex-wrap: wrap; gap: 20px;'>\n<div style='flex: 1 1 300px; min-width: 280px;'>\n<h4 style='text-align: center; font-size: 18px; color: inherit; margin-bottom: 15px;'>Configuraci\u00f3n de la alarma AX PRO de Hikvision<\/h4>\n<div style='position: relative; padding-bottom: 56.25%; height: 0; overflow: hidden;'>   <\/div>\n<\/p><\/div>\n<div style='flex: 1 1 300px; min-width: 280px;'>\n<h4 style='text-align: center; font-size: 18px; color: inherit; margin-bottom: 15px;'>Bienvenido al futuro con AX PRO Hikvision<\/h4>\n<div style='position: relative; padding-bottom: 56.25%; height: 0; overflow: hidden;'>   <\/div>\n<\/p><\/div>\n<div style='flex: 1 1 300px; min-width: 280px;'>\n<h4 style='text-align: center; font-size: 18px; color: inherit; margin-bottom: 15px;'>Sistema Robusto contra Intrusiones AX PRO<\/h4>\n<div style='position: relative; padding-bottom: 56.25%; height: 0; overflow: hidden;'>   <\/div>\n<\/p><\/div>\n<\/p><\/div>\n<\/p><\/div>\n<p> <!-- Informaci\u00f3n del kit --> <\/p>\n<div style='margin: 30px 0; text-align: center;'>\n<h1 style='font-size: 24px; color: inherit; margin: 15px 0;'>AXPRO-KIT-TECLADO<\/h1>\n<h3 style='font-size: 20px; color: inherit; margin: 15px 0;'>KIT Alarma Hikvision&comma; Incluye:<\/h3>\n<div style='display: flex; justify-content: center; flex-wrap: wrap; gap: 10px;'>\n<p style='margin: 5px 0;'><span>1 x <\/span><a href='https:\/\/www.syscom.mx\/producto\/DS-PWA48-E-WB-HIKVISION-191682.html' target='_blank' rel='noopener' style='color: inherit; text-decoration: underline;'>DS-PWA48-E-WB<\/a><\/p>\n<p style='margin: 5px 0;'><span>1 x <\/span><a href='https:\/\/www.syscom.mx\/producto\/DS-PK1-E-WB-HIKVISION-189881.html' target='_blank' rel='noopener' style='color: inherit; text-decoration: underline;'>DS-PK1-E-WB<\/a><\/p>\n<\/p><\/div>\n<\/p><\/div>\n<p> <!-- Panel --> <\/p>\n<div style='margin: 30px 0;'>\n<div style='display: flex; flex-wrap: wrap; gap: 20px; align-items: flex-start;'>\n<div style='flex: 1 1 300px; min-width: 280px; border: 1px solid rgba(150&comma;150&comma;150&comma;0.3); border-radius: 8px; overflow: hidden;'>\n<div style='background-color: rgba(200&comma;200&comma;200&comma;0.1); text-align: center; padding: 15px;'> <a href='https:\/\/www.syscom.mx\/producto\/DS-PWA48-M-WB-HIKVISION-196110.html' target='_blank' rel='noopener'> <img style='width: 100%; height: auto; max-width: 400px; border: 1px solid rgba(150&comma;150&comma;150&comma;0.3); border-radius: 8px;' src='https:\/\/ftp3.syscom.mx\/usuarios\/fotos\/BancoFotografiasSyscom\/HIKVISION\/DSPWA48EWB\/DSPWA48EWB-p.PNG' alt='Panel Alarma Hikvision'> <\/a> <\/div>\n<div style='border-top: 5px solid #DF001D; padding: 15px;'>\n<h2 style='font-size: 18px; color: inherit; margin: 10px 0;'><a href='https:\/\/www.syscom.mx\/producto\/DS-PWA48-E-WB-HIKVISION-191682.html' target='_blank' rel='noopener' style='color: inherit; text-decoration: none;'>DS-PWA48-E-WB<\/a><\/h2>\n<h4 style='font-size: 16px; color: rgba(128&comma;128&comma;128&comma;0.8); margin: 10px 0;'>Caracter\u00edsticas:<\/h4>\n<ul style='padding-left: 20px; color: inherit;'>\n<li style='margin: 5px 0;'><strong>Soporta conexi\u00f3n LAN \/ Wi-Fi (2.4 GHz)&comma;<\/strong> Incluye bater\u00eda de respaldo<\/li>\n<li style='margin: 5px 0;'>48 Zonas o Salidas de Alarma<\/li>\n<li style='margin: 5px 0;'>Soporta 4 Sirenas<\/li>\n<li style='margin: 5px 0;'>Soporta 8 Lectores o Teclados<\/li>\n<li style='margin: 5px 0;'>Soporta 16 controles<\/li>\n<li style='margin: 5px 0;'>Soporta 2 Repetidores<\/li>\n<\/ul><\/div>\n<\/p><\/div>\n<p> <!-- Teclado --> <\/p>\n<div style='flex: 1 1 300px; min-width: 280px; border: 1px solid rgba(150&comma;150&comma;150&comma;0.3); border-radius: 8px; overflow: hidden;'>\n<div style='background-color: rgba(200&comma;200&comma;200&comma;0.1); text-align: center; padding: 15px;'> <a href='https:\/\/www.syscom.mx\/producto\/DS-PK1-E-WB-HIKVISION-189881.html' target='_blank' rel='noopener'> <img style='width: 100%; height: auto; max-width: 400px; border: 1px solid rgba(150&comma;150&comma;150&comma;0.3); border-radius: 8px;' src='https:\/\/ftp3.syscom.mx\/usuarios\/fotos\/BancoFotografiasSyscom\/HIKVISION\/DSPK1EWB\/DSPK1EWB-p.PNG' alt='Teclado Alarma Hikvision'> <\/a> <\/div>\n<div style='border-top: 5px solid #DF001D; padding: 15px;'>\n<h2 style='font-size: 18px; color: inherit; margin: 10px 0;'><a href='https:\/\/www.syscom.mx\/producto\/DS-PK1-E-WB-HIKVISION-189881.html' target='_blank' rel='noopener' style='color: inherit; text-decoration: none;'>DS-PK1-E-WB<\/a><\/h2>\n<h4 style='font-size: 16px; color: rgba(128&comma;128&comma;128&comma;0.8); margin: 10px 0;'>Caracter\u00edsticas:<\/h4>\n<ul style='padding-left: 20px; color: inherit;'>\n<li style='margin: 5px 0;'>Permite realizar operaciones de armado&comma; desarmado&comma; limpiar alarma&comma; etc.<\/li>\n<li style='margin: 5px 0;'><strong>Voltaje de Operaci\u00f3n:<\/strong> 4 bater\u00edas AA (Incluidas)<\/li>\n<li style='margin: 5px 0;'><strong>Dimensiones:<\/strong> 140 x 86 x 22 mm<\/li>\n<\/ul><\/div>\n<\/p><\/div>\n<\/p><\/div>\n<\/p><\/div>\n<p> <!-- Diagrama Familia AX PRO --> <\/p>\n<div style='margin: 30px 0; text-align: center;'>\n<h2 style='font-size: 20px; color: inherit; margin-bottom: 15px;'>Linea de Productos AX PRO<\/h2>\n<p> <a href='https:\/\/www.syscom.mx\/principal\/listadoproductosazul\/intrusion-hikvision-paneles-de-alarma-y-accesorios-ax-pro-series-66286.html?ordenar=Precio_de_Menor_a_Mayor&#038;pag=1' target='_blank' rel='noopener'> <img style='width: 100%; max-width: 100%; height: auto; border: 1px solid rgba(150&comma;150&comma;150&comma;0.3); border-radius: 8px;' src='https:\/\/ftp3.syscom.mx\/usuarios\/jsosa\/HIKVISION\/alarmas\/AXPPRO\/banner\/AX%20PRO%20disgramas-hikvision.jpg' alt='Diagrama Familia AX PRO'> <\/a> <\/div>\n<p> <!-- Serie AX PRO --> <\/p>\n<div style='margin: 30px 0;'>\n<div style='display: flex; flex-wrap: wrap; gap: 20px;'>\n<div style='flex: 1 1 300px; min-width: 280px;'> <a href='https:\/\/www.syscom.mx\/principal\/listadoproductosazul\/intrusion-hikvision-paneles-de-alarma-y-accesorios-ax-pro-series-66286.html?ordenar=Precio_de_Menor_a_Mayor&#038;pag=1' target='_blank' rel='noopener'> <img style='width: 100%; height: auto; border: 1px solid rgba(150&comma;150&comma;150&comma;0.3); border-radius: 8px;' src='https:\/\/ftp3.syscom.mx\/usuarios\/jsosa\/HIKVISION\/alarmas\/AXPPRO\/Serie%20AXPRO.png' alt='Serie AX PRO'> <\/a> <\/div>\n<div style='flex: 1 1 300px; min-width: 280px;'>\n<h2 style='font-size: 18px; color: inherit; margin: 10px 0;'>Serie AX PRO<\/h2>\n<p style='margin: 8px 0;'>\u00bfNecesita proteger su hogar&comma; oficina o tienda?<\/p>\n<p style='margin: 8px 0;'>\u00bfCansado de tantos cables y mucho tiempo de instalaci\u00f3n?<\/p>\n<p style='margin: 8px 0;'>\u00a1Utilice una soluci\u00f3n de alarma inal\u00e1mbrica profesional!<\/p>\n<p style='margin: 8px 0;'>Conozca todos los dispositivos que pueden integrar en la Serie AX PRO dando clic <a href='https:\/\/www.syscom.mx\/principal\/listadoproductosazul\/intrusion-hikvision-paneles-de-alarma-y-accesorios-ax-pro-series-66286.html?ordenar=Precio_de_Menor_a_Mayor&#038;pag=1' target='_blank' rel='noopener' style='color: inherit; text-decoration: underline;'><strong>aqu\u00ed<\/strong><\/a>.<\/p>\n<\/p><\/div>\n<\/p><\/div>\n<\/p><\/div>\n<p> <!-- Videos de configuraci\u00f3n --> <\/p>\n<div style='margin: 30px 0;'>\n<div style='display: flex; flex-wrap: wrap; gap: 20px;'>\n<div style='flex: 1 1 300px; min-width: 280px;'>\n<h3 style='font-size: 18px; text-align: center; color: inherit; margin-bottom: 15px;'>Alta del panel AX PRO en Hik-Connect<\/h3>\n<div style='position: relative; padding-bottom: 56.25%; height: 0; overflow: hidden;'>   <\/div>\n<\/p><\/div>\n<div style='flex: 1 1 300px; min-width: 280px;'>\n<h3 style='font-size: 18px; text-align: center; color: inherit; margin-bottom: 15px;'>Reset del panel AX PRO por medio de bot\u00f3n<\/h3>\n<div style='position: relative; padding-bottom: 56.25%; height: 0; overflow: hidden;'>   <\/div>\n<\/p><\/div>\n<\/p><\/div>\n<\/p><\/div>\n<p> <!-- Videos de verificaci\u00f3n --> <\/p>\n<div style='margin: 30px 0;'>\n<div style='display: flex; flex-wrap: wrap; gap: 20px;'>\n<div style='flex: 1 1 300px; min-width: 280px;'>\n<h3 style='font-size: 18px; text-align: center; color: inherit; margin-bottom: 15px;'>Video Verificaci\u00f3n con PIR con C\u00e1mara<\/h3>\n<div style='position: relative; padding-bottom: 56.25%; height: 0; overflow: hidden;'>   <\/div>\n<\/p><\/div>\n<div style='flex: 1 1 300px; min-width: 280px;'>\n<h3 style='font-size: 18px; text-align: center; color: inherit; margin-bottom: 15px;'>Vinculo de Sensor Magn\u00e9tico con C\u00e1mara IP<\/h3>\n<div style='position: relative; padding-bottom: 56.25%; height: 0; overflow: hidden;'>   <\/div>\n<\/p><\/div>\n<\/p><\/div>\n<\/p><\/div>\n<p> <!-- Diagrama de aplicaci\u00f3n --> <\/p>\n<div style='margin: 30px 0; text-align: center;'>\n<h2 style='font-size: 20px; color: inherit; margin-bottom: 15px;'>DIAGRAMA DE APLICACI\u00d3N<\/h2>\n<p> <img style='width: 100%; max-width: 100%; height: auto; border: 1px solid rgba(150&comma;150&comma;150&comma;0.3); border-radius: 8px;' src='https:\/\/ftp3.syscom.mx\/usuarios\/jsosa\/HIKVISION\/alarmas\/AXPPRO\/banner\/diagrama%20AX%20Pro.png' alt='Diagrama de Aplicaci\u00f3n'> <\/div>\n<p> <!-- Novedades --> <\/p>\n<div style='margin: 30px 0;'>\n<h2 style='font-size: 20px; text-align: center; color: inherit; margin-bottom: 20px;'>NOVEDADES DE LA SERIE AX-PRO<\/h2>\n<p> <!-- Repetidor --> <\/p>\n<div style='margin: 20px 0; display: flex; flex-wrap: wrap; gap: 20px;'>\n<div style='flex: 1 1 300px; min-width: 280px;'> <a href='https:\/\/www.syscom.mx\/producto\/DS-PR1-WB-HIKVISION-191817.html' target='_blank' rel='noopener'> <img style='width: 100%; height: auto; max-width: 100%; border: 1px solid rgba(150&comma;150&comma;150&comma;0.3); border-radius: 8px;' src='https:\/\/ftp3.syscom.mx\/usuarios\/fotos\/BancoFotografiasSyscom\/HIKVISION\/DSPR1WB\/DSPR1WB-p.PNG' alt='Repetidor de Se\u00f1al'> <\/a> <\/div>\n<div style='flex: 1 1 300px; min-width: 280px;'>\n<h2 style='font-size: 18px; color: inherit; margin: 10px 0;'><a href='https:\/\/www.syscom.mx\/producto\/DS-PR1-WB-HIKVISION-191817.html' target='_blank' rel='noopener' style='color: inherit; text-decoration: none;'>REPETIDOR DE SE\u00d1AL DS-PR1-WB<\/a><\/h2>\n<p style='margin: 10px 0;'><strong>Aumenta la cobertura de tus dispositivos<\/strong><\/p>\n<p style='margin: 10px 0;'>Extiende la se\u00f1al de los dispositivos de la serie AXPRO&comma; recibe mensajes de alarma&comma; estado y control de los dispositivos y repite estos mensajes al panel de control.<\/p>\n<ul style='padding-left: 20px; color: inherit;'>\n<li style='margin: 5px 0;'>Comunicaci\u00f3n inal\u00e1mbrica bidireccional de 433 MHz estable y segura.<\/li>\n<li style='margin: 5px 0;'>Indicador LED&comma; muestra los diferentes estatus del dispositivo con f\u00e1cil comprensi\u00f3n.<\/li>\n<li style='margin: 5px 0;'>Hasta 35 horas de respaldo de bater\u00eda despu\u00e9s de la p\u00e9rdida energ\u00eda principal.<\/li>\n<li style='margin: 5px 0;'>Encuentra y conecta detectores autom\u00e1ticamente&comma; emparejamiento autom\u00e1tico inteligente.<\/li>\n<li style='margin: 5px 0;'>F\u00e1cil instalaci\u00f3n debido nuevo dise\u00f1ado.<\/li>\n<\/ul><\/div>\n<\/p><\/div>\n<p> <!-- PIR CAM --> <\/p>\n<div style='margin: 20px 0; display: flex; flex-wrap: wrap; gap: 20px;'>\n<div style='flex: 1 1 300px; min-width: 280px;'>\n<h2 style='font-size: 18px; color: inherit; margin: 10px 0;'><a href='https:\/\/www.syscom.mx\/producto\/DS-PDPC12P-EG2-WB-HIKVISION-189862.html' target='_blank' rel='noopener' style='color: inherit; text-decoration: none;'>DETECTOR PIR CON CAMARA INALAMBRICO DS-PDPC12P-EG2-WB<\/a><\/h2>\n<p style='margin: 10px 0;'>Detector inal\u00e1mbrico bidireccional totalmente supervisado con c\u00e1mara incorporada de alta calidad que puede proporcionar un ideal soluci\u00f3n para la verificaci\u00f3n de video.<\/p>\n<ul style='padding-left: 20px; color: inherit;'>\n<li style='margin: 5px 0;'><strong>Rango de detecci\u00f3n:<\/strong> 12 m.<\/li>\n<li style='margin: 5px 0;'><strong>Angulo de detecci\u00f3n:<\/strong> 85.9\u00b0.<\/li>\n<li style='margin: 5px 0;'><strong>Inmunidad contra mascotas:<\/strong> 30Kg.<\/li>\n<li style='margin: 5px 0;'><strong>Resoluci\u00f3n m\u00e1xima de la c\u00e1mara:<\/strong> 640 x 480.<\/li>\n<li style='margin: 5px 0;'><strong>Voltaje de Operaci\u00f3n:<\/strong> 3 x <a href='https:\/\/www.syscom.mx\/producto\/CR123A-EPCOM-POWERLINE-13896.html' target='_blank' rel='noopener' style='color: inherit; text-decoration: underline;'>CR123A<\/a> (Incluida).<\/li>\n<li style='margin: 5px 0;'><strong>Tiempo util de la bater\u00eda:<\/strong> 6 a\u00f1os<\/li>\n<li style='margin: 5px 0;'><strong>Tamper antisabotaje.<\/strong><\/li>\n<\/ul><\/div>\n<div style='flex: 1 1 300px; min-width: 280px;'> <a href='https:\/\/www.syscom.mx\/producto\/DS-PDPC12P-EG2-WB-HIKVISION-189862.html' target='_blank' rel='noopener'> <img style='width: 100%; height: auto; max-width: 100%; border: 1px solid rgba(150&comma;150&comma;150&comma;0.3); border-radius: 8px;' src='https:\/\/ftp3.syscom.mx\/usuarios\/fotos\/BancoFotografiasSyscom\/HIKVISION\/DSPDPC12PEG2WB\/DSPDPC12PEG2WB-p.PNG' alt='Detector PIR con C\u00e1mara'> <\/a> <\/div>\n<\/p><\/div>\n<\/p><\/div>\n<p> <!-- Accesorios para automatizaci\u00f3n --> <\/p>\n<div style='margin: 30px 0;'>\n<h2 style='font-size: 20px; text-align: center; color: inherit; margin-bottom: 20px;'>ACCESORIOS PARA AUTOMATIZAR<\/h2>\n<div style='display: flex; flex-wrap: wrap; gap: 30px;'>\n<div style='flex: 1 1 300px; min-width: 280px;'>\n<div style='text-align: center; margin-bottom: 15px;'> <a href='https:\/\/www.syscom.mx\/producto\/DS-PM1-O1H-WB-HIKVISION-191822.html' target='_blank' rel='noopener'> <img style='width: 60%; height: auto; border: 1px solid rgba(150&comma;150&comma;150&comma;0.3); border-radius: 8px;' src='https:\/\/ftp3.syscom.mx\/usuarios\/fotos\/BancoFotografiasSyscom\/HIKVISION\/DSPM1O1HWB\/DSPM1O1HWB-p.PNG' alt='DS-PM1-O1H-WB'> <\/a> <\/div>\n<h2 style='font-size: 18px; margin: 10px 0;'><a href='https:\/\/www.syscom.mx\/producto\/DS-PM1-O1H-WB-HIKVISION-191822.html' target='_blank' rel='noopener' style='color: inherit; text-decoration: none;'>DS-PM1-O1H-WB<\/a><\/h2>\n<ul style='padding-left: 20px; color: inherit;'>\n<li style='margin: 5px 0;'>Comunicaci\u00f3n inal\u00e1mbrica bidireccional de 433 MHz \/ Cifrado AES-128.<\/li>\n<li style='margin: 5px 0;'>Pantalla LED&comma; muestra el estado del dispositivo: encendido \/ apagado.<\/li>\n<li style='margin: 5px 0;'>Dise\u00f1o de caja peque\u00f1a&comma; que se puede esconder f\u00e1cilmente.<\/li>\n<li style='margin: 5px 0;'>Operaci\u00f3n de automatizaci\u00f3n&comma; bot\u00f3n de encendido\/apagado desde: aplicaci\u00f3n \/ control \/ teclado<\/li>\n<li style='margin: 5px 0;'>Configuraci\u00f3n de escenarios por diferentes eventos.<\/li>\n<li style='margin: 5px 0;'>1 Salida de relevador: NO\/NC (100 to 240 VAC \/ Max. 13 A)<\/li>\n<li style='margin: 5px 0;'>Voltaje de Operaci\u00f3n: 100 VCA a 240 VCA.<\/li>\n<li style='margin: 5px 0;'>Temperatura de operaci\u00f3n: -10\u00b0 a 55\u00b0C.<\/li>\n<\/ul><\/div>\n<div style='flex: 1 1 300px; min-width: 280px;'>\n<div style='text-align: center; margin-bottom: 15px;'> <a href='https:\/\/www.syscom.mx\/producto\/DS-PM1-O1L-WB-HIKVISION-191819.html' target='_blank' rel='noopener'> <img style='width: 60%; height: auto; border: 1px solid rgba(150&comma;150&comma;150&comma;0.3); border-radius: 8px;' src='https:\/\/ftp3.syscom.mx\/usuarios\/fotos\/BancoFotografiasSyscom\/HIKVISION\/DSPM1O1LWB\/DSPM1O1LWB-p.PNG' alt='DS-PM1-O1L-WB'> <\/a> <\/div>\n<h2 style='font-size: 18px; margin: 10px 0;'><a href='https:\/\/www.syscom.mx\/producto\/DS-PM1-O1L-WB-HIKVISION-191819.html' target='_blank' rel='noopener' style='color: inherit; text-decoration: none;'>DS-PM1-O1L-WB<\/a><\/h2>\n<ul style='padding-left: 20px; color: inherit;'>\n<li style='margin: 5px 0;'>Comunicaci\u00f3n inal\u00e1mbrica bidireccional de 433 MHz \/ Cifrado AES-128.<\/li>\n<li style='margin: 5px 0;'>Pantalla LED&comma; muestra el estado del dispositivo: encendido \/ apagado.<\/li>\n<li style='margin: 5px 0;'>Dise\u00f1o de caja peque\u00f1a&comma; que se puede esconder f\u00e1cilmente.<\/li>\n<li style='margin: 5px 0;'>Operaci\u00f3n de automatizaci\u00f3n&comma; bot\u00f3n de encendido\/apagado desde: aplicaci\u00f3n \/ control \/ teclado<\/li>\n<li style='margin: 5px 0;'>Configuraci\u00f3n de escenarios por diferentes eventos<\/li>\n<li style='margin: 5px 0;'>Usando la entrada de alarma&comma; se puede utilizar como entrada de zona para el panel.<\/li>\n<li style='margin: 5px 0;'>1 Salida de relevador: NO\/NC (0 a 36Vcc \/ Max. 5 A).<\/li>\n<li style='margin: 5px 0;'>1 Entrada de alarma: NO\/NC.<\/li>\n<li style='margin: 5px 0;'>Voltaje de Operaci\u00f3n: 7Vcc a 24 Vcc.<\/li>\n<li style='margin: 5px 0;'>Temperatura de operaci\u00f3n: -10\u00b0 a 55\u00b0C.<\/li>\n<\/ul><\/div>\n<\/p><\/div>\n<\/p><\/div>\n<p> <!-- Recursos Hikvision --> <\/p>\n<div style='margin: 30px 0;'>\n<h1 style='font-size: 20px; text-align: center; color: inherit; margin-bottom: 20px;'>Recursos<\/h1>\n<div style='display: flex; flex-wrap: wrap; gap: 20px; justify-content: center;'>\n<div style='flex: 1 1 300px; min-width: 280px;'> <a href='https:\/\/www.hikvision.com\/es-la\/support\/download\/software\/ivms4200-series\/?q=serie%20ivms4200&#038;position=1' target='_blank' rel='noopener'> <img style='width: 100%; height: auto; border: 1px solid rgba(150&comma;150&comma;150&comma;0.3); border-radius: 8px;' src='https:\/\/ftp3.syscom.mx\/usuarios\/gmagos\/HIK\/IP\/IPC\/Imagenes%20pagina\/Descargas%20IVMS4200.jpg' alt='IVMS4200'> <\/a> <\/div>\n<div style='flex: 1 1 300px; min-width: 280px;'> <a href='https:\/\/appstore.hikvision.com\/' target='_blank' rel='noopener'> <img style='width: 100%; height: auto; border: 1px solid rgba(150&comma;150&comma;150&comma;0.3); border-radius: 8px;' src='https:\/\/ftp3.syscom.mx\/usuarios\/gmagos\/HIK\/IP\/IPC\/Imagenes%20pagina\/Descargas%20de%20app.jpg' alt='App Store Hikvision'> <\/a> <\/div>\n<div style='flex: 1 1 300px; min-width: 280px;'> <a href='https:\/\/ftp3.syscom.mx\/usuarios\/jsosa\/HIKVISION\/alarmas\/AXPPRO\/DSPWA48MWB\/DS-PWA48-M-WB.pdf' target='_blank' rel='noopener'> <img style='width: 100%; height: auto; border: 1px solid rgba(150&comma;150&comma;150&comma;0.3); border-radius: 8px;' src='https:\/\/ftp3.syscom.mx\/usuarios\/gmagos\/HIK\/IP\/IPC\/Imagenes%20pagina\/Descarga%20de%20PDF.jpg' alt='Manual PDF'> <\/a> <\/div>\n<\/p><\/div>\n<\/p><\/div>\n<p> <!-- Banner --> <\/p>\n<div style='margin: 30px 0;'> <a href='https:\/\/www.syscom.mx\/principal\/promociones\/serie_ax_pro_alarmas_hikvision-5416.html?ordenar=Relevancia&#038;pag=1' target='_blank' rel='noopener'> <img style='width: 100%; height: auto; border: 1px solid rgba(150&comma;150&comma;150&comma;0.3); border-radius: 8px;' src='https:\/\/ftp3.syscom.mx\/usuarios\/jsosa\/HIKVISION\/alarmas\/AXPPRO\/banner\/HIKVISION-AXPRO-SERIES.jpg' alt='Serie AX PRO'> <\/a> <\/div>\n<\/p><\/div>\n","protected":false},"excerpt":{"rendered":"<p>(AX PRO) KIT de Alarma AX PRO \/ Incluye: 1 Hub con bater\u00eda de respaldo \/ 1 Teclado \/ Wi-Fi \/ Compatible con Hik-Connect P2P<\/p>\n","protected":false},"featured_media":3425,"comment_status":"open","ping_status":"closed","template":"","meta":[],"product_brand":[],"product_cat":[204],"product_tag":[205,54,69],"class_list":{"0":"post-3426","1":"product","2":"type-product","3":"status-publish","4":"has-post-thumbnail","6":"product_cat-ax-pro-kits","7":"product_tag-ax-pro-kits","8":"product_tag-hikvision","9":"product_tag-paneles-de-alarma-y-accesorios-hikvision","11":"first","12":"instock","13":"sale","14":"shipping-taxable","15":"purchasable","16":"product-type-simple"},"_links":{"self":[{"href":"https:\/\/soydeaqui.ddns.net\/pachuca\/index.php\/wp-json\/wp\/v2\/product\/3426","targetHints":{"allow":["GET"]}}],"collection":[{"href":"https:\/\/soydeaqui.ddns.net\/pachuca\/index.php\/wp-json\/wp\/v2\/product"}],"about":[{"href":"https:\/\/soydeaqui.ddns.net\/pachuca\/index.php\/wp-json\/wp\/v2\/types\/product"}],"replies":[{"embeddable":true,"href":"https:\/\/soydeaqui.ddns.net\/pachuca\/index.php\/wp-json\/wp\/v2\/comments?post=3426"}],"wp:featuredmedia":[{"embeddable":true,"href":"https:\/\/soydeaqui.ddns.net\/pachuca\/index.php\/wp-json\/wp\/v2\/media\/3425"}],"wp:attachment":[{"href":"https:\/\/soydeaqui.ddns.net\/pachuca\/index.php\/wp-json\/wp\/v2\/media?parent=3426"}],"wp:term":[{"taxonomy":"product_brand","embeddable":true,"href":"https:\/\/soydeaqui.ddns.net\/pachuca\/index.php\/wp-json\/wp\/v2\/product_brand?post=3426"},{"taxonomy":"product_cat","embeddable":true,"href":"https:\/\/soydeaqui.ddns.net\/pachuca\/index.php\/wp-json\/wp\/v2\/product_cat?post=3426"},{"taxonomy":"product_tag","embeddable":true,"href":"https:\/\/soydeaqui.ddns.net\/pachuca\/index.php\/wp-json\/wp\/v2\/product_tag?post=3426"}],"curies":[{"name":"wp","href":"https:\/\/api.w.org\/{rel}","templated":true}]}}