{"id":34251,"date":"2026-03-18T15:17:12","date_gmt":"2026-03-18T15:17:12","guid":{"rendered":"https:\/\/soydeaqui.ddns.net\/pachuca\/index.php\/producto\/sensor-direccionable-inteligente-multicriterio-humo-fotoelectrico-calor-rise-of-rise-y-co-0200-08070\/"},"modified":"2026-03-18T15:17:17","modified_gmt":"2026-03-18T15:17:17","slug":"sensor-direccionable-inteligente-multicriterio-humo-fotoelectrico-calor-rise-of-rise-y-co-0200-08070","status":"publish","type":"product","link":"https:\/\/soydeaqui.ddns.net\/pachuca\/index.php\/producto\/sensor-direccionable-inteligente-multicriterio-humo-fotoelectrico-calor-rise-of-rise-y-co-0200-08070\/","title":{"rendered":"Sensor Direccionable Inteligente, Multicriterio, Humo Fotoel\u00e9ctrico, Calor, Rise-of-Rise y CO &#8211; (0200-08070)"},"content":{"rendered":"<div style='width: 100%; max-width: 1200px; margin: 0 auto; font-family: sans-serif; line-height: 1.6; color: inherit; background-color: transparent;'>\n<div style='display: flex; flex-wrap: wrap; gap: 30px; margin-bottom: 30px;'>\n<div style='flex: 1 1 300px; min-width: 280px;'>\n<h3 style='font-size: 22px; border-bottom: 2px solid currentColor; padding-bottom: 5px; margin-top: 0; color: inherit; opacity: 0.8;'>Descripci\u00f3n<\/h3>\n<p style='font-size: 15px; color: inherit; margin-bottom: 15px;'>El Sensor Multicriterio ACD-V de Hochiki es especialmente adecuado para detectar humo producido por la amplia gama de materiales combustibles que se encuentran en diversas aplicaciones. La monitorizaci\u00f3n de la temperatura se consigue mediante termistores colocados para una sensibilidad \u00f3ptima. Adem\u00e1s&comma; el sensor es adecuado para detectar niveles mortales de mon\u00f3xido de carbono (CO). El dise\u00f1o \u00fanico de Hochiki permite una respuesta r\u00e1pida para todo tipo de humo y niveles de mon\u00f3xido de carbono mientras se minimizan las falsas alarmas. El ACD-V es totalmente compatible con todos los paneles FireNET de Hochiki.<\/p>\n<p style='font-size: 15px; color: inherit; margin-bottom: 15px;'><strong>Caracter\u00edsticas:<\/strong><\/p>\n<ul style='padding-left: 20px; font-size: 15px; color: inherit;'>\n<li style='margin-bottom: 5px;'>Perfil bajo&comma; s\u00f3lo 2&#8242; de alto<\/li>\n<li style='margin-bottom: 5px;'>Direccionamiento sencillo y fiable<\/li>\n<li style='margin-bottom: 5px;'>Compensaci\u00f3n autom\u00e1tica para la contaminaci\u00f3n del sensor<\/li>\n<li style='margin-bottom: 5px;'>Funci\u00f3n de prueba incorporada<\/li>\n<li style='margin-bottom: 5px;'>Utiliza el Protocolo de Comunicaci\u00f3n Digital (DCP) inmune al ruido&comma; para una respuesta r\u00e1pida<\/li>\n<li style='margin-bottom: 5px;'>LEDs de alimentaci\u00f3n\/alarma incorporados<\/li>\n<li style='margin-bottom: 5px;'>Opci\u00f3n para deshabilitar los LEDs de supervisi\u00f3n<\/li>\n<li style='margin-bottom: 5px;'>Detecci\u00f3n anal\u00f3gica en la c\u00e1mara de humo<\/li>\n<li style='margin-bottom: 5px;'>Funci\u00f3n de bloqueo antivandalismo<\/li>\n<li style='margin-bottom: 5px;'>10 a\u00f1os de vida del sensor CO *<\/li>\n<\/ul>\n<p style='font-size: 14px; color: inherit; margin-top: 15px;'><em>* Los detectores deben ser reemplazados despu\u00e9s de 10 a\u00f1os a partir de la fecha de fabricaci\u00f3n<\/em><\/p>\n<\/p><\/div>\n<\/p><\/div>\n<\/p><\/div>\n","protected":false},"excerpt":{"rendered":"<p>Sensor Direccionable Inteligente, Multicriterio, Humo Fotoel\u00e9ctrico, Calor, Rise-of-Rise y CO &#8211; (0200-08070)<\/p>\n","protected":false},"featured_media":34250,"comment_status":"open","ping_status":"closed","template":"","meta":[],"product_brand":[],"product_cat":[448],"product_tag":[449,406,225],"class_list":{"0":"post-34251","1":"product","2":"type-product","3":"status-publish","4":"has-post-thumbnail","6":"product_cat-todo-accesorios-y-dispositivos-direccionables","7":"product_tag-accesorios-y-dispositivos-direccionables","8":"product_tag-hochiki","9":"product_tag-todo","11":"first","12":"instock","13":"sale","14":"shipping-taxable","15":"purchasable","16":"product-type-simple"},"_links":{"self":[{"href":"https:\/\/soydeaqui.ddns.net\/pachuca\/index.php\/wp-json\/wp\/v2\/product\/34251","targetHints":{"allow":["GET"]}}],"collection":[{"href":"https:\/\/soydeaqui.ddns.net\/pachuca\/index.php\/wp-json\/wp\/v2\/product"}],"about":[{"href":"https:\/\/soydeaqui.ddns.net\/pachuca\/index.php\/wp-json\/wp\/v2\/types\/product"}],"replies":[{"embeddable":true,"href":"https:\/\/soydeaqui.ddns.net\/pachuca\/index.php\/wp-json\/wp\/v2\/comments?post=34251"}],"wp:featuredmedia":[{"embeddable":true,"href":"https:\/\/soydeaqui.ddns.net\/pachuca\/index.php\/wp-json\/wp\/v2\/media\/34250"}],"wp:attachment":[{"href":"https:\/\/soydeaqui.ddns.net\/pachuca\/index.php\/wp-json\/wp\/v2\/media?parent=34251"}],"wp:term":[{"taxonomy":"product_brand","embeddable":true,"href":"https:\/\/soydeaqui.ddns.net\/pachuca\/index.php\/wp-json\/wp\/v2\/product_brand?post=34251"},{"taxonomy":"product_cat","embeddable":true,"href":"https:\/\/soydeaqui.ddns.net\/pachuca\/index.php\/wp-json\/wp\/v2\/product_cat?post=34251"},{"taxonomy":"product_tag","embeddable":true,"href":"https:\/\/soydeaqui.ddns.net\/pachuca\/index.php\/wp-json\/wp\/v2\/product_tag?post=34251"}],"curies":[{"name":"wp","href":"https:\/\/api.w.org\/{rel}","templated":true}]}}