{"id":3422,"date":"2026-03-18T06:07:58","date_gmt":"2026-03-18T06:07:58","guid":{"rendered":"https:\/\/soydeaqui.ddns.net\/pachuca\/index.php\/producto\/ax-pro-kit-de-alarma-ax-pro-incluye-1-hub-con-bateria-de-respaldo-1-sensor-pir-wi-fi-compatible-con-hik-connect-p2p\/"},"modified":"2026-03-18T06:07:58","modified_gmt":"2026-03-18T06:07:58","slug":"ax-pro-kit-de-alarma-ax-pro-incluye-1-hub-con-bateria-de-respaldo-1-sensor-pir-wi-fi-compatible-con-hik-connect-p2p","status":"publish","type":"product","link":"https:\/\/soydeaqui.ddns.net\/pachuca\/index.php\/producto\/ax-pro-kit-de-alarma-ax-pro-incluye-1-hub-con-bateria-de-respaldo-1-sensor-pir-wi-fi-compatible-con-hik-connect-p2p\/","title":{"rendered":"(AX PRO) KIT de Alarma AX PRO \/ Incluye: 1 Hub con bater\u00eda de respaldo \/ 1 Sensor PIR \/ Wi-Fi \/ Compatible con Hik-Connect P2P"},"content":{"rendered":"<div style='width: 100%; max-width: 1200px; margin: 0 auto; font-family: sans-serif; line-height: 1.6; color: inherit; background-color: transparent;'> <!-- Logo --> <\/p>\n<div style='text-align: center; margin: 30px 0;'> <img style='width: 45%; max-width: 500px; height: auto; border: 1px solid rgba(150&comma;150&comma;150&comma;0.3); border-radius: 8px;' src='https:\/\/ftp3.syscom.mx\/usuarios\/jsosa\/HIKVISION\/imagenes\/logo\/hikvision%20see%20far.png' alt='Logo Hikvision'> <\/div>\n<p> <!-- Video principal --> <\/p>\n<div style='margin: 30px 0;'>\n<h3 style='text-align: center; font-size: 20px; color: inherit; margin-bottom: 20px;'> <strong>Conoce la serie AX PRO de alarmas Hikvision<\/strong> <\/h3>\n<div style='position: relative; padding-bottom: 56.25%; height: 0; overflow: hidden;'>   <\/div>\n<\/p><\/div>\n<p> <!-- Consideraciones --> <\/p>\n<div style='margin: 30px 0;'>\n<div style='border-left: 5px solid #ff0000; border-radius: 8px; padding: 15px; background-color: rgba(150&comma;150&comma;150&comma;0.05); color: inherit;'> <strong style='font-size: 16px; display: block; margin-bottom: 10px;'>Consideraciones:<\/strong> <\/p>\n<ul style='padding-left: 20px; margin: 0; font-size: 14px;'>\n<li style='margin-bottom: 8px;'>Las distancias de comunicaci\u00f3n entre los sensores y el panel pueden variar en cada instalaci\u00f3n por cuestiones como: ruido ambiental&comma; materiales y grosor de los muros&comma; ruido digital&comma; etc.<\/li>\n<\/ul><\/div>\n<\/p><\/div>\n<p> <!-- Videos secundarios --> <\/p>\n<div style='margin: 30px 0;'>\n<div style='display: flex; flex-wrap: wrap; gap: 20px;'>\n<div style='flex: 1 1 300px; min-width: 280px;'>\n<h4 style='text-align: center; font-size: 18px; margin-bottom: 15px; color: inherit;'> <strong>Configuraci\u00f3n de la alarma AX PRO de Hikvision<\/strong> <\/h4>\n<div style='position: relative; padding-bottom: 56.25%; height: 0; overflow: hidden;'>   <\/div>\n<\/p><\/div>\n<div style='flex: 1 1 300px; min-width: 280px;'>\n<h4 style='text-align: center; font-size: 18px; margin-bottom: 15px; color: inherit;'> <strong>Bienvenido al futuro con AX PRO Hikvision<\/strong> <\/h4>\n<div style='position: relative; padding-bottom: 56.25%; height: 0; overflow: hidden;'>   <\/div>\n<\/p><\/div>\n<div style='flex: 1 1 300px; min-width: 280px;'>\n<h4 style='text-align: center; font-size: 18px; margin-bottom: 15px; color: inherit;'> <strong>Sistema Robusto contra Intrusiones AX PRO<\/strong> <\/h4>\n<div style='position: relative; padding-bottom: 56.25%; height: 0; overflow: hidden;'>   <\/div>\n<\/p><\/div>\n<\/p><\/div>\n<\/p><\/div>\n<p> <!-- Contenido del kit --> <\/p>\n<div style='margin: 30px 0;'>\n<h1 style='text-align: center; font-size: 24px; color: inherit; margin-bottom: 10px;'>AXPRO-KIT-PIR<\/h1>\n<h3 style='text-align: center; font-size: 18px; color: inherit; margin-bottom: 20px;'>KIT Alarma Hikvision&comma; Incluye:<\/h3>\n<div style='display: flex; flex-wrap: wrap; gap: 15px; justify-content: center;'>\n<div style='text-align: center; flex: 1 1 200px; min-width: 180px;'>\n<p style='margin: 0;'><span>1 x <\/span><a style='color: inherit; text-decoration: underline;' href='https:\/\/www.syscom.mx\/producto\/DS-PWA48-E-WB-HIKVISION-191682.html' target='_blank' rel='noopener'><strong>DS-PWA48-E-WB<\/strong><\/a><\/p>\n<\/p><\/div>\n<div style='text-align: center; flex: 1 1 200px; min-width: 180px;'>\n<p style='margin: 0;'><span>1 x <\/span><a style='color: inherit; text-decoration: underline;' href='https:\/\/www.syscom.mx\/producto\/DS-PDP15P-EG2-WB-HIKVISION-189858.html' target='_blank' rel='noopener'><strong>DS-PDP15P-EG2-WB(B)<\/strong><\/a><\/p>\n<\/p><\/div>\n<\/p><\/div>\n<\/p><\/div>\n<p> <!-- Panel --> <\/p>\n<div style='margin: 30px 0;'>\n<div style='display: flex; flex-wrap: wrap; gap: 20px; align-items: flex-start;'>\n<div style='flex: 1 1 300px; min-width: 280px;'>\n<div style='background-color: rgba(150&comma;150&comma;150&comma;0.1); text-align: center; padding: 15px; border-radius: 8px 8px 0 0; border: 1px solid rgba(150&comma;150&comma;150&comma;0.3); border-bottom: none;'> <a style='color: inherit; text-decoration: none;' href='https:\/\/www.syscom.mx\/producto\/DS-PWA48-M-WB-HIKVISION-196110.html' target='_blank' rel='noopener'> <img style='width: 100%; max-width: 400px; height: auto; border: 1px solid rgba(150&comma;150&comma;150&comma;0.3); border-radius: 8px;' src='https:\/\/ftp3.syscom.mx\/usuarios\/fotos\/BancoFotografiasSyscom\/HIKVISION\/DSPWA48EWB\/DSPWA48EWB-p.PNG' alt='DS-PWA48-E-WB'> <\/a> <\/div>\n<div style='border: 1px solid rgba(150&comma;150&comma;150&comma;0.3); border-top: 5px solid #DF001D; border-radius: 0 0 8px 8px; padding: 15px;'>\n<h2 style='margin-top: 0; font-size: 20px; color: inherit;'> 1 x <a style='color: inherit; text-decoration: underline;' href='https:\/\/www.syscom.mx\/producto\/DS-PWA48-E-WB-HIKVISION-191682.html' target='_blank' rel='noopener'>DS-PWA48-E-WB<\/a> <\/h2>\n<h4 style='color: rgba(128&comma;128&comma;128&comma;0.8); font-size: 16px; margin-top: 10px; margin-bottom: 15px;'>Caracter\u00edsticas:<\/h4>\n<ul style='padding-left: 20px; font-size: 14px;'>\n<li style='margin-bottom: 5px;'><span>Soporta conexi\u00f3n LAN \/ Wi-Fi (2.4 GHz)<\/span><strong style='font-weight: 600;'>Incluye bater\u00eda de respaldo<\/strong><\/li>\n<li style='margin-bottom: 5px;'>48 Zonas o Salidas de Alarma<\/li>\n<li style='margin-bottom: 5px;'>Soporta 4 Sirenas<\/li>\n<li style='margin-bottom: 5px;'>Soporta 8 Lectores o Teclados<\/li>\n<li style='margin-bottom: 5px;'>Soporta 16 controles<\/li>\n<li style='margin-bottom: 5px;'>Soporta 2 Repetidores<\/li>\n<\/ul><\/div>\n<\/p><\/div>\n<p> <!-- PIR --> <\/p>\n<div style='flex: 1 1 300px; min-width: 280px;'>\n<div style='background-color: rgba(150&comma;150&comma;150&comma;0.1); text-align: center; padding: 15px; border-radius: 8px 8px 0 0; border: 1px solid rgba(150&comma;150&comma;150&comma;0.3); border-bottom: none;'> <a style='color: inherit; text-decoration: none;' href='https:\/\/www.syscom.mx\/producto\/DS-PDP15P-EG2-WB-HIKVISION-189858.html' target='_blank' rel='noopener'> <img style='width: 100%; max-width: 400px; height: auto; border: 1px solid rgba(150&comma;150&comma;150&comma;0.3); border-radius: 8px;' src='https:\/\/ftp3.syscom.mx\/usuarios\/fotos\/BancoFotografiasSyscom\/HIKVISION\/DSPDP15PEG2WB\/DSPDP15PEG2WB-p.PNG' alt='DS-PDP15P-EG2-WB'> <\/a> <\/div>\n<div style='border: 1px solid rgba(150&comma;150&comma;150&comma;0.3); border-top: 5px solid #DF001D; border-radius: 0 0 8px 8px; padding: 15px;'>\n<h2 style='margin-top: 0; font-size: 20px; color: inherit;'> 1 x <a style='color: inherit; text-decoration: underline;' href='https:\/\/www.syscom.mx\/producto\/DS-PDP15P-EG2-WB-HIKVISION-189858.html' target='_blank' rel='noopener'>DS-PDP15P-EG2-WB<\/a> <\/h2>\n<h4 style='color: rgba(128&comma;128&comma;128&comma;0.8); font-size: 16px; margin-top: 10px; margin-bottom: 15px;'>Caracter\u00edsticas:<\/h4>\n<ul style='padding-left: 20px; font-size: 14px;'>\n<li style='margin-bottom: 5px;'>Rango de detecci\u00f3n: 15 m.<\/li>\n<li style='margin-bottom: 5px;'>\u00c1ngulo de detecci\u00f3n: 85.9\u00b0.<\/li>\n<li style='margin-bottom: 5px;'>Voltaje de Operaci\u00f3n: 1 x <a style='color: inherit; text-decoration: underline;' href='https:\/\/www.syscom.mx\/producto\/CR123A-EPCOM-POWERLINE-13896.html' target='_blank' rel='noopener'>CR123A<\/a> (Incluida).<\/li>\n<\/ul><\/div>\n<\/p><\/div>\n<\/p><\/div>\n<\/p><\/div>\n<p> <!-- Diagrama familia AX PRO --> <\/p>\n<div style='margin: 30px 0;'>\n<h2 style='text-align: center; font-size: 20px; margin-bottom: 20px; color: inherit;'> <strong>Linea de Productos AX PRO<\/strong> <\/h2>\n<div style='text-align: center;'> <a style='color: inherit; text-decoration: none;' href='https:\/\/www.syscom.mx\/principal\/listadoproductosazul\/intrusion-hikvision-paneles-de-alarma-y-accesorios-ax-pro-series-66286.html?ordenar=Precio_de_Menor_a_Mayor&#038;pag=1' target='_blank' rel='noopener'> <img style='width: 100%; max-width: 800px; height: auto; border: 1px solid rgba(150&comma;150&comma;150&comma;0.3); border-radius: 8px;' src='https:\/\/ftp3.syscom.mx\/usuarios\/jsosa\/HIKVISION\/alarmas\/AXPPRO\/banner\/AX%20PRO%20disgramas-hikvision.jpg' alt='Linea de Productos AX PRO'> <\/a> <\/div>\n<\/p><\/div>\n<p> <!-- Serie AX PRO --> <\/p>\n<div style='margin: 30px 0;'>\n<div style='display: flex; flex-wrap: wrap; gap: 30px; align-items: center;'>\n<div style='flex: 1 1 300px; min-width: 280px;'>\n<div style='text-align: center;'> <a style='color: inherit; text-decoration: none;' href='https:\/\/www.syscom.mx\/principal\/listadoproductosazul\/intrusion-hikvision-paneles-de-alarma-y-accesorios-ax-pro-series-66286.html?ordenar=Precio_de_Menor_a_Mayor&#038;pag=1' target='_blank' rel='noopener'> <img style='width: 100%; max-width: 600px; height: auto; border: 1px solid rgba(150&comma;150&comma;150&comma;0.3); border-radius: 8px;' src='https:\/\/ftp3.syscom.mx\/usuarios\/jsosa\/HIKVISION\/alarmas\/AXPPRO\/Serie%20AXPRO.png' alt='Serie AX PRO'> <\/a> <\/div>\n<\/p><\/div>\n<div style='flex: 1 1 300px; min-width: 280px;'>\n<h2 style='font-size: 18px; margin-top: 0; color: inherit;'>Serie AX PRO<\/h2>\n<p>\u00bfNecesita proteger su hogar&comma; oficina o tienda?<\/p>\n<p>\u00bfCansado de tantos cables y mucho tiempo de instalaci\u00f3n?<\/p>\n<p>\u00a1Utilice una soluci\u00f3n de alarma inal\u00e1mbrica profesional!<\/p>\n<p>Conozca todos los dispositivos que pueden integrar en la Serie AX PRO dando clic <a style='color: inherit; text-decoration: underline;' href='https:\/\/www.syscom.mx\/principal\/listadoproductosazul\/intrusion-hikvision-paneles-de-alarma-y-accesorios-ax-pro-series-66286.html?ordenar=Precio_de_Menor_a_Mayor&#038;pag=1' target='_blank' rel='noopener'>aqu\u00ed<\/a>.<\/p>\n<\/p><\/div>\n<\/p><\/div>\n<\/p><\/div>\n<p> <!-- Videos de alta y reset --> <\/p>\n<div style='margin: 30px 0;'>\n<div style='display: flex; flex-wrap: wrap; gap: 20px;'>\n<div style='flex: 1 1 300px; min-width: 280px;'>\n<h3 style='text-align: center; font-size: 18px; margin-bottom: 15px; color: inherit;'> <strong>Alta del panel AX PRO en Hik-Connect<\/strong> <\/h3>\n<div style='position: relative; padding-bottom: 56.25%; height: 0; overflow: hidden;'>   <\/div>\n<\/p><\/div>\n<div style='flex: 1 1 300px; min-width: 280px;'>\n<h3 style='text-align: center; font-size: 18px; margin-bottom: 15px; color: inherit;'> <strong>Reset del panel AX PRO por medio de bot\u00f3n<\/strong> <\/h3>\n<div style='position: relative; padding-bottom: 56.25%; height: 0; overflow: hidden;'>   <\/div>\n<\/p><\/div>\n<\/p><\/div>\n<\/p><\/div>\n<p> <!-- Videos de PIR y c\u00e1mara IP --> <\/p>\n<div style='margin: 30px 0;'>\n<div style='display: flex; flex-wrap: wrap; gap: 20px;'>\n<div style='flex: 1 1 300px; min-width: 280px;'>\n<h3 style='text-align: center; font-size: 18px; margin-bottom: 15px; color: inherit;'> <strong>Video Verificaci\u00f3n con PIR con C\u00e1mara<\/strong> <\/h3>\n<div style='position: relative; padding-bottom: 56.25%; height: 0; overflow: hidden;'>   <\/div>\n<\/p><\/div>\n<div style='flex: 1 1 300px; min-width: 280px;'>\n<h3 style='text-align: center; font-size: 18px; margin-bottom: 15px; color: inherit;'> <strong>Vinculo de Sensor Magn\u00e9tico con C\u00e1mara IP<\/strong> <\/h3>\n<div style='position: relative; padding-bottom: 56.25%; height: 0; overflow: hidden;'>   <\/div>\n<\/p><\/div>\n<\/p><\/div>\n<\/p><\/div>\n<p> <!-- Diagrama de aplicaci\u00f3n --> <\/p>\n<div style='margin: 30px 0;'>\n<h2 style='text-align: center; font-size: 20px; margin-bottom: 20px; color: inherit;'> <strong>DIAGRAMA DE APLICACI\u00d3N<\/strong> <\/h2>\n<div style='text-align: center;'> <img style='width: 100%; max-width: 800px; height: auto; border: 1px solid rgba(150&comma;150&comma;150&comma;0.3); border-radius: 8px;' src='https:\/\/ftp3.syscom.mx\/usuarios\/jsosa\/HIKVISION\/alarmas\/AXPPRO\/banner\/diagrama%20AX%20Pro.png' alt='Diagrama de aplicaci\u00f3n AX PRO'> <\/div>\n<\/p><\/div>\n<p> <!-- Novedades --> <\/p>\n<h2 style='text-align: center; font-size: 20px; margin: 30px 0 20px; color: inherit;'> <strong>NOVEDADES DE LA SERIE AX-PRO<\/strong> <\/h2>\n<p> <!-- Repetidor --> <\/p>\n<div style='margin: 30px 0;'>\n<div style='display: flex; flex-wrap: wrap; gap: 20px; align-items: center;'>\n<div style='flex: 1 1 300px; min-width: 280px;'> <a style='color: inherit; text-decoration: none;' href='https:\/\/www.syscom.mx\/producto\/DS-PR1-WB-HIKVISION-191817.html' target='_blank' rel='noopener'> <img style='width: 100%; max-width: 400px; height: auto; border: 1px solid rgba(150&comma;150&comma;150&comma;0.3); border-radius: 8px;' src='https:\/\/ftp3.syscom.mx\/usuarios\/fotos\/BancoFotografiasSyscom\/HIKVISION\/DSPR1WB\/DSPR1WB-p.PNG' alt='DS-PR1-WB'> <\/a> <\/div>\n<div style='flex: 1 1 300px; min-width: 280px;'>\n<h2 style='font-size: 18px; margin-top: 0; color: inherit;'> REPETIDOR DE SE\u00d1AL <a style='color: inherit; text-decoration: underline;' href='https:\/\/www.syscom.mx\/producto\/DS-PR1-WB-HIKVISION-191817.html' target='_blank' rel='noopener'>DS-PR1-WB<\/a> <\/h2>\n<p style='margin: 10px 0;'><strong>Aumenta la cobertura de tus dispositivos<\/strong><\/p>\n<p style='margin: 10px 0;'>Extiende la se\u00f1al de los dispositivos de la serie AXPRO&comma; recibe mensajes de alarma&comma; estado y control de los dispositivos y repite estos mensajes al panel de control.<\/p>\n<ul style='padding-left: 20px; font-size: 14px;'>\n<li style='margin-bottom: 5px;'>Comunicaci\u00f3n inal\u00e1mbrica bidireccional de 433 MHz estable y segura.<\/li>\n<li style='margin-bottom: 5px;'>Indicador LED&comma; muestra los diferentes estatus del dispositivo con f\u00e1cil comprensi\u00f3n.<\/li>\n<li style='margin-bottom: 5px;'>Hasta 35 horas de respaldo de bater\u00eda despu\u00e9s de la p\u00e9rdida energ\u00eda principal.<\/li>\n<li style='margin-bottom: 5px;'>Encuentra y conecta detectores autom\u00e1ticamente&comma; emparejamiento autom\u00e1tico inteligente.<\/li>\n<li style='margin-bottom: 5px;'>F\u00e1cil instalaci\u00f3n debido a nuevo dise\u00f1o.<\/li>\n<\/ul><\/div>\n<\/p><\/div>\n<\/p><\/div>\n<p> <!-- PIR con c\u00e1mara --> <\/p>\n<div style='margin: 30px 0;'>\n<h2 style='font-size: 18px; margin-top: 0; margin-bottom: 15px; color: inherit;'> DETECTOR PIR CON CAMARA INALAMBRICO <a style='color: inherit; text-decoration: underline;' href='https:\/\/www.syscom.mx\/producto\/DS-PDPC12P-EG2-WB-HIKVISION-189862.html' target='_blank' rel='noopener'>DS-PDPC12P-EG2-WB<\/a> <\/h2>\n<p style='margin: 10px 0;'>Detector inal\u00e1mbrico bidireccional totalmente supervisado con c\u00e1mara incorporada de alta calidad que puede proporcionar una ideal soluci\u00f3n para la verificaci\u00f3n de video.<\/p>\n<div style='display: flex; flex-wrap: wrap; gap: 20px; align-items: center;'>\n<div style='flex: 1 1 300px; min-width: 280px;'>\n<ul style='padding-left: 20px; font-size: 14px;'>\n<li style='margin-bottom: 5px;'>Rango de detecci\u00f3n: 12 m.<\/li>\n<li style='margin-bottom: 5px;'>\u00c1ngulo de detecci\u00f3n: 85.9\u00b0.<\/li>\n<li style='margin-bottom: 5px;'>Inmunidad contra mascotas: 30Kg.<\/li>\n<li style='margin-bottom: 5px;'>Resoluci\u00f3n m\u00e1xima de la c\u00e1mara: 640 x 480.<\/li>\n<li style='margin-bottom: 5px;'>Voltaje de Operaci\u00f3n: 3 x <a style='color: inherit; text-decoration: underline;' href='https:\/\/www.syscom.mx\/producto\/CR123A-EPCOM-POWERLINE-13896.html' target='_blank' rel='noopener'>CR123A<\/a> (Incluida).<\/li>\n<li style='margin-bottom: 5px;'>Tiempo \u00fatil de la bater\u00eda: 6 a\u00f1os<\/li>\n<li style='margin-bottom: 5px;'>Tamper antisabotaje.<\/li>\n<\/ul><\/div>\n<div style='flex: 1 1 300px; min-width: 280px; text-align: center;'> <a style='color: inherit; text-decoration: none;' href='https:\/\/www.syscom.mx\/producto\/DS-PDPC12P-EG2-WB-HIKVISION-189862.html' target='_blank' rel='noopener'> <img style='width: 100%; max-width: 400px; height: auto; border: 1px solid rgba(150&comma;150&comma;150&comma;0.3); border-radius: 8px;' src='https:\/\/ftp3.syscom.mx\/usuarios\/fotos\/BancoFotografiasSyscom\/HIKVISION\/DSPDPC12PEG2WB\/DSPDPC12PEG2WB-p.PNG' alt='DS-PDPC12P-EG2-WB'> <\/a> <\/div>\n<\/p><\/div>\n<\/p><\/div>\n<p> <!-- Accesorios para automatizaci\u00f3n --> <\/p>\n<h2 style='text-align: center; font-size: 20px; margin: 30px 0 20px; color: inherit;'> <strong>ACCESORIOS PARA AUTOMATIZAR:<\/strong> <\/h2>\n<div style='margin: 30px 0;'>\n<div style='display: flex; flex-wrap: wrap; gap: 30px;'> <!-- Accesorio 1 --> <\/p>\n<div style='flex: 1 1 300px; min-width: 280px; border: 1px solid rgba(150&comma;150&comma;150&comma;0.3); border-radius: 8px; overflow: hidden;'>\n<div style='text-align: center; padding: 15px; background-color: rgba(150&comma;150&comma;150&comma;0.05);'> <a style='color: inherit; text-decoration: none;' href='https:\/\/www.syscom.mx\/producto\/DS-PM1-O1H-WB-HIKVISION-191822.html' target='_blank' rel='noopener'> <img style='width: 60%; max-width: 250px; height: auto; border: 1px solid rgba(150&comma;150&comma;150&comma;0.3); border-radius: 8px;' src='https:\/\/ftp3.syscom.mx\/usuarios\/fotos\/BancoFotografiasSyscom\/HIKVISION\/DSPM1O1HWB\/DSPM1O1HWB-p.PNG' alt='DS-PM1-O1H-WB'> <\/a> <\/div>\n<div style='padding: 15px;'>\n<h2 style='margin-top: 0; margin-bottom: 10px; font-size: 18px;'> <a style='color: inherit; text-decoration: underline;' href='https:\/\/www.syscom.mx\/producto\/DS-PM1-O1H-WB-HIKVISION-191822.html' target='_blank' rel='noopener'>DS-PM1-O1H-WB<\/a> <\/h2>\n<ul style='padding-left: 20px; font-size: 14px;'>\n<li style='margin-bottom: 5px;'>Comunicaci\u00f3n inal\u00e1mbrica bidireccional de 433 MHz \/ Cifrado AES-128.<\/li>\n<li style='margin-bottom: 5px;'>Pantalla LED&comma; muestra el estado del dispositivo: encendido \/ apagado.<\/li>\n<li style='margin-bottom: 5px;'>Dise\u00f1o de caja peque\u00f1a&comma; que se puede esconder f\u00e1cilmente.<\/li>\n<li style='margin-bottom: 5px;'>Operaci\u00f3n de automatizaci\u00f3n&comma; bot\u00f3n de encendido\/apagado desde: aplicaci\u00f3n \/ control \/ teclado<\/li>\n<li style='margin-bottom: 5px;'>Configuraci\u00f3n de escenarios por diferentes eventos.<\/li>\n<li style='margin-bottom: 5px;'>1 Salida de relevador: NO\/NC (100 to 240 VAC \/ Max. 13 A)<\/li>\n<li style='margin-bottom: 5px;'>Voltaje de Operaci\u00f3n: 100 VCA a 240 VCA.<\/li>\n<li style='margin-bottom: 5px;'>Temperatura de operaci\u00f3n: -10\u00b0 a 55\u00b0C.<\/li>\n<\/ul><\/div>\n<\/p><\/div>\n<p> <!-- Accesorio 2 --> <\/p>\n<div style='flex: 1 1 300px; min-width: 280px; border: 1px solid rgba(150&comma;150&comma;150&comma;0.3); border-radius: 8px; overflow: hidden;'>\n<div style='text-align: center; padding: 15px; background-color: rgba(150&comma;150&comma;150&comma;0.05);'> <a style='color: inherit; text-decoration: none;' href='https:\/\/www.syscom.mx\/producto\/DS-PM1-O1L-WB-HIKVISION-191819.html' target='_blank' rel='noopener'> <img style='width: 60%; max-width: 250px; height: auto; border: 1px solid rgba(150&comma;150&comma;150&comma;0.3); border-radius: 8px;' src='https:\/\/ftp3.syscom.mx\/usuarios\/fotos\/BancoFotografiasSyscom\/HIKVISION\/DSPM1O1LWB\/DSPM1O1LWB-p.PNG' alt='DS-PM1-O1L-WB'> <\/a> <\/div>\n<div style='padding: 15px;'>\n<h2 style='margin-top: 0; margin-bottom: 10px; font-size: 18px;'> <a style='color: inherit; text-decoration: underline;' href='https:\/\/www.syscom.mx\/producto\/DS-PM1-O1L-WB-HIKVISION-191819.html' target='_blank' rel='noopener'>DS-PM1-O1L-WB<\/a> <\/h2>\n<ul style='padding-left: 20px; font-size: 14px;'>\n<li style='margin-bottom: 5px;'>Comunicaci\u00f3n inal\u00e1mbrica bidireccional de 433 MHz \/ Cifrado AES-128.<\/li>\n<li style='margin-bottom: 5px;'>Pantalla LED&comma; muestra el estado del dispositivo: encendido \/ apagado.<\/li>\n<li style='margin-bottom: 5px;'>Dise\u00f1o de caja peque\u00f1a&comma; que se puede esconder f\u00e1cilmente.<\/li>\n<li style='margin-bottom: 5px;'>Operaci\u00f3n de automatizaci\u00f3n&comma; bot\u00f3n de encendido\/apagado desde: aplicaci\u00f3n \/ control \/ teclado<\/li>\n<li style='margin-bottom: 5px;'>Configuraci\u00f3n de escenarios por diferentes eventos<\/li>\n<li style='margin-bottom: 5px;'>Usando la entrada de alarma&comma; se puede utilizar como entrada de zona para el panel.<\/li>\n<li style='margin-bottom: 5px;'>1 Salida de relevador: NO\/NC (0 a 36Vcc \/ Max. 5 A).<\/li>\n<li style='margin-bottom: 5px;'>1 Entrada de alarma: NO\/NC.<\/li>\n<li style='margin-bottom: 5px;'>Voltaje de Operaci\u00f3n: 7Vcc a 24 Vcc.<\/li>\n<li style='margin-bottom: 5px;'>Temperatura de operaci\u00f3n: -10\u00b0 a 55\u00b0C.<\/li>\n<\/ul><\/div>\n<\/p><\/div>\n<\/p><\/div>\n<\/p><\/div>\n<p> <!-- Recursos --> <\/p>\n<h1 style='text-align: center; font-size: 20px; margin: 30px 0 20px; color: inherit;'> <strong>Recursos<\/strong> <\/h1>\n<div style='margin: 30px 0;'>\n<div style='display: flex; flex-wrap: wrap; gap: 20px; justify-content: center;'>\n<div style='flex: 1 1 250px; min-width: 220px;'> <a style='color: inherit; text-decoration: none;' href='https:\/\/www.hikvision.com\/es-la\/support\/download\/software\/ivms4200-series\/?q=serie%20ivms4200&#038;position=1' target='_blank' rel='noopener'> <img style='width: 100%; max-width: 300px; height: auto; border: 1px solid rgba(150&comma;150&comma;150&comma;0.3); border-radius: 8px;' src='https:\/\/ftp3.syscom.mx\/usuarios\/gmagos\/HIK\/IP\/IPC\/Imagenes%20pagina\/Descargas%20IVMS4200.jpg' alt='IVMS4200'> <\/a> <\/div>\n<div style='flex: 1 1 250px; min-width: 220px;'> <a style='color: inherit; text-decoration: none;' href='https:\/\/appstore.hikvision.com\/' target='_blank' rel='noopener'> <img style='width: 100%; max-width: 300px; height: auto; border: 1px solid rgba(150&comma;150&comma;150&comma;0.3); border-radius: 8px;' src='https:\/\/ftp3.syscom.mx\/usuarios\/gmagos\/HIK\/IP\/IPC\/Imagenes%20pagina\/Descargas%20de%20app.jpg' alt='App Hikvision'> <\/a> <\/div>\n<div style='flex: 1 1 250px; min-width: 220px;'> <a style='color: inherit; text-decoration: none;' href='https:\/\/ftp3.syscom.mx\/usuarios\/jsosa\/HIKVISION\/alarmas\/AXPPRO\/DSPWA48MWB\/DS-PWA48-M-WB.pdf' target='_blank' rel='noopener'> <img style='width: 100%; max-width: 300px; height: auto; border: 1px solid rgba(150&comma;150&comma;150&comma;0.3); border-radius: 8px;' src='https:\/\/ftp3.syscom.mx\/usuarios\/gmagos\/HIK\/IP\/IPC\/Imagenes%20pagina\/Descarga%20de%20PDF.jpg' alt='Manual DS-PWA48-M-WB'> <\/a> <\/div>\n<\/p><\/div>\n<\/p><\/div>\n<p> <!-- Banner final --> <\/p>\n<div style='margin: 30px 0; text-align: center;'> <a style='color: inherit; text-decoration: none;' href='https:\/\/www.syscom.mx\/principal\/promociones\/serie_ax_pro_alarmas_hikvision-5416.html?ordenar=Relevancia&#038;pag=1' target='_blank' rel='noopener'> <img style='width: 100%; max-width: 800px; height: auto; border: 1px solid rgba(150&comma;150&comma;150&comma;0.3); border-radius: 8px;' src='https:\/\/ftp3.syscom.mx\/usuarios\/jsosa\/HIKVISION\/alarmas\/AXPPRO\/banner\/HIKVISION-AXPRO-SERIES.jpg' alt='Serie AX PRO'> <\/a> <\/div>\n<\/p><\/div>\n","protected":false},"excerpt":{"rendered":"<p>(AX PRO) KIT de Alarma AX PRO \/ Incluye: 1 Hub con bater\u00eda de respaldo \/ 1 Sensor PIR \/ Wi-Fi \/ Compatible con Hik-Connect P2P<\/p>\n","protected":false},"featured_media":3421,"comment_status":"open","ping_status":"closed","template":"","meta":[],"product_brand":[],"product_cat":[204],"product_tag":[205,54,69],"class_list":{"0":"post-3422","1":"product","2":"type-product","3":"status-publish","4":"has-post-thumbnail","6":"product_cat-ax-pro-kits","7":"product_tag-ax-pro-kits","8":"product_tag-hikvision","9":"product_tag-paneles-de-alarma-y-accesorios-hikvision","11":"first","12":"instock","13":"sale","14":"shipping-taxable","15":"purchasable","16":"product-type-simple"},"_links":{"self":[{"href":"https:\/\/soydeaqui.ddns.net\/pachuca\/index.php\/wp-json\/wp\/v2\/product\/3422","targetHints":{"allow":["GET"]}}],"collection":[{"href":"https:\/\/soydeaqui.ddns.net\/pachuca\/index.php\/wp-json\/wp\/v2\/product"}],"about":[{"href":"https:\/\/soydeaqui.ddns.net\/pachuca\/index.php\/wp-json\/wp\/v2\/types\/product"}],"replies":[{"embeddable":true,"href":"https:\/\/soydeaqui.ddns.net\/pachuca\/index.php\/wp-json\/wp\/v2\/comments?post=3422"}],"wp:featuredmedia":[{"embeddable":true,"href":"https:\/\/soydeaqui.ddns.net\/pachuca\/index.php\/wp-json\/wp\/v2\/media\/3421"}],"wp:attachment":[{"href":"https:\/\/soydeaqui.ddns.net\/pachuca\/index.php\/wp-json\/wp\/v2\/media?parent=3422"}],"wp:term":[{"taxonomy":"product_brand","embeddable":true,"href":"https:\/\/soydeaqui.ddns.net\/pachuca\/index.php\/wp-json\/wp\/v2\/product_brand?post=3422"},{"taxonomy":"product_cat","embeddable":true,"href":"https:\/\/soydeaqui.ddns.net\/pachuca\/index.php\/wp-json\/wp\/v2\/product_cat?post=3422"},{"taxonomy":"product_tag","embeddable":true,"href":"https:\/\/soydeaqui.ddns.net\/pachuca\/index.php\/wp-json\/wp\/v2\/product_tag?post=3422"}],"curies":[{"name":"wp","href":"https:\/\/api.w.org\/{rel}","templated":true}]}}