{"id":3419,"date":"2026-03-18T06:07:51","date_gmt":"2026-03-18T06:07:51","guid":{"rendered":"https:\/\/soydeaqui.ddns.net\/pachuca\/index.php\/producto\/ax-home-panel-de-alarma-inalambrico-hikvision-soporta-16-zonas-conexion-wi-fi-gsm-3g-4g-microsim-interfaz-amigable-notificaciones-hik-connect6-hik-partner-pro\/"},"modified":"2026-03-18T06:07:57","modified_gmt":"2026-03-18T06:07:57","slug":"ax-home-panel-de-alarma-inalambrico-hikvision-soporta-16-zonas-conexion-wi-fi-gsm-3g-4g-microsim-interfaz-amigable-notificaciones-hik-connect6-hik-partner-pro","status":"publish","type":"product","link":"https:\/\/soydeaqui.ddns.net\/pachuca\/index.php\/producto\/ax-home-panel-de-alarma-inalambrico-hikvision-soporta-16-zonas-conexion-wi-fi-gsm-3g-4g-microsim-interfaz-amigable-notificaciones-hik-connect6-hik-partner-pro\/","title":{"rendered":"(AX HOME) Panel de Alarma Inal\u00e1mbrico Hikvision \/ Soporta 16 Zonas \/ Conexi\u00f3n Wi-Fi, GSM 3G\/4G MicroSIM \/ Interfaz Amigable \/ Notificaciones Hik-Connect6, Hik-Partner PRO"},"content":{"rendered":"<div style='width: 100%; max-width: 1200px; margin: 0 auto; font-family: sans-serif; line-height: 1.6; color: inherit; background-color: transparent;'> <!-- Logo --> <\/p>\n<div style='text-align: center; margin: 30px 0;'> <img style='width: 45%; height: auto; border: 1px solid rgba(150&comma;150&comma;150&comma;0.3); border-radius: 8px;' src='https:\/\/ftp3.syscom.mx\/usuarios\/jsosa\/HIKVISION\/imagenes\/logo\/hikvision%20see%20far.png' alt='Logo Hikvision'> <\/div>\n<p> <!-- Video Principal --> <\/p>\n<div style='position: relative; padding-bottom: 56.25%; height: 0; overflow: hidden; margin: 30px 0;'>   <\/div>\n<p> <!-- Consideraciones --> <\/p>\n<div style='margin-bottom: 30px;'>\n<h3 style='font-size: 22px; border-bottom: 2px solid currentColor; padding-bottom: 5px; margin-top: 0; color: inherit; opacity: 0.8;'>Consideraciones:<\/h3>\n<ul style='padding-left: 20px; font-size: 15px; color: inherit;'>\n<li style='margin-bottom: 5px;'>Conexi\u00f3n Wi-Fi para comunicaci\u00f3n en la nube<\/li>\n<li style='margin-bottom: 5px;'>Alcance de transmisi\u00f3n de se\u00f1al de radio de hasta 1200 metros en espacio abierto. <strong>NOTA: Esta distancia puede variar por diferentes condiciones&comma; obst\u00e1culos&comma; ruido digital&comma; clima&comma; etc.<\/strong><\/li>\n<\/ul><\/div>\n<p> <!-- Videos Secundarios --> <\/p>\n<div style='display: flex; flex-wrap: wrap; gap: 30px; margin-bottom: 30px;'>\n<div style='flex: 1 1 400px; min-width: 300px;'>\n<h4 style='text-align: center; font-size: 18px; margin-top: 0; color: inherit; opacity: 0.8;'>Protecci\u00f3n sin Fronteras<\/h4>\n<div style='position: relative; padding-bottom: 56.25%; height: 0; overflow: hidden;'>   <\/div>\n<\/p><\/div>\n<div style='flex: 1 1 400px; min-width: 300px;'>\n<h4 style='text-align: center; font-size: 18px; margin-top: 0; color: inherit; opacity: 0.8;'>Unboxing AX HOME<\/h4>\n<div style='position: relative; padding-bottom: 56.25%; height: 0; overflow: hidden;'>   <\/div>\n<\/p><\/div>\n<\/p><\/div>\n<p> <!-- Especificaciones --> <\/p>\n<div style='margin-bottom: 30px;'>\n<h2 style='text-align: center; font-size: 24px; color: #232a6f; margin-bottom: 20px;'>Especificaciones<\/h2>\n<div style='display: flex; flex-wrap: wrap; gap: 30px;'> <!-- Caracter\u00edsticas Principales --> <\/p>\n<div style='flex: 1 1 300px; min-width: 280px;'>\n<div style='border: 1px solid rgba(150&comma; 150&comma; 150&comma; 0.4); border-radius: 8px; overflow: hidden; display: flex; flex-direction: column;'>\n<div style='padding: 15px; border-bottom: 1px solid rgba(150&comma; 150&comma; 150&comma; 0.2); font-weight: bold; font-size: 18px; background-color: #df001e; color: white;'>Caracter\u00edsticas Principales<\/div>\n<div style='padding: 15px; color: inherit;'>\n<ul style='padding-left: 20px; margin: 0; font-size: 14px; list-style-type: disc;'>\n<li style='margin-bottom: 5px;'>Soporta hasta 16 zonas o salidas de alarma (permite combinar entre salidas y zonas)<\/li>\n<li style='margin-bottom: 5px;'>Soporta hasta 4 teclados (<strong><a href='https:\/\/www.syscom.mx\/producto\/hikvision-ds-pk201b-wb-230622.html' target='_blank' rel='noopener' style='color: inherit; text-decoration: underline;'>DS-PK201B-WB<\/a><\/strong>)<\/li>\n<li style='margin-bottom: 5px;'>Soporta hasta 4 sirenas (<strong><a href='https:\/\/www.syscom.mx\/producto\/hikvision-ds-ps201-wb-230624.html' target='_blank' rel='noopener' style='color: inherit; text-decoration: underline;'>DS-PS201-WB<\/a><\/strong>)<\/li>\n<li style='margin-bottom: 5px;'>Soporta hasta 16 llaveros (<strong><a href='https:\/\/www.syscom.mx\/producto\/hikvision-ds-pkf201-wb-230621.html' target='_blank' rel='noopener' style='color: inherit; text-decoration: underline;'>DS-PKF201-WB<\/a><\/strong>)<\/li>\n<li style='margin-bottom: 5px;'>Configuraci\u00f3n a trav\u00e9s de dispositivo m\u00f3vil (Hik-Connect)<\/li>\n<li style='margin-bottom: 5px;'>Env\u00eda notificaci\u00f3n de alarma a trav\u00e9s de notificaciones Push<\/li>\n<\/ul>\n<p style='margin-top: 15px; font-size: 14px;'>Es compatible con ISAPI&comma; Hik-Connect y DC-09&comma; que es aplicable a los escenarios de tienda y oficinas peque\u00f1as&comma; casa-habitaci\u00f3n&comma; departamentos&comma; etc.<\/p>\n<p style='margin-top: 10px; font-size: 14px;'>El panel soporta la comunicaci\u00f3n con las centrales de alarma <strong><a href='https:\/\/www.syscom.mx\/producto\/mcdi_security_products&comma;_inc-extriumdt42mv2-169302.html' target='_blank' rel='noopener' style='color: inherit; text-decoration: underline;'>EXTRIUMDT42MV2<\/a><\/strong>.<\/p>\n<p style='margin-top: 10px; font-size: 14px;'><strong>NOTA:<\/strong> Si la central tiene una versi\u00f3n vieja es necesario comunicarse al departamento de ingenier\u00eda para verificar la opci\u00f3n de actualizaci\u00f3n.<\/p>\n<\/p><\/div>\n<\/p><\/div>\n<\/p><\/div>\n<p> <!-- Caracter\u00edsticas F\u00edsicas y El\u00e9ctricas --> <\/p>\n<div style='flex: 1 1 300px; min-width: 280px;'>\n<div style='border: 1px solid rgba(150&comma; 150&comma; 150&comma; 0.4); border-radius: 8px; overflow: hidden; display: flex; flex-direction: column;'>\n<div style='padding: 15px; border-bottom: 1px solid rgba(150&comma; 150&comma; 150&comma; 0.2); font-weight: bold; font-size: 18px; background-color: #df001e; color: white;'>Caracter\u00edsticas F\u00edsicas y El\u00e9ctricas<\/div>\n<div style='padding: 15px; color: inherit;'>\n<ul style='padding-left: 20px; margin: 0; font-size: 14px; list-style-type: disc;'>\n<li style='margin-bottom: 5px;'>Soporta conexi\u00f3n Wi-Fi (2.4GHz) y LAN adquiriendo el m\u00f3dulo <strong><a href='https:\/\/www.syscom.mx\/producto\/hikvision-ds-pc201n-230627.html' target='_blank' rel='noopener' style='color: inherit; text-decoration: underline;'>DS-PC201N<\/a><\/strong><\/li>\n<li style='margin-bottom: 5px;'>Soporta conexi\u00f3n GSM (Soporta 3G \/ 4G) cuenta con 1 Ranura para tarjeta MICROSIM (Modelos sugeridos <strong><a href='https:\/\/www.syscom.mx\/producto\/SIM600MB1Y-Syscom-223359.html' target='_blank' rel='noopener' style='color: inherit; text-decoration: underline;'>SIM600MB1Y<\/a><\/strong> \/ <strong><a href='https:\/\/www.syscom.mx\/producto\/MICROSIM30M2M-M2M-SERVICES-190930.html' target='_blank' rel='noopener' style='color: inherit; text-decoration: underline;'>MICROSIM30M2M<\/a><\/strong>)<\/li>\n<li style='margin-bottom: 5px;'>Alimentaci\u00f3n: 110 VCA<\/li>\n<li style='margin-bottom: 5px;'><strong>Incluye bater\u00eda de respaldo<\/strong> que soporta hasta <strong>12 horas<\/strong> a temperatura normal despu\u00e9s de la p\u00e9rdida de energ\u00eda principal <strong>NOTA: El tiempo de funcionamiento de la bater\u00eda se puede reducir significativamente a bajas temperaturas<\/strong><\/li>\n<li style='margin-bottom: 5px;'>Temperatura de operaci\u00f3n: -10\u00b0C a 55\u00b0C<\/li>\n<li style='margin-bottom: 5px;'>Dimensiones: 165 x 165 x 37.5 mm<\/li>\n<li style='margin-bottom: 5px;'>Peso: 400 gramos<\/li>\n<li style='margin-bottom: 5px;'>Humedad de operaci\u00f3n: 10% a 90%<\/li>\n<li style='margin-bottom: 5px;'>Material de la carcasa: Pl\u00e1stico<\/li>\n<\/ul><\/div>\n<\/p><\/div>\n<\/p><\/div>\n<\/p><\/div>\n<\/p><\/div>\n<p> <!-- Compatibilidad con AX PRO --> <\/p>\n<div style='margin-bottom: 30px;'>\n<div style='border: 1px solid rgba(150&comma; 150&comma; 150&comma; 0.4); border-radius: 8px; overflow: hidden;'>\n<div style='padding: 15px; border-bottom: 1px solid rgba(150&comma; 150&comma; 150&comma; 0.2); font-weight: bold; font-size: 18px; background-color: #df001e; color: white;'>Compatibilidad con detectores AX PRO<\/div>\n<div style='padding: 15px; color: inherit;'>\n<ul style='padding-left: 20px; margin: 0; font-size: 14px; list-style-type: disc;'>\n<li style='margin-bottom: 10px;'>A partir de la actualizaci\u00f3n 1.2.50 el panel AX HOME es compatible con los siguientes detectores de AX PRO:\n<ul style='padding-left: 20px; margin-top: 10px; margin-bottom: 10px;'>\n<li style='margin-bottom: 5px;'><a href='https:\/\/www.syscom.pro\/products\/189894' target='_blank' rel='noopener' style='color: inherit; text-decoration: underline;'>DS-PS1-E-WB\/R<\/a><\/li>\n<li style='margin-bottom: 5px;'><a href='https:\/\/www.syscom.pro\/products\/189895' target='_blank' rel='noopener' style='color: inherit; text-decoration: underline;'>DS-PS1-E-WB\/B<\/a><\/li>\n<li style='margin-bottom: 5px;'><a href='https:\/\/www.syscom.pro\/products\/213570' target='_blank' rel='noopener' style='color: inherit; text-decoration: underline;'>DS-PDP18-HM-WB<\/a><\/li>\n<li style='margin-bottom: 5px;'><a href='https:\/\/www.syscom.pro\/products\/207681' target='_blank' rel='noopener' style='color: inherit; text-decoration: underline;'>DS-PDEB1-EG2-WB(B)<\/a><\/li>\n<li style='margin-bottom: 5px;'><a href='https:\/\/www.syscom.pro\/products\/207788' target='_blank' rel='noopener' style='color: inherit; text-decoration: underline;'>DS-PDEB2-EG2-WB(B)<\/a><\/li>\n<li style='margin-bottom: 5px;'><a href='https:\/\/www.syscom.pro\/products\/191819' target='_blank' rel='noopener' style='color: inherit; text-decoration: underline;'>DS-PM1-O1L-WB<\/a><\/li>\n<li style='margin-bottom: 5px;'><a href='https:\/\/www.syscom.pro\/products\/229632' target='_blank' rel='noopener' style='color: inherit; text-decoration: underline;'>DS-PDMCK-EG2-WB(B)<\/a><\/li>\n<li style='margin-bottom: 5px;'><a href='https:\/\/www.syscom.pro\/products\/189648' target='_blank' rel='noopener' style='color: inherit; text-decoration: underline;'>DS-PDEBP1-EG2-WB<\/a><\/li>\n<li style='margin-bottom: 5px;'><a href='https:\/\/www.syscom.pro\/products\/189747' target='_blank' rel='noopener' style='color: inherit; text-decoration: underline;'>DS-PDEBP2-EG2-WB<\/a><\/li>\n<\/ul>\n<\/li>\n<li style='margin-bottom: 5px;'><strong>NOTA:<\/strong> Los detectores de AX PRO que se agreguen a un panel de AX HOME no podr\u00e1n ser agregados nuevamente a un panel AX PRO.<\/li>\n<\/ul><\/div>\n<\/p><\/div>\n<\/p><\/div>\n<p> <!-- Imagen de Compatibilidad --> <\/p>\n<div style='text-align: center; margin: 30px 0;'> <img style='width: 100%; height: auto; border: 1px solid rgba(150&comma;150&comma;150&comma;0.3); border-radius: 8px;' src='https:\/\/ftp3.syscom.mx\/usuarios\/jsosa\/HIKVISION\/alarmas\/AXHOME\/imagenes\/Compatibilidad%20AX%20HOME.png' alt='Compatibilidad AX HOME'> <\/div>\n<p> <!-- Banner --> <\/p>\n<div style='text-align: center; margin: 30px 0;'> <a title='AX HOME' href='https:\/\/www.syscom.mx\/principal\/listadoproductosazul\/intrusion-hikvision-paneles-de-alarma-y-accesorios-ax-home-series-66704.html?ordenar=Precio_de_Menor_a_Mayor&#038;pag=1' target='_blank' rel='noopener'> <img style='width: 100%; height: auto; border: 1px solid rgba(150&comma;150&comma;150&comma;0.3); border-radius: 8px;' src='https:\/\/ftp3.syscom.mx\/usuarios\/jsosa\/HIKVISION\/alarmas\/AXHOME\/imagenes\/LINKEDIN%201200%20x%20627%20-%20Campana%20Regional%20AX%20HOME.png' alt='Banner AX HOME'> <\/a> <\/div>\n<\/p><\/div>\n","protected":false},"excerpt":{"rendered":"<p>(AX HOME) Panel de Alarma Inal\u00e1mbrico Hikvision \/ Soporta 16 Zonas \/ Conexi\u00f3n Wi-Fi, GSM 3G\/4G MicroSIM \/ Interfaz Amigable \/ Notificaciones Hik-Connect6, Hik-Partner PRO<\/p>\n","protected":false},"featured_media":3418,"comment_status":"open","ping_status":"closed","template":"","meta":[],"product_brand":[],"product_cat":[161],"product_tag":[162,54,69],"class_list":{"0":"post-3419","1":"product","2":"type-product","3":"status-publish","4":"has-post-thumbnail","6":"product_cat-ax-home-series","7":"product_tag-ax-home-series","8":"product_tag-hikvision","9":"product_tag-paneles-de-alarma-y-accesorios-hikvision","11":"first","12":"instock","13":"sale","14":"shipping-taxable","15":"purchasable","16":"product-type-simple"},"_links":{"self":[{"href":"https:\/\/soydeaqui.ddns.net\/pachuca\/index.php\/wp-json\/wp\/v2\/product\/3419","targetHints":{"allow":["GET"]}}],"collection":[{"href":"https:\/\/soydeaqui.ddns.net\/pachuca\/index.php\/wp-json\/wp\/v2\/product"}],"about":[{"href":"https:\/\/soydeaqui.ddns.net\/pachuca\/index.php\/wp-json\/wp\/v2\/types\/product"}],"replies":[{"embeddable":true,"href":"https:\/\/soydeaqui.ddns.net\/pachuca\/index.php\/wp-json\/wp\/v2\/comments?post=3419"}],"wp:featuredmedia":[{"embeddable":true,"href":"https:\/\/soydeaqui.ddns.net\/pachuca\/index.php\/wp-json\/wp\/v2\/media\/3418"}],"wp:attachment":[{"href":"https:\/\/soydeaqui.ddns.net\/pachuca\/index.php\/wp-json\/wp\/v2\/media?parent=3419"}],"wp:term":[{"taxonomy":"product_brand","embeddable":true,"href":"https:\/\/soydeaqui.ddns.net\/pachuca\/index.php\/wp-json\/wp\/v2\/product_brand?post=3419"},{"taxonomy":"product_cat","embeddable":true,"href":"https:\/\/soydeaqui.ddns.net\/pachuca\/index.php\/wp-json\/wp\/v2\/product_cat?post=3419"},{"taxonomy":"product_tag","embeddable":true,"href":"https:\/\/soydeaqui.ddns.net\/pachuca\/index.php\/wp-json\/wp\/v2\/product_tag?post=3419"}],"curies":[{"name":"wp","href":"https:\/\/api.w.org\/{rel}","templated":true}]}}