{"id":34164,"date":"2026-03-18T15:15:17","date_gmt":"2026-03-18T15:15:17","guid":{"rendered":"https:\/\/soydeaqui.ddns.net\/pachuca\/index.php\/producto\/caja-de-montaje-en-techo-para-sirena-color-blanco-nuevo-diseno-moderno-y-elegante\/"},"modified":"2026-03-18T15:15:18","modified_gmt":"2026-03-18T15:15:18","slug":"caja-de-montaje-en-techo-para-sirena-color-blanco-nuevo-diseno-moderno-y-elegante","status":"publish","type":"product","link":"https:\/\/soydeaqui.ddns.net\/pachuca\/index.php\/producto\/caja-de-montaje-en-techo-para-sirena-color-blanco-nuevo-diseno-moderno-y-elegante\/","title":{"rendered":"Caja de Montaje en Techo, para Sirena, Color Blanco, Nuevo Dise\u00f1o Moderno y Elegante"},"content":{"rendered":"<div style='width: 100%; max-width: 1200px; margin: 0 auto; font-family: sans-serif; line-height: 1.6; color: inherit; background-color: transparent;'> <!-- Secci\u00f3n de descripci\u00f3n principal --> <\/p>\n<div style='margin-bottom: 30px;'>\n<p style='margin-top: 0;'><strong>Nueva Serie L de Dispositivos de Notificaci\u00f3n para Interiores de System Sensor<\/strong><br \/>La nueva Serie L de System Sensor de dispositivos de notificaci\u00f3n es una plataforma basada en Xen\u00f3n que sustituye a la l\u00ednea de productos SpectrAlert Advance ofreciendo un menor consumo de corriente&comma; un dise\u00f1o moderno y elegante y una huella m\u00e1s peque\u00f1a. La nueva l\u00ednea de la serie L incluye sirenas&comma; sirena\/estrobo&comma; campanas&comma; campanas\/estrobo&comma; estrobos&comma; bocinas y bocinas\/estrobo junto con una variedad de accesorios incluyendo lentes de colores&comma; Las nuevas adiciones al portafolio incluyen sirenas compactas y luces estrobosc\u00f3picas&comma; luces estrobosc\u00f3picas de techo&comma; altavoz de 8 &#8216;con puente para plaf\u00f3n&comma; as\u00ed como kits de bisel para marcado alternativo.<\/p>\n<p style='margin-top: 25px;'><strong>Soluciones mejoradas con la nueva plataforma competitiva incluyen:<\/strong><\/p>\n<\/p><\/div>\n<p> <!-- Secci\u00f3n de caracter\u00edsticas con iconos --> <\/p>\n<div style='display: flex; flex-wrap: wrap; gap: 20px; margin-bottom: 30px;'>\n<div style='flex: 1 1 300px; min-width: 280px;'>\n<h3 style='font-size: 20px; border-bottom: 2px solid currentColor; padding-bottom: 5px; margin-top: 0; color: inherit; opacity: 0.8;'><strong>Menor costo de propiedad<\/strong><\/h3>\n<ul style='padding-left: 20px; font-size: 15px; color: inherit;'>\n<li style='margin-bottom: 5px;'>Hasta un 38% menos consumo de corriente en dispositivos estrobosc\u00f3picos que reducen la cantidad de<\/li>\n<li style='margin-bottom: 5px;'>fuentes de alimentaci\u00f3n por Sistema<\/li>\n<li style='margin-bottom: 5px;'>Opci\u00f3n disponible para utilizar cajas de bastidor simple versus las cajas de bastidor doble<\/li>\n<\/ul><\/div>\n<div style='flex: 1 1 300px; min-width: 280px;'>\n<h3 style='font-size: 20px; border-bottom: 2px solid currentColor; padding-bottom: 5px; margin-top: 0; color: inherit; opacity: 0.8;'><strong>Personalice f\u00e1cilmente los dispositivos para sistemas de comunicaci\u00f3n de emergencia<\/strong><\/h3>\n<ul style='padding-left: 20px; font-size: 15px; color: inherit;'>\n<li style='margin-bottom: 5px;'>Lentes de colores y biseles de marcado modulares&comma; eliminando calcoman\u00edas dif\u00edciles de aplicar&comma; para una r\u00e1pida personalizaci\u00f3n en campo<\/li>\n<\/ul><\/div>\n<div style='flex: 1 1 300px; min-width: 280px;'>\n<h3 style='font-size: 20px; border-bottom: 2px solid currentColor; padding-bottom: 5px; margin-top: 0; color: inherit; opacity: 0.8;'><strong>Agregue&comma; reemplace o actualice r\u00e1pidamente los sistemas existentes<\/strong><\/h3>\n<ul style='padding-left: 20px; font-size: 15px; color: inherit;'>\n<li style='margin-bottom: 5px;'>Los dispositivos son compatibles con versiones anteriores y pueden compartir el mismo circuito que los dispositivos de notificaci\u00f3n SpectrAlert y SpectrAlert Advance de System Sensor existentes<\/li>\n<li style='margin-bottom: 5px;'>Los dispositivos de tama\u00f1o est\u00e1ndar coinciden con la misma huella que SpectrAlert Advance<\/li>\n<\/ul><\/div>\n<div style='flex: 1 1 300px; min-width: 280px;'>\n<h3 style='font-size: 20px; border-bottom: 2px solid currentColor; padding-bottom: 5px; margin-top: 0; color: inherit; opacity: 0.8;'><strong>Simplificaci\u00f3n al momento de ordenar<\/strong><\/h3>\n<ul style='padding-left: 20px; font-size: 15px; color: inherit;'>\n<li style='margin-bottom: 5px;'>Versi\u00f3n \u00fanica con amplia gama de oferta de candela&comma; que abarca est\u00e1ndar y alta candela<\/li>\n<\/ul><\/div>\n<div style='flex: 1 1 300px; min-width: 280px;'>\n<h3 style='font-size: 20px; border-bottom: 2px solid currentColor; padding-bottom: 5px; margin-top: 0; color: inherit; opacity: 0.8;'><strong>Compatible con:<\/strong><\/h3>\n<ul style='padding-left: 20px; font-size: 15px; color: inherit;'>\n<li style='margin-bottom: 5px;'>SCWL&comma; PC2WL&comma; CHSCWL y SCW-CRL-ALERT<\/li>\n<\/ul><\/div>\n<\/p><\/div>\n<p> <!-- Separador --> <\/p>\n<hr style='border: 0; border-top: 1px solid rgba(150&comma; 150&comma; 150&comma; 0.3); margin: 30px 0;'> <\/div>\n","protected":false},"excerpt":{"rendered":"<p>Caja de Montaje en Techo, para Sirena, Color Blanco, Nuevo Dise\u00f1o Moderno y Elegante<\/p>\n","protected":false},"featured_media":34163,"comment_status":"open","ping_status":"closed","template":"","meta":[],"product_brand":[],"product_cat":[1017],"product_tag":[93,996,468],"class_list":{"0":"post-34164","1":"product","2":"type-product","3":"status-publish","4":"has-post-thumbnail","6":"product_cat-accesorios-notificacion-y-voceo","7":"product_tag-accesorios","8":"product_tag-notificacion-y-voceo","9":"product_tag-system-sensor","11":"first","12":"instock","13":"sale","14":"shipping-taxable","15":"purchasable","16":"product-type-simple"},"_links":{"self":[{"href":"https:\/\/soydeaqui.ddns.net\/pachuca\/index.php\/wp-json\/wp\/v2\/product\/34164","targetHints":{"allow":["GET"]}}],"collection":[{"href":"https:\/\/soydeaqui.ddns.net\/pachuca\/index.php\/wp-json\/wp\/v2\/product"}],"about":[{"href":"https:\/\/soydeaqui.ddns.net\/pachuca\/index.php\/wp-json\/wp\/v2\/types\/product"}],"replies":[{"embeddable":true,"href":"https:\/\/soydeaqui.ddns.net\/pachuca\/index.php\/wp-json\/wp\/v2\/comments?post=34164"}],"wp:featuredmedia":[{"embeddable":true,"href":"https:\/\/soydeaqui.ddns.net\/pachuca\/index.php\/wp-json\/wp\/v2\/media\/34163"}],"wp:attachment":[{"href":"https:\/\/soydeaqui.ddns.net\/pachuca\/index.php\/wp-json\/wp\/v2\/media?parent=34164"}],"wp:term":[{"taxonomy":"product_brand","embeddable":true,"href":"https:\/\/soydeaqui.ddns.net\/pachuca\/index.php\/wp-json\/wp\/v2\/product_brand?post=34164"},{"taxonomy":"product_cat","embeddable":true,"href":"https:\/\/soydeaqui.ddns.net\/pachuca\/index.php\/wp-json\/wp\/v2\/product_cat?post=34164"},{"taxonomy":"product_tag","embeddable":true,"href":"https:\/\/soydeaqui.ddns.net\/pachuca\/index.php\/wp-json\/wp\/v2\/product_tag?post=34164"}],"curies":[{"name":"wp","href":"https:\/\/api.w.org\/{rel}","templated":true}]}}