{"id":34148,"date":"2026-03-18T15:15:00","date_gmt":"2026-03-18T15:15:00","guid":{"rendered":"https:\/\/soydeaqui.ddns.net\/pachuca\/index.php\/producto\/caja-de-montaje-en-pared-para-bocina-y-bocina-con-lampara-estroboscopica-y-para-montaje-en-techo-de-bocinas-color-rojo\/"},"modified":"2026-03-18T15:15:07","modified_gmt":"2026-03-18T15:15:07","slug":"caja-de-montaje-en-pared-para-bocina-y-bocina-con-lampara-estroboscopica-y-para-montaje-en-techo-de-bocinas-color-rojo","status":"publish","type":"product","link":"https:\/\/soydeaqui.ddns.net\/pachuca\/index.php\/producto\/caja-de-montaje-en-pared-para-bocina-y-bocina-con-lampara-estroboscopica-y-para-montaje-en-techo-de-bocinas-color-rojo\/","title":{"rendered":"Caja de Montaje en Pared para Bocina y Bocina con Lampara Estroboscopica y para montaje en Techo de Bocinas, Color Rojo"},"content":{"rendered":"<div style='width: 100%; max-width: 1200px; margin: 0 auto; font-family: sans-serif; line-height: 1.6; color: inherit; background-color: transparent;'> <!-- Secci\u00f3n de descripci\u00f3n general --> <\/p>\n<div style='margin-bottom: 30px; font-size: 15px;'>\n<p><strong>Nueva Serie L de Dispositivos de Notificaci\u00f3n para Interiores de System Sensor<\/strong><\/p>\n<p>La nueva Serie L de System Sensor de dispositivos de notificaci\u00f3n es una plataforma basada en Xen\u00f3n que sustituye a la l\u00ednea de productos SpectrAlert Advance ofreciendo un menor consumo de corriente&comma; un dise\u00f1o moderno y elegante y una huella m\u00e1s peque\u00f1a. La nueva l\u00ednea de la serie L incluye sirenas&comma; sirena\/estrobo&comma; campanas&comma; campanas\/estrobo&comma; estrobos&comma; bocinas y bocinas\/estrobo junto con una variedad de accesorios incluyendo lentes de colores.<\/p>\n<p><strong>Compatible con:<\/strong> SPR-L&comma; SPS-RL y SPS-CRL<\/p>\n<\/p><\/div>\n<p> <!-- Secci\u00f3n de caracter\u00edsticas principales --> <\/p>\n<div style='margin-bottom: 30px;'>\n<h3 style='font-size: 22px; border-bottom: 2px solid currentColor; padding-bottom: 5px; margin-top: 0; color: inherit; opacity: 0.8;'>Caracter\u00edsticas Principales<\/h3>\n<ul style='padding-left: 20px; font-size: 15px; color: inherit;'>\n<li style='margin-bottom: 5px;'>Consumo de corriente reducido para mayor eficiencia<\/li>\n<li style='margin-bottom: 5px;'>Dise\u00f1o elegante con huella m\u00e1s peque\u00f1a<\/li>\n<li style='margin-bottom: 5px;'>Plataforma basada en Xenon avanzada<\/li>\n<li style='margin-bottom: 5px;'>Compatibilidad con modelos SPR-L&comma; SPS-RL&comma; SPS-CRL<\/li>\n<li style='margin-bottom: 5px;'>Amplia variedad de dispositivos y accesorios<\/li>\n<\/ul><\/div>\n<p> <!-- Secci\u00f3n de especificaciones t\u00e9cnicas --> <\/p>\n<div style='margin-bottom: 30px;'>\n<h3 style='font-size: 22px; border-bottom: 2px solid currentColor; padding-bottom: 5px; margin-top: 0; color: inherit; opacity: 0.8;'>Especificaciones T\u00e9cnicas<\/h3>\n<div style='display: flex; flex-wrap: wrap; gap: 20px;'>\n<div style='flex: 1 1 300px; min-width: 280px;'>\n<h4 style='font-size: 18px; margin-top: 0; color: inherit; opacity: 0.9;'>Caracter\u00edsticas El\u00e9ctricas<\/h4>\n<ul style='padding-left: 20px; font-size: 14px; color: inherit;'>\n<li style='margin-bottom: 5px;'><strong>Voltaje Nominal:<\/strong> 120 VAC<\/li>\n<li style='margin-bottom: 5px;'><strong>Rango de Voltaje:<\/strong> 96\u2013132 VAC<\/li>\n<li style='margin-bottom: 5px;'><strong>Consumo M\u00e1ximo:<\/strong> 150 mA max<\/li>\n<\/ul><\/div>\n<div style='flex: 1 1 300px; min-width: 280px;'>\n<h4 style='font-size: 18px; margin-top: 0; color: inherit; opacity: 0.9;'>Caracter\u00edsticas F\u00edsicas<\/h4>\n<ul style='padding-left: 20px; font-size: 14px; color: inherit;'>\n<li style='margin-bottom: 5px;'><strong>Temperatura de Operaci\u00f3n:<\/strong> -40\u00b0F a 151\u00b0F (-40\u00b0C a 66\u00b0C)<\/li>\n<li style='margin-bottom: 5px;'><strong>Humedad:<\/strong> 10-93% sin condensaci\u00f3n<\/li>\n<li style='margin-bottom: 5px;'><strong>Instalaci\u00f3n:<\/strong> Compatible con caja de 4x4x2 1\/8 pulgadas<\/li>\n<\/ul><\/div>\n<div style='flex: 1 1 300px; min-width: 280px;'>\n<h4 style='font-size: 18px; margin-top: 0; color: inherit; opacity: 0.9;'>Compatibilidad<\/h4>\n<ul style='padding-left: 20px; font-size: 14px; color: inherit;'>\n<li style='margin-bottom: 5px;'><strong>Modelos Compatibles:<\/strong> P2RL&comma; P2WL&comma; P2RL-P&comma; P2WL-P&comma; P2RL-SP&comma; P2WL-SP&comma; PC2RL&comma; PC2WL&comma; SRL&comma; SWL&comma; SRL-P&comma; SWL-P&comma; SRL-SP&comma; SWL-CLR-ALERT&comma; SWL-ALERT&comma; SCRL&comma; SCWL&comma; SCWL-CLR-ALERT&comma; HRL&comma; HWL&comma; CHRL&comma; CHWL&comma; CHSRL&comma; CHSWL&comma; CHSCRL&comma; CHSCWL<\/li>\n<\/ul><\/div>\n<\/p><\/div>\n<\/p><\/div>\n<p> <!-- Secci\u00f3n de accesorios --> <\/p>\n<div style='margin-bottom: 30px;'>\n<h3 style='font-size: 22px; border-bottom: 2px solid currentColor; padding-bottom: 5px; margin-top: 0; color: inherit; opacity: 0.8;'>Accesorios Compatibles<\/h3>\n<div style='display: flex; flex-wrap: wrap; gap: 20px;'>\n<div style='flex: 1 1 250px; border: 1px solid rgba(150&comma; 150&comma; 150&comma; 0.4); border-radius: 8px; overflow: hidden; display: flex; flex-direction: column;'>\n<div style='padding: 15px; border-bottom: 1px solid rgba(150&comma; 150&comma; 150&comma; 0.2); font-weight: bold; font-size: 18px; color: inherit;'>Lentes de Colores<\/div>\n<div style='padding: 15px; color: inherit;'>\n<ul style='padding-left: 20px; margin: 0; font-size: 14px; list-style-type: disc;'>\n<li style='margin-bottom: 5px;'>LENS-B2 &#8211; Lente azul para montaje en pared<\/li>\n<li style='margin-bottom: 5px;'>LENS-R2 &#8211; Lente rojo para montaje en pared<\/li>\n<li style='margin-bottom: 5px;'>LENS-G2 &#8211; Lente verde para montaje en pared<\/li>\n<li style='margin-bottom: 5px;'>LENS-A2 &#8211; Lente \u00e1mbar para montaje en pared<\/li>\n<li style='margin-bottom: 5px;'>LENS-BC2 &#8211; Lente azul para montaje en techo<\/li>\n<li style='margin-bottom: 5px;'>LENS-RC2 &#8211; Lente rojo para montaje en techo<\/li>\n<li style='margin-bottom: 5px;'>LENS-GC2 &#8211; Lente verde para montaje en techo<\/li>\n<li style='margin-bottom: 5px;'>LENS-AC2 &#8211; Lente \u00e1mbar para montaje en techo<\/li>\n<\/ul><\/div>\n<\/p><\/div>\n<div style='flex: 1 1 250px; border: 1px solid rgba(150&comma; 150&comma; 150&comma; 0.4); border-radius: 8px; overflow: hidden; display: flex; flex-direction: column;'>\n<div style='padding: 15px; border-bottom: 1px solid rgba(150&comma; 150&comma; 150&comma; 0.2); font-weight: bold; font-size: 18px; color: inherit;'>Bezels<\/div>\n<div style='padding: 15px; color: inherit;'>\n<ul style='padding-left: 20px; margin: 0; font-size: 14px; list-style-type: disc;'>\n<li style='margin-bottom: 5px;'>BZSPR &#8211; Bocina pared rojo<\/li>\n<li style='margin-bottom: 5px;'>BZSPW &#8211; Bocina pared blanco<\/li>\n<li style='margin-bottom: 5px;'>BZSPRC &#8211; Bocina techo rojo<\/li>\n<li style='margin-bottom: 5px;'>BZSPWC &#8211; Bocina techo blanco<\/li>\n<\/ul><\/div>\n<\/p><\/div>\n<div style='flex: 1 1 250px; border: 1px solid rgba(150&comma; 150&comma; 150&comma; 0.4); border-radius: 8px; overflow: hidden; display: flex; flex-direction: column;'>\n<div style='padding: 15px; border-bottom: 1px solid rgba(150&comma; 150&comma; 150&comma; 0.2); font-weight: bold; font-size: 18px; color: inherit;'>Anillos de Ajuste<\/div>\n<div style='padding: 15px; color: inherit;'>\n<ul style='padding-left: 20px; margin: 0; font-size: 14px; list-style-type: disc;'>\n<li style='margin-bottom: 5px;'>TR-2 &#8211; Ajuste universal pared rojo<\/li>\n<li style='margin-bottom: 5px;'>TR-2W &#8211; Ajuste universal pared blanco<\/li>\n<li style='margin-bottom: 5px;'>TRC-2 &#8211; Ajuste universal techo rojo<\/li>\n<li style='margin-bottom: 5px;'>TRC-2W &#8211; Ajuste universal techo blanco<\/li>\n<\/ul><\/div>\n<\/p><\/div>\n<\/p><\/div>\n<\/p><\/div>\n<p> <!-- Secci\u00f3n de aplicaciones --> <\/p>\n<div style='margin-bottom: 30px;'>\n<h3 style='font-size: 22px; border-bottom: 2px solid currentColor; padding-bottom: 5px; margin-top: 0; color: inherit; opacity: 0.8;'>Aplicaciones<\/h3>\n<ul style='padding-left: 20px; font-size: 15px; color: inherit;'>\n<li style='margin-bottom: 5px;'>Dise\u00f1ado para uso en interiores y exteriores<\/li>\n<li style='margin-bottom: 5px;'>Permite la se\u00f1alizaci\u00f3n visual distintiva con lentes de colores<\/li>\n<li style='margin-bottom: 5px;'>Capacidad para convertir dispositivos est\u00e1ndar en dispositivos para eventos ECS\/MNS<\/li>\n<li style='margin-bottom: 5px;'>Sincronizaci\u00f3n de estrobosc\u00f3picos a 1 Hz y silenciamiento de sirenas<\/li>\n<li style='margin-bottom: 5px;'>Soporta m\u00faltiples opciones de impresi\u00f3n: FIRE&comma; ALERT&comma; EVAC&comma; AGENT&comma; PLAIN&comma; FUEGO&comma; FOGO<\/li>\n<\/ul><\/div>\n<p> <!-- Secci\u00f3n de compatibilidad --> <\/p>\n<div style='margin-bottom: 30px;'>\n<h3 style='font-size: 22px; border-bottom: 2px solid currentColor; padding-bottom: 5px; margin-top: 0; color: inherit; opacity: 0.8;'>Compatibilidad<\/h3>\n<p style='font-size: 15px; color: inherit;'>El SBBSPRL es compatible con todos los dispositivos de dos hilos de la Serie L y puede utilizarse con cualquier modelo de bocina y bocina\/estrobo de la Serie L. El dispositivo convierte 120 VAC a 24 V FWR para alimentar los dispositivos.<\/p>\n<\/p><\/div>\n<p> <!-- Separador final --> <\/p>\n<hr style='border: 0; border-top: 1px solid rgba(150&comma; 150&comma; 150&comma; 0.3); margin: 30px 0;'> <\/div>\n","protected":false},"excerpt":{"rendered":"<p>Caja de Montaje en Pared para Bocina y Bocina con Lampara Estroboscopica y para montaje en Techo de Bocinas, Color Rojo<\/p>\n","protected":false},"featured_media":34147,"comment_status":"open","ping_status":"closed","template":"","meta":[],"product_brand":[],"product_cat":[1017],"product_tag":[93,996,468],"class_list":{"0":"post-34148","1":"product","2":"type-product","3":"status-publish","4":"has-post-thumbnail","6":"product_cat-accesorios-notificacion-y-voceo","7":"product_tag-accesorios","8":"product_tag-notificacion-y-voceo","9":"product_tag-system-sensor","11":"first","12":"instock","13":"sale","14":"shipping-taxable","15":"purchasable","16":"product-type-simple"},"_links":{"self":[{"href":"https:\/\/soydeaqui.ddns.net\/pachuca\/index.php\/wp-json\/wp\/v2\/product\/34148","targetHints":{"allow":["GET"]}}],"collection":[{"href":"https:\/\/soydeaqui.ddns.net\/pachuca\/index.php\/wp-json\/wp\/v2\/product"}],"about":[{"href":"https:\/\/soydeaqui.ddns.net\/pachuca\/index.php\/wp-json\/wp\/v2\/types\/product"}],"replies":[{"embeddable":true,"href":"https:\/\/soydeaqui.ddns.net\/pachuca\/index.php\/wp-json\/wp\/v2\/comments?post=34148"}],"wp:featuredmedia":[{"embeddable":true,"href":"https:\/\/soydeaqui.ddns.net\/pachuca\/index.php\/wp-json\/wp\/v2\/media\/34147"}],"wp:attachment":[{"href":"https:\/\/soydeaqui.ddns.net\/pachuca\/index.php\/wp-json\/wp\/v2\/media?parent=34148"}],"wp:term":[{"taxonomy":"product_brand","embeddable":true,"href":"https:\/\/soydeaqui.ddns.net\/pachuca\/index.php\/wp-json\/wp\/v2\/product_brand?post=34148"},{"taxonomy":"product_cat","embeddable":true,"href":"https:\/\/soydeaqui.ddns.net\/pachuca\/index.php\/wp-json\/wp\/v2\/product_cat?post=34148"},{"taxonomy":"product_tag","embeddable":true,"href":"https:\/\/soydeaqui.ddns.net\/pachuca\/index.php\/wp-json\/wp\/v2\/product_tag?post=34148"}],"curies":[{"name":"wp","href":"https:\/\/api.w.org\/{rel}","templated":true}]}}