{"id":34122,"date":"2026-03-18T15:14:25","date_gmt":"2026-03-18T15:14:25","guid":{"rendered":"https:\/\/soydeaqui.ddns.net\/pachuca\/index.php\/producto\/cubierta-transparente-serie-universal-stopper-texto-de-incendio-en-espanol\/"},"modified":"2026-03-18T15:14:25","modified_gmt":"2026-03-18T15:14:25","slug":"cubierta-transparente-serie-universal-stopper-texto-de-incendio-en-espanol","status":"publish","type":"product","link":"https:\/\/soydeaqui.ddns.net\/pachuca\/index.php\/producto\/cubierta-transparente-serie-universal-stopper-texto-de-incendio-en-espanol\/","title":{"rendered":"Cubierta Transparente Serie Universal Stopper\u00ae, Texto De Incendio En Espa\u00f1ol"},"content":{"rendered":"<div style='width: 100%; max-width: 1200px; margin: 0 auto; font-family: sans-serif; line-height: 1.6; color: inherit; background-color: transparent;'>\n<div style='display: flex; flex-wrap: wrap; gap: 30px; margin-bottom: 30px;'>\n<div style='flex: 1 1 300px; min-width: 280px;'>\n<h3 style='font-size: 22px; border-bottom: 2px solid currentColor; padding-bottom: 5px; margin-top: 0; color: inherit; opacity: 0.8;'>Caracter\u00edsticas Principales<\/h3>\n<ul style='padding-left: 20px; font-size: 15px; color: inherit;'>\n<li style='margin-bottom: 5px;'>Las cubiertas de policarbonato para estaciones manuales protegen los dispositivos <strong>sin restringir<\/strong> su correcto funcionamiento<\/li>\n<li style='margin-bottom: 5px;'>Ayudan a prevenir da\u00f1os f\u00edsicos accidentales e intencionales&comma; polvo y suciedad&comma; as\u00ed como entornos hostiles<\/li>\n<li style='margin-bottom: 5px;'>Protecci\u00f3n para dispositivos como pulsadores&comma; teclados&comma; intercomunicadores&comma; botones de emergencia&comma; interruptores de luz y enchufes dobles<\/li>\n<li style='margin-bottom: 5px;'>Opciones de montaje: empotrado&comma; superficie o con caja trasera impermeable<\/li>\n<li style='margin-bottom: 5px;'>Opciones de dise\u00f1o: domo o perfil bajo&comma; con o sin bocina piezoel\u00e9ctrica<\/li>\n<\/ul><\/div>\n<\/p><\/div>\n<div style='display: flex; flex-wrap: wrap; gap: 20px; margin-bottom: 30px;'>\n<div style='flex: 1 1 250px; border: 1px solid rgba(150&comma; 150&comma; 150&comma; 0.4); border-radius: 8px; overflow: hidden; display: flex; flex-direction: column;'>\n<div style='padding: 15px; border-bottom: 1px solid rgba(150&comma; 150&comma; 150&comma; 0.2); font-weight: bold; font-size: 18px; color: inherit;'>Caracter\u00edsticas T\u00e9cnicas<\/div>\n<div style='padding: 15px; color: inherit;'>\n<ul style='padding-left: 20px; margin: 0; font-size: 14px; list-style-type: disc;'>\n<li style='margin-bottom: 5px;'>Listado UL&comma; CUL y ADA<\/li>\n<li style='margin-bottom: 5px;'>Cubierta de policarbonato s\u00faper resistente<\/li>\n<li style='margin-bottom: 5px;'>Ayuda a proteger los dispositivos contra el vandalismo y el da\u00f1o accidental<\/li>\n<li style='margin-bottom: 5px;'>Texto de incendio en espa\u00f1ol<\/li>\n<li style='margin-bottom: 5px;'>Montaje empotrado<\/li>\n<li style='margin-bottom: 5px;'>Bisagra contin\u00faa de alta resistencia<\/li>\n<li style='margin-bottom: 5px;'>Temperatura de policarbonato -40 a 121\u00b0C<\/li>\n<li style='margin-bottom: 5px;'>Estabilizado contra los rayos UV para mantener la cubierta limpia<\/li>\n<li style='margin-bottom: 5px;'>Dimensiones: 103 mm (4.08&#8242;) ancho x 151 mm (5.95&#8242;) altura<\/li>\n<\/ul><\/div>\n<\/p><\/div>\n<\/p><\/div>\n<hr style='border: 0; border-top: 1px solid rgba(150&comma; 150&comma; 150&comma; 0.3); margin: 30px 0;'> <\/div>\n","protected":false},"excerpt":{"rendered":"<p>Cubierta Transparente Serie Universal Stopper\u00ae, Texto De Incendio En Espa\u00f1ol<\/p>\n","protected":false},"featured_media":34121,"comment_status":"open","ping_status":"closed","template":"","meta":[],"product_brand":[],"product_cat":[524],"product_tag":[93,522,169],"class_list":{"0":"post-34122","1":"product","2":"type-product","3":"status-publish","4":"has-post-thumbnail","6":"product_cat-accesorios-dispositivos-convencionales","7":"product_tag-accesorios","8":"product_tag-dispositivos-convencionales","9":"product_tag-sti","11":"first","12":"instock","13":"sale","14":"shipping-taxable","15":"purchasable","16":"product-type-simple"},"_links":{"self":[{"href":"https:\/\/soydeaqui.ddns.net\/pachuca\/index.php\/wp-json\/wp\/v2\/product\/34122","targetHints":{"allow":["GET"]}}],"collection":[{"href":"https:\/\/soydeaqui.ddns.net\/pachuca\/index.php\/wp-json\/wp\/v2\/product"}],"about":[{"href":"https:\/\/soydeaqui.ddns.net\/pachuca\/index.php\/wp-json\/wp\/v2\/types\/product"}],"replies":[{"embeddable":true,"href":"https:\/\/soydeaqui.ddns.net\/pachuca\/index.php\/wp-json\/wp\/v2\/comments?post=34122"}],"wp:featuredmedia":[{"embeddable":true,"href":"https:\/\/soydeaqui.ddns.net\/pachuca\/index.php\/wp-json\/wp\/v2\/media\/34121"}],"wp:attachment":[{"href":"https:\/\/soydeaqui.ddns.net\/pachuca\/index.php\/wp-json\/wp\/v2\/media?parent=34122"}],"wp:term":[{"taxonomy":"product_brand","embeddable":true,"href":"https:\/\/soydeaqui.ddns.net\/pachuca\/index.php\/wp-json\/wp\/v2\/product_brand?post=34122"},{"taxonomy":"product_cat","embeddable":true,"href":"https:\/\/soydeaqui.ddns.net\/pachuca\/index.php\/wp-json\/wp\/v2\/product_cat?post=34122"},{"taxonomy":"product_tag","embeddable":true,"href":"https:\/\/soydeaqui.ddns.net\/pachuca\/index.php\/wp-json\/wp\/v2\/product_tag?post=34122"}],"curies":[{"name":"wp","href":"https:\/\/api.w.org\/{rel}","templated":true}]}}