{"id":3409,"date":"2026-03-18T06:07:47","date_gmt":"2026-03-18T06:07:47","guid":{"rendered":"https:\/\/soydeaqui.ddns.net\/pachuca\/index.php\/producto\/modulo-de-control-de-accesos-pack-250-usuarios-solucion-ibernex-uhf\/"},"modified":"2026-03-18T06:07:47","modified_gmt":"2026-03-18T06:07:47","slug":"modulo-de-control-de-accesos-pack-250-usuarios-solucion-ibernex-uhf","status":"publish","type":"product","link":"https:\/\/soydeaqui.ddns.net\/pachuca\/index.php\/producto\/modulo-de-control-de-accesos-pack-250-usuarios-solucion-ibernex-uhf\/","title":{"rendered":"M\u00d3DULO DE CONTROL DE ACCESOS  (PACK 250 USUARIOS) \/ solucion ibernex uhf"},"content":{"rendered":"<div style='width: 100%; max-width: 1200px; margin: 0 auto; font-family: sans-serif; line-height: 1.6; color: inherit; background-color: transparent;'>\n<div style='display: flex; flex-wrap: wrap; gap: 20px; margin-bottom: 30px;'>\n<div style='flex: 1 1 300px; min-width: 250px;'>\n<div style='border-left: 5px solid #0091ff; padding: 15px; border-radius: 8px; background: rgba(216&comma; 216&comma; 216&comma; 0.1);'>\n<h3 style='font-size: 18px; margin-top: 0; color: inherit; opacity: 0.8;'>Caracter\u00edsticas principales<\/h3>\n<ul style='padding-left: 20px; font-size: 14px; color: inherit;'>\n<li>M\u00d3DULO DE CONTROL DE ACCESOS (PACK 250 USUARIOS)<\/li>\n<li>Actualizaciones gratis<\/li>\n<li><a href='https:\/\/ftp3.syscom.mx\/usuarios\/scorrea\/A\/IBERNEX\/NX0431\/Requerimientos_informaticos.pdf' target='_blank' rel='noopener' style='color: #0091ff; text-decoration: none;'>Requerimientos m\u00ednimos<\/a><\/li>\n<\/ul><\/div>\n<\/p><\/div>\n<div style='flex: 1 1 300px; min-width: 250px;'>\n<div style='border-left: 5px solid #0091ff; padding: 15px; border-radius: 8px; background: rgba(216&comma; 216&comma; 216&comma; 0.1);'>\n<h3 style='font-size: 18px; margin-top: 0; color: inherit; opacity: 0.8;'>Caracter\u00edsticas principales<\/h3>\n<ul style='padding-left: 20px; font-size: 14px; color: inherit;'>\n<li>Codificaci\u00f3n de alarmas y tareas atendidas<\/li>\n<li>Visualizar en tiempo real y en el plano<\/li>\n<li>Exportar informes desde la plataforma Helpnex<\/li>\n<li>Seguridad en las comunicaciones<\/li>\n<\/ul><\/div>\n<\/p><\/div>\n<div style='flex: 1 1 300px; min-width: 250px;'>\n<div style='border-left: 5px solid #0091ff; padding: 15px; border-radius: 8px; background: rgba(216&comma; 216&comma; 216&comma; 0.1);'>\n<h3 style='font-size: 18px; margin-top: 0; color: inherit; opacity: 0.8;'>Caracter\u00edsticas Destacadas<\/h3>\n<p style='font-size: 14px; color: inherit; margin: 0;'>La soluci\u00f3n de Sistema de llamadas de Ibernex&comma; basada en tecnolog\u00eda IP y pulsadores en camas y ba\u00f1os&comma; permite la generaci\u00f3n de avisos y alarmas a enfermeras y m\u00e9dicos&comma; as\u00ed como la gesti\u00f3n completa del centro sanitario.<\/p>\n<\/p><\/div>\n<\/p><\/div>\n<\/p><\/div>\n<p style='font-size: 14px; color: inherit; margin: 20px 0;'><strong>Nota:<\/strong> Requiere certificaci\u00f3n para su instalaci\u00f3n y para solicitar soporte t\u00e9cnico<\/p>\n<hr style='border: 0; border-top: 1px solid rgba(150&comma; 150&comma; 150&comma; 0.3); margin: 30px 0;'>\n<div style='text-align: center; margin: 30px 0;'> <a href='https:\/\/ftp3.syscom.mx\/usuarios\/scorrea\/A\/IBERNEX\/PRESENTACION_BIBLIOTECA_REVIT.pdf' target='_blank' rel='noopener' style='display: inline-block; text-decoration: none;'> <img style='width: 100%; height: auto; border: 1px solid rgba(150&comma;150&comma;150&comma;0.3); border-radius: 8px;' src='https:\/\/ftp3.syscom.mx\/usuarios\/scorrea\/A\/IBERNEX\/I\/PRESENTACION_BIBLIOTECA_REVIT-2.jpg' alt='Presentaci\u00f3n Biblioteca Revit'> <\/a> <\/div>\n<hr style='border: 0; border-top: 1px solid rgba(150&comma; 150&comma; 150&comma; 0.3); margin: 30px 0;'>\n<div style='text-align: center; margin: 30px 0;'> <img style='width: 100%; height: auto; border: 1px solid rgba(150&comma;150&comma;150&comma;0.3); border-radius: 8px;' src='https:\/\/ftp3.syscom.mx\/usuarios\/scorrea\/A\/IBERNEX\/I\/principal.png' alt='Principal'> <\/div>\n<h3 style='text-align: center; font-size: 20px; margin: 30px 0 20px; color: inherit;'>SISTEMA DE LLAMADA PACIENTE-ENFERMERA<\/h3>\n<div style='display: flex; flex-wrap: wrap; gap: 20px; margin: 30px 0;'>\n<div style='flex: 1 1 100%; max-width: 600px;'>\n<p style='font-size: 14px; color: inherit; margin: 0 0 15px;'>Helpnex ayuda a mejorar la comunicaci\u00f3n entre los pacientes y el personal m\u00e9dico de tu residencia o centro m\u00e9dico&comma; utilizando la tecnolog\u00eda sociosanitaria de punta para mejorar el bienestar y la productividad del centro.<\/p>\n<\/p><\/div>\n<div style='flex: 1 1 300px; min-width: 300px;'>\n<div style='position: relative; padding-bottom: 56.25%; height: 0; overflow: hidden; margin-bottom: 30px;'>   <\/div>\n<\/p><\/div>\n<\/p><\/div>\n<hr style='border: 0; border-top: 1px solid rgba(150&comma; 150&comma; 150&comma; 0.3); margin: 30px 0;'>\n<div style='display: flex; flex-wrap: wrap; gap: 20px; margin: 30px 0;'>\n<div style='flex: 1 1 100%; max-width: 600px;'>\n<p style='font-size: 14px; color: inherit; margin: 0 0 15px;'>El Sistema de llamadas paciente-enfermera de Helpnex es la soluci\u00f3n de comunicaci\u00f3n m\u00e1s completa en tecnolog\u00eda sociosanitaria. Mejora el servicio y la atenci\u00f3n al paciente y la gesti\u00f3n de recursos de tu centro con la comunicaci\u00f3n instant\u00e1nea paciente-enfermera de Ibernex.<\/p>\n<p style='font-size: 14px; color: inherit; margin: 0 0 15px;'>Helpnex cubre las necesidades de comunicaci\u00f3n y trazabilidad de las instalaciones&comma; incrementando la productividad y el bienestar del centro y de sus miembros.<\/p>\n<\/p><\/div>\n<div style='flex: 1 1 300px; min-width: 300px;'>\n<div style='position: relative; padding-bottom: 56.25%; height: 0; overflow: hidden; margin-bottom: 30px;'>   <\/div>\n<\/p><\/div>\n<\/p><\/div>\n<hr style='border: 0; border-top: 1px solid rgba(150&comma; 150&comma; 150&comma; 0.3); margin: 30px 0;'>\n<div style='text-align: left; margin: 30px 0;'> <a href='https:\/\/ftp3.syscom.mx\/usuarios\/scorrea\/A\/IBERNEX\/Catalogo_productos.pdf' target='_blank' rel='noopener' style='display: inline-block; text-decoration: none;'> <img style='width: 30%; max-width: 300px; height: auto; border: 1px solid rgba(150&comma;150&comma;150&comma;0.3); border-radius: 8px;' src='https:\/\/ftp3.syscom.mx\/usuarios\/scorrea\/A\/IBERNEX\/I\/helpnex.png' alt='Cat\u00e1logo de productos'> <\/a> <\/div>\n<div style='display: flex; flex-wrap: wrap; gap: 20px; margin: 30px 0;'>\n<div style='flex: 1 1 100%; max-width: 500px;'> <img style='width: 100%; height: auto; border: 1px solid rgba(150&comma;150&comma;150&comma;0.3); border-radius: 8px;' src='https:\/\/ftp3.syscom.mx\/usuarios\/scorrea\/A\/IBERNEX\/I\/enfermera5.jpg' alt='Enfermera 5'> <\/div>\n<div style='flex: 1 1 100%; max-width: 600px;'>\n<h4 style='font-size: 16px; margin-top: 0; color: inherit;'>\u00bfEn qu\u00e9 consiste nuestro sistema de llamadas paciente \u2013 enfermera?<\/h4>\n<ul style='padding-left: 20px; font-size: 14px; color: inherit;'>\n<li style='margin: 8px 0;'><strong>Codificaci\u00f3n de tareas y alarmas atendidas:<\/strong> Permite visualizar y atender las alarmas generadas por los pacientes a trav\u00e9s de los dispositivos instalados en la habitaci\u00f3n. El paciente puede detallar el motivo de la alarma y el personal&comma; al atender dicha alarma&comma; puede a\u00f1adir todo tipo de observaciones. Adem\u00e1s&comma; todas las alarmas quedan registradas en la base de datos.<\/li>\n<li style='margin: 8px 0;'><strong>Trazabilidad:<\/strong> Desde el punto de control&comma; el sistema de llamada asistencial de Helpnex proporciona la visualizaci\u00f3n de las alarmas en el plano en tiempo real&comma; facilitando el conocimiento de la posici\u00f3n del residente o paciente. Interfaz personalizada para cada centro.<\/li>\n<li style='margin: 8px 0;'><strong>Informes en diferentes formatos:<\/strong> Exporta desde la plataforma Helpnex informes personalizados en los que aparece toda la informaci\u00f3n sobre lo ocurrido en el centro. Incrementa&comma; as\u00ed&comma; la eficiencia en la gesti\u00f3n de los recursos y en la toma de decisiones.<\/li>\n<li style='margin: 8px 0;'><strong>Tecnolog\u00eda IP:<\/strong> La comunicaci\u00f3n de datos del sistema de llamadas paciente-enfermera de Helpnex se basa en tecnolog\u00eda IP&comma; lo que permite la transmisi\u00f3n de la informaci\u00f3n en tiempo real.<\/li>\n<li style='margin: 8px 0;'><strong>Posibilidad de alimentaci\u00f3n PoE:<\/strong> Elimina la necesidad de utilizar tomas de corriente en las ubicaciones de cada dispositivo del sistema y permite una aplicaci\u00f3n m\u00e1s sencilla con la alimentaci\u00f3n a trav\u00e9s de Ethernet (PoE) abaratando notablemente la instalaci\u00f3n y reduciendo costes.<\/li>\n<li style='margin: 8px 0;'><strong>Seguridad en las comunicaciones:<\/strong> Garantiza el funcionamiento las 24 horas del d\u00eda&comma; 7 d\u00edas a la semana.<\/li>\n<li style='margin: 8px 0;'><strong>Movilidad: DECTs&comma; pagers&comma; Smartphones:<\/strong> El sistema de llamada inal\u00e1mbrico para la comunicaci\u00f3n entre paciente y enfermera puede instalarse en DECTs&comma; pagers y Smartphones.<\/li>\n<\/ul><\/div>\n<\/p><\/div>\n<hr style='border: 0; border-top: 1px solid rgba(150&comma; 150&comma; 150&comma; 0.3); margin: 30px 0;'>\n<h3 style='font-size: 18px; margin: 30px 0 20px; color: inherit;'>Beneficios del Sistema de llamadas paciente-enfermera de Helpnex<\/h3>\n<div style='display: flex; flex-wrap: wrap; gap: 20px; margin: 30px 0;'>\n<div style='flex: 1 1 100%; max-width: 600px;'>\n<div style='display: flex; gap: 15px; margin-bottom: 20px;'> <img style='width: 40px; height: auto; flex-shrink: 0; border: 1px solid rgba(150&comma;150&comma;150&comma;0.3); border-radius: 8px;' src='https:\/\/ibernex.es\/wp-content\/uploads\/2018\/03\/BENEFICIOS-HELPNEX.png' alt='Beneficio'> <\/p>\n<div style='flex: 1;'>\n<h4 style='font-size: 16px; margin: 0 0 8px; color: inherit;'>Optimiza el tiempo dedicado a la atenci\u00f3n de avisos de pacientes.<\/h4>\n<\/p><\/div>\n<\/p><\/div>\n<\/p><\/div>\n<div style='flex: 1 1 100%; max-width: 600px;'>\n<div style='display: flex; gap: 15px; margin-bottom: 20px;'> <img style='width: 40px; height: auto; flex-shrink: 0; border: 1px solid rgba(150&comma;150&comma;150&comma;0.3); border-radius: 8px;' src='https:\/\/ibernex.es\/wp-content\/uploads\/2018\/03\/BENEFICIOS-HELPNEX.png' alt='Beneficio'> <\/p>\n<div style='flex: 1;'>\n<h4 style='font-size: 16px; margin: 0 0 8px; color: inherit;'>Monitoriza las tareas realizadas por el personal.<\/h4>\n<\/p><\/div>\n<\/p><\/div>\n<\/p><\/div>\n<div style='flex: 1 1 100%; max-width: 600px;'>\n<div style='display: flex; gap: 15px; margin-bottom: 20px;'> <img style='width: 40px; height: auto; flex-shrink: 0; border: 1px solid rgba(150&comma;150&comma;150&comma;0.3); border-radius: 8px;' src='https:\/\/ibernex.es\/wp-content\/uploads\/2018\/03\/BENEFICIOS-HELPNEX.png' alt='Beneficio'> <\/p>\n<div style='flex: 1;'>\n<h4 style='font-size: 16px; margin: 0 0 8px; color: inherit;'>Ahorra en costes de operatividad e incrementa la productividad del centro.<\/h4>\n<\/p><\/div>\n<\/p><\/div>\n<\/p><\/div>\n<div style='flex: 1 1 100%; max-width: 600px;'>\n<div style='display: flex; gap: 15px; margin-bottom: 20px;'> <img style='width: 40px; height: auto; flex-shrink: 0; border: 1px solid rgba(150&comma;150&comma;150&comma;0.3); border-radius: 8px;' src='https:\/\/ibernex.es\/wp-content\/uploads\/2018\/03\/BENEFICIOS-HELPNEX.png' alt='Beneficio'> <\/p>\n<div style='flex: 1;'>\n<h4 style='font-size: 16px; margin: 0 0 8px; color: inherit;'>Asegura el control preciso sobre cada actividad.<\/h4>\n<\/p><\/div>\n<\/p><\/div>\n<\/p><\/div>\n<div style='flex: 1 1 100%; max-width: 600px;'>\n<div style='display: flex; gap: 15px; margin-bottom: 20px;'> <img style='width: 40px; height: auto; flex-shrink: 0; border: 1px solid rgba(150&comma;150&comma;150&comma;0.3); border-radius: 8px;' src='https:\/\/ibernex.es\/wp-content\/uploads\/2018\/03\/BENEFICIOS-HELPNEX.png' alt='Beneficio'> <\/p>\n<div style='flex: 1;'>\n<h4 style='font-size: 16px; margin: 0 0 8px; color: inherit;'>Ofrece calidad y seguridad asistencial.<\/h4>\n<\/p><\/div>\n<\/p><\/div>\n<\/p><\/div>\n<div style='flex: 1 1 100%; max-width: 600px;'>\n<div style='display: flex; gap: 15px; margin-bottom: 20px;'> <img style='width: 40px; height: auto; flex-shrink: 0; border: 1px solid rgba(150&comma;150&comma;150&comma;0.3); border-radius: 8px;' src='https:\/\/ibernex.es\/wp-content\/uploads\/2018\/03\/BENEFICIOS-HELPNEX.png' alt='Beneficio'> <\/p>\n<div style='flex: 1;'>\n<h4 style='font-size: 16px; margin: 0 0 8px; color: inherit;'>Sencillez en la instalaci\u00f3n y en el uso de la soluci\u00f3n.<\/h4>\n<\/p><\/div>\n<\/p><\/div>\n<\/p><\/div>\n<div style='flex: 1 1 100%; max-width: 600px;'>\n<div style='display: flex; gap: 15px; margin-bottom: 20px;'> <img style='width: 40px; height: auto; flex-shrink: 0; border: 1px solid rgba(150&comma;150&comma;150&comma;0.3); border-radius: 8px;' src='https:\/\/ibernex.es\/wp-content\/uploads\/2018\/03\/BENEFICIOS-HELPNEX.png' alt='Beneficio'> <\/p>\n<div style='flex: 1;'>\n<h4 style='font-size: 16px; margin: 0 0 8px; color: inherit;'>Apariencia visual y moderna.<\/h4>\n<\/p><\/div>\n<\/p><\/div>\n<\/p><\/div>\n<\/p><\/div>\n<div style='display: flex; flex-wrap: wrap; gap: 20px; margin: 30px 0;'>\n<div style='flex: 1 1 100%; max-width: 500px;'> <img style='width: 100%; height: auto; border: 1px solid rgba(150&comma;150&comma;150&comma;0.3); border-radius: 8px;' src='https:\/\/ftp3.syscom.mx\/usuarios\/scorrea\/A\/IBERNEX\/I\/camilla2.jpg' alt='Camilla 2'> <\/div>\n<\/p><\/div>\n<hr style='border: 0; border-top: 1px solid rgba(150&comma; 150&comma; 150&comma; 0.3); margin: 30px 0;'>\n<h3 style='font-size: 18px; margin: 30px 0 20px; color: inherit;'>Dispositivos del Sistema de llamadas paciente-enfermera<\/h3>\n<div style='text-align: center; margin: 30px 0;'> <a href='https:\/\/www.syscom.mx\/principal\/listadopormarca\/IBERNEX\/full?ordenar=Mas_Vendidos&#038;pag=1' target='_blank' rel='noopener' style='display: inline-block; text-decoration: none;'> <img style='width: 100%; max-width: 600px; height: auto; border: 1px solid rgba(150&comma;150&comma;150&comma;0.3); border-radius: 8px;' src='https:\/\/ftp3.syscom.mx\/usuarios\/scorrea\/A\/IBERNEX\/I\/PERIFERICOS.png' alt='Perif\u00e9ricos'> <\/a> <\/div>\n<div style='text-align: center; margin: 30px 0;'> <a href='https:\/\/www.syscom.mx\/principal\/listadopormarca\/IBERNEX\/full?ordenar=Mas_Vendidos&#038;pag=1' target='_blank' rel='noopener' style='display: inline-block; text-decoration: none;'> <img style='width: 100%; max-width: 600px; height: auto; border: 1px solid rgba(150&comma;150&comma;150&comma;0.3); border-radius: 8px;' src='https:\/\/ftp3.syscom.mx\/usuarios\/scorrea\/A\/IBERNEX\/I\/terminales_habitacion.png' alt='Terminales habitaci\u00f3n'> <\/a> <\/div>\n<\/p><\/div>\n","protected":false},"excerpt":{"rendered":"<p>M\u00d3DULO DE CONTROL DE ACCESOS  (PACK 250 USUARIOS) \/ solucion ibernex uhf<\/p>\n","protected":false},"featured_media":3408,"comment_status":"open","ping_status":"closed","template":"","meta":[],"product_brand":[],"product_cat":[151],"product_tag":[152,153,126],"class_list":{"0":"post-3409","1":"product","2":"type-product","3":"status-publish","4":"has-post-thumbnail","6":"product_cat-atencion-sociosanitaria","7":"product_tag-atencion-sociosanitaria","8":"product_tag-ibernex","9":"product_tag-sistemas-de-emergencia","11":"first","12":"outofstock","13":"sale","14":"shipping-taxable","15":"purchasable","16":"product-type-simple"},"_links":{"self":[{"href":"https:\/\/soydeaqui.ddns.net\/pachuca\/index.php\/wp-json\/wp\/v2\/product\/3409","targetHints":{"allow":["GET"]}}],"collection":[{"href":"https:\/\/soydeaqui.ddns.net\/pachuca\/index.php\/wp-json\/wp\/v2\/product"}],"about":[{"href":"https:\/\/soydeaqui.ddns.net\/pachuca\/index.php\/wp-json\/wp\/v2\/types\/product"}],"replies":[{"embeddable":true,"href":"https:\/\/soydeaqui.ddns.net\/pachuca\/index.php\/wp-json\/wp\/v2\/comments?post=3409"}],"wp:featuredmedia":[{"embeddable":true,"href":"https:\/\/soydeaqui.ddns.net\/pachuca\/index.php\/wp-json\/wp\/v2\/media\/3408"}],"wp:attachment":[{"href":"https:\/\/soydeaqui.ddns.net\/pachuca\/index.php\/wp-json\/wp\/v2\/media?parent=3409"}],"wp:term":[{"taxonomy":"product_brand","embeddable":true,"href":"https:\/\/soydeaqui.ddns.net\/pachuca\/index.php\/wp-json\/wp\/v2\/product_brand?post=3409"},{"taxonomy":"product_cat","embeddable":true,"href":"https:\/\/soydeaqui.ddns.net\/pachuca\/index.php\/wp-json\/wp\/v2\/product_cat?post=3409"},{"taxonomy":"product_tag","embeddable":true,"href":"https:\/\/soydeaqui.ddns.net\/pachuca\/index.php\/wp-json\/wp\/v2\/product_tag?post=3409"}],"curies":[{"name":"wp","href":"https:\/\/api.w.org\/{rel}","templated":true}]}}