{"id":34079,"date":"2026-03-18T15:13:26","date_gmt":"2026-03-18T15:13:26","guid":{"rendered":"https:\/\/soydeaqui.ddns.net\/pachuca\/index.php\/producto\/expansor-de-lazo-slc-para-dispositivos-sk-e-idp-serie-6000-de-silent-knight-y-black-de-farenhyt\/"},"modified":"2026-03-18T15:13:27","modified_gmt":"2026-03-18T15:13:27","slug":"expansor-de-lazo-slc-para-dispositivos-sk-e-idp-serie-6000-de-silent-knight-y-black-de-farenhyt","status":"publish","type":"product","link":"https:\/\/soydeaqui.ddns.net\/pachuca\/index.php\/producto\/expansor-de-lazo-slc-para-dispositivos-sk-e-idp-serie-6000-de-silent-knight-y-black-de-farenhyt\/","title":{"rendered":"Expansor de lazo SLC para dispositivos SK e IDP (Serie 6000 de Silent Knight Y Black de Farenhyt)"},"content":{"rendered":"<div style='width: 100%; max-width: 1200px; margin: 0 auto; font-family: sans-serif; line-height: 1.6; color: inherit; background-color: transparent;'>\n<div style='display: flex; flex-wrap: wrap; gap: 30px; margin-bottom: 30px;'>\n<div style='flex: 1 1 300px; min-width: 280px;'>\n<h3 style='font-size: 22px; border-bottom: 2px solid currentColor; padding-bottom: 5px; margin-top: 0; color: inherit; opacity: 0.8;'>Descripci\u00f3n<\/h3>\n<p style='font-size: 15px; color: inherit;'>El 6815 es un circuito expansor de se\u00f1alizaci\u00f3n de l\u00ednea (SLC) para uso con los paneles de detecci\u00f3n de incendio (FACPs) Silent Serie 6000 y Farenhyt Black de Honeywell utilizando protocolo System Sensor\u00ae (SK\/IDP). El 6815 tiene la misma funcionalidad que el SLC que se encuentra interconstruidos en los paneles de detecci\u00f3n de incendio de Silent Knight Serie 6000 y Farenhyt Black y soporta la misma cantidad de dispositivos que el SLC de los paneles. Los 6815\u2019s adicionales soportan 159 detectores IDP o SK&comma; y 159 m\u00f3dulos IDP o SK. El n\u00famero de 6815\u2019s SLCs que pueden ser utilizados dentro de un sistema depende de la cantidad m\u00e1xima de puntos que ofrezca el panel. Proveen una poderosa versatilidad para configuraciones personalizadas en instalaciones grandes y complejas.<\/p>\n<p style='font-size: 15px; color: inherit;'>El 6815 tambi\u00e9n soporta dispositivos inal\u00e1mbricos SWIFT\u00ae. Los dispositivos inal\u00e1mbricos SWIFT comunican al FACP a trav\u00e9s de un gateway (WSK-WGI\/WIDP-WGI) que se conecta al SLC utilizando protocolo SK o IDP. El SLC del panel&comma; o un expansor de lazo 6815&comma; puede ser utilizado para este prop\u00f3sito. Los dispositivos SWIFT pueden tambi\u00e9n ser combinados con dispositivos cableados en el mismo SLC para mayor versatilidad. El resultado es mayor flexibilidad y opciones de dise\u00f1o cuando el cableado es un problema.<\/p>\n<p style='font-size: 15px; color: inherit;'>El 6815 se comunica con el FACP v\u00eda BUS RS-485. Un LED verde en el 6815 indica buena comunicaci\u00f3n. Si un dispositivo direccionable en el 6815 falla&comma; el lazo comunica el fallo al FACP y contin\u00faa operando normalmente.<\/p>\n<\/p><\/div>\n<\/p><\/div>\n<div style='display: flex; flex-wrap: wrap; gap: 30px; margin-bottom: 30px;'>\n<div style='flex: 1 1 300px; min-width: 280px;'>\n<h3 style='font-size: 22px; border-bottom: 2px solid currentColor; padding-bottom: 5px; margin-top: 0; color: inherit; opacity: 0.8;'>Logos<\/h3>\n<div style='display: flex; flex-wrap: wrap; gap: 15px;'> <img style='width: 400px; height: auto; border: 1px solid rgba(150&comma;150&comma;150&comma;0.3); border-radius: 8px;' src='http:\/\/ftp3.syscom.mx\/usuarios\/yhermosillo\/SILENT%20KNIGHT\/Frenhyt.png' alt='' \/> <img style='width: 225px; height: auto; border: 1px solid rgba(150&comma;150&comma;150&comma;0.3); border-radius: 8px;' src='http:\/\/ftp3.syscom.mx\/usuarios\/yhermosillo\/SILENT%20KNIGHT\/IntelliKnight.png' alt='' \/> <\/div>\n<\/p><\/div>\n<\/p><\/div>\n<\/p><\/div>\n","protected":false},"excerpt":{"rendered":"<p>Expansor de lazo SLC para dispositivos SK e IDP (Serie 6000 de Silent Knight Y Black de Farenhyt)<\/p>\n","protected":false},"featured_media":34078,"comment_status":"open","ping_status":"closed","template":"","meta":[],"product_brand":[],"product_cat":[990],"product_tag":[449,991,523],"class_list":{"0":"post-34079","1":"product","2":"type-product","3":"status-publish","4":"has-post-thumbnail","6":"product_cat-silent-knight","7":"product_tag-accesorios-y-dispositivos-direccionables","8":"product_tag-silent-knight","9":"product_tag-silent-knight-by-honeywell","11":"first","12":"instock","13":"sale","14":"shipping-taxable","15":"purchasable","16":"product-type-simple"},"_links":{"self":[{"href":"https:\/\/soydeaqui.ddns.net\/pachuca\/index.php\/wp-json\/wp\/v2\/product\/34079","targetHints":{"allow":["GET"]}}],"collection":[{"href":"https:\/\/soydeaqui.ddns.net\/pachuca\/index.php\/wp-json\/wp\/v2\/product"}],"about":[{"href":"https:\/\/soydeaqui.ddns.net\/pachuca\/index.php\/wp-json\/wp\/v2\/types\/product"}],"replies":[{"embeddable":true,"href":"https:\/\/soydeaqui.ddns.net\/pachuca\/index.php\/wp-json\/wp\/v2\/comments?post=34079"}],"wp:featuredmedia":[{"embeddable":true,"href":"https:\/\/soydeaqui.ddns.net\/pachuca\/index.php\/wp-json\/wp\/v2\/media\/34078"}],"wp:attachment":[{"href":"https:\/\/soydeaqui.ddns.net\/pachuca\/index.php\/wp-json\/wp\/v2\/media?parent=34079"}],"wp:term":[{"taxonomy":"product_brand","embeddable":true,"href":"https:\/\/soydeaqui.ddns.net\/pachuca\/index.php\/wp-json\/wp\/v2\/product_brand?post=34079"},{"taxonomy":"product_cat","embeddable":true,"href":"https:\/\/soydeaqui.ddns.net\/pachuca\/index.php\/wp-json\/wp\/v2\/product_cat?post=34079"},{"taxonomy":"product_tag","embeddable":true,"href":"https:\/\/soydeaqui.ddns.net\/pachuca\/index.php\/wp-json\/wp\/v2\/product_tag?post=34079"}],"curies":[{"name":"wp","href":"https:\/\/api.w.org\/{rel}","templated":true}]}}