{"id":34077,"date":"2026-03-18T15:13:25","date_gmt":"2026-03-18T15:13:25","guid":{"rendered":"https:\/\/soydeaqui.ddns.net\/pachuca\/index.php\/producto\/modulo-relevador-inalambrico-swift\/"},"modified":"2026-03-18T15:13:25","modified_gmt":"2026-03-18T15:13:25","slug":"modulo-relevador-inalambrico-swift","status":"publish","type":"product","link":"https:\/\/soydeaqui.ddns.net\/pachuca\/index.php\/producto\/modulo-relevador-inalambrico-swift\/","title":{"rendered":"M\u00f3dulo relevador inal\u00e1mbrico SWIFT"},"content":{"rendered":"<div style='width: 100%; max-width: 1200px; margin: 0 auto; font-family: sans-serif; line-height: 1.6; color: inherit; background-color: transparent;'>\n<div style='display: flex; flex-direction: column; gap: 30px;'>\n<div style='width: 100%;'> <img style='width: 100%; max-width: 400px; height: auto; border: 1px solid rgba(150&comma;150&comma;150&comma;0.3); border-radius: 8px;' src='http:\/\/ftp3.syscom.mx\/usuarios\/yhermosillo\/SILENT%20KNIGHT\/Frenhyt.png' alt=''> <\/div>\n<div style='width: 100%;'>\n<p style='font-size: 15px; color: inherit; margin: 0 0 15px;'>Los m\u00f3dulos inal\u00e1mbricos SWIFT\u00ae son m\u00f3dulos direccionables inteligentes que proporcionan comunicaci\u00f3n segura y confiable al Panel de alarma de detecci\u00f3n de incendios (FACP) a trav\u00e9s de una red de malla Clase A. Los m\u00f3dulos inal\u00e1mbricos crean una oportunidad para aplicaciones donde es costoso (muros \/ cielos rasos de concreto&comma; cables enterrados)&comma; intrusivo (conducto de montaje en superficie) o posiblemente peligroso (asbesto) para usar dispositivos cableados tradicionales.<\/p>\n<p style='font-size: 15px; color: inherit; margin: 0 0 15px;'>Adem\u00e1s&comma; ambos dispositivos&comma; los dispositivos cableados y los dispositivos inal\u00e1mbricos pueden estar presentes en el mismo FACP que proporciona una soluci\u00f3n integrada para un mayor potencial de instalaci\u00f3n.<\/p>\n<p style='font-size: 15px; color: inherit; margin: 0;'>La red de malla dentro del sistema SWIFT crea una relaci\u00f3n de seguridad entre los dispositivos para que cada dispositivo tenga dos v\u00edas de comunicaci\u00f3n al menos&comma; que proporcionan un segundo camino para las comunicaciones en cada dispositivo. Si un dispositivo ya no puede operar por cualquier motivo&comma; el resto de los dispositivos todav\u00eda se pueden comunicar entre ellos&comma; directamente o a trav\u00e9s de uno o m\u00e1s dispositivos intermedios.<\/p>\n<\/p><\/div>\n<\/p><\/div>\n<\/p><\/div>\n","protected":false},"excerpt":{"rendered":"<p>M\u00f3dulo relevador inal\u00e1mbrico SWIFT<\/p>\n","protected":false},"featured_media":34076,"comment_status":"open","ping_status":"closed","template":"","meta":[],"product_brand":[],"product_cat":[1005],"product_tag":[449,1006,1007],"class_list":{"0":"post-34077","1":"product","2":"type-product","3":"status-publish","4":"has-post-thumbnail","6":"product_cat-farenhyt","7":"product_tag-accesorios-y-dispositivos-direccionables","8":"product_tag-farenhyt","9":"product_tag-honeywell-farenhyt-series","11":"first","12":"instock","13":"sale","14":"shipping-taxable","15":"purchasable","16":"product-type-simple"},"_links":{"self":[{"href":"https:\/\/soydeaqui.ddns.net\/pachuca\/index.php\/wp-json\/wp\/v2\/product\/34077","targetHints":{"allow":["GET"]}}],"collection":[{"href":"https:\/\/soydeaqui.ddns.net\/pachuca\/index.php\/wp-json\/wp\/v2\/product"}],"about":[{"href":"https:\/\/soydeaqui.ddns.net\/pachuca\/index.php\/wp-json\/wp\/v2\/types\/product"}],"replies":[{"embeddable":true,"href":"https:\/\/soydeaqui.ddns.net\/pachuca\/index.php\/wp-json\/wp\/v2\/comments?post=34077"}],"wp:featuredmedia":[{"embeddable":true,"href":"https:\/\/soydeaqui.ddns.net\/pachuca\/index.php\/wp-json\/wp\/v2\/media\/34076"}],"wp:attachment":[{"href":"https:\/\/soydeaqui.ddns.net\/pachuca\/index.php\/wp-json\/wp\/v2\/media?parent=34077"}],"wp:term":[{"taxonomy":"product_brand","embeddable":true,"href":"https:\/\/soydeaqui.ddns.net\/pachuca\/index.php\/wp-json\/wp\/v2\/product_brand?post=34077"},{"taxonomy":"product_cat","embeddable":true,"href":"https:\/\/soydeaqui.ddns.net\/pachuca\/index.php\/wp-json\/wp\/v2\/product_cat?post=34077"},{"taxonomy":"product_tag","embeddable":true,"href":"https:\/\/soydeaqui.ddns.net\/pachuca\/index.php\/wp-json\/wp\/v2\/product_tag?post=34077"}],"curies":[{"name":"wp","href":"https:\/\/api.w.org\/{rel}","templated":true}]}}